{"id":3028,"date":"2022-10-25T12:11:44","date_gmt":"2022-10-25T12:11:44","guid":{"rendered":"https:\/\/papex.sn\/?product=machine-de-plastification-a4-spectra-fellowes"},"modified":"2024-07-09T09:54:36","modified_gmt":"2024-07-09T09:54:36","slug":"machine-de-plastification-a4-spectra-fellowes","status":"publish","type":"product","link":"https:\/\/papex.sn\/?product=machine-de-plastification-a4-spectra-fellowes","title":{"rendered":"Machine De Plastification A4 Spectra Fellowes"},"content":{"rendered":"<p>Laminateur convivial pour une utilisation mod\u00e9r\u00e9e dans les environnements de bureau \u00e0 domicile et \u00e0 domicile<br \/>\nPlastifie des documents jusqu&rsquo;au format A4 dans des pochettes de 80 \u00e0 125 microns<br \/>\nPr\u00eat \u00e0 plastifier apr\u00e8s 4 minutes de pr\u00e9chauffage<br \/>\nLe levier de d\u00e9verrouillage d\u00e9sengage la pochette pour le r\u00e9alignement ou le retrait du document<br \/>\nLe mode veille est activ\u00e9 apr\u00e8s 30 minutes<br \/>\nComprend un kit de d\u00e9marrage de plastification de 10 pochettes<br \/>\nJusqu&rsquo;\u00e0 2&#215;125 microns<br \/>\nSans bourrage<br \/>\nArr\u00eat automatique<br \/>\nLevier de d\u00e9verrouillage<\/p>\n","protected":false},"excerpt":{"rendered":"<p>Pr\u00e9chauffage rapide<br \/>\nFonctionnement simple (mise sous tension, contr\u00f4le de la temp\u00e9rature)<br \/>\nSyst\u00e8me de temp\u00e9rature de contr\u00f4le stable<br \/>\nEffet de laminage parfait<br \/>\nTemp\u00e9rature de mont\u00e9e uniforme<br \/>\nPeut plastifier \u00e0 partir de A5 et A4 Taille du document<\/p>\n","protected":false},"featured_media":2918,"comment_status":"open","ping_status":"closed","template":"","meta":[],"product_brand":[],"product_cat":[39,107],"product_tag":[],"class_list":{"0":"post-3028","1":"product","2":"type-product","3":"status-publish","4":"has-post-thumbnail","6":"product_cat-bureautique-informatique","7":"product_cat-plastification","9":"first","10":"instock","11":"featured","12":"shipping-taxable","13":"product-type-simple"},"yoast_head":"<!-- This site is optimized with the Yoast SEO plugin v27.4 - https:\/\/yoast.com\/product\/yoast-seo-wordpress\/ -->\n<title>Machine De Plastification A4 Spectra Fellowes - PAPEX<\/title>\n<meta name=\"robots\" content=\"index, follow, max-snippet:-1, max-image-preview:large, max-video-preview:-1\" \/>\n<link rel=\"canonical\" href=\"https:\/\/papex.sn\/?product=machine-de-plastification-a4-spectra-fellowes\" \/>\n<meta property=\"og:locale\" content=\"fr_FR\" \/>\n<meta property=\"og:type\" content=\"article\" \/>\n<meta property=\"og:title\" content=\"Machine De Plastification A4 Spectra Fellowes - PAPEX\" \/>\n<meta property=\"og:description\" content=\"Pr\u00e9chauffage rapide Fonctionnement simple (mise sous tension, contr\u00f4le de la temp\u00e9rature) Syst\u00e8me de temp\u00e9rature de contr\u00f4le stable Effet de laminage parfait Temp\u00e9rature de mont\u00e9e uniforme Peut plastifier \u00e0 partir de A5 et A4 Taille du document\" \/>\n<meta property=\"og:url\" content=\"https:\/\/papex.sn\/?product=machine-de-plastification-a4-spectra-fellowes\" \/>\n<meta property=\"og:site_name\" content=\"PAPEX\" \/>\n<meta property=\"article:publisher\" content=\"https:\/\/www.facebook.com\/PapexSarl\" \/>\n<meta property=\"article:modified_time\" content=\"2024-07-09T09:54:36+00:00\" \/>\n<meta property=\"og:image\" content=\"https:\/\/papex.sn\/wp-content\/uploads\/2022\/10\/Fellowes-Laminator-A4-Spectra-3.png-600x600-1.jpg\" \/>\n\t<meta property=\"og:image:width\" content=\"600\" \/>\n\t<meta property=\"og:image:height\" content=\"600\" \/>\n\t<meta property=\"og:image:type\" content=\"image\/jpeg\" \/>\n<meta name=\"twitter:card\" content=\"summary_large_image\" \/>\n<script type=\"application\/ld+json\" class=\"yoast-schema-graph\">{\"@context\":\"https:\\\/\\\/schema.org\",\"@graph\":[{\"@type\":\"WebPage\",\"@id\":\"https:\\\/\\\/papex.sn\\\/?product=machine-de-plastification-a4-spectra-fellowes\",\"url\":\"https:\\\/\\\/papex.sn\\\/?product=machine-de-plastification-a4-spectra-fellowes\",\"name\":\"Machine De Plastification A4 Spectra Fellowes - PAPEX\",\"isPartOf\":{\"@id\":\"https:\\\/\\\/papex.sn\\\/#website\"},\"primaryImageOfPage\":{\"@id\":\"https:\\\/\\\/papex.sn\\\/?product=machine-de-plastification-a4-spectra-fellowes#primaryimage\"},\"image\":{\"@id\":\"https:\\\/\\\/papex.sn\\\/?product=machine-de-plastification-a4-spectra-fellowes#primaryimage\"},\"thumbnailUrl\":\"https:\\\/\\\/papex.sn\\\/wp-content\\\/uploads\\\/2022\\\/10\\\/Fellowes-Laminator-A4-Spectra-3.png-600x600-1.jpg\",\"datePublished\":\"2022-10-25T12:11:44+00:00\",\"dateModified\":\"2024-07-09T09:54:36+00:00\",\"breadcrumb\":{\"@id\":\"https:\\\/\\\/papex.sn\\\/?product=machine-de-plastification-a4-spectra-fellowes#breadcrumb\"},\"inLanguage\":\"fr-FR\",\"potentialAction\":[{\"@type\":\"ReadAction\",\"target\":[\"https:\\\/\\\/papex.sn\\\/?product=machine-de-plastification-a4-spectra-fellowes\"]}]},{\"@type\":\"ImageObject\",\"inLanguage\":\"fr-FR\",\"@id\":\"https:\\\/\\\/papex.sn\\\/?product=machine-de-plastification-a4-spectra-fellowes#primaryimage\",\"url\":\"https:\\\/\\\/papex.sn\\\/wp-content\\\/uploads\\\/2022\\\/10\\\/Fellowes-Laminator-A4-Spectra-3.png-600x600-1.jpg\",\"contentUrl\":\"https:\\\/\\\/papex.sn\\\/wp-content\\\/uploads\\\/2022\\\/10\\\/Fellowes-Laminator-A4-Spectra-3.png-600x600-1.jpg\",\"width\":600,\"height\":600},{\"@type\":\"BreadcrumbList\",\"@id\":\"https:\\\/\\\/papex.sn\\\/?product=machine-de-plastification-a4-spectra-fellowes#breadcrumb\",\"itemListElement\":[{\"@type\":\"ListItem\",\"position\":1,\"name\":\"Accueil\",\"item\":\"https:\\\/\\\/papex.sn\\\/\"},{\"@type\":\"ListItem\",\"position\":2,\"name\":\"Boutique\",\"item\":\"https:\\\/\\\/papex.sn\\\/?page_id=388\"},{\"@type\":\"ListItem\",\"position\":3,\"name\":\"Machine De Plastification A4 Spectra Fellowes\"}]},{\"@type\":\"WebSite\",\"@id\":\"https:\\\/\\\/papex.sn\\\/#website\",\"url\":\"https:\\\/\\\/papex.sn\\\/\",\"name\":\"PAPEX\",\"description\":\"Papeterie Express\",\"publisher\":{\"@id\":\"https:\\\/\\\/papex.sn\\\/#organization\"},\"potentialAction\":[{\"@type\":\"SearchAction\",\"target\":{\"@type\":\"EntryPoint\",\"urlTemplate\":\"https:\\\/\\\/papex.sn\\\/?s={search_term_string}\"},\"query-input\":{\"@type\":\"PropertyValueSpecification\",\"valueRequired\":true,\"valueName\":\"search_term_string\"}}],\"inLanguage\":\"fr-FR\"},{\"@type\":\"Organization\",\"@id\":\"https:\\\/\\\/papex.sn\\\/#organization\",\"name\":\"PAPEX\",\"url\":\"https:\\\/\\\/papex.sn\\\/\",\"logo\":{\"@type\":\"ImageObject\",\"inLanguage\":\"fr-FR\",\"@id\":\"https:\\\/\\\/papex.sn\\\/#\\\/schema\\\/logo\\\/image\\\/\",\"url\":\"https:\\\/\\\/papex.sn\\\/wp-content\\\/uploads\\\/2022\\\/05\\\/telechargement-1.jpg\",\"contentUrl\":\"https:\\\/\\\/papex.sn\\\/wp-content\\\/uploads\\\/2022\\\/05\\\/telechargement-1.jpg\",\"width\":299,\"height\":168,\"caption\":\"PAPEX\"},\"image\":{\"@id\":\"https:\\\/\\\/papex.sn\\\/#\\\/schema\\\/logo\\\/image\\\/\"},\"sameAs\":[\"https:\\\/\\\/www.facebook.com\\\/PapexSarl\",\"https:\\\/\\\/www.instagram.com\\\/papex.sarl\\\/\"]}]}<\/script>\n<!-- \/ Yoast SEO plugin. -->","yoast_head_json":{"title":"Machine De Plastification A4 Spectra Fellowes - PAPEX","robots":{"index":"index","follow":"follow","max-snippet":"max-snippet:-1","max-image-preview":"max-image-preview:large","max-video-preview":"max-video-preview:-1"},"canonical":"https:\/\/papex.sn\/?product=machine-de-plastification-a4-spectra-fellowes","og_locale":"fr_FR","og_type":"article","og_title":"Machine De Plastification A4 Spectra Fellowes - PAPEX","og_description":"Pr\u00e9chauffage rapide Fonctionnement simple (mise sous tension, contr\u00f4le de la temp\u00e9rature) Syst\u00e8me de temp\u00e9rature de contr\u00f4le stable Effet de laminage parfait Temp\u00e9rature de mont\u00e9e uniforme Peut plastifier \u00e0 partir de A5 et A4 Taille du document","og_url":"https:\/\/papex.sn\/?product=machine-de-plastification-a4-spectra-fellowes","og_site_name":"PAPEX","article_publisher":"https:\/\/www.facebook.com\/PapexSarl","article_modified_time":"2024-07-09T09:54:36+00:00","og_image":[{"width":600,"height":600,"url":"https:\/\/papex.sn\/wp-content\/uploads\/2022\/10\/Fellowes-Laminator-A4-Spectra-3.png-600x600-1.jpg","type":"image\/jpeg"}],"twitter_card":"summary_large_image","schema":{"@context":"https:\/\/schema.org","@graph":[{"@type":"WebPage","@id":"https:\/\/papex.sn\/?product=machine-de-plastification-a4-spectra-fellowes","url":"https:\/\/papex.sn\/?product=machine-de-plastification-a4-spectra-fellowes","name":"Machine De Plastification A4 Spectra Fellowes - PAPEX","isPartOf":{"@id":"https:\/\/papex.sn\/#website"},"primaryImageOfPage":{"@id":"https:\/\/papex.sn\/?product=machine-de-plastification-a4-spectra-fellowes#primaryimage"},"image":{"@id":"https:\/\/papex.sn\/?product=machine-de-plastification-a4-spectra-fellowes#primaryimage"},"thumbnailUrl":"https:\/\/papex.sn\/wp-content\/uploads\/2022\/10\/Fellowes-Laminator-A4-Spectra-3.png-600x600-1.jpg","datePublished":"2022-10-25T12:11:44+00:00","dateModified":"2024-07-09T09:54:36+00:00","breadcrumb":{"@id":"https:\/\/papex.sn\/?product=machine-de-plastification-a4-spectra-fellowes#breadcrumb"},"inLanguage":"fr-FR","potentialAction":[{"@type":"ReadAction","target":["https:\/\/papex.sn\/?product=machine-de-plastification-a4-spectra-fellowes"]}]},{"@type":"ImageObject","inLanguage":"fr-FR","@id":"https:\/\/papex.sn\/?product=machine-de-plastification-a4-spectra-fellowes#primaryimage","url":"https:\/\/papex.sn\/wp-content\/uploads\/2022\/10\/Fellowes-Laminator-A4-Spectra-3.png-600x600-1.jpg","contentUrl":"https:\/\/papex.sn\/wp-content\/uploads\/2022\/10\/Fellowes-Laminator-A4-Spectra-3.png-600x600-1.jpg","width":600,"height":600},{"@type":"BreadcrumbList","@id":"https:\/\/papex.sn\/?product=machine-de-plastification-a4-spectra-fellowes#breadcrumb","itemListElement":[{"@type":"ListItem","position":1,"name":"Accueil","item":"https:\/\/papex.sn\/"},{"@type":"ListItem","position":2,"name":"Boutique","item":"https:\/\/papex.sn\/?page_id=388"},{"@type":"ListItem","position":3,"name":"Machine De Plastification A4 Spectra Fellowes"}]},{"@type":"WebSite","@id":"https:\/\/papex.sn\/#website","url":"https:\/\/papex.sn\/","name":"PAPEX","description":"Papeterie Express","publisher":{"@id":"https:\/\/papex.sn\/#organization"},"potentialAction":[{"@type":"SearchAction","target":{"@type":"EntryPoint","urlTemplate":"https:\/\/papex.sn\/?s={search_term_string}"},"query-input":{"@type":"PropertyValueSpecification","valueRequired":true,"valueName":"search_term_string"}}],"inLanguage":"fr-FR"},{"@type":"Organization","@id":"https:\/\/papex.sn\/#organization","name":"PAPEX","url":"https:\/\/papex.sn\/","logo":{"@type":"ImageObject","inLanguage":"fr-FR","@id":"https:\/\/papex.sn\/#\/schema\/logo\/image\/","url":"https:\/\/papex.sn\/wp-content\/uploads\/2022\/05\/telechargement-1.jpg","contentUrl":"https:\/\/papex.sn\/wp-content\/uploads\/2022\/05\/telechargement-1.jpg","width":299,"height":168,"caption":"PAPEX"},"image":{"@id":"https:\/\/papex.sn\/#\/schema\/logo\/image\/"},"sameAs":["https:\/\/www.facebook.com\/PapexSarl","https:\/\/www.instagram.com\/papex.sarl\/"]}]}},"_links":{"self":[{"href":"https:\/\/papex.sn\/index.php?rest_route=\/wp\/v2\/product\/3028","targetHints":{"allow":["GET"]}}],"collection":[{"href":"https:\/\/papex.sn\/index.php?rest_route=\/wp\/v2\/product"}],"about":[{"href":"https:\/\/papex.sn\/index.php?rest_route=\/wp\/v2\/types\/product"}],"replies":[{"embeddable":true,"href":"https:\/\/papex.sn\/index.php?rest_route=%2Fwp%2Fv2%2Fcomments&post=3028"}],"version-history":[{"count":1,"href":"https:\/\/papex.sn\/index.php?rest_route=\/wp\/v2\/product\/3028\/revisions"}],"predecessor-version":[{"id":3401,"href":"https:\/\/papex.sn\/index.php?rest_route=\/wp\/v2\/product\/3028\/revisions\/3401"}],"wp:featuredmedia":[{"embeddable":true,"href":"https:\/\/papex.sn\/index.php?rest_route=\/wp\/v2\/media\/2918"}],"wp:attachment":[{"href":"https:\/\/papex.sn\/index.php?rest_route=%2Fwp%2Fv2%2Fmedia&parent=3028"}],"wp:term":[{"taxonomy":"product_brand","embeddable":true,"href":"https:\/\/papex.sn\/index.php?rest_route=%2Fwp%2Fv2%2Fproduct_brand&post=3028"},{"taxonomy":"product_cat","embeddable":true,"href":"https:\/\/papex.sn\/index.php?rest_route=%2Fwp%2Fv2%2Fproduct_cat&post=3028"},{"taxonomy":"product_tag","embeddable":true,"href":"https:\/\/papex.sn\/index.php?rest_route=%2Fwp%2Fv2%2Fproduct_tag&post=3028"}],"curies":[{"name":"wp","href":"https:\/\/api.w.org\/{rel}","templated":true}]}}