{"id":3026,"date":"2022-10-25T12:11:44","date_gmt":"2022-10-25T12:11:44","guid":{"rendered":"https:\/\/papex.sn\/?product=machine-de-plastification-cosmic-2-a3-laminator-fellowes"},"modified":"2024-07-09T09:54:51","modified_gmt":"2024-07-09T09:54:51","slug":"machine-de-plastification-cosmic-2-a3-laminator-fellowes","status":"publish","type":"product","link":"https:\/\/papex.sn\/?product=machine-de-plastification-cosmic-2-a3-laminator-fellowes","title":{"rendered":"Machine De Plastification Cosmic 2 A3 Laminator Fellowes"},"content":{"rendered":"<p>La description<br \/>\nId\u00e9ale pour une utilisation personnelle \u00e0 la maison ou dans un petit bureau, la plastifieuse Fellowes Cosmic 2 125 12,5 pouces est dot\u00e9e de commandes intuitives con\u00e7ues pour plastifier vos documents en toute s\u00e9curit\u00e9 et efficacement. Chauffant en seulement cinq minutes, le Cosmic 125 est dot\u00e9 d&rsquo;un contr\u00f4le avanc\u00e9 de la temp\u00e9rature, garantissant des r\u00e9sultats lisses et constants \u00e0 chaque plastification. Pour plus de s\u00e9curit\u00e9, la technologie HeatGuard emprisonne la chaleur \u00e0 l&rsquo;int\u00e9rieur de la plastifieuse afin que l&rsquo;ext\u00e9rieur soit confortable au toucher. Rapide et facile \u00e0 utiliser, le Cosmic 125 est un outil essentiel pour les petites entreprises ou les particuliers qui souhaitent am\u00e9liorer l&rsquo;apparence de leurs projets.<\/p>\n","protected":false},"excerpt":{"rendered":"<p>\u00b7 Id\u00e9al pour une utilisation \u00e0 la maison ou dans un petit bureau \u00b7 La technologie HeatGuard emprisonne la chaleur \u00e0 l&rsquo;int\u00e9rieur de la plastifieuse, de sorte que l&rsquo;ext\u00e9rieur est confortable au toucher \u00b7 Le contr\u00f4le avanc\u00e9 de la temp\u00e9rature garantit des r\u00e9sultats lisses et constants \u00b7 Le levier de d\u00e9gagement permet de retirer facilement les pochettes bloqu\u00e9es \u00b7 Chauffe en cinq minutes \u00b7<\/p>\n","protected":false},"featured_media":2956,"comment_status":"open","ping_status":"closed","template":"","meta":[],"product_brand":[],"product_cat":[39,107],"product_tag":[],"class_list":{"0":"post-3026","1":"product","2":"type-product","3":"status-publish","4":"has-post-thumbnail","6":"product_cat-bureautique-informatique","7":"product_cat-plastification","9":"first","10":"instock","11":"featured","12":"shipping-taxable","13":"product-type-simple"},"yoast_head":"<!-- This site is optimized with the Yoast SEO plugin v27.5 - https:\/\/yoast.com\/product\/yoast-seo-wordpress\/ -->\n<title>Machine De Plastification Cosmic 2 A3 Laminator Fellowes - PAPEX<\/title>\n<meta name=\"robots\" content=\"index, follow, max-snippet:-1, max-image-preview:large, max-video-preview:-1\" \/>\n<link rel=\"canonical\" href=\"https:\/\/papex.sn\/?product=machine-de-plastification-cosmic-2-a3-laminator-fellowes\" \/>\n<meta property=\"og:locale\" content=\"fr_FR\" \/>\n<meta property=\"og:type\" content=\"article\" \/>\n<meta property=\"og:title\" content=\"Machine De Plastification Cosmic 2 A3 Laminator Fellowes - PAPEX\" \/>\n<meta property=\"og:description\" content=\"\u00b7 Id\u00e9al pour une utilisation \u00e0 la maison ou dans un petit bureau \u00b7 La technologie HeatGuard emprisonne la chaleur \u00e0 l&#039;int\u00e9rieur de la plastifieuse, de sorte que l&#039;ext\u00e9rieur est confortable au toucher \u00b7 Le contr\u00f4le avanc\u00e9 de la temp\u00e9rature garantit des r\u00e9sultats lisses et constants \u00b7 Le levier de d\u00e9gagement permet de retirer facilement les pochettes bloqu\u00e9es \u00b7 Chauffe en cinq minutes \u00b7\" \/>\n<meta property=\"og:url\" content=\"https:\/\/papex.sn\/?product=machine-de-plastification-cosmic-2-a3-laminator-fellowes\" \/>\n<meta property=\"og:site_name\" content=\"PAPEX\" \/>\n<meta property=\"article:publisher\" content=\"https:\/\/www.facebook.com\/PapexSarl\" \/>\n<meta property=\"article:modified_time\" content=\"2024-07-09T09:54:51+00:00\" \/>\n<meta property=\"og:image\" content=\"https:\/\/papex.sn\/wp-content\/uploads\/2022\/10\/31Y0mc7snxL.jpg\" \/>\n\t<meta property=\"og:image:width\" content=\"500\" \/>\n\t<meta property=\"og:image:height\" content=\"500\" \/>\n\t<meta property=\"og:image:type\" content=\"image\/jpeg\" \/>\n<meta name=\"twitter:card\" content=\"summary_large_image\" \/>\n<meta name=\"twitter:label1\" content=\"Dur\u00e9e de lecture estim\u00e9e\" \/>\n\t<meta name=\"twitter:data1\" content=\"1 minute\" \/>\n<script type=\"application\/ld+json\" class=\"yoast-schema-graph\">{\"@context\":\"https:\\\/\\\/schema.org\",\"@graph\":[{\"@type\":\"WebPage\",\"@id\":\"https:\\\/\\\/papex.sn\\\/?product=machine-de-plastification-cosmic-2-a3-laminator-fellowes\",\"url\":\"https:\\\/\\\/papex.sn\\\/?product=machine-de-plastification-cosmic-2-a3-laminator-fellowes\",\"name\":\"Machine De Plastification Cosmic 2 A3 Laminator Fellowes - PAPEX\",\"isPartOf\":{\"@id\":\"https:\\\/\\\/papex.sn\\\/#website\"},\"primaryImageOfPage\":{\"@id\":\"https:\\\/\\\/papex.sn\\\/?product=machine-de-plastification-cosmic-2-a3-laminator-fellowes#primaryimage\"},\"image\":{\"@id\":\"https:\\\/\\\/papex.sn\\\/?product=machine-de-plastification-cosmic-2-a3-laminator-fellowes#primaryimage\"},\"thumbnailUrl\":\"https:\\\/\\\/papex.sn\\\/wp-content\\\/uploads\\\/2022\\\/10\\\/31Y0mc7snxL.jpg\",\"datePublished\":\"2022-10-25T12:11:44+00:00\",\"dateModified\":\"2024-07-09T09:54:51+00:00\",\"breadcrumb\":{\"@id\":\"https:\\\/\\\/papex.sn\\\/?product=machine-de-plastification-cosmic-2-a3-laminator-fellowes#breadcrumb\"},\"inLanguage\":\"fr-FR\",\"potentialAction\":[{\"@type\":\"ReadAction\",\"target\":[\"https:\\\/\\\/papex.sn\\\/?product=machine-de-plastification-cosmic-2-a3-laminator-fellowes\"]}]},{\"@type\":\"ImageObject\",\"inLanguage\":\"fr-FR\",\"@id\":\"https:\\\/\\\/papex.sn\\\/?product=machine-de-plastification-cosmic-2-a3-laminator-fellowes#primaryimage\",\"url\":\"https:\\\/\\\/papex.sn\\\/wp-content\\\/uploads\\\/2022\\\/10\\\/31Y0mc7snxL.jpg\",\"contentUrl\":\"https:\\\/\\\/papex.sn\\\/wp-content\\\/uploads\\\/2022\\\/10\\\/31Y0mc7snxL.jpg\",\"width\":500,\"height\":500},{\"@type\":\"BreadcrumbList\",\"@id\":\"https:\\\/\\\/papex.sn\\\/?product=machine-de-plastification-cosmic-2-a3-laminator-fellowes#breadcrumb\",\"itemListElement\":[{\"@type\":\"ListItem\",\"position\":1,\"name\":\"Accueil\",\"item\":\"https:\\\/\\\/papex.sn\\\/\"},{\"@type\":\"ListItem\",\"position\":2,\"name\":\"Boutique\",\"item\":\"https:\\\/\\\/papex.sn\\\/?page_id=388\"},{\"@type\":\"ListItem\",\"position\":3,\"name\":\"Machine De Plastification Cosmic 2 A3 Laminator Fellowes\"}]},{\"@type\":\"WebSite\",\"@id\":\"https:\\\/\\\/papex.sn\\\/#website\",\"url\":\"https:\\\/\\\/papex.sn\\\/\",\"name\":\"PAPEX\",\"description\":\"Papeterie Express\",\"publisher\":{\"@id\":\"https:\\\/\\\/papex.sn\\\/#organization\"},\"potentialAction\":[{\"@type\":\"SearchAction\",\"target\":{\"@type\":\"EntryPoint\",\"urlTemplate\":\"https:\\\/\\\/papex.sn\\\/?s={search_term_string}\"},\"query-input\":{\"@type\":\"PropertyValueSpecification\",\"valueRequired\":true,\"valueName\":\"search_term_string\"}}],\"inLanguage\":\"fr-FR\"},{\"@type\":\"Organization\",\"@id\":\"https:\\\/\\\/papex.sn\\\/#organization\",\"name\":\"PAPEX\",\"url\":\"https:\\\/\\\/papex.sn\\\/\",\"logo\":{\"@type\":\"ImageObject\",\"inLanguage\":\"fr-FR\",\"@id\":\"https:\\\/\\\/papex.sn\\\/#\\\/schema\\\/logo\\\/image\\\/\",\"url\":\"https:\\\/\\\/papex.sn\\\/wp-content\\\/uploads\\\/2022\\\/05\\\/telechargement-1.jpg\",\"contentUrl\":\"https:\\\/\\\/papex.sn\\\/wp-content\\\/uploads\\\/2022\\\/05\\\/telechargement-1.jpg\",\"width\":299,\"height\":168,\"caption\":\"PAPEX\"},\"image\":{\"@id\":\"https:\\\/\\\/papex.sn\\\/#\\\/schema\\\/logo\\\/image\\\/\"},\"sameAs\":[\"https:\\\/\\\/www.facebook.com\\\/PapexSarl\",\"https:\\\/\\\/www.instagram.com\\\/papex.sarl\\\/\"]}]}<\/script>\n<!-- \/ Yoast SEO plugin. -->","yoast_head_json":{"title":"Machine De Plastification Cosmic 2 A3 Laminator Fellowes - PAPEX","robots":{"index":"index","follow":"follow","max-snippet":"max-snippet:-1","max-image-preview":"max-image-preview:large","max-video-preview":"max-video-preview:-1"},"canonical":"https:\/\/papex.sn\/?product=machine-de-plastification-cosmic-2-a3-laminator-fellowes","og_locale":"fr_FR","og_type":"article","og_title":"Machine De Plastification Cosmic 2 A3 Laminator Fellowes - PAPEX","og_description":"\u00b7 Id\u00e9al pour une utilisation \u00e0 la maison ou dans un petit bureau \u00b7 La technologie HeatGuard emprisonne la chaleur \u00e0 l'int\u00e9rieur de la plastifieuse, de sorte que l'ext\u00e9rieur est confortable au toucher \u00b7 Le contr\u00f4le avanc\u00e9 de la temp\u00e9rature garantit des r\u00e9sultats lisses et constants \u00b7 Le levier de d\u00e9gagement permet de retirer facilement les pochettes bloqu\u00e9es \u00b7 Chauffe en cinq minutes \u00b7","og_url":"https:\/\/papex.sn\/?product=machine-de-plastification-cosmic-2-a3-laminator-fellowes","og_site_name":"PAPEX","article_publisher":"https:\/\/www.facebook.com\/PapexSarl","article_modified_time":"2024-07-09T09:54:51+00:00","og_image":[{"width":500,"height":500,"url":"https:\/\/papex.sn\/wp-content\/uploads\/2022\/10\/31Y0mc7snxL.jpg","type":"image\/jpeg"}],"twitter_card":"summary_large_image","twitter_misc":{"Dur\u00e9e de lecture estim\u00e9e":"1 minute"},"schema":{"@context":"https:\/\/schema.org","@graph":[{"@type":"WebPage","@id":"https:\/\/papex.sn\/?product=machine-de-plastification-cosmic-2-a3-laminator-fellowes","url":"https:\/\/papex.sn\/?product=machine-de-plastification-cosmic-2-a3-laminator-fellowes","name":"Machine De Plastification Cosmic 2 A3 Laminator Fellowes - PAPEX","isPartOf":{"@id":"https:\/\/papex.sn\/#website"},"primaryImageOfPage":{"@id":"https:\/\/papex.sn\/?product=machine-de-plastification-cosmic-2-a3-laminator-fellowes#primaryimage"},"image":{"@id":"https:\/\/papex.sn\/?product=machine-de-plastification-cosmic-2-a3-laminator-fellowes#primaryimage"},"thumbnailUrl":"https:\/\/papex.sn\/wp-content\/uploads\/2022\/10\/31Y0mc7snxL.jpg","datePublished":"2022-10-25T12:11:44+00:00","dateModified":"2024-07-09T09:54:51+00:00","breadcrumb":{"@id":"https:\/\/papex.sn\/?product=machine-de-plastification-cosmic-2-a3-laminator-fellowes#breadcrumb"},"inLanguage":"fr-FR","potentialAction":[{"@type":"ReadAction","target":["https:\/\/papex.sn\/?product=machine-de-plastification-cosmic-2-a3-laminator-fellowes"]}]},{"@type":"ImageObject","inLanguage":"fr-FR","@id":"https:\/\/papex.sn\/?product=machine-de-plastification-cosmic-2-a3-laminator-fellowes#primaryimage","url":"https:\/\/papex.sn\/wp-content\/uploads\/2022\/10\/31Y0mc7snxL.jpg","contentUrl":"https:\/\/papex.sn\/wp-content\/uploads\/2022\/10\/31Y0mc7snxL.jpg","width":500,"height":500},{"@type":"BreadcrumbList","@id":"https:\/\/papex.sn\/?product=machine-de-plastification-cosmic-2-a3-laminator-fellowes#breadcrumb","itemListElement":[{"@type":"ListItem","position":1,"name":"Accueil","item":"https:\/\/papex.sn\/"},{"@type":"ListItem","position":2,"name":"Boutique","item":"https:\/\/papex.sn\/?page_id=388"},{"@type":"ListItem","position":3,"name":"Machine De Plastification Cosmic 2 A3 Laminator Fellowes"}]},{"@type":"WebSite","@id":"https:\/\/papex.sn\/#website","url":"https:\/\/papex.sn\/","name":"PAPEX","description":"Papeterie Express","publisher":{"@id":"https:\/\/papex.sn\/#organization"},"potentialAction":[{"@type":"SearchAction","target":{"@type":"EntryPoint","urlTemplate":"https:\/\/papex.sn\/?s={search_term_string}"},"query-input":{"@type":"PropertyValueSpecification","valueRequired":true,"valueName":"search_term_string"}}],"inLanguage":"fr-FR"},{"@type":"Organization","@id":"https:\/\/papex.sn\/#organization","name":"PAPEX","url":"https:\/\/papex.sn\/","logo":{"@type":"ImageObject","inLanguage":"fr-FR","@id":"https:\/\/papex.sn\/#\/schema\/logo\/image\/","url":"https:\/\/papex.sn\/wp-content\/uploads\/2022\/05\/telechargement-1.jpg","contentUrl":"https:\/\/papex.sn\/wp-content\/uploads\/2022\/05\/telechargement-1.jpg","width":299,"height":168,"caption":"PAPEX"},"image":{"@id":"https:\/\/papex.sn\/#\/schema\/logo\/image\/"},"sameAs":["https:\/\/www.facebook.com\/PapexSarl","https:\/\/www.instagram.com\/papex.sarl\/"]}]}},"_links":{"self":[{"href":"https:\/\/papex.sn\/index.php?rest_route=\/wp\/v2\/product\/3026","targetHints":{"allow":["GET"]}}],"collection":[{"href":"https:\/\/papex.sn\/index.php?rest_route=\/wp\/v2\/product"}],"about":[{"href":"https:\/\/papex.sn\/index.php?rest_route=\/wp\/v2\/types\/product"}],"replies":[{"embeddable":true,"href":"https:\/\/papex.sn\/index.php?rest_route=%2Fwp%2Fv2%2Fcomments&post=3026"}],"version-history":[{"count":1,"href":"https:\/\/papex.sn\/index.php?rest_route=\/wp\/v2\/product\/3026\/revisions"}],"predecessor-version":[{"id":3403,"href":"https:\/\/papex.sn\/index.php?rest_route=\/wp\/v2\/product\/3026\/revisions\/3403"}],"wp:featuredmedia":[{"embeddable":true,"href":"https:\/\/papex.sn\/index.php?rest_route=\/wp\/v2\/media\/2956"}],"wp:attachment":[{"href":"https:\/\/papex.sn\/index.php?rest_route=%2Fwp%2Fv2%2Fmedia&parent=3026"}],"wp:term":[{"taxonomy":"product_brand","embeddable":true,"href":"https:\/\/papex.sn\/index.php?rest_route=%2Fwp%2Fv2%2Fproduct_brand&post=3026"},{"taxonomy":"product_cat","embeddable":true,"href":"https:\/\/papex.sn\/index.php?rest_route=%2Fwp%2Fv2%2Fproduct_cat&post=3026"},{"taxonomy":"product_tag","embeddable":true,"href":"https:\/\/papex.sn\/index.php?rest_route=%2Fwp%2Fv2%2Fproduct_tag&post=3026"}],"curies":[{"name":"wp","href":"https:\/\/api.w.org\/{rel}","templated":true}]}}