{"id":3024,"date":"2022-10-25T12:11:43","date_gmt":"2022-10-25T12:11:43","guid":{"rendered":"https:\/\/papex.sn\/?product=machine-de-plastification-a3-fusion-4402134-gbc"},"modified":"2024-07-09T09:55:46","modified_gmt":"2024-07-09T09:55:46","slug":"machine-de-plastification-a3-fusion-4402134-gbc","status":"publish","type":"product","link":"https:\/\/papex.sn\/?product=machine-de-plastification-a3-fusion-4402134-gbc","title":{"rendered":"Machine De Plastification A3 Fusion 4402134 Gbc"},"content":{"rendered":"<p>Principales caract\u00e9ristiques :<br \/>\nType de plastifieuse : \u00e0 pochettes<br \/>\nType de plastification : \u00e0 chaud<br \/>\nFormat de plastification : A3, A4, A5\/Badges<br \/>\nLargeur de plastification : 324 mm<br \/>\n\u00c9paisseur max. des pochettes : 250 microns<br \/>\nFr\u00e9quence d&rsquo;utilisation : Usage de bureau<br \/>\nVitesse max. de plastification : 120 cm\/min<br \/>\nSyst\u00e8me de chauffe : Rouleaux chauffants<\/p>\n","protected":false},"excerpt":{"rendered":"<p>Plastifiez vos documents A3 , A4 et A5 jusqu&rsquo;\u00e0 250 microns en moins de 135secondes gr\u00e2ce \u00e0 la plastifieuse de bureau GBC Fusion Plus 6000L A3 ! Faites pour la plastification grand format : posters, affiches, signal\u00e9tiques&#8230;<\/p>\n<p>Id\u00e9ale pour la finition de tous vos travaux d&rsquo;encapsulage au meilleur prix avec la plastifieuse \u00e0 pochette GBC Fusion Plus 6000L A3 !<\/p>\n","protected":false},"featured_media":2908,"comment_status":"open","ping_status":"closed","template":"","meta":[],"product_brand":[],"product_cat":[39,107],"product_tag":[],"class_list":{"0":"post-3024","1":"product","2":"type-product","3":"status-publish","4":"has-post-thumbnail","6":"product_cat-bureautique-informatique","7":"product_cat-plastification","9":"first","10":"instock","11":"shipping-taxable","12":"product-type-simple"},"yoast_head":"<!-- This site is optimized with the Yoast SEO plugin v27.5 - https:\/\/yoast.com\/product\/yoast-seo-wordpress\/ -->\n<title>Machine De Plastification A3 Fusion 4402134 Gbc - PAPEX<\/title>\n<meta name=\"robots\" content=\"index, follow, max-snippet:-1, max-image-preview:large, max-video-preview:-1\" \/>\n<link rel=\"canonical\" href=\"https:\/\/papex.sn\/?product=machine-de-plastification-a3-fusion-4402134-gbc\" \/>\n<meta property=\"og:locale\" content=\"fr_FR\" \/>\n<meta property=\"og:type\" content=\"article\" \/>\n<meta property=\"og:title\" content=\"Machine De Plastification A3 Fusion 4402134 Gbc - PAPEX\" \/>\n<meta property=\"og:description\" content=\"Plastifiez vos documents A3 , A4 et A5 jusqu&#039;\u00e0 250 microns en moins de 135secondes gr\u00e2ce \u00e0 la plastifieuse de bureau GBC Fusion Plus 6000L A3 ! Faites pour la plastification grand format : posters, affiches, signal\u00e9tiques... Id\u00e9ale pour la finition de tous vos travaux d&#039;encapsulage au meilleur prix avec la plastifieuse \u00e0 pochette GBC Fusion Plus 6000L A3 !\" \/>\n<meta property=\"og:url\" content=\"https:\/\/papex.sn\/?product=machine-de-plastification-a3-fusion-4402134-gbc\" \/>\n<meta property=\"og:site_name\" content=\"PAPEX\" \/>\n<meta property=\"article:publisher\" content=\"https:\/\/www.facebook.com\/PapexSarl\" \/>\n<meta property=\"article:modified_time\" content=\"2024-07-09T09:55:46+00:00\" \/>\n<meta property=\"og:image\" content=\"https:\/\/papex.sn\/wp-content\/uploads\/2022\/10\/plastifieuse-a-pochette-gbc-fusion-6000l-a3-a4-a5-badge-250-microns.jpg\" \/>\n\t<meta property=\"og:image:width\" content=\"800\" \/>\n\t<meta property=\"og:image:height\" content=\"800\" \/>\n\t<meta property=\"og:image:type\" content=\"image\/jpeg\" \/>\n<meta name=\"twitter:card\" content=\"summary_large_image\" \/>\n<script type=\"application\/ld+json\" class=\"yoast-schema-graph\">{\"@context\":\"https:\\\/\\\/schema.org\",\"@graph\":[{\"@type\":\"WebPage\",\"@id\":\"https:\\\/\\\/papex.sn\\\/?product=machine-de-plastification-a3-fusion-4402134-gbc\",\"url\":\"https:\\\/\\\/papex.sn\\\/?product=machine-de-plastification-a3-fusion-4402134-gbc\",\"name\":\"Machine De Plastification A3 Fusion 4402134 Gbc - PAPEX\",\"isPartOf\":{\"@id\":\"https:\\\/\\\/papex.sn\\\/#website\"},\"primaryImageOfPage\":{\"@id\":\"https:\\\/\\\/papex.sn\\\/?product=machine-de-plastification-a3-fusion-4402134-gbc#primaryimage\"},\"image\":{\"@id\":\"https:\\\/\\\/papex.sn\\\/?product=machine-de-plastification-a3-fusion-4402134-gbc#primaryimage\"},\"thumbnailUrl\":\"https:\\\/\\\/papex.sn\\\/wp-content\\\/uploads\\\/2022\\\/10\\\/plastifieuse-a-pochette-gbc-fusion-6000l-a3-a4-a5-badge-250-microns.jpg\",\"datePublished\":\"2022-10-25T12:11:43+00:00\",\"dateModified\":\"2024-07-09T09:55:46+00:00\",\"breadcrumb\":{\"@id\":\"https:\\\/\\\/papex.sn\\\/?product=machine-de-plastification-a3-fusion-4402134-gbc#breadcrumb\"},\"inLanguage\":\"fr-FR\",\"potentialAction\":[{\"@type\":\"ReadAction\",\"target\":[\"https:\\\/\\\/papex.sn\\\/?product=machine-de-plastification-a3-fusion-4402134-gbc\"]}]},{\"@type\":\"ImageObject\",\"inLanguage\":\"fr-FR\",\"@id\":\"https:\\\/\\\/papex.sn\\\/?product=machine-de-plastification-a3-fusion-4402134-gbc#primaryimage\",\"url\":\"https:\\\/\\\/papex.sn\\\/wp-content\\\/uploads\\\/2022\\\/10\\\/plastifieuse-a-pochette-gbc-fusion-6000l-a3-a4-a5-badge-250-microns.jpg\",\"contentUrl\":\"https:\\\/\\\/papex.sn\\\/wp-content\\\/uploads\\\/2022\\\/10\\\/plastifieuse-a-pochette-gbc-fusion-6000l-a3-a4-a5-badge-250-microns.jpg\",\"width\":800,\"height\":800},{\"@type\":\"BreadcrumbList\",\"@id\":\"https:\\\/\\\/papex.sn\\\/?product=machine-de-plastification-a3-fusion-4402134-gbc#breadcrumb\",\"itemListElement\":[{\"@type\":\"ListItem\",\"position\":1,\"name\":\"Accueil\",\"item\":\"https:\\\/\\\/papex.sn\\\/\"},{\"@type\":\"ListItem\",\"position\":2,\"name\":\"Boutique\",\"item\":\"https:\\\/\\\/papex.sn\\\/?page_id=388\"},{\"@type\":\"ListItem\",\"position\":3,\"name\":\"Machine De Plastification A3 Fusion 4402134 Gbc\"}]},{\"@type\":\"WebSite\",\"@id\":\"https:\\\/\\\/papex.sn\\\/#website\",\"url\":\"https:\\\/\\\/papex.sn\\\/\",\"name\":\"PAPEX\",\"description\":\"Papeterie Express\",\"publisher\":{\"@id\":\"https:\\\/\\\/papex.sn\\\/#organization\"},\"potentialAction\":[{\"@type\":\"SearchAction\",\"target\":{\"@type\":\"EntryPoint\",\"urlTemplate\":\"https:\\\/\\\/papex.sn\\\/?s={search_term_string}\"},\"query-input\":{\"@type\":\"PropertyValueSpecification\",\"valueRequired\":true,\"valueName\":\"search_term_string\"}}],\"inLanguage\":\"fr-FR\"},{\"@type\":\"Organization\",\"@id\":\"https:\\\/\\\/papex.sn\\\/#organization\",\"name\":\"PAPEX\",\"url\":\"https:\\\/\\\/papex.sn\\\/\",\"logo\":{\"@type\":\"ImageObject\",\"inLanguage\":\"fr-FR\",\"@id\":\"https:\\\/\\\/papex.sn\\\/#\\\/schema\\\/logo\\\/image\\\/\",\"url\":\"https:\\\/\\\/papex.sn\\\/wp-content\\\/uploads\\\/2022\\\/05\\\/telechargement-1.jpg\",\"contentUrl\":\"https:\\\/\\\/papex.sn\\\/wp-content\\\/uploads\\\/2022\\\/05\\\/telechargement-1.jpg\",\"width\":299,\"height\":168,\"caption\":\"PAPEX\"},\"image\":{\"@id\":\"https:\\\/\\\/papex.sn\\\/#\\\/schema\\\/logo\\\/image\\\/\"},\"sameAs\":[\"https:\\\/\\\/www.facebook.com\\\/PapexSarl\",\"https:\\\/\\\/www.instagram.com\\\/papex.sarl\\\/\"]}]}<\/script>\n<!-- \/ Yoast SEO plugin. -->","yoast_head_json":{"title":"Machine De Plastification A3 Fusion 4402134 Gbc - PAPEX","robots":{"index":"index","follow":"follow","max-snippet":"max-snippet:-1","max-image-preview":"max-image-preview:large","max-video-preview":"max-video-preview:-1"},"canonical":"https:\/\/papex.sn\/?product=machine-de-plastification-a3-fusion-4402134-gbc","og_locale":"fr_FR","og_type":"article","og_title":"Machine De Plastification A3 Fusion 4402134 Gbc - PAPEX","og_description":"Plastifiez vos documents A3 , A4 et A5 jusqu'\u00e0 250 microns en moins de 135secondes gr\u00e2ce \u00e0 la plastifieuse de bureau GBC Fusion Plus 6000L A3 ! Faites pour la plastification grand format : posters, affiches, signal\u00e9tiques... Id\u00e9ale pour la finition de tous vos travaux d'encapsulage au meilleur prix avec la plastifieuse \u00e0 pochette GBC Fusion Plus 6000L A3 !","og_url":"https:\/\/papex.sn\/?product=machine-de-plastification-a3-fusion-4402134-gbc","og_site_name":"PAPEX","article_publisher":"https:\/\/www.facebook.com\/PapexSarl","article_modified_time":"2024-07-09T09:55:46+00:00","og_image":[{"width":800,"height":800,"url":"https:\/\/papex.sn\/wp-content\/uploads\/2022\/10\/plastifieuse-a-pochette-gbc-fusion-6000l-a3-a4-a5-badge-250-microns.jpg","type":"image\/jpeg"}],"twitter_card":"summary_large_image","schema":{"@context":"https:\/\/schema.org","@graph":[{"@type":"WebPage","@id":"https:\/\/papex.sn\/?product=machine-de-plastification-a3-fusion-4402134-gbc","url":"https:\/\/papex.sn\/?product=machine-de-plastification-a3-fusion-4402134-gbc","name":"Machine De Plastification A3 Fusion 4402134 Gbc - PAPEX","isPartOf":{"@id":"https:\/\/papex.sn\/#website"},"primaryImageOfPage":{"@id":"https:\/\/papex.sn\/?product=machine-de-plastification-a3-fusion-4402134-gbc#primaryimage"},"image":{"@id":"https:\/\/papex.sn\/?product=machine-de-plastification-a3-fusion-4402134-gbc#primaryimage"},"thumbnailUrl":"https:\/\/papex.sn\/wp-content\/uploads\/2022\/10\/plastifieuse-a-pochette-gbc-fusion-6000l-a3-a4-a5-badge-250-microns.jpg","datePublished":"2022-10-25T12:11:43+00:00","dateModified":"2024-07-09T09:55:46+00:00","breadcrumb":{"@id":"https:\/\/papex.sn\/?product=machine-de-plastification-a3-fusion-4402134-gbc#breadcrumb"},"inLanguage":"fr-FR","potentialAction":[{"@type":"ReadAction","target":["https:\/\/papex.sn\/?product=machine-de-plastification-a3-fusion-4402134-gbc"]}]},{"@type":"ImageObject","inLanguage":"fr-FR","@id":"https:\/\/papex.sn\/?product=machine-de-plastification-a3-fusion-4402134-gbc#primaryimage","url":"https:\/\/papex.sn\/wp-content\/uploads\/2022\/10\/plastifieuse-a-pochette-gbc-fusion-6000l-a3-a4-a5-badge-250-microns.jpg","contentUrl":"https:\/\/papex.sn\/wp-content\/uploads\/2022\/10\/plastifieuse-a-pochette-gbc-fusion-6000l-a3-a4-a5-badge-250-microns.jpg","width":800,"height":800},{"@type":"BreadcrumbList","@id":"https:\/\/papex.sn\/?product=machine-de-plastification-a3-fusion-4402134-gbc#breadcrumb","itemListElement":[{"@type":"ListItem","position":1,"name":"Accueil","item":"https:\/\/papex.sn\/"},{"@type":"ListItem","position":2,"name":"Boutique","item":"https:\/\/papex.sn\/?page_id=388"},{"@type":"ListItem","position":3,"name":"Machine De Plastification A3 Fusion 4402134 Gbc"}]},{"@type":"WebSite","@id":"https:\/\/papex.sn\/#website","url":"https:\/\/papex.sn\/","name":"PAPEX","description":"Papeterie Express","publisher":{"@id":"https:\/\/papex.sn\/#organization"},"potentialAction":[{"@type":"SearchAction","target":{"@type":"EntryPoint","urlTemplate":"https:\/\/papex.sn\/?s={search_term_string}"},"query-input":{"@type":"PropertyValueSpecification","valueRequired":true,"valueName":"search_term_string"}}],"inLanguage":"fr-FR"},{"@type":"Organization","@id":"https:\/\/papex.sn\/#organization","name":"PAPEX","url":"https:\/\/papex.sn\/","logo":{"@type":"ImageObject","inLanguage":"fr-FR","@id":"https:\/\/papex.sn\/#\/schema\/logo\/image\/","url":"https:\/\/papex.sn\/wp-content\/uploads\/2022\/05\/telechargement-1.jpg","contentUrl":"https:\/\/papex.sn\/wp-content\/uploads\/2022\/05\/telechargement-1.jpg","width":299,"height":168,"caption":"PAPEX"},"image":{"@id":"https:\/\/papex.sn\/#\/schema\/logo\/image\/"},"sameAs":["https:\/\/www.facebook.com\/PapexSarl","https:\/\/www.instagram.com\/papex.sarl\/"]}]}},"_links":{"self":[{"href":"https:\/\/papex.sn\/index.php?rest_route=\/wp\/v2\/product\/3024","targetHints":{"allow":["GET"]}}],"collection":[{"href":"https:\/\/papex.sn\/index.php?rest_route=\/wp\/v2\/product"}],"about":[{"href":"https:\/\/papex.sn\/index.php?rest_route=\/wp\/v2\/types\/product"}],"replies":[{"embeddable":true,"href":"https:\/\/papex.sn\/index.php?rest_route=%2Fwp%2Fv2%2Fcomments&post=3024"}],"version-history":[{"count":1,"href":"https:\/\/papex.sn\/index.php?rest_route=\/wp\/v2\/product\/3024\/revisions"}],"predecessor-version":[{"id":3410,"href":"https:\/\/papex.sn\/index.php?rest_route=\/wp\/v2\/product\/3024\/revisions\/3410"}],"wp:featuredmedia":[{"embeddable":true,"href":"https:\/\/papex.sn\/index.php?rest_route=\/wp\/v2\/media\/2908"}],"wp:attachment":[{"href":"https:\/\/papex.sn\/index.php?rest_route=%2Fwp%2Fv2%2Fmedia&parent=3024"}],"wp:term":[{"taxonomy":"product_brand","embeddable":true,"href":"https:\/\/papex.sn\/index.php?rest_route=%2Fwp%2Fv2%2Fproduct_brand&post=3024"},{"taxonomy":"product_cat","embeddable":true,"href":"https:\/\/papex.sn\/index.php?rest_route=%2Fwp%2Fv2%2Fproduct_cat&post=3024"},{"taxonomy":"product_tag","embeddable":true,"href":"https:\/\/papex.sn\/index.php?rest_route=%2Fwp%2Fv2%2Fproduct_tag&post=3024"}],"curies":[{"name":"wp","href":"https:\/\/api.w.org\/{rel}","templated":true}]}}