{"id":3019,"date":"2022-10-25T12:11:42","date_gmt":"2022-10-25T12:11:42","guid":{"rendered":"https:\/\/papex.sn\/?product=machine-de-plastification-a4-fusion-4400746-acco-rexel"},"modified":"2024-07-09T09:55:40","modified_gmt":"2024-07-09T09:55:40","slug":"machine-de-plastification-a4-fusion-4400746-acco-rexel","status":"publish","type":"product","link":"https:\/\/papex.sn\/?product=machine-de-plastification-a4-fusion-4400746-acco-rexel","title":{"rendered":"Machine De Plastification A4 Fusion 4400746 Acco Rexel"},"content":{"rendered":"<p>La plastification n&rsquo;a jamais \u00e9t\u00e9 aussi simple. Id\u00e9ale pour la maison ou les petits bureaux, la plastifieuse A4 Fusion 1100L garantit des r\u00e9sultats parfaits. \u00c9l\u00e9gante et ultra compacte pour en faciliter le rangement, la Fusion 1100L pr\u00e9chauffe en 3 minutes et plastifie tout format, de la carte d&rsquo;identit\u00e9 \u00e0 la feuille A4, en moins d&rsquo;une minute avec une pochette de 2 x 75 ou 2 x 125 microns. Un voyant vert s&rsquo;allume et un signal sonore retentit lorsque la machine est pr\u00eate \u00e0 l&#8217;emploi. Elle est dot\u00e9e d&rsquo;un bouton de d\u00e9gagement permettant de retirer tout document mal ins\u00e9r\u00e9. La fonction de mise en veille automatique permet d&rsquo;\u00e9conomiser l&rsquo;\u00e9nergie. <\/p>\n","protected":false},"excerpt":{"rendered":"<p>La plastification n&rsquo;a jamais \u00e9t\u00e9 aussi simple. Id\u00e9ale pour la maison ou les petits bureaux, la plastifieuse A4 Fusion 1100L garantit des r\u00e9sultats parfaits. \u00c9l\u00e9gante et ultra compacte pour en faciliter le rangement, la Fusion 1100L pr\u00e9chauffe en 3 minutes et plastifie tout format, de la carte d&rsquo;identit\u00e9 \u00e0 la feuille A4, en moins d&rsquo;une minute avec une pochette de 2 x 75 ou 2 x 125 microns. Un voyant vert s&rsquo;allume et un signal sonore retentit lorsque la machine est pr\u00eate \u00e0 l&#8217;emploi. Elle est dot\u00e9e d&rsquo;un bouton de d\u00e9gagement permettant de retirer tout document mal ins\u00e9r\u00e9. La fonction de mise en veille automatique permet d&rsquo;\u00e9conomiser l&rsquo;\u00e9nergie. <\/p>\n","protected":false},"featured_media":2898,"comment_status":"open","ping_status":"closed","template":"","meta":[],"product_brand":[],"product_cat":[39,107],"product_tag":[],"class_list":{"0":"post-3019","1":"product","2":"type-product","3":"status-publish","4":"has-post-thumbnail","6":"product_cat-bureautique-informatique","7":"product_cat-plastification","9":"first","10":"instock","11":"shipping-taxable","12":"product-type-simple"},"yoast_head":"<!-- This site is optimized with the Yoast SEO plugin v27.4 - https:\/\/yoast.com\/product\/yoast-seo-wordpress\/ -->\n<title>Machine De Plastification A4 Fusion 4400746 Acco Rexel - PAPEX<\/title>\n<meta name=\"robots\" content=\"index, follow, max-snippet:-1, max-image-preview:large, max-video-preview:-1\" \/>\n<link rel=\"canonical\" href=\"https:\/\/papex.sn\/?product=machine-de-plastification-a4-fusion-4400746-acco-rexel\" \/>\n<meta property=\"og:locale\" content=\"fr_FR\" \/>\n<meta property=\"og:type\" content=\"article\" \/>\n<meta property=\"og:title\" content=\"Machine De Plastification A4 Fusion 4400746 Acco Rexel - PAPEX\" \/>\n<meta property=\"og:description\" content=\"La plastification n&#039;a jamais \u00e9t\u00e9 aussi simple. Id\u00e9ale pour la maison ou les petits bureaux, la plastifieuse A4 Fusion 1100L garantit des r\u00e9sultats parfaits. \u00c9l\u00e9gante et ultra compacte pour en faciliter le rangement, la Fusion 1100L pr\u00e9chauffe en 3 minutes et plastifie tout format, de la carte d&#039;identit\u00e9 \u00e0 la feuille A4, en moins d&#039;une minute avec une pochette de 2 x 75 ou 2 x 125 microns. Un voyant vert s&#039;allume et un signal sonore retentit lorsque la machine est pr\u00eate \u00e0 l&#039;emploi. Elle est dot\u00e9e d&#039;un bouton de d\u00e9gagement permettant de retirer tout document mal ins\u00e9r\u00e9. La fonction de mise en veille automatique permet d&#039;\u00e9conomiser l&#039;\u00e9nergie.\" \/>\n<meta property=\"og:url\" content=\"https:\/\/papex.sn\/?product=machine-de-plastification-a4-fusion-4400746-acco-rexel\" \/>\n<meta property=\"og:site_name\" content=\"PAPEX\" \/>\n<meta property=\"article:publisher\" content=\"https:\/\/www.facebook.com\/PapexSarl\" \/>\n<meta property=\"article:modified_time\" content=\"2024-07-09T09:55:40+00:00\" \/>\n<meta property=\"og:image\" content=\"https:\/\/papex.sn\/wp-content\/uploads\/2022\/10\/plastificadora-gbc-fusion-1100l-din-a4-negro-800x800-1.jpg\" \/>\n\t<meta property=\"og:image:width\" content=\"800\" \/>\n\t<meta property=\"og:image:height\" content=\"800\" \/>\n\t<meta property=\"og:image:type\" content=\"image\/jpeg\" \/>\n<meta name=\"twitter:card\" content=\"summary_large_image\" \/>\n<meta name=\"twitter:label1\" content=\"Dur\u00e9e de lecture estim\u00e9e\" \/>\n\t<meta name=\"twitter:data1\" content=\"1 minute\" \/>\n<script type=\"application\/ld+json\" class=\"yoast-schema-graph\">{\"@context\":\"https:\\\/\\\/schema.org\",\"@graph\":[{\"@type\":\"WebPage\",\"@id\":\"https:\\\/\\\/papex.sn\\\/?product=machine-de-plastification-a4-fusion-4400746-acco-rexel\",\"url\":\"https:\\\/\\\/papex.sn\\\/?product=machine-de-plastification-a4-fusion-4400746-acco-rexel\",\"name\":\"Machine De Plastification A4 Fusion 4400746 Acco Rexel - PAPEX\",\"isPartOf\":{\"@id\":\"https:\\\/\\\/papex.sn\\\/#website\"},\"primaryImageOfPage\":{\"@id\":\"https:\\\/\\\/papex.sn\\\/?product=machine-de-plastification-a4-fusion-4400746-acco-rexel#primaryimage\"},\"image\":{\"@id\":\"https:\\\/\\\/papex.sn\\\/?product=machine-de-plastification-a4-fusion-4400746-acco-rexel#primaryimage\"},\"thumbnailUrl\":\"https:\\\/\\\/papex.sn\\\/wp-content\\\/uploads\\\/2022\\\/10\\\/plastificadora-gbc-fusion-1100l-din-a4-negro-800x800-1.jpg\",\"datePublished\":\"2022-10-25T12:11:42+00:00\",\"dateModified\":\"2024-07-09T09:55:40+00:00\",\"breadcrumb\":{\"@id\":\"https:\\\/\\\/papex.sn\\\/?product=machine-de-plastification-a4-fusion-4400746-acco-rexel#breadcrumb\"},\"inLanguage\":\"fr-FR\",\"potentialAction\":[{\"@type\":\"ReadAction\",\"target\":[\"https:\\\/\\\/papex.sn\\\/?product=machine-de-plastification-a4-fusion-4400746-acco-rexel\"]}]},{\"@type\":\"ImageObject\",\"inLanguage\":\"fr-FR\",\"@id\":\"https:\\\/\\\/papex.sn\\\/?product=machine-de-plastification-a4-fusion-4400746-acco-rexel#primaryimage\",\"url\":\"https:\\\/\\\/papex.sn\\\/wp-content\\\/uploads\\\/2022\\\/10\\\/plastificadora-gbc-fusion-1100l-din-a4-negro-800x800-1.jpg\",\"contentUrl\":\"https:\\\/\\\/papex.sn\\\/wp-content\\\/uploads\\\/2022\\\/10\\\/plastificadora-gbc-fusion-1100l-din-a4-negro-800x800-1.jpg\",\"width\":800,\"height\":800},{\"@type\":\"BreadcrumbList\",\"@id\":\"https:\\\/\\\/papex.sn\\\/?product=machine-de-plastification-a4-fusion-4400746-acco-rexel#breadcrumb\",\"itemListElement\":[{\"@type\":\"ListItem\",\"position\":1,\"name\":\"Accueil\",\"item\":\"https:\\\/\\\/papex.sn\\\/\"},{\"@type\":\"ListItem\",\"position\":2,\"name\":\"Boutique\",\"item\":\"https:\\\/\\\/papex.sn\\\/?page_id=388\"},{\"@type\":\"ListItem\",\"position\":3,\"name\":\"Machine De Plastification A4 Fusion 4400746 Acco Rexel\"}]},{\"@type\":\"WebSite\",\"@id\":\"https:\\\/\\\/papex.sn\\\/#website\",\"url\":\"https:\\\/\\\/papex.sn\\\/\",\"name\":\"PAPEX\",\"description\":\"Papeterie Express\",\"publisher\":{\"@id\":\"https:\\\/\\\/papex.sn\\\/#organization\"},\"potentialAction\":[{\"@type\":\"SearchAction\",\"target\":{\"@type\":\"EntryPoint\",\"urlTemplate\":\"https:\\\/\\\/papex.sn\\\/?s={search_term_string}\"},\"query-input\":{\"@type\":\"PropertyValueSpecification\",\"valueRequired\":true,\"valueName\":\"search_term_string\"}}],\"inLanguage\":\"fr-FR\"},{\"@type\":\"Organization\",\"@id\":\"https:\\\/\\\/papex.sn\\\/#organization\",\"name\":\"PAPEX\",\"url\":\"https:\\\/\\\/papex.sn\\\/\",\"logo\":{\"@type\":\"ImageObject\",\"inLanguage\":\"fr-FR\",\"@id\":\"https:\\\/\\\/papex.sn\\\/#\\\/schema\\\/logo\\\/image\\\/\",\"url\":\"https:\\\/\\\/papex.sn\\\/wp-content\\\/uploads\\\/2022\\\/05\\\/telechargement-1.jpg\",\"contentUrl\":\"https:\\\/\\\/papex.sn\\\/wp-content\\\/uploads\\\/2022\\\/05\\\/telechargement-1.jpg\",\"width\":299,\"height\":168,\"caption\":\"PAPEX\"},\"image\":{\"@id\":\"https:\\\/\\\/papex.sn\\\/#\\\/schema\\\/logo\\\/image\\\/\"},\"sameAs\":[\"https:\\\/\\\/www.facebook.com\\\/PapexSarl\",\"https:\\\/\\\/www.instagram.com\\\/papex.sarl\\\/\"]}]}<\/script>\n<!-- \/ Yoast SEO plugin. -->","yoast_head_json":{"title":"Machine De Plastification A4 Fusion 4400746 Acco Rexel - PAPEX","robots":{"index":"index","follow":"follow","max-snippet":"max-snippet:-1","max-image-preview":"max-image-preview:large","max-video-preview":"max-video-preview:-1"},"canonical":"https:\/\/papex.sn\/?product=machine-de-plastification-a4-fusion-4400746-acco-rexel","og_locale":"fr_FR","og_type":"article","og_title":"Machine De Plastification A4 Fusion 4400746 Acco Rexel - PAPEX","og_description":"La plastification n'a jamais \u00e9t\u00e9 aussi simple. Id\u00e9ale pour la maison ou les petits bureaux, la plastifieuse A4 Fusion 1100L garantit des r\u00e9sultats parfaits. \u00c9l\u00e9gante et ultra compacte pour en faciliter le rangement, la Fusion 1100L pr\u00e9chauffe en 3 minutes et plastifie tout format, de la carte d'identit\u00e9 \u00e0 la feuille A4, en moins d'une minute avec une pochette de 2 x 75 ou 2 x 125 microns. Un voyant vert s'allume et un signal sonore retentit lorsque la machine est pr\u00eate \u00e0 l'emploi. Elle est dot\u00e9e d'un bouton de d\u00e9gagement permettant de retirer tout document mal ins\u00e9r\u00e9. La fonction de mise en veille automatique permet d'\u00e9conomiser l'\u00e9nergie.","og_url":"https:\/\/papex.sn\/?product=machine-de-plastification-a4-fusion-4400746-acco-rexel","og_site_name":"PAPEX","article_publisher":"https:\/\/www.facebook.com\/PapexSarl","article_modified_time":"2024-07-09T09:55:40+00:00","og_image":[{"width":800,"height":800,"url":"https:\/\/papex.sn\/wp-content\/uploads\/2022\/10\/plastificadora-gbc-fusion-1100l-din-a4-negro-800x800-1.jpg","type":"image\/jpeg"}],"twitter_card":"summary_large_image","twitter_misc":{"Dur\u00e9e de lecture estim\u00e9e":"1 minute"},"schema":{"@context":"https:\/\/schema.org","@graph":[{"@type":"WebPage","@id":"https:\/\/papex.sn\/?product=machine-de-plastification-a4-fusion-4400746-acco-rexel","url":"https:\/\/papex.sn\/?product=machine-de-plastification-a4-fusion-4400746-acco-rexel","name":"Machine De Plastification A4 Fusion 4400746 Acco Rexel - PAPEX","isPartOf":{"@id":"https:\/\/papex.sn\/#website"},"primaryImageOfPage":{"@id":"https:\/\/papex.sn\/?product=machine-de-plastification-a4-fusion-4400746-acco-rexel#primaryimage"},"image":{"@id":"https:\/\/papex.sn\/?product=machine-de-plastification-a4-fusion-4400746-acco-rexel#primaryimage"},"thumbnailUrl":"https:\/\/papex.sn\/wp-content\/uploads\/2022\/10\/plastificadora-gbc-fusion-1100l-din-a4-negro-800x800-1.jpg","datePublished":"2022-10-25T12:11:42+00:00","dateModified":"2024-07-09T09:55:40+00:00","breadcrumb":{"@id":"https:\/\/papex.sn\/?product=machine-de-plastification-a4-fusion-4400746-acco-rexel#breadcrumb"},"inLanguage":"fr-FR","potentialAction":[{"@type":"ReadAction","target":["https:\/\/papex.sn\/?product=machine-de-plastification-a4-fusion-4400746-acco-rexel"]}]},{"@type":"ImageObject","inLanguage":"fr-FR","@id":"https:\/\/papex.sn\/?product=machine-de-plastification-a4-fusion-4400746-acco-rexel#primaryimage","url":"https:\/\/papex.sn\/wp-content\/uploads\/2022\/10\/plastificadora-gbc-fusion-1100l-din-a4-negro-800x800-1.jpg","contentUrl":"https:\/\/papex.sn\/wp-content\/uploads\/2022\/10\/plastificadora-gbc-fusion-1100l-din-a4-negro-800x800-1.jpg","width":800,"height":800},{"@type":"BreadcrumbList","@id":"https:\/\/papex.sn\/?product=machine-de-plastification-a4-fusion-4400746-acco-rexel#breadcrumb","itemListElement":[{"@type":"ListItem","position":1,"name":"Accueil","item":"https:\/\/papex.sn\/"},{"@type":"ListItem","position":2,"name":"Boutique","item":"https:\/\/papex.sn\/?page_id=388"},{"@type":"ListItem","position":3,"name":"Machine De Plastification A4 Fusion 4400746 Acco Rexel"}]},{"@type":"WebSite","@id":"https:\/\/papex.sn\/#website","url":"https:\/\/papex.sn\/","name":"PAPEX","description":"Papeterie Express","publisher":{"@id":"https:\/\/papex.sn\/#organization"},"potentialAction":[{"@type":"SearchAction","target":{"@type":"EntryPoint","urlTemplate":"https:\/\/papex.sn\/?s={search_term_string}"},"query-input":{"@type":"PropertyValueSpecification","valueRequired":true,"valueName":"search_term_string"}}],"inLanguage":"fr-FR"},{"@type":"Organization","@id":"https:\/\/papex.sn\/#organization","name":"PAPEX","url":"https:\/\/papex.sn\/","logo":{"@type":"ImageObject","inLanguage":"fr-FR","@id":"https:\/\/papex.sn\/#\/schema\/logo\/image\/","url":"https:\/\/papex.sn\/wp-content\/uploads\/2022\/05\/telechargement-1.jpg","contentUrl":"https:\/\/papex.sn\/wp-content\/uploads\/2022\/05\/telechargement-1.jpg","width":299,"height":168,"caption":"PAPEX"},"image":{"@id":"https:\/\/papex.sn\/#\/schema\/logo\/image\/"},"sameAs":["https:\/\/www.facebook.com\/PapexSarl","https:\/\/www.instagram.com\/papex.sarl\/"]}]}},"_links":{"self":[{"href":"https:\/\/papex.sn\/index.php?rest_route=\/wp\/v2\/product\/3019","targetHints":{"allow":["GET"]}}],"collection":[{"href":"https:\/\/papex.sn\/index.php?rest_route=\/wp\/v2\/product"}],"about":[{"href":"https:\/\/papex.sn\/index.php?rest_route=\/wp\/v2\/types\/product"}],"replies":[{"embeddable":true,"href":"https:\/\/papex.sn\/index.php?rest_route=%2Fwp%2Fv2%2Fcomments&post=3019"}],"version-history":[{"count":1,"href":"https:\/\/papex.sn\/index.php?rest_route=\/wp\/v2\/product\/3019\/revisions"}],"predecessor-version":[{"id":3409,"href":"https:\/\/papex.sn\/index.php?rest_route=\/wp\/v2\/product\/3019\/revisions\/3409"}],"wp:featuredmedia":[{"embeddable":true,"href":"https:\/\/papex.sn\/index.php?rest_route=\/wp\/v2\/media\/2898"}],"wp:attachment":[{"href":"https:\/\/papex.sn\/index.php?rest_route=%2Fwp%2Fv2%2Fmedia&parent=3019"}],"wp:term":[{"taxonomy":"product_brand","embeddable":true,"href":"https:\/\/papex.sn\/index.php?rest_route=%2Fwp%2Fv2%2Fproduct_brand&post=3019"},{"taxonomy":"product_cat","embeddable":true,"href":"https:\/\/papex.sn\/index.php?rest_route=%2Fwp%2Fv2%2Fproduct_cat&post=3019"},{"taxonomy":"product_tag","embeddable":true,"href":"https:\/\/papex.sn\/index.php?rest_route=%2Fwp%2Fv2%2Fproduct_tag&post=3019"}],"curies":[{"name":"wp","href":"https:\/\/api.w.org\/{rel}","templated":true}]}}