{"id":2882,"date":"2022-10-24T11:40:10","date_gmt":"2022-10-24T11:40:10","guid":{"rendered":"https:\/\/papex.sn\/?product=tableau-affichage-magnetique-a-4-pieds-49x84-2x3"},"modified":"2024-07-09T09:58:24","modified_gmt":"2024-07-09T09:58:24","slug":"tableau-affichage-magnetique-a-4-pieds-49x84-2x3","status":"publish","type":"product","link":"https:\/\/papex.sn\/?product=tableau-affichage-magnetique-a-4-pieds-49x84-2x3","title":{"rendered":"Tableau Affichage Magnetique A 4 Pieds 49X84- 2X3"},"content":{"rendered":"<table id=\"productDetails_techSpec_section_1\" class=\"a-keyvalue prodDetTable\" role=\"presentation\">\n<tbody>\n<tr>\n<th class=\"a-color-secondary a-size-base prodDetSectionEntry\" style=\"text-align: left;\">Fabricant<\/th>\n<td class=\"a-size-base prodDetAttrValue\">\u200eAcco<\/td>\n<\/tr>\n<tr>\n<th class=\"a-color-secondary a-size-base prodDetSectionEntry\" style=\"text-align: left;\">Marque<\/th>\n<td class=\"a-size-base prodDetAttrValue\">\u200eRexel<\/td>\n<\/tr>\n<tr>\n<th class=\"a-color-secondary a-size-base prodDetSectionEntry\" style=\"text-align: left;\">Num\u00e9ro du mod\u00e8le<\/th>\n<td class=\"a-size-base prodDetAttrValue\">\u200e1902557<\/td>\n<\/tr>\n<tr>\n<th class=\"a-color-secondary a-size-base prodDetSectionEntry\" style=\"text-align: left;\">Dimensions du produit (L x l x h)<\/th>\n<td class=\"a-size-base prodDetAttrValue\">\u200e77.5 x 62 x 9 cm; 4.95 kilogrammes<\/td>\n<\/tr>\n<tr>\n<th class=\"a-color-secondary a-size-base prodDetSectionEntry\" style=\"text-align: left;\">Couleur<\/th>\n<td class=\"a-size-base prodDetAttrValue\">\u200eBlanc<\/td>\n<\/tr>\n<tr>\n<th class=\"a-color-secondary a-size-base prodDetSectionEntry\" style=\"text-align: left;\">Nombre d\u2019unit\u00e9s par article<\/th>\n<td class=\"a-size-base prodDetAttrValue\">\u200e1<\/td>\n<\/tr>\n<tr>\n<th class=\"a-color-secondary a-size-base prodDetSectionEntry\" style=\"text-align: left;\">Taille<\/th>\n<td class=\"a-size-base prodDetAttrValue\">\u200e4 x A4<\/td>\n<\/tr>\n<tr>\n<th class=\"a-color-secondary a-size-base prodDetSectionEntry\" style=\"text-align: left;\">Mod\u00e8le fabricant<\/th>\n<td class=\"a-size-base prodDetAttrValue\">\u200e1902557<\/td>\n<\/tr>\n<tr>\n<th class=\"a-color-secondary a-size-base prodDetSectionEntry\" style=\"text-align: left;\">Poids de l&rsquo;article<\/th>\n<td class=\"a-size-base prodDetAttrValue\">\u200e4.95 kg<\/td>\n<\/tr>\n<\/tbody>\n<\/table>\n","protected":false},"excerpt":{"rendered":"<ul class=\"a-unordered-list a-vertical a-spacing-none\">\n<li class=\"a-spacing-small\"><span class=\"a-list-item a-size-base\">Tableau d&rsquo;affichage verrouillable pour afficher des avis et des m\u00e9mos, Porte battante en verre s\u00e9curit\u00e9 et serrure lat\u00e9rale, Id\u00e9al pour une utilisation \u00e0 la maison, au bureau ou \u00e0 l&rsquo;\u00e9cole<\/span><\/li>\n<li class=\"a-spacing-small\"><span class=\"a-list-item a-size-base\">Surface magn\u00e9tique pour l&rsquo;affichage de communication et de m\u00e9mos permettant une meilleure organisation et un meilleur impact visuel, Convient \u00e0 un montage mural par les coins<\/span><\/li>\n<li class=\"a-spacing-small\"><span class=\"a-list-item a-size-base\">Tableau magn\u00e9tique et verrouillable, Cadre en aluminium moderne et \u00e9l\u00e9gant pouvant accueillir jusqu&rsquo;\u00e0 4 feuilles A4 (494 x 668 mm) pour maximiser l&rsquo;espace d&rsquo;affichage des documents, calendriers et plus encore<\/span><\/li>\n<li class=\"a-spacing-small\"><span class=\"a-list-item a-size-base\">\u00c0 m\u00e9langer et assortir avec les accessoires Nobo, Garantie 10 ans<\/span><\/li>\n<li class=\"a-spacing-small\"><span class=\"a-list-item a-size-base\">Contenu : 1 x Tableau d&rsquo;affichage magn\u00e9tique verrouillable Nobo, Dimensions (L x H) : 494 x 668 mm, Poids : 6 kg, Blanc, 1902557<\/span><\/li>\n<\/ul>\n","protected":false},"featured_media":2810,"comment_status":"open","ping_status":"closed","template":"","meta":[],"product_brand":[],"product_cat":[39,99],"product_tag":[],"class_list":{"0":"post-2882","1":"product","2":"type-product","3":"status-publish","4":"has-post-thumbnail","6":"product_cat-bureautique-informatique","7":"product_cat-tableau","9":"first","10":"instock","11":"shipping-taxable","12":"product-type-simple"},"yoast_head":"<!-- This site is optimized with the Yoast SEO plugin v27.5 - https:\/\/yoast.com\/product\/yoast-seo-wordpress\/ -->\n<title>Tableau Affichage Magnetique A 4 Pieds 49X84- 2X3 - PAPEX<\/title>\n<meta name=\"robots\" content=\"index, follow, max-snippet:-1, max-image-preview:large, max-video-preview:-1\" \/>\n<link rel=\"canonical\" href=\"https:\/\/papex.sn\/?product=tableau-affichage-magnetique-a-4-pieds-49x84-2x3\" \/>\n<meta property=\"og:locale\" content=\"fr_FR\" \/>\n<meta property=\"og:type\" content=\"article\" \/>\n<meta property=\"og:title\" content=\"Tableau Affichage Magnetique A 4 Pieds 49X84- 2X3 - PAPEX\" \/>\n<meta property=\"og:description\" content=\"Tableau d&#039;affichage verrouillable pour afficher des avis et des m\u00e9mos, Porte battante en verre s\u00e9curit\u00e9 et serrure lat\u00e9rale, Id\u00e9al pour une utilisation \u00e0 la maison, au bureau ou \u00e0 l&#039;\u00e9cole  Surface magn\u00e9tique pour l&#039;affichage de communication et de m\u00e9mos permettant une meilleure organisation et un meilleur impact visuel, Convient \u00e0 un montage mural par les coins  Tableau magn\u00e9tique et verrouillable, Cadre en aluminium moderne et \u00e9l\u00e9gant pouvant accueillir jusqu&#039;\u00e0 4 feuilles A4 (494 x 668 mm) pour maximiser l&#039;espace d&#039;affichage des documents, calendriers et plus encore  \u00c0 m\u00e9langer et assortir avec les accessoires Nobo, Garantie 10 ans  Contenu : 1 x Tableau d&#039;affichage magn\u00e9tique verrouillable Nobo, Dimensions (L x H) : 494 x 668 mm, Poids : 6 kg, Blanc, 1902557\" \/>\n<meta property=\"og:url\" content=\"https:\/\/papex.sn\/?product=tableau-affichage-magnetique-a-4-pieds-49x84-2x3\" \/>\n<meta property=\"og:site_name\" content=\"PAPEX\" \/>\n<meta property=\"article:publisher\" content=\"https:\/\/www.facebook.com\/PapexSarl\" \/>\n<meta property=\"article:modified_time\" content=\"2024-07-09T09:58:24+00:00\" \/>\n<meta property=\"og:image\" content=\"https:\/\/papex.sn\/wp-content\/uploads\/2022\/10\/71KTTvl5sFL._AC_SY550_.jpg\" \/>\n\t<meta property=\"og:image:width\" content=\"407\" \/>\n\t<meta property=\"og:image:height\" content=\"550\" \/>\n\t<meta property=\"og:image:type\" content=\"image\/jpeg\" \/>\n<meta name=\"twitter:card\" content=\"summary_large_image\" \/>\n<script type=\"application\/ld+json\" class=\"yoast-schema-graph\">{\"@context\":\"https:\\\/\\\/schema.org\",\"@graph\":[{\"@type\":\"WebPage\",\"@id\":\"https:\\\/\\\/papex.sn\\\/?product=tableau-affichage-magnetique-a-4-pieds-49x84-2x3\",\"url\":\"https:\\\/\\\/papex.sn\\\/?product=tableau-affichage-magnetique-a-4-pieds-49x84-2x3\",\"name\":\"Tableau Affichage Magnetique A 4 Pieds 49X84- 2X3 - PAPEX\",\"isPartOf\":{\"@id\":\"https:\\\/\\\/papex.sn\\\/#website\"},\"primaryImageOfPage\":{\"@id\":\"https:\\\/\\\/papex.sn\\\/?product=tableau-affichage-magnetique-a-4-pieds-49x84-2x3#primaryimage\"},\"image\":{\"@id\":\"https:\\\/\\\/papex.sn\\\/?product=tableau-affichage-magnetique-a-4-pieds-49x84-2x3#primaryimage\"},\"thumbnailUrl\":\"https:\\\/\\\/papex.sn\\\/wp-content\\\/uploads\\\/2022\\\/10\\\/71KTTvl5sFL._AC_SY550_.jpg\",\"datePublished\":\"2022-10-24T11:40:10+00:00\",\"dateModified\":\"2024-07-09T09:58:24+00:00\",\"breadcrumb\":{\"@id\":\"https:\\\/\\\/papex.sn\\\/?product=tableau-affichage-magnetique-a-4-pieds-49x84-2x3#breadcrumb\"},\"inLanguage\":\"fr-FR\",\"potentialAction\":[{\"@type\":\"ReadAction\",\"target\":[\"https:\\\/\\\/papex.sn\\\/?product=tableau-affichage-magnetique-a-4-pieds-49x84-2x3\"]}]},{\"@type\":\"ImageObject\",\"inLanguage\":\"fr-FR\",\"@id\":\"https:\\\/\\\/papex.sn\\\/?product=tableau-affichage-magnetique-a-4-pieds-49x84-2x3#primaryimage\",\"url\":\"https:\\\/\\\/papex.sn\\\/wp-content\\\/uploads\\\/2022\\\/10\\\/71KTTvl5sFL._AC_SY550_.jpg\",\"contentUrl\":\"https:\\\/\\\/papex.sn\\\/wp-content\\\/uploads\\\/2022\\\/10\\\/71KTTvl5sFL._AC_SY550_.jpg\",\"width\":407,\"height\":550},{\"@type\":\"BreadcrumbList\",\"@id\":\"https:\\\/\\\/papex.sn\\\/?product=tableau-affichage-magnetique-a-4-pieds-49x84-2x3#breadcrumb\",\"itemListElement\":[{\"@type\":\"ListItem\",\"position\":1,\"name\":\"Accueil\",\"item\":\"https:\\\/\\\/papex.sn\\\/\"},{\"@type\":\"ListItem\",\"position\":2,\"name\":\"Boutique\",\"item\":\"https:\\\/\\\/papex.sn\\\/?page_id=388\"},{\"@type\":\"ListItem\",\"position\":3,\"name\":\"Tableau Affichage Magnetique A 4 Pieds 49X84- 2X3\"}]},{\"@type\":\"WebSite\",\"@id\":\"https:\\\/\\\/papex.sn\\\/#website\",\"url\":\"https:\\\/\\\/papex.sn\\\/\",\"name\":\"PAPEX\",\"description\":\"Papeterie Express\",\"publisher\":{\"@id\":\"https:\\\/\\\/papex.sn\\\/#organization\"},\"potentialAction\":[{\"@type\":\"SearchAction\",\"target\":{\"@type\":\"EntryPoint\",\"urlTemplate\":\"https:\\\/\\\/papex.sn\\\/?s={search_term_string}\"},\"query-input\":{\"@type\":\"PropertyValueSpecification\",\"valueRequired\":true,\"valueName\":\"search_term_string\"}}],\"inLanguage\":\"fr-FR\"},{\"@type\":\"Organization\",\"@id\":\"https:\\\/\\\/papex.sn\\\/#organization\",\"name\":\"PAPEX\",\"url\":\"https:\\\/\\\/papex.sn\\\/\",\"logo\":{\"@type\":\"ImageObject\",\"inLanguage\":\"fr-FR\",\"@id\":\"https:\\\/\\\/papex.sn\\\/#\\\/schema\\\/logo\\\/image\\\/\",\"url\":\"https:\\\/\\\/papex.sn\\\/wp-content\\\/uploads\\\/2022\\\/05\\\/telechargement-1.jpg\",\"contentUrl\":\"https:\\\/\\\/papex.sn\\\/wp-content\\\/uploads\\\/2022\\\/05\\\/telechargement-1.jpg\",\"width\":299,\"height\":168,\"caption\":\"PAPEX\"},\"image\":{\"@id\":\"https:\\\/\\\/papex.sn\\\/#\\\/schema\\\/logo\\\/image\\\/\"},\"sameAs\":[\"https:\\\/\\\/www.facebook.com\\\/PapexSarl\",\"https:\\\/\\\/www.instagram.com\\\/papex.sarl\\\/\"]}]}<\/script>\n<!-- \/ Yoast SEO plugin. -->","yoast_head_json":{"title":"Tableau Affichage Magnetique A 4 Pieds 49X84- 2X3 - PAPEX","robots":{"index":"index","follow":"follow","max-snippet":"max-snippet:-1","max-image-preview":"max-image-preview:large","max-video-preview":"max-video-preview:-1"},"canonical":"https:\/\/papex.sn\/?product=tableau-affichage-magnetique-a-4-pieds-49x84-2x3","og_locale":"fr_FR","og_type":"article","og_title":"Tableau Affichage Magnetique A 4 Pieds 49X84- 2X3 - PAPEX","og_description":"Tableau d'affichage verrouillable pour afficher des avis et des m\u00e9mos, Porte battante en verre s\u00e9curit\u00e9 et serrure lat\u00e9rale, Id\u00e9al pour une utilisation \u00e0 la maison, au bureau ou \u00e0 l'\u00e9cole  Surface magn\u00e9tique pour l'affichage de communication et de m\u00e9mos permettant une meilleure organisation et un meilleur impact visuel, Convient \u00e0 un montage mural par les coins  Tableau magn\u00e9tique et verrouillable, Cadre en aluminium moderne et \u00e9l\u00e9gant pouvant accueillir jusqu'\u00e0 4 feuilles A4 (494 x 668 mm) pour maximiser l'espace d'affichage des documents, calendriers et plus encore  \u00c0 m\u00e9langer et assortir avec les accessoires Nobo, Garantie 10 ans  Contenu : 1 x Tableau d'affichage magn\u00e9tique verrouillable Nobo, Dimensions (L x H) : 494 x 668 mm, Poids : 6 kg, Blanc, 1902557","og_url":"https:\/\/papex.sn\/?product=tableau-affichage-magnetique-a-4-pieds-49x84-2x3","og_site_name":"PAPEX","article_publisher":"https:\/\/www.facebook.com\/PapexSarl","article_modified_time":"2024-07-09T09:58:24+00:00","og_image":[{"width":407,"height":550,"url":"https:\/\/papex.sn\/wp-content\/uploads\/2022\/10\/71KTTvl5sFL._AC_SY550_.jpg","type":"image\/jpeg"}],"twitter_card":"summary_large_image","schema":{"@context":"https:\/\/schema.org","@graph":[{"@type":"WebPage","@id":"https:\/\/papex.sn\/?product=tableau-affichage-magnetique-a-4-pieds-49x84-2x3","url":"https:\/\/papex.sn\/?product=tableau-affichage-magnetique-a-4-pieds-49x84-2x3","name":"Tableau Affichage Magnetique A 4 Pieds 49X84- 2X3 - PAPEX","isPartOf":{"@id":"https:\/\/papex.sn\/#website"},"primaryImageOfPage":{"@id":"https:\/\/papex.sn\/?product=tableau-affichage-magnetique-a-4-pieds-49x84-2x3#primaryimage"},"image":{"@id":"https:\/\/papex.sn\/?product=tableau-affichage-magnetique-a-4-pieds-49x84-2x3#primaryimage"},"thumbnailUrl":"https:\/\/papex.sn\/wp-content\/uploads\/2022\/10\/71KTTvl5sFL._AC_SY550_.jpg","datePublished":"2022-10-24T11:40:10+00:00","dateModified":"2024-07-09T09:58:24+00:00","breadcrumb":{"@id":"https:\/\/papex.sn\/?product=tableau-affichage-magnetique-a-4-pieds-49x84-2x3#breadcrumb"},"inLanguage":"fr-FR","potentialAction":[{"@type":"ReadAction","target":["https:\/\/papex.sn\/?product=tableau-affichage-magnetique-a-4-pieds-49x84-2x3"]}]},{"@type":"ImageObject","inLanguage":"fr-FR","@id":"https:\/\/papex.sn\/?product=tableau-affichage-magnetique-a-4-pieds-49x84-2x3#primaryimage","url":"https:\/\/papex.sn\/wp-content\/uploads\/2022\/10\/71KTTvl5sFL._AC_SY550_.jpg","contentUrl":"https:\/\/papex.sn\/wp-content\/uploads\/2022\/10\/71KTTvl5sFL._AC_SY550_.jpg","width":407,"height":550},{"@type":"BreadcrumbList","@id":"https:\/\/papex.sn\/?product=tableau-affichage-magnetique-a-4-pieds-49x84-2x3#breadcrumb","itemListElement":[{"@type":"ListItem","position":1,"name":"Accueil","item":"https:\/\/papex.sn\/"},{"@type":"ListItem","position":2,"name":"Boutique","item":"https:\/\/papex.sn\/?page_id=388"},{"@type":"ListItem","position":3,"name":"Tableau Affichage Magnetique A 4 Pieds 49X84- 2X3"}]},{"@type":"WebSite","@id":"https:\/\/papex.sn\/#website","url":"https:\/\/papex.sn\/","name":"PAPEX","description":"Papeterie Express","publisher":{"@id":"https:\/\/papex.sn\/#organization"},"potentialAction":[{"@type":"SearchAction","target":{"@type":"EntryPoint","urlTemplate":"https:\/\/papex.sn\/?s={search_term_string}"},"query-input":{"@type":"PropertyValueSpecification","valueRequired":true,"valueName":"search_term_string"}}],"inLanguage":"fr-FR"},{"@type":"Organization","@id":"https:\/\/papex.sn\/#organization","name":"PAPEX","url":"https:\/\/papex.sn\/","logo":{"@type":"ImageObject","inLanguage":"fr-FR","@id":"https:\/\/papex.sn\/#\/schema\/logo\/image\/","url":"https:\/\/papex.sn\/wp-content\/uploads\/2022\/05\/telechargement-1.jpg","contentUrl":"https:\/\/papex.sn\/wp-content\/uploads\/2022\/05\/telechargement-1.jpg","width":299,"height":168,"caption":"PAPEX"},"image":{"@id":"https:\/\/papex.sn\/#\/schema\/logo\/image\/"},"sameAs":["https:\/\/www.facebook.com\/PapexSarl","https:\/\/www.instagram.com\/papex.sarl\/"]}]}},"_links":{"self":[{"href":"https:\/\/papex.sn\/index.php?rest_route=\/wp\/v2\/product\/2882","targetHints":{"allow":["GET"]}}],"collection":[{"href":"https:\/\/papex.sn\/index.php?rest_route=\/wp\/v2\/product"}],"about":[{"href":"https:\/\/papex.sn\/index.php?rest_route=\/wp\/v2\/types\/product"}],"replies":[{"embeddable":true,"href":"https:\/\/papex.sn\/index.php?rest_route=%2Fwp%2Fv2%2Fcomments&post=2882"}],"version-history":[{"count":1,"href":"https:\/\/papex.sn\/index.php?rest_route=\/wp\/v2\/product\/2882\/revisions"}],"predecessor-version":[{"id":3420,"href":"https:\/\/papex.sn\/index.php?rest_route=\/wp\/v2\/product\/2882\/revisions\/3420"}],"wp:featuredmedia":[{"embeddable":true,"href":"https:\/\/papex.sn\/index.php?rest_route=\/wp\/v2\/media\/2810"}],"wp:attachment":[{"href":"https:\/\/papex.sn\/index.php?rest_route=%2Fwp%2Fv2%2Fmedia&parent=2882"}],"wp:term":[{"taxonomy":"product_brand","embeddable":true,"href":"https:\/\/papex.sn\/index.php?rest_route=%2Fwp%2Fv2%2Fproduct_brand&post=2882"},{"taxonomy":"product_cat","embeddable":true,"href":"https:\/\/papex.sn\/index.php?rest_route=%2Fwp%2Fv2%2Fproduct_cat&post=2882"},{"taxonomy":"product_tag","embeddable":true,"href":"https:\/\/papex.sn\/index.php?rest_route=%2Fwp%2Fv2%2Fproduct_tag&post=2882"}],"curies":[{"name":"wp","href":"https:\/\/api.w.org\/{rel}","templated":true}]}}