{"id":2881,"date":"2022-10-24T11:40:10","date_gmt":"2022-10-24T11:40:10","guid":{"rendered":"https:\/\/papex.sn\/?product=tableau-blanc-magnetique-double-face-pivotant-90x120cm-a-roulette-2x3"},"modified":"2024-07-09T09:56:36","modified_gmt":"2024-07-09T09:56:36","slug":"tableau-blanc-magnetique-double-face-pivotant-90x120cm-a-roulette-2x3","status":"publish","type":"product","link":"https:\/\/papex.sn\/?product=tableau-blanc-magnetique-double-face-pivotant-90x120cm-a-roulette-2x3","title":{"rendered":"Tableau Blanc Magnetique Double Face Pivotant 90X120Cm A Roulette 2X3"},"content":{"rendered":"<h3>D\u00e9tails du produit<\/h3>\n<section class=\"product-features\">\n<ul class=\"data-sheet\">\n<li><span class=\"name\">Couleur<\/span><span class=\"value\">Blanc<\/span><\/li>\n<li><span class=\"name\">Dimensions<\/span><span class=\"value\">L.120 cm x H.90 cm<\/span><\/li>\n<li><span class=\"name\">Type d&rsquo;\u00e9l\u00e9ments<\/span><span class=\"value\">Tableau<\/span><\/li>\n<li><span class=\"name\">Fabriqu\u00e9 en France<\/span><span class=\"value\">Non<\/span><\/li>\n<li><span class=\"name\">Longueur Produit<\/span><span class=\"value\">120 cm<\/span><\/li>\n<li><span class=\"name\">Hauteur Produit<\/span><span class=\"value\">90 cm<\/span><\/li>\n<li><span class=\"name\">Article encombrant \/ fragile<\/span><span class=\"value\">Oui<\/span><\/li>\n<li><span class=\"name\">Surface<\/span><span class=\"value\">Emaill\u00e9<\/span><\/li>\n<li><span class=\"name\">Pivotant O\/N<\/span><span class=\"value\">Oui<\/span><\/li>\n<\/ul>\n<\/section>\n","protected":false},"excerpt":{"rendered":"<p>Tableau blanc \u00e9maill\u00e9 rotatif 2 faces 90x120cm. Magn\u00e9tique et effa\u00e7able \u00e0 sec. Bascule de 360\u00b0 sur l&rsquo;axe horizontal, molette de serrage. Le support est muni d&rsquo;un auget. Equip\u00e9 de 4 roulettes \u00e0 freins. Crochets porte-blocs papier.<\/p>\n","protected":false},"featured_media":2808,"comment_status":"open","ping_status":"closed","template":"","meta":[],"product_brand":[],"product_cat":[39,99],"product_tag":[],"class_list":{"0":"post-2881","1":"product","2":"type-product","3":"status-publish","4":"has-post-thumbnail","6":"product_cat-bureautique-informatique","7":"product_cat-tableau","9":"first","10":"instock","11":"shipping-taxable","12":"product-type-simple"},"yoast_head":"<!-- This site is optimized with the Yoast SEO plugin v27.6 - https:\/\/yoast.com\/product\/yoast-seo-wordpress\/ -->\n<title>Tableau Blanc Magnetique Double Face Pivotant 90X120Cm A Roulette 2X3 - PAPEX<\/title>\n<meta name=\"robots\" content=\"index, follow, max-snippet:-1, max-image-preview:large, max-video-preview:-1\" \/>\n<link rel=\"canonical\" href=\"https:\/\/papex.sn\/?product=tableau-blanc-magnetique-double-face-pivotant-90x120cm-a-roulette-2x3\" \/>\n<meta property=\"og:locale\" content=\"fr_FR\" \/>\n<meta property=\"og:type\" content=\"article\" \/>\n<meta property=\"og:title\" content=\"Tableau Blanc Magnetique Double Face Pivotant 90X120Cm A Roulette 2X3 - PAPEX\" \/>\n<meta property=\"og:description\" content=\"Tableau blanc \u00e9maill\u00e9 rotatif 2 faces 90x120cm. Magn\u00e9tique et effa\u00e7able \u00e0 sec. Bascule de 360\u00b0 sur l&#039;axe horizontal, molette de serrage. Le support est muni d&#039;un auget. Equip\u00e9 de 4 roulettes \u00e0 freins. Crochets porte-blocs papier.\" \/>\n<meta property=\"og:url\" content=\"https:\/\/papex.sn\/?product=tableau-blanc-magnetique-double-face-pivotant-90x120cm-a-roulette-2x3\" \/>\n<meta property=\"og:site_name\" content=\"PAPEX\" \/>\n<meta property=\"article:publisher\" content=\"https:\/\/www.facebook.com\/PapexSarl\" \/>\n<meta property=\"article:modified_time\" content=\"2024-07-09T09:56:36+00:00\" \/>\n<meta property=\"og:image\" content=\"https:\/\/papex.sn\/wp-content\/uploads\/2022\/10\/tableau-blanc-emaille-rotatif-2-faces-90x120cm.jpg\" \/>\n\t<meta property=\"og:image:width\" content=\"600\" \/>\n\t<meta property=\"og:image:height\" content=\"600\" \/>\n\t<meta property=\"og:image:type\" content=\"image\/jpeg\" \/>\n<meta name=\"twitter:card\" content=\"summary_large_image\" \/>\n<script type=\"application\/ld+json\" class=\"yoast-schema-graph\">{\"@context\":\"https:\\\/\\\/schema.org\",\"@graph\":[{\"@type\":\"WebPage\",\"@id\":\"https:\\\/\\\/papex.sn\\\/?product=tableau-blanc-magnetique-double-face-pivotant-90x120cm-a-roulette-2x3\",\"url\":\"https:\\\/\\\/papex.sn\\\/?product=tableau-blanc-magnetique-double-face-pivotant-90x120cm-a-roulette-2x3\",\"name\":\"Tableau Blanc Magnetique Double Face Pivotant 90X120Cm A Roulette 2X3 - PAPEX\",\"isPartOf\":{\"@id\":\"https:\\\/\\\/papex.sn\\\/#website\"},\"primaryImageOfPage\":{\"@id\":\"https:\\\/\\\/papex.sn\\\/?product=tableau-blanc-magnetique-double-face-pivotant-90x120cm-a-roulette-2x3#primaryimage\"},\"image\":{\"@id\":\"https:\\\/\\\/papex.sn\\\/?product=tableau-blanc-magnetique-double-face-pivotant-90x120cm-a-roulette-2x3#primaryimage\"},\"thumbnailUrl\":\"https:\\\/\\\/papex.sn\\\/wp-content\\\/uploads\\\/2022\\\/10\\\/tableau-blanc-emaille-rotatif-2-faces-90x120cm.jpg\",\"datePublished\":\"2022-10-24T11:40:10+00:00\",\"dateModified\":\"2024-07-09T09:56:36+00:00\",\"breadcrumb\":{\"@id\":\"https:\\\/\\\/papex.sn\\\/?product=tableau-blanc-magnetique-double-face-pivotant-90x120cm-a-roulette-2x3#breadcrumb\"},\"inLanguage\":\"fr-FR\",\"potentialAction\":[{\"@type\":\"ReadAction\",\"target\":[\"https:\\\/\\\/papex.sn\\\/?product=tableau-blanc-magnetique-double-face-pivotant-90x120cm-a-roulette-2x3\"]}]},{\"@type\":\"ImageObject\",\"inLanguage\":\"fr-FR\",\"@id\":\"https:\\\/\\\/papex.sn\\\/?product=tableau-blanc-magnetique-double-face-pivotant-90x120cm-a-roulette-2x3#primaryimage\",\"url\":\"https:\\\/\\\/papex.sn\\\/wp-content\\\/uploads\\\/2022\\\/10\\\/tableau-blanc-emaille-rotatif-2-faces-90x120cm.jpg\",\"contentUrl\":\"https:\\\/\\\/papex.sn\\\/wp-content\\\/uploads\\\/2022\\\/10\\\/tableau-blanc-emaille-rotatif-2-faces-90x120cm.jpg\",\"width\":600,\"height\":600},{\"@type\":\"BreadcrumbList\",\"@id\":\"https:\\\/\\\/papex.sn\\\/?product=tableau-blanc-magnetique-double-face-pivotant-90x120cm-a-roulette-2x3#breadcrumb\",\"itemListElement\":[{\"@type\":\"ListItem\",\"position\":1,\"name\":\"Accueil\",\"item\":\"https:\\\/\\\/papex.sn\\\/\"},{\"@type\":\"ListItem\",\"position\":2,\"name\":\"Boutique\",\"item\":\"https:\\\/\\\/papex.sn\\\/?page_id=388\"},{\"@type\":\"ListItem\",\"position\":3,\"name\":\"Tableau Blanc Magnetique Double Face Pivotant 90X120Cm A Roulette 2X3\"}]},{\"@type\":\"WebSite\",\"@id\":\"https:\\\/\\\/papex.sn\\\/#website\",\"url\":\"https:\\\/\\\/papex.sn\\\/\",\"name\":\"PAPEX\",\"description\":\"Papeterie Express\",\"publisher\":{\"@id\":\"https:\\\/\\\/papex.sn\\\/#organization\"},\"potentialAction\":[{\"@type\":\"SearchAction\",\"target\":{\"@type\":\"EntryPoint\",\"urlTemplate\":\"https:\\\/\\\/papex.sn\\\/?s={search_term_string}\"},\"query-input\":{\"@type\":\"PropertyValueSpecification\",\"valueRequired\":true,\"valueName\":\"search_term_string\"}}],\"inLanguage\":\"fr-FR\"},{\"@type\":\"Organization\",\"@id\":\"https:\\\/\\\/papex.sn\\\/#organization\",\"name\":\"PAPEX\",\"url\":\"https:\\\/\\\/papex.sn\\\/\",\"logo\":{\"@type\":\"ImageObject\",\"inLanguage\":\"fr-FR\",\"@id\":\"https:\\\/\\\/papex.sn\\\/#\\\/schema\\\/logo\\\/image\\\/\",\"url\":\"https:\\\/\\\/papex.sn\\\/wp-content\\\/uploads\\\/2022\\\/05\\\/telechargement-1.jpg\",\"contentUrl\":\"https:\\\/\\\/papex.sn\\\/wp-content\\\/uploads\\\/2022\\\/05\\\/telechargement-1.jpg\",\"width\":299,\"height\":168,\"caption\":\"PAPEX\"},\"image\":{\"@id\":\"https:\\\/\\\/papex.sn\\\/#\\\/schema\\\/logo\\\/image\\\/\"},\"sameAs\":[\"https:\\\/\\\/www.facebook.com\\\/PapexSarl\",\"https:\\\/\\\/www.instagram.com\\\/papex.sarl\\\/\"]}]}<\/script>\n<!-- \/ Yoast SEO plugin. -->","yoast_head_json":{"title":"Tableau Blanc Magnetique Double Face Pivotant 90X120Cm A Roulette 2X3 - PAPEX","robots":{"index":"index","follow":"follow","max-snippet":"max-snippet:-1","max-image-preview":"max-image-preview:large","max-video-preview":"max-video-preview:-1"},"canonical":"https:\/\/papex.sn\/?product=tableau-blanc-magnetique-double-face-pivotant-90x120cm-a-roulette-2x3","og_locale":"fr_FR","og_type":"article","og_title":"Tableau Blanc Magnetique Double Face Pivotant 90X120Cm A Roulette 2X3 - PAPEX","og_description":"Tableau blanc \u00e9maill\u00e9 rotatif 2 faces 90x120cm. Magn\u00e9tique et effa\u00e7able \u00e0 sec. Bascule de 360\u00b0 sur l'axe horizontal, molette de serrage. Le support est muni d'un auget. Equip\u00e9 de 4 roulettes \u00e0 freins. Crochets porte-blocs papier.","og_url":"https:\/\/papex.sn\/?product=tableau-blanc-magnetique-double-face-pivotant-90x120cm-a-roulette-2x3","og_site_name":"PAPEX","article_publisher":"https:\/\/www.facebook.com\/PapexSarl","article_modified_time":"2024-07-09T09:56:36+00:00","og_image":[{"width":600,"height":600,"url":"https:\/\/papex.sn\/wp-content\/uploads\/2022\/10\/tableau-blanc-emaille-rotatif-2-faces-90x120cm.jpg","type":"image\/jpeg"}],"twitter_card":"summary_large_image","schema":{"@context":"https:\/\/schema.org","@graph":[{"@type":"WebPage","@id":"https:\/\/papex.sn\/?product=tableau-blanc-magnetique-double-face-pivotant-90x120cm-a-roulette-2x3","url":"https:\/\/papex.sn\/?product=tableau-blanc-magnetique-double-face-pivotant-90x120cm-a-roulette-2x3","name":"Tableau Blanc Magnetique Double Face Pivotant 90X120Cm A Roulette 2X3 - PAPEX","isPartOf":{"@id":"https:\/\/papex.sn\/#website"},"primaryImageOfPage":{"@id":"https:\/\/papex.sn\/?product=tableau-blanc-magnetique-double-face-pivotant-90x120cm-a-roulette-2x3#primaryimage"},"image":{"@id":"https:\/\/papex.sn\/?product=tableau-blanc-magnetique-double-face-pivotant-90x120cm-a-roulette-2x3#primaryimage"},"thumbnailUrl":"https:\/\/papex.sn\/wp-content\/uploads\/2022\/10\/tableau-blanc-emaille-rotatif-2-faces-90x120cm.jpg","datePublished":"2022-10-24T11:40:10+00:00","dateModified":"2024-07-09T09:56:36+00:00","breadcrumb":{"@id":"https:\/\/papex.sn\/?product=tableau-blanc-magnetique-double-face-pivotant-90x120cm-a-roulette-2x3#breadcrumb"},"inLanguage":"fr-FR","potentialAction":[{"@type":"ReadAction","target":["https:\/\/papex.sn\/?product=tableau-blanc-magnetique-double-face-pivotant-90x120cm-a-roulette-2x3"]}]},{"@type":"ImageObject","inLanguage":"fr-FR","@id":"https:\/\/papex.sn\/?product=tableau-blanc-magnetique-double-face-pivotant-90x120cm-a-roulette-2x3#primaryimage","url":"https:\/\/papex.sn\/wp-content\/uploads\/2022\/10\/tableau-blanc-emaille-rotatif-2-faces-90x120cm.jpg","contentUrl":"https:\/\/papex.sn\/wp-content\/uploads\/2022\/10\/tableau-blanc-emaille-rotatif-2-faces-90x120cm.jpg","width":600,"height":600},{"@type":"BreadcrumbList","@id":"https:\/\/papex.sn\/?product=tableau-blanc-magnetique-double-face-pivotant-90x120cm-a-roulette-2x3#breadcrumb","itemListElement":[{"@type":"ListItem","position":1,"name":"Accueil","item":"https:\/\/papex.sn\/"},{"@type":"ListItem","position":2,"name":"Boutique","item":"https:\/\/papex.sn\/?page_id=388"},{"@type":"ListItem","position":3,"name":"Tableau Blanc Magnetique Double Face Pivotant 90X120Cm A Roulette 2X3"}]},{"@type":"WebSite","@id":"https:\/\/papex.sn\/#website","url":"https:\/\/papex.sn\/","name":"PAPEX","description":"Papeterie Express","publisher":{"@id":"https:\/\/papex.sn\/#organization"},"potentialAction":[{"@type":"SearchAction","target":{"@type":"EntryPoint","urlTemplate":"https:\/\/papex.sn\/?s={search_term_string}"},"query-input":{"@type":"PropertyValueSpecification","valueRequired":true,"valueName":"search_term_string"}}],"inLanguage":"fr-FR"},{"@type":"Organization","@id":"https:\/\/papex.sn\/#organization","name":"PAPEX","url":"https:\/\/papex.sn\/","logo":{"@type":"ImageObject","inLanguage":"fr-FR","@id":"https:\/\/papex.sn\/#\/schema\/logo\/image\/","url":"https:\/\/papex.sn\/wp-content\/uploads\/2022\/05\/telechargement-1.jpg","contentUrl":"https:\/\/papex.sn\/wp-content\/uploads\/2022\/05\/telechargement-1.jpg","width":299,"height":168,"caption":"PAPEX"},"image":{"@id":"https:\/\/papex.sn\/#\/schema\/logo\/image\/"},"sameAs":["https:\/\/www.facebook.com\/PapexSarl","https:\/\/www.instagram.com\/papex.sarl\/"]}]}},"_links":{"self":[{"href":"https:\/\/papex.sn\/index.php?rest_route=\/wp\/v2\/product\/2881","targetHints":{"allow":["GET"]}}],"collection":[{"href":"https:\/\/papex.sn\/index.php?rest_route=\/wp\/v2\/product"}],"about":[{"href":"https:\/\/papex.sn\/index.php?rest_route=\/wp\/v2\/types\/product"}],"replies":[{"embeddable":true,"href":"https:\/\/papex.sn\/index.php?rest_route=%2Fwp%2Fv2%2Fcomments&post=2881"}],"version-history":[{"count":1,"href":"https:\/\/papex.sn\/index.php?rest_route=\/wp\/v2\/product\/2881\/revisions"}],"predecessor-version":[{"id":3416,"href":"https:\/\/papex.sn\/index.php?rest_route=\/wp\/v2\/product\/2881\/revisions\/3416"}],"wp:featuredmedia":[{"embeddable":true,"href":"https:\/\/papex.sn\/index.php?rest_route=\/wp\/v2\/media\/2808"}],"wp:attachment":[{"href":"https:\/\/papex.sn\/index.php?rest_route=%2Fwp%2Fv2%2Fmedia&parent=2881"}],"wp:term":[{"taxonomy":"product_brand","embeddable":true,"href":"https:\/\/papex.sn\/index.php?rest_route=%2Fwp%2Fv2%2Fproduct_brand&post=2881"},{"taxonomy":"product_cat","embeddable":true,"href":"https:\/\/papex.sn\/index.php?rest_route=%2Fwp%2Fv2%2Fproduct_cat&post=2881"},{"taxonomy":"product_tag","embeddable":true,"href":"https:\/\/papex.sn\/index.php?rest_route=%2Fwp%2Fv2%2Fproduct_tag&post=2881"}],"curies":[{"name":"wp","href":"https:\/\/api.w.org\/{rel}","templated":true}]}}