{"id":2879,"date":"2022-10-24T11:40:10","date_gmt":"2022-10-24T11:40:10","guid":{"rendered":"https:\/\/papex.sn\/?product=tableau-liege-60x90-cadre-en-aluminium-2x3"},"modified":"2024-07-09T09:56:51","modified_gmt":"2024-07-09T09:56:51","slug":"tableau-liege-60x90-cadre-en-aluminium-2x3","status":"publish","type":"product","link":"https:\/\/papex.sn\/?product=tableau-liege-60x90-cadre-en-aluminium-2x3","title":{"rendered":"Tableau Liege 60X90 Cadre En Aluminium &#8211; 2X3"},"content":{"rendered":"","protected":false},"excerpt":{"rendered":"<ul>\n<li>Tableau en li\u00e8ge avec une surface en li\u00e8ge naturel de qualit\u00e9 sup\u00e9rieure permettant une utilisation des \u00e9pingles<\/li>\n<li>Encadrement en aluminium profil\u00e9 avec connecteurs d&rsquo;angle pour une stabilit\u00e9 maximale<\/li>\n<li>Livr\u00e9 avec un kit de fixation pour une installation \u00e0 l&rsquo;horizontale ou \u00e0 la verticale<\/li>\n<\/ul>\n","protected":false},"featured_media":2860,"comment_status":"open","ping_status":"closed","template":"","meta":[],"product_brand":[],"product_cat":[39,99],"product_tag":[],"class_list":{"0":"post-2879","1":"product","2":"type-product","3":"status-publish","4":"has-post-thumbnail","6":"product_cat-bureautique-informatique","7":"product_cat-tableau","9":"first","10":"instock","11":"featured","12":"shipping-taxable","13":"product-type-simple"},"yoast_head":"<!-- This site is optimized with the Yoast SEO plugin v27.5 - https:\/\/yoast.com\/product\/yoast-seo-wordpress\/ -->\n<title>Tableau Liege 60X90 Cadre En Aluminium - 2X3 - PAPEX<\/title>\n<meta name=\"robots\" content=\"index, follow, max-snippet:-1, max-image-preview:large, max-video-preview:-1\" \/>\n<link rel=\"canonical\" href=\"https:\/\/papex.sn\/?product=tableau-liege-60x90-cadre-en-aluminium-2x3\" \/>\n<meta property=\"og:locale\" content=\"fr_FR\" \/>\n<meta property=\"og:type\" content=\"article\" \/>\n<meta property=\"og:title\" content=\"Tableau Liege 60X90 Cadre En Aluminium - 2X3 - PAPEX\" \/>\n<meta property=\"og:description\" content=\"Tableau en li\u00e8ge avec une surface en li\u00e8ge naturel de qualit\u00e9 sup\u00e9rieure permettant une utilisation des \u00e9pingles  Encadrement en aluminium profil\u00e9 avec connecteurs d&#039;angle pour une stabilit\u00e9 maximale  Livr\u00e9 avec un kit de fixation pour une installation \u00e0 l&#039;horizontale ou \u00e0 la verticale\" \/>\n<meta property=\"og:url\" content=\"https:\/\/papex.sn\/?product=tableau-liege-60x90-cadre-en-aluminium-2x3\" \/>\n<meta property=\"og:site_name\" content=\"PAPEX\" \/>\n<meta property=\"article:publisher\" content=\"https:\/\/www.facebook.com\/PapexSarl\" \/>\n<meta property=\"article:modified_time\" content=\"2024-07-09T09:56:51+00:00\" \/>\n<meta property=\"og:image\" content=\"https:\/\/papex.sn\/wp-content\/uploads\/2022\/10\/tableau-d-affichage-liege-2x3-cadre-aluminium-60x90-1.jpg\" \/>\n\t<meta property=\"og:image:width\" content=\"800\" \/>\n\t<meta property=\"og:image:height\" content=\"800\" \/>\n\t<meta property=\"og:image:type\" content=\"image\/jpeg\" \/>\n<meta name=\"twitter:card\" content=\"summary_large_image\" \/>\n<script type=\"application\/ld+json\" class=\"yoast-schema-graph\">{\"@context\":\"https:\\\/\\\/schema.org\",\"@graph\":[{\"@type\":\"WebPage\",\"@id\":\"https:\\\/\\\/papex.sn\\\/?product=tableau-liege-60x90-cadre-en-aluminium-2x3\",\"url\":\"https:\\\/\\\/papex.sn\\\/?product=tableau-liege-60x90-cadre-en-aluminium-2x3\",\"name\":\"Tableau Liege 60X90 Cadre En Aluminium - 2X3 - PAPEX\",\"isPartOf\":{\"@id\":\"https:\\\/\\\/papex.sn\\\/#website\"},\"primaryImageOfPage\":{\"@id\":\"https:\\\/\\\/papex.sn\\\/?product=tableau-liege-60x90-cadre-en-aluminium-2x3#primaryimage\"},\"image\":{\"@id\":\"https:\\\/\\\/papex.sn\\\/?product=tableau-liege-60x90-cadre-en-aluminium-2x3#primaryimage\"},\"thumbnailUrl\":\"https:\\\/\\\/papex.sn\\\/wp-content\\\/uploads\\\/2022\\\/10\\\/tableau-d-affichage-liege-2x3-cadre-aluminium-60x90-1.jpg\",\"datePublished\":\"2022-10-24T11:40:10+00:00\",\"dateModified\":\"2024-07-09T09:56:51+00:00\",\"breadcrumb\":{\"@id\":\"https:\\\/\\\/papex.sn\\\/?product=tableau-liege-60x90-cadre-en-aluminium-2x3#breadcrumb\"},\"inLanguage\":\"fr-FR\",\"potentialAction\":[{\"@type\":\"ReadAction\",\"target\":[\"https:\\\/\\\/papex.sn\\\/?product=tableau-liege-60x90-cadre-en-aluminium-2x3\"]}]},{\"@type\":\"ImageObject\",\"inLanguage\":\"fr-FR\",\"@id\":\"https:\\\/\\\/papex.sn\\\/?product=tableau-liege-60x90-cadre-en-aluminium-2x3#primaryimage\",\"url\":\"https:\\\/\\\/papex.sn\\\/wp-content\\\/uploads\\\/2022\\\/10\\\/tableau-d-affichage-liege-2x3-cadre-aluminium-60x90-1.jpg\",\"contentUrl\":\"https:\\\/\\\/papex.sn\\\/wp-content\\\/uploads\\\/2022\\\/10\\\/tableau-d-affichage-liege-2x3-cadre-aluminium-60x90-1.jpg\",\"width\":800,\"height\":800},{\"@type\":\"BreadcrumbList\",\"@id\":\"https:\\\/\\\/papex.sn\\\/?product=tableau-liege-60x90-cadre-en-aluminium-2x3#breadcrumb\",\"itemListElement\":[{\"@type\":\"ListItem\",\"position\":1,\"name\":\"Accueil\",\"item\":\"https:\\\/\\\/papex.sn\\\/\"},{\"@type\":\"ListItem\",\"position\":2,\"name\":\"Boutique\",\"item\":\"https:\\\/\\\/papex.sn\\\/?page_id=388\"},{\"@type\":\"ListItem\",\"position\":3,\"name\":\"Tableau Liege 60X90 Cadre En Aluminium &#8211; 2X3\"}]},{\"@type\":\"WebSite\",\"@id\":\"https:\\\/\\\/papex.sn\\\/#website\",\"url\":\"https:\\\/\\\/papex.sn\\\/\",\"name\":\"PAPEX\",\"description\":\"Papeterie Express\",\"publisher\":{\"@id\":\"https:\\\/\\\/papex.sn\\\/#organization\"},\"potentialAction\":[{\"@type\":\"SearchAction\",\"target\":{\"@type\":\"EntryPoint\",\"urlTemplate\":\"https:\\\/\\\/papex.sn\\\/?s={search_term_string}\"},\"query-input\":{\"@type\":\"PropertyValueSpecification\",\"valueRequired\":true,\"valueName\":\"search_term_string\"}}],\"inLanguage\":\"fr-FR\"},{\"@type\":\"Organization\",\"@id\":\"https:\\\/\\\/papex.sn\\\/#organization\",\"name\":\"PAPEX\",\"url\":\"https:\\\/\\\/papex.sn\\\/\",\"logo\":{\"@type\":\"ImageObject\",\"inLanguage\":\"fr-FR\",\"@id\":\"https:\\\/\\\/papex.sn\\\/#\\\/schema\\\/logo\\\/image\\\/\",\"url\":\"https:\\\/\\\/papex.sn\\\/wp-content\\\/uploads\\\/2022\\\/05\\\/telechargement-1.jpg\",\"contentUrl\":\"https:\\\/\\\/papex.sn\\\/wp-content\\\/uploads\\\/2022\\\/05\\\/telechargement-1.jpg\",\"width\":299,\"height\":168,\"caption\":\"PAPEX\"},\"image\":{\"@id\":\"https:\\\/\\\/papex.sn\\\/#\\\/schema\\\/logo\\\/image\\\/\"},\"sameAs\":[\"https:\\\/\\\/www.facebook.com\\\/PapexSarl\",\"https:\\\/\\\/www.instagram.com\\\/papex.sarl\\\/\"]}]}<\/script>\n<!-- \/ Yoast SEO plugin. -->","yoast_head_json":{"title":"Tableau Liege 60X90 Cadre En Aluminium - 2X3 - PAPEX","robots":{"index":"index","follow":"follow","max-snippet":"max-snippet:-1","max-image-preview":"max-image-preview:large","max-video-preview":"max-video-preview:-1"},"canonical":"https:\/\/papex.sn\/?product=tableau-liege-60x90-cadre-en-aluminium-2x3","og_locale":"fr_FR","og_type":"article","og_title":"Tableau Liege 60X90 Cadre En Aluminium - 2X3 - PAPEX","og_description":"Tableau en li\u00e8ge avec une surface en li\u00e8ge naturel de qualit\u00e9 sup\u00e9rieure permettant une utilisation des \u00e9pingles  Encadrement en aluminium profil\u00e9 avec connecteurs d'angle pour une stabilit\u00e9 maximale  Livr\u00e9 avec un kit de fixation pour une installation \u00e0 l'horizontale ou \u00e0 la verticale","og_url":"https:\/\/papex.sn\/?product=tableau-liege-60x90-cadre-en-aluminium-2x3","og_site_name":"PAPEX","article_publisher":"https:\/\/www.facebook.com\/PapexSarl","article_modified_time":"2024-07-09T09:56:51+00:00","og_image":[{"width":800,"height":800,"url":"https:\/\/papex.sn\/wp-content\/uploads\/2022\/10\/tableau-d-affichage-liege-2x3-cadre-aluminium-60x90-1.jpg","type":"image\/jpeg"}],"twitter_card":"summary_large_image","schema":{"@context":"https:\/\/schema.org","@graph":[{"@type":"WebPage","@id":"https:\/\/papex.sn\/?product=tableau-liege-60x90-cadre-en-aluminium-2x3","url":"https:\/\/papex.sn\/?product=tableau-liege-60x90-cadre-en-aluminium-2x3","name":"Tableau Liege 60X90 Cadre En Aluminium - 2X3 - PAPEX","isPartOf":{"@id":"https:\/\/papex.sn\/#website"},"primaryImageOfPage":{"@id":"https:\/\/papex.sn\/?product=tableau-liege-60x90-cadre-en-aluminium-2x3#primaryimage"},"image":{"@id":"https:\/\/papex.sn\/?product=tableau-liege-60x90-cadre-en-aluminium-2x3#primaryimage"},"thumbnailUrl":"https:\/\/papex.sn\/wp-content\/uploads\/2022\/10\/tableau-d-affichage-liege-2x3-cadre-aluminium-60x90-1.jpg","datePublished":"2022-10-24T11:40:10+00:00","dateModified":"2024-07-09T09:56:51+00:00","breadcrumb":{"@id":"https:\/\/papex.sn\/?product=tableau-liege-60x90-cadre-en-aluminium-2x3#breadcrumb"},"inLanguage":"fr-FR","potentialAction":[{"@type":"ReadAction","target":["https:\/\/papex.sn\/?product=tableau-liege-60x90-cadre-en-aluminium-2x3"]}]},{"@type":"ImageObject","inLanguage":"fr-FR","@id":"https:\/\/papex.sn\/?product=tableau-liege-60x90-cadre-en-aluminium-2x3#primaryimage","url":"https:\/\/papex.sn\/wp-content\/uploads\/2022\/10\/tableau-d-affichage-liege-2x3-cadre-aluminium-60x90-1.jpg","contentUrl":"https:\/\/papex.sn\/wp-content\/uploads\/2022\/10\/tableau-d-affichage-liege-2x3-cadre-aluminium-60x90-1.jpg","width":800,"height":800},{"@type":"BreadcrumbList","@id":"https:\/\/papex.sn\/?product=tableau-liege-60x90-cadre-en-aluminium-2x3#breadcrumb","itemListElement":[{"@type":"ListItem","position":1,"name":"Accueil","item":"https:\/\/papex.sn\/"},{"@type":"ListItem","position":2,"name":"Boutique","item":"https:\/\/papex.sn\/?page_id=388"},{"@type":"ListItem","position":3,"name":"Tableau Liege 60X90 Cadre En Aluminium &#8211; 2X3"}]},{"@type":"WebSite","@id":"https:\/\/papex.sn\/#website","url":"https:\/\/papex.sn\/","name":"PAPEX","description":"Papeterie Express","publisher":{"@id":"https:\/\/papex.sn\/#organization"},"potentialAction":[{"@type":"SearchAction","target":{"@type":"EntryPoint","urlTemplate":"https:\/\/papex.sn\/?s={search_term_string}"},"query-input":{"@type":"PropertyValueSpecification","valueRequired":true,"valueName":"search_term_string"}}],"inLanguage":"fr-FR"},{"@type":"Organization","@id":"https:\/\/papex.sn\/#organization","name":"PAPEX","url":"https:\/\/papex.sn\/","logo":{"@type":"ImageObject","inLanguage":"fr-FR","@id":"https:\/\/papex.sn\/#\/schema\/logo\/image\/","url":"https:\/\/papex.sn\/wp-content\/uploads\/2022\/05\/telechargement-1.jpg","contentUrl":"https:\/\/papex.sn\/wp-content\/uploads\/2022\/05\/telechargement-1.jpg","width":299,"height":168,"caption":"PAPEX"},"image":{"@id":"https:\/\/papex.sn\/#\/schema\/logo\/image\/"},"sameAs":["https:\/\/www.facebook.com\/PapexSarl","https:\/\/www.instagram.com\/papex.sarl\/"]}]}},"_links":{"self":[{"href":"https:\/\/papex.sn\/index.php?rest_route=\/wp\/v2\/product\/2879","targetHints":{"allow":["GET"]}}],"collection":[{"href":"https:\/\/papex.sn\/index.php?rest_route=\/wp\/v2\/product"}],"about":[{"href":"https:\/\/papex.sn\/index.php?rest_route=\/wp\/v2\/types\/product"}],"replies":[{"embeddable":true,"href":"https:\/\/papex.sn\/index.php?rest_route=%2Fwp%2Fv2%2Fcomments&post=2879"}],"version-history":[{"count":1,"href":"https:\/\/papex.sn\/index.php?rest_route=\/wp\/v2\/product\/2879\/revisions"}],"predecessor-version":[{"id":3418,"href":"https:\/\/papex.sn\/index.php?rest_route=\/wp\/v2\/product\/2879\/revisions\/3418"}],"wp:featuredmedia":[{"embeddable":true,"href":"https:\/\/papex.sn\/index.php?rest_route=\/wp\/v2\/media\/2860"}],"wp:attachment":[{"href":"https:\/\/papex.sn\/index.php?rest_route=%2Fwp%2Fv2%2Fmedia&parent=2879"}],"wp:term":[{"taxonomy":"product_brand","embeddable":true,"href":"https:\/\/papex.sn\/index.php?rest_route=%2Fwp%2Fv2%2Fproduct_brand&post=2879"},{"taxonomy":"product_cat","embeddable":true,"href":"https:\/\/papex.sn\/index.php?rest_route=%2Fwp%2Fv2%2Fproduct_cat&post=2879"},{"taxonomy":"product_tag","embeddable":true,"href":"https:\/\/papex.sn\/index.php?rest_route=%2Fwp%2Fv2%2Fproduct_tag&post=2879"}],"curies":[{"name":"wp","href":"https:\/\/api.w.org\/{rel}","templated":true}]}}