{"id":2873,"date":"2022-10-24T11:40:09","date_gmt":"2022-10-24T11:40:09","guid":{"rendered":"https:\/\/papex.sn\/?product=tableau-blanc-magnetique-100x200-cadre-en-aluminium"},"modified":"2024-07-09T09:58:40","modified_gmt":"2024-07-09T09:58:40","slug":"tableau-blanc-magnetique-100x200-cadre-en-aluminium","status":"publish","type":"product","link":"https:\/\/papex.sn\/?product=tableau-blanc-magnetique-100x200-cadre-en-aluminium","title":{"rendered":"Tableau Blanc Magn\u00e9tique 100X200 Cadre En Aluminium"},"content":{"rendered":"<div id=\"description\" class=\"tab-pane fade in active\" role=\"tabpanel\">\n<div class=\"product-description\">\n<p>Pour vos r\u00e9unions ou formations, le tableau blanc magn\u00e9tique 2&#215;3 vous sera indispensable. Gr\u00e2ce \u00e0 un syst\u00e8me de fixation rapide, il vous sera facile de linstaller dans vos locaux. cest un outil id\u00e9al pour cr\u00e9er un planning ou pour r\u00e9aliser un sch\u00e9ma bien explicite. Vos informations passeront en toute facilit\u00e9 et avec succ\u00e8s. R\u00e9sistant \u00e0 lusure, il est dot\u00e9 dun cadre en aluminium anodis\u00e9. Il se fondra facilement dans le d\u00e9cor de votre bureau gr\u00e2ce \u00e0 sa couleur grise.<\/p>\n<\/div>\n<\/div>\n<div id=\"product-details\">\n<div class=\"product-manufacturer\"><label class=\"label\">Marque<\/label>\u00a02&#215;3<\/div>\n<\/div>\n","protected":false},"excerpt":{"rendered":"<p>Tableau Blanc Magn\u00e9tique avec cadre en Aluminium &#8211; Dimension: 100 x 200 cm &#8211; Coins arrondis avec caches fixations en PVC &#8211; Accrochage du tableau horizontal ou vertical &#8211; Accrochable sur un mur &#8211; Fixation des documents par punaises plastique &#8211; &#8211; Livr\u00e9 avec kit de fixation murale.<\/p>\n","protected":false},"featured_media":2823,"comment_status":"open","ping_status":"closed","template":"","meta":[],"product_brand":[],"product_cat":[39,99],"product_tag":[],"class_list":{"0":"post-2873","1":"product","2":"type-product","3":"status-publish","4":"has-post-thumbnail","6":"product_cat-bureautique-informatique","7":"product_cat-tableau","9":"first","10":"instock","11":"shipping-taxable","12":"product-type-simple"},"yoast_head":"<!-- This site is optimized with the Yoast SEO plugin v27.5 - https:\/\/yoast.com\/product\/yoast-seo-wordpress\/ -->\n<title>Tableau Blanc Magn\u00e9tique 100X200 Cadre En Aluminium - PAPEX<\/title>\n<meta name=\"robots\" content=\"index, follow, max-snippet:-1, max-image-preview:large, max-video-preview:-1\" \/>\n<link rel=\"canonical\" href=\"https:\/\/papex.sn\/?product=tableau-blanc-magnetique-100x200-cadre-en-aluminium\" \/>\n<meta property=\"og:locale\" content=\"fr_FR\" \/>\n<meta property=\"og:type\" content=\"article\" \/>\n<meta property=\"og:title\" content=\"Tableau Blanc Magn\u00e9tique 100X200 Cadre En Aluminium - PAPEX\" \/>\n<meta property=\"og:description\" content=\"Tableau Blanc Magn\u00e9tique avec cadre en Aluminium - Dimension: 100 x 200 cm - Coins arrondis avec caches fixations en PVC - Accrochage du tableau horizontal ou vertical - Accrochable sur un mur - Fixation des documents par punaises plastique - - Livr\u00e9 avec kit de fixation murale.\" \/>\n<meta property=\"og:url\" content=\"https:\/\/papex.sn\/?product=tableau-blanc-magnetique-100x200-cadre-en-aluminium\" \/>\n<meta property=\"og:site_name\" content=\"PAPEX\" \/>\n<meta property=\"article:publisher\" content=\"https:\/\/www.facebook.com\/PapexSarl\" \/>\n<meta property=\"article:modified_time\" content=\"2024-07-09T09:58:40+00:00\" \/>\n<meta property=\"og:image\" content=\"https:\/\/papex.sn\/wp-content\/uploads\/2022\/10\/tableau-blanc-magnetique-cadre-aluminium-100x200-1.jpg\" \/>\n\t<meta property=\"og:image:width\" content=\"600\" \/>\n\t<meta property=\"og:image:height\" content=\"600\" \/>\n\t<meta property=\"og:image:type\" content=\"image\/jpeg\" \/>\n<meta name=\"twitter:card\" content=\"summary_large_image\" \/>\n<script type=\"application\/ld+json\" class=\"yoast-schema-graph\">{\"@context\":\"https:\\\/\\\/schema.org\",\"@graph\":[{\"@type\":\"WebPage\",\"@id\":\"https:\\\/\\\/papex.sn\\\/?product=tableau-blanc-magnetique-100x200-cadre-en-aluminium\",\"url\":\"https:\\\/\\\/papex.sn\\\/?product=tableau-blanc-magnetique-100x200-cadre-en-aluminium\",\"name\":\"Tableau Blanc Magn\u00e9tique 100X200 Cadre En Aluminium - PAPEX\",\"isPartOf\":{\"@id\":\"https:\\\/\\\/papex.sn\\\/#website\"},\"primaryImageOfPage\":{\"@id\":\"https:\\\/\\\/papex.sn\\\/?product=tableau-blanc-magnetique-100x200-cadre-en-aluminium#primaryimage\"},\"image\":{\"@id\":\"https:\\\/\\\/papex.sn\\\/?product=tableau-blanc-magnetique-100x200-cadre-en-aluminium#primaryimage\"},\"thumbnailUrl\":\"https:\\\/\\\/papex.sn\\\/wp-content\\\/uploads\\\/2022\\\/10\\\/tableau-blanc-magnetique-cadre-aluminium-100x200-1.jpg\",\"datePublished\":\"2022-10-24T11:40:09+00:00\",\"dateModified\":\"2024-07-09T09:58:40+00:00\",\"breadcrumb\":{\"@id\":\"https:\\\/\\\/papex.sn\\\/?product=tableau-blanc-magnetique-100x200-cadre-en-aluminium#breadcrumb\"},\"inLanguage\":\"fr-FR\",\"potentialAction\":[{\"@type\":\"ReadAction\",\"target\":[\"https:\\\/\\\/papex.sn\\\/?product=tableau-blanc-magnetique-100x200-cadre-en-aluminium\"]}]},{\"@type\":\"ImageObject\",\"inLanguage\":\"fr-FR\",\"@id\":\"https:\\\/\\\/papex.sn\\\/?product=tableau-blanc-magnetique-100x200-cadre-en-aluminium#primaryimage\",\"url\":\"https:\\\/\\\/papex.sn\\\/wp-content\\\/uploads\\\/2022\\\/10\\\/tableau-blanc-magnetique-cadre-aluminium-100x200-1.jpg\",\"contentUrl\":\"https:\\\/\\\/papex.sn\\\/wp-content\\\/uploads\\\/2022\\\/10\\\/tableau-blanc-magnetique-cadre-aluminium-100x200-1.jpg\",\"width\":600,\"height\":600},{\"@type\":\"BreadcrumbList\",\"@id\":\"https:\\\/\\\/papex.sn\\\/?product=tableau-blanc-magnetique-100x200-cadre-en-aluminium#breadcrumb\",\"itemListElement\":[{\"@type\":\"ListItem\",\"position\":1,\"name\":\"Accueil\",\"item\":\"https:\\\/\\\/papex.sn\\\/\"},{\"@type\":\"ListItem\",\"position\":2,\"name\":\"Boutique\",\"item\":\"https:\\\/\\\/papex.sn\\\/?page_id=388\"},{\"@type\":\"ListItem\",\"position\":3,\"name\":\"Tableau Blanc Magn\u00e9tique 100X200 Cadre En Aluminium\"}]},{\"@type\":\"WebSite\",\"@id\":\"https:\\\/\\\/papex.sn\\\/#website\",\"url\":\"https:\\\/\\\/papex.sn\\\/\",\"name\":\"PAPEX\",\"description\":\"Papeterie Express\",\"publisher\":{\"@id\":\"https:\\\/\\\/papex.sn\\\/#organization\"},\"potentialAction\":[{\"@type\":\"SearchAction\",\"target\":{\"@type\":\"EntryPoint\",\"urlTemplate\":\"https:\\\/\\\/papex.sn\\\/?s={search_term_string}\"},\"query-input\":{\"@type\":\"PropertyValueSpecification\",\"valueRequired\":true,\"valueName\":\"search_term_string\"}}],\"inLanguage\":\"fr-FR\"},{\"@type\":\"Organization\",\"@id\":\"https:\\\/\\\/papex.sn\\\/#organization\",\"name\":\"PAPEX\",\"url\":\"https:\\\/\\\/papex.sn\\\/\",\"logo\":{\"@type\":\"ImageObject\",\"inLanguage\":\"fr-FR\",\"@id\":\"https:\\\/\\\/papex.sn\\\/#\\\/schema\\\/logo\\\/image\\\/\",\"url\":\"https:\\\/\\\/papex.sn\\\/wp-content\\\/uploads\\\/2022\\\/05\\\/telechargement-1.jpg\",\"contentUrl\":\"https:\\\/\\\/papex.sn\\\/wp-content\\\/uploads\\\/2022\\\/05\\\/telechargement-1.jpg\",\"width\":299,\"height\":168,\"caption\":\"PAPEX\"},\"image\":{\"@id\":\"https:\\\/\\\/papex.sn\\\/#\\\/schema\\\/logo\\\/image\\\/\"},\"sameAs\":[\"https:\\\/\\\/www.facebook.com\\\/PapexSarl\",\"https:\\\/\\\/www.instagram.com\\\/papex.sarl\\\/\"]}]}<\/script>\n<!-- \/ Yoast SEO plugin. -->","yoast_head_json":{"title":"Tableau Blanc Magn\u00e9tique 100X200 Cadre En Aluminium - PAPEX","robots":{"index":"index","follow":"follow","max-snippet":"max-snippet:-1","max-image-preview":"max-image-preview:large","max-video-preview":"max-video-preview:-1"},"canonical":"https:\/\/papex.sn\/?product=tableau-blanc-magnetique-100x200-cadre-en-aluminium","og_locale":"fr_FR","og_type":"article","og_title":"Tableau Blanc Magn\u00e9tique 100X200 Cadre En Aluminium - PAPEX","og_description":"Tableau Blanc Magn\u00e9tique avec cadre en Aluminium - Dimension: 100 x 200 cm - Coins arrondis avec caches fixations en PVC - Accrochage du tableau horizontal ou vertical - Accrochable sur un mur - Fixation des documents par punaises plastique - - Livr\u00e9 avec kit de fixation murale.","og_url":"https:\/\/papex.sn\/?product=tableau-blanc-magnetique-100x200-cadre-en-aluminium","og_site_name":"PAPEX","article_publisher":"https:\/\/www.facebook.com\/PapexSarl","article_modified_time":"2024-07-09T09:58:40+00:00","og_image":[{"width":600,"height":600,"url":"https:\/\/papex.sn\/wp-content\/uploads\/2022\/10\/tableau-blanc-magnetique-cadre-aluminium-100x200-1.jpg","type":"image\/jpeg"}],"twitter_card":"summary_large_image","schema":{"@context":"https:\/\/schema.org","@graph":[{"@type":"WebPage","@id":"https:\/\/papex.sn\/?product=tableau-blanc-magnetique-100x200-cadre-en-aluminium","url":"https:\/\/papex.sn\/?product=tableau-blanc-magnetique-100x200-cadre-en-aluminium","name":"Tableau Blanc Magn\u00e9tique 100X200 Cadre En Aluminium - PAPEX","isPartOf":{"@id":"https:\/\/papex.sn\/#website"},"primaryImageOfPage":{"@id":"https:\/\/papex.sn\/?product=tableau-blanc-magnetique-100x200-cadre-en-aluminium#primaryimage"},"image":{"@id":"https:\/\/papex.sn\/?product=tableau-blanc-magnetique-100x200-cadre-en-aluminium#primaryimage"},"thumbnailUrl":"https:\/\/papex.sn\/wp-content\/uploads\/2022\/10\/tableau-blanc-magnetique-cadre-aluminium-100x200-1.jpg","datePublished":"2022-10-24T11:40:09+00:00","dateModified":"2024-07-09T09:58:40+00:00","breadcrumb":{"@id":"https:\/\/papex.sn\/?product=tableau-blanc-magnetique-100x200-cadre-en-aluminium#breadcrumb"},"inLanguage":"fr-FR","potentialAction":[{"@type":"ReadAction","target":["https:\/\/papex.sn\/?product=tableau-blanc-magnetique-100x200-cadre-en-aluminium"]}]},{"@type":"ImageObject","inLanguage":"fr-FR","@id":"https:\/\/papex.sn\/?product=tableau-blanc-magnetique-100x200-cadre-en-aluminium#primaryimage","url":"https:\/\/papex.sn\/wp-content\/uploads\/2022\/10\/tableau-blanc-magnetique-cadre-aluminium-100x200-1.jpg","contentUrl":"https:\/\/papex.sn\/wp-content\/uploads\/2022\/10\/tableau-blanc-magnetique-cadre-aluminium-100x200-1.jpg","width":600,"height":600},{"@type":"BreadcrumbList","@id":"https:\/\/papex.sn\/?product=tableau-blanc-magnetique-100x200-cadre-en-aluminium#breadcrumb","itemListElement":[{"@type":"ListItem","position":1,"name":"Accueil","item":"https:\/\/papex.sn\/"},{"@type":"ListItem","position":2,"name":"Boutique","item":"https:\/\/papex.sn\/?page_id=388"},{"@type":"ListItem","position":3,"name":"Tableau Blanc Magn\u00e9tique 100X200 Cadre En Aluminium"}]},{"@type":"WebSite","@id":"https:\/\/papex.sn\/#website","url":"https:\/\/papex.sn\/","name":"PAPEX","description":"Papeterie Express","publisher":{"@id":"https:\/\/papex.sn\/#organization"},"potentialAction":[{"@type":"SearchAction","target":{"@type":"EntryPoint","urlTemplate":"https:\/\/papex.sn\/?s={search_term_string}"},"query-input":{"@type":"PropertyValueSpecification","valueRequired":true,"valueName":"search_term_string"}}],"inLanguage":"fr-FR"},{"@type":"Organization","@id":"https:\/\/papex.sn\/#organization","name":"PAPEX","url":"https:\/\/papex.sn\/","logo":{"@type":"ImageObject","inLanguage":"fr-FR","@id":"https:\/\/papex.sn\/#\/schema\/logo\/image\/","url":"https:\/\/papex.sn\/wp-content\/uploads\/2022\/05\/telechargement-1.jpg","contentUrl":"https:\/\/papex.sn\/wp-content\/uploads\/2022\/05\/telechargement-1.jpg","width":299,"height":168,"caption":"PAPEX"},"image":{"@id":"https:\/\/papex.sn\/#\/schema\/logo\/image\/"},"sameAs":["https:\/\/www.facebook.com\/PapexSarl","https:\/\/www.instagram.com\/papex.sarl\/"]}]}},"_links":{"self":[{"href":"https:\/\/papex.sn\/index.php?rest_route=\/wp\/v2\/product\/2873","targetHints":{"allow":["GET"]}}],"collection":[{"href":"https:\/\/papex.sn\/index.php?rest_route=\/wp\/v2\/product"}],"about":[{"href":"https:\/\/papex.sn\/index.php?rest_route=\/wp\/v2\/types\/product"}],"replies":[{"embeddable":true,"href":"https:\/\/papex.sn\/index.php?rest_route=%2Fwp%2Fv2%2Fcomments&post=2873"}],"version-history":[{"count":1,"href":"https:\/\/papex.sn\/index.php?rest_route=\/wp\/v2\/product\/2873\/revisions"}],"predecessor-version":[{"id":3422,"href":"https:\/\/papex.sn\/index.php?rest_route=\/wp\/v2\/product\/2873\/revisions\/3422"}],"wp:featuredmedia":[{"embeddable":true,"href":"https:\/\/papex.sn\/index.php?rest_route=\/wp\/v2\/media\/2823"}],"wp:attachment":[{"href":"https:\/\/papex.sn\/index.php?rest_route=%2Fwp%2Fv2%2Fmedia&parent=2873"}],"wp:term":[{"taxonomy":"product_brand","embeddable":true,"href":"https:\/\/papex.sn\/index.php?rest_route=%2Fwp%2Fv2%2Fproduct_brand&post=2873"},{"taxonomy":"product_cat","embeddable":true,"href":"https:\/\/papex.sn\/index.php?rest_route=%2Fwp%2Fv2%2Fproduct_cat&post=2873"},{"taxonomy":"product_tag","embeddable":true,"href":"https:\/\/papex.sn\/index.php?rest_route=%2Fwp%2Fv2%2Fproduct_tag&post=2873"}],"curies":[{"name":"wp","href":"https:\/\/api.w.org\/{rel}","templated":true}]}}