{"id":2780,"date":"2022-10-24T10:02:00","date_gmt":"2022-10-24T10:02:00","guid":{"rendered":"https:\/\/papex.sn\/?product=dossier-suspendu-tiroir-f-15-orange-bertesi"},"modified":"2024-07-09T10:02:36","modified_gmt":"2024-07-09T10:02:36","slug":"dossier-suspendu-tiroir-f-15-orange-bertesi","status":"publish","type":"product","link":"https:\/\/papex.sn\/?product=dossier-suspendu-tiroir-f-15-orange-bertesi","title":{"rendered":"Dossier Suspendu Tiroir F\/15 Orange Bertesi"},"content":{"rendered":"<p>son porte-\u00e9tiquette transparent vous permettra de classer vos dossiers apr\u00e8s les avoir marqu\u00e9s, et de les retrouver facilement<br \/>\nce dossier suspendu est dot\u00e9 d\u2019un syst\u00e8me de disposition mixte \u00e0 l\u2019aide d\u2019un volet d\u2019agrafage et par bouton de pression. Ses tringles de suspension dot\u00e9es d\u2019embouts en plastique lui permettent de s\u2019accrocher efficacement<br \/>\navec un format \u00e0 classer 24 x 32 cm ; entraxe 33 cm ; couvre largement vos documents A4<br \/>\nfabriqu\u00e9 \u00e0 partir de carte kraft orange 240g durable, le dossier suspendus r\u00e9siste au temps et aux nombreuses consultations sans vous l\u00e2cher<\/p>\n","protected":false},"excerpt":{"rendered":"<p>Le dossier suspendu pour armoire kraft vous facilitera grandement le rangement et le classement de vos documents.<\/p>\n","protected":false},"featured_media":2779,"comment_status":"open","ping_status":"closed","template":"","meta":[],"product_brand":[],"product_cat":[38,95],"product_tag":[],"class_list":{"0":"post-2780","1":"product","2":"type-product","3":"status-publish","4":"has-post-thumbnail","6":"product_cat-classement-archivage","7":"product_cat-dossier-suspendu","9":"first","10":"instock","11":"shipping-taxable","12":"product-type-simple"},"yoast_head":"<!-- This site is optimized with the Yoast SEO plugin v27.5 - https:\/\/yoast.com\/product\/yoast-seo-wordpress\/ -->\n<title>Dossier Suspendu Tiroir F\/15 Orange Bertesi - PAPEX<\/title>\n<meta name=\"robots\" content=\"index, follow, max-snippet:-1, max-image-preview:large, max-video-preview:-1\" \/>\n<link rel=\"canonical\" href=\"https:\/\/papex.sn\/?product=dossier-suspendu-tiroir-f-15-orange-bertesi\" \/>\n<meta property=\"og:locale\" content=\"fr_FR\" \/>\n<meta property=\"og:type\" content=\"article\" \/>\n<meta property=\"og:title\" content=\"Dossier Suspendu Tiroir F\/15 Orange Bertesi - PAPEX\" \/>\n<meta property=\"og:description\" content=\"Le dossier suspendu pour armoire kraft vous facilitera grandement le rangement et le classement de vos documents.\" \/>\n<meta property=\"og:url\" content=\"https:\/\/papex.sn\/?product=dossier-suspendu-tiroir-f-15-orange-bertesi\" \/>\n<meta property=\"og:site_name\" content=\"PAPEX\" \/>\n<meta property=\"article:publisher\" content=\"https:\/\/www.facebook.com\/PapexSarl\" \/>\n<meta property=\"article:modified_time\" content=\"2024-07-09T10:02:36+00:00\" \/>\n<meta property=\"og:image\" content=\"https:\/\/papex.sn\/wp-content\/uploads\/2022\/10\/dossier-suspendu-budget-pour-armoires-en-kraft-volet-d-agrafage-fond-u-15-mm-orange-lot-de-25.jpg\" \/>\n\t<meta property=\"og:image:width\" content=\"800\" \/>\n\t<meta property=\"og:image:height\" content=\"800\" \/>\n\t<meta property=\"og:image:type\" content=\"image\/jpeg\" \/>\n<meta name=\"twitter:card\" content=\"summary_large_image\" \/>\n<script type=\"application\/ld+json\" class=\"yoast-schema-graph\">{\"@context\":\"https:\\\/\\\/schema.org\",\"@graph\":[{\"@type\":\"WebPage\",\"@id\":\"https:\\\/\\\/papex.sn\\\/?product=dossier-suspendu-tiroir-f-15-orange-bertesi\",\"url\":\"https:\\\/\\\/papex.sn\\\/?product=dossier-suspendu-tiroir-f-15-orange-bertesi\",\"name\":\"Dossier Suspendu Tiroir F\\\/15 Orange Bertesi - PAPEX\",\"isPartOf\":{\"@id\":\"https:\\\/\\\/papex.sn\\\/#website\"},\"primaryImageOfPage\":{\"@id\":\"https:\\\/\\\/papex.sn\\\/?product=dossier-suspendu-tiroir-f-15-orange-bertesi#primaryimage\"},\"image\":{\"@id\":\"https:\\\/\\\/papex.sn\\\/?product=dossier-suspendu-tiroir-f-15-orange-bertesi#primaryimage\"},\"thumbnailUrl\":\"https:\\\/\\\/papex.sn\\\/wp-content\\\/uploads\\\/2022\\\/10\\\/dossier-suspendu-budget-pour-armoires-en-kraft-volet-d-agrafage-fond-u-15-mm-orange-lot-de-25.jpg\",\"datePublished\":\"2022-10-24T10:02:00+00:00\",\"dateModified\":\"2024-07-09T10:02:36+00:00\",\"breadcrumb\":{\"@id\":\"https:\\\/\\\/papex.sn\\\/?product=dossier-suspendu-tiroir-f-15-orange-bertesi#breadcrumb\"},\"inLanguage\":\"fr-FR\",\"potentialAction\":[{\"@type\":\"ReadAction\",\"target\":[\"https:\\\/\\\/papex.sn\\\/?product=dossier-suspendu-tiroir-f-15-orange-bertesi\"]}]},{\"@type\":\"ImageObject\",\"inLanguage\":\"fr-FR\",\"@id\":\"https:\\\/\\\/papex.sn\\\/?product=dossier-suspendu-tiroir-f-15-orange-bertesi#primaryimage\",\"url\":\"https:\\\/\\\/papex.sn\\\/wp-content\\\/uploads\\\/2022\\\/10\\\/dossier-suspendu-budget-pour-armoires-en-kraft-volet-d-agrafage-fond-u-15-mm-orange-lot-de-25.jpg\",\"contentUrl\":\"https:\\\/\\\/papex.sn\\\/wp-content\\\/uploads\\\/2022\\\/10\\\/dossier-suspendu-budget-pour-armoires-en-kraft-volet-d-agrafage-fond-u-15-mm-orange-lot-de-25.jpg\",\"width\":800,\"height\":800},{\"@type\":\"BreadcrumbList\",\"@id\":\"https:\\\/\\\/papex.sn\\\/?product=dossier-suspendu-tiroir-f-15-orange-bertesi#breadcrumb\",\"itemListElement\":[{\"@type\":\"ListItem\",\"position\":1,\"name\":\"Accueil\",\"item\":\"https:\\\/\\\/papex.sn\\\/\"},{\"@type\":\"ListItem\",\"position\":2,\"name\":\"Boutique\",\"item\":\"https:\\\/\\\/papex.sn\\\/?page_id=388\"},{\"@type\":\"ListItem\",\"position\":3,\"name\":\"Dossier Suspendu Tiroir F\\\/15 Orange Bertesi\"}]},{\"@type\":\"WebSite\",\"@id\":\"https:\\\/\\\/papex.sn\\\/#website\",\"url\":\"https:\\\/\\\/papex.sn\\\/\",\"name\":\"PAPEX\",\"description\":\"Papeterie Express\",\"publisher\":{\"@id\":\"https:\\\/\\\/papex.sn\\\/#organization\"},\"potentialAction\":[{\"@type\":\"SearchAction\",\"target\":{\"@type\":\"EntryPoint\",\"urlTemplate\":\"https:\\\/\\\/papex.sn\\\/?s={search_term_string}\"},\"query-input\":{\"@type\":\"PropertyValueSpecification\",\"valueRequired\":true,\"valueName\":\"search_term_string\"}}],\"inLanguage\":\"fr-FR\"},{\"@type\":\"Organization\",\"@id\":\"https:\\\/\\\/papex.sn\\\/#organization\",\"name\":\"PAPEX\",\"url\":\"https:\\\/\\\/papex.sn\\\/\",\"logo\":{\"@type\":\"ImageObject\",\"inLanguage\":\"fr-FR\",\"@id\":\"https:\\\/\\\/papex.sn\\\/#\\\/schema\\\/logo\\\/image\\\/\",\"url\":\"https:\\\/\\\/papex.sn\\\/wp-content\\\/uploads\\\/2022\\\/05\\\/telechargement-1.jpg\",\"contentUrl\":\"https:\\\/\\\/papex.sn\\\/wp-content\\\/uploads\\\/2022\\\/05\\\/telechargement-1.jpg\",\"width\":299,\"height\":168,\"caption\":\"PAPEX\"},\"image\":{\"@id\":\"https:\\\/\\\/papex.sn\\\/#\\\/schema\\\/logo\\\/image\\\/\"},\"sameAs\":[\"https:\\\/\\\/www.facebook.com\\\/PapexSarl\",\"https:\\\/\\\/www.instagram.com\\\/papex.sarl\\\/\"]}]}<\/script>\n<!-- \/ Yoast SEO plugin. -->","yoast_head_json":{"title":"Dossier Suspendu Tiroir F\/15 Orange Bertesi - PAPEX","robots":{"index":"index","follow":"follow","max-snippet":"max-snippet:-1","max-image-preview":"max-image-preview:large","max-video-preview":"max-video-preview:-1"},"canonical":"https:\/\/papex.sn\/?product=dossier-suspendu-tiroir-f-15-orange-bertesi","og_locale":"fr_FR","og_type":"article","og_title":"Dossier Suspendu Tiroir F\/15 Orange Bertesi - PAPEX","og_description":"Le dossier suspendu pour armoire kraft vous facilitera grandement le rangement et le classement de vos documents.","og_url":"https:\/\/papex.sn\/?product=dossier-suspendu-tiroir-f-15-orange-bertesi","og_site_name":"PAPEX","article_publisher":"https:\/\/www.facebook.com\/PapexSarl","article_modified_time":"2024-07-09T10:02:36+00:00","og_image":[{"width":800,"height":800,"url":"https:\/\/papex.sn\/wp-content\/uploads\/2022\/10\/dossier-suspendu-budget-pour-armoires-en-kraft-volet-d-agrafage-fond-u-15-mm-orange-lot-de-25.jpg","type":"image\/jpeg"}],"twitter_card":"summary_large_image","schema":{"@context":"https:\/\/schema.org","@graph":[{"@type":"WebPage","@id":"https:\/\/papex.sn\/?product=dossier-suspendu-tiroir-f-15-orange-bertesi","url":"https:\/\/papex.sn\/?product=dossier-suspendu-tiroir-f-15-orange-bertesi","name":"Dossier Suspendu Tiroir F\/15 Orange Bertesi - PAPEX","isPartOf":{"@id":"https:\/\/papex.sn\/#website"},"primaryImageOfPage":{"@id":"https:\/\/papex.sn\/?product=dossier-suspendu-tiroir-f-15-orange-bertesi#primaryimage"},"image":{"@id":"https:\/\/papex.sn\/?product=dossier-suspendu-tiroir-f-15-orange-bertesi#primaryimage"},"thumbnailUrl":"https:\/\/papex.sn\/wp-content\/uploads\/2022\/10\/dossier-suspendu-budget-pour-armoires-en-kraft-volet-d-agrafage-fond-u-15-mm-orange-lot-de-25.jpg","datePublished":"2022-10-24T10:02:00+00:00","dateModified":"2024-07-09T10:02:36+00:00","breadcrumb":{"@id":"https:\/\/papex.sn\/?product=dossier-suspendu-tiroir-f-15-orange-bertesi#breadcrumb"},"inLanguage":"fr-FR","potentialAction":[{"@type":"ReadAction","target":["https:\/\/papex.sn\/?product=dossier-suspendu-tiroir-f-15-orange-bertesi"]}]},{"@type":"ImageObject","inLanguage":"fr-FR","@id":"https:\/\/papex.sn\/?product=dossier-suspendu-tiroir-f-15-orange-bertesi#primaryimage","url":"https:\/\/papex.sn\/wp-content\/uploads\/2022\/10\/dossier-suspendu-budget-pour-armoires-en-kraft-volet-d-agrafage-fond-u-15-mm-orange-lot-de-25.jpg","contentUrl":"https:\/\/papex.sn\/wp-content\/uploads\/2022\/10\/dossier-suspendu-budget-pour-armoires-en-kraft-volet-d-agrafage-fond-u-15-mm-orange-lot-de-25.jpg","width":800,"height":800},{"@type":"BreadcrumbList","@id":"https:\/\/papex.sn\/?product=dossier-suspendu-tiroir-f-15-orange-bertesi#breadcrumb","itemListElement":[{"@type":"ListItem","position":1,"name":"Accueil","item":"https:\/\/papex.sn\/"},{"@type":"ListItem","position":2,"name":"Boutique","item":"https:\/\/papex.sn\/?page_id=388"},{"@type":"ListItem","position":3,"name":"Dossier Suspendu Tiroir F\/15 Orange Bertesi"}]},{"@type":"WebSite","@id":"https:\/\/papex.sn\/#website","url":"https:\/\/papex.sn\/","name":"PAPEX","description":"Papeterie Express","publisher":{"@id":"https:\/\/papex.sn\/#organization"},"potentialAction":[{"@type":"SearchAction","target":{"@type":"EntryPoint","urlTemplate":"https:\/\/papex.sn\/?s={search_term_string}"},"query-input":{"@type":"PropertyValueSpecification","valueRequired":true,"valueName":"search_term_string"}}],"inLanguage":"fr-FR"},{"@type":"Organization","@id":"https:\/\/papex.sn\/#organization","name":"PAPEX","url":"https:\/\/papex.sn\/","logo":{"@type":"ImageObject","inLanguage":"fr-FR","@id":"https:\/\/papex.sn\/#\/schema\/logo\/image\/","url":"https:\/\/papex.sn\/wp-content\/uploads\/2022\/05\/telechargement-1.jpg","contentUrl":"https:\/\/papex.sn\/wp-content\/uploads\/2022\/05\/telechargement-1.jpg","width":299,"height":168,"caption":"PAPEX"},"image":{"@id":"https:\/\/papex.sn\/#\/schema\/logo\/image\/"},"sameAs":["https:\/\/www.facebook.com\/PapexSarl","https:\/\/www.instagram.com\/papex.sarl\/"]}]}},"_links":{"self":[{"href":"https:\/\/papex.sn\/index.php?rest_route=\/wp\/v2\/product\/2780","targetHints":{"allow":["GET"]}}],"collection":[{"href":"https:\/\/papex.sn\/index.php?rest_route=\/wp\/v2\/product"}],"about":[{"href":"https:\/\/papex.sn\/index.php?rest_route=\/wp\/v2\/types\/product"}],"replies":[{"embeddable":true,"href":"https:\/\/papex.sn\/index.php?rest_route=%2Fwp%2Fv2%2Fcomments&post=2780"}],"version-history":[{"count":1,"href":"https:\/\/papex.sn\/index.php?rest_route=\/wp\/v2\/product\/2780\/revisions"}],"predecessor-version":[{"id":3434,"href":"https:\/\/papex.sn\/index.php?rest_route=\/wp\/v2\/product\/2780\/revisions\/3434"}],"wp:featuredmedia":[{"embeddable":true,"href":"https:\/\/papex.sn\/index.php?rest_route=\/wp\/v2\/media\/2779"}],"wp:attachment":[{"href":"https:\/\/papex.sn\/index.php?rest_route=%2Fwp%2Fv2%2Fmedia&parent=2780"}],"wp:term":[{"taxonomy":"product_brand","embeddable":true,"href":"https:\/\/papex.sn\/index.php?rest_route=%2Fwp%2Fv2%2Fproduct_brand&post=2780"},{"taxonomy":"product_cat","embeddable":true,"href":"https:\/\/papex.sn\/index.php?rest_route=%2Fwp%2Fv2%2Fproduct_cat&post=2780"},{"taxonomy":"product_tag","embeddable":true,"href":"https:\/\/papex.sn\/index.php?rest_route=%2Fwp%2Fv2%2Fproduct_tag&post=2780"}],"curies":[{"name":"wp","href":"https:\/\/api.w.org\/{rel}","templated":true}]}}