{"id":2777,"date":"2022-10-21T12:38:23","date_gmt":"2022-10-21T12:38:23","guid":{"rendered":"https:\/\/papex.sn\/?product=imprimante-hp-2320"},"modified":"2024-09-30T15:56:49","modified_gmt":"2024-09-30T15:56:49","slug":"imprimante-hp-2320","status":"publish","type":"product","link":"https:\/\/papex.sn\/?product=imprimante-hp-2320","title":{"rendered":"Imprimante HP 2320"},"content":{"rendered":"<p>Cette imprimante a \u00e9t\u00e9 con\u00e7ue pour fonctionner uniquement avec des cartouches disposant de circuits \u00e9lectroniques HP neufs ou r\u00e9utilis\u00e9s. Elle est \u00e9quip\u00e9e d\u2019un dispositif de s\u00e9curit\u00e9 dynamique pour bloquer les cartouches int\u00e9grant des circuits modifi\u00e9s ou non-HP. Les mises \u00e0 jour p\u00e9riodiques du micrologiciel permettent d\u2019assurer l\u2019efficacit\u00e9 de ces mesures et bloquent les cartouches qui fonctionnaient auparavant.<\/p>\n","protected":false},"excerpt":{"rendered":"<p>Imprimante Multifonction Jet d&rsquo;encre HP Deskjet 2320 AIO &#8211; Impression, copie, num\u00e9risation &#8211; Vitesse d&rsquo;impression 7.5ppm (Noir) \/ 5.5ppm (Couleur) &#8211; R\u00e9solution d&rsquo;impression: Couleur : Jusqu&rsquo;\u00e0 4800 x 1200 ppp optimis\u00e9s &#8211; Scanner \u00e0 plat &#8211; Interface: USB 2.0 &#8211; Bac papier: 60 feuilles &#8211; Dimensions: 425 x 370 x 249 mm &#8211; Poids: 3.42 Kg<\/p>\n","protected":false},"featured_media":2776,"comment_status":"open","ping_status":"closed","template":"","meta":[],"product_brand":[],"product_cat":[39,114],"product_tag":[],"class_list":{"0":"post-2777","1":"product","2":"type-product","3":"status-publish","4":"has-post-thumbnail","6":"product_cat-bureautique-informatique","7":"product_cat-imprimantes","9":"first","10":"instock","11":"shipping-taxable","12":"product-type-simple"},"yoast_head":"<!-- This site is optimized with the Yoast SEO plugin v27.5 - https:\/\/yoast.com\/product\/yoast-seo-wordpress\/ -->\n<title>Imprimante HP 2320 - PAPEX<\/title>\n<meta name=\"robots\" content=\"index, follow, max-snippet:-1, max-image-preview:large, max-video-preview:-1\" \/>\n<link rel=\"canonical\" href=\"https:\/\/papex.sn\/?product=imprimante-hp-2320\" \/>\n<meta property=\"og:locale\" content=\"fr_FR\" \/>\n<meta property=\"og:type\" content=\"article\" \/>\n<meta property=\"og:title\" content=\"Imprimante HP 2320 - PAPEX\" \/>\n<meta property=\"og:description\" content=\"Imprimante Multifonction Jet d&#039;encre HP Deskjet 2320 AIO - Impression, copie, num\u00e9risation - Vitesse d&#039;impression 7.5ppm (Noir) \/ 5.5ppm (Couleur) - R\u00e9solution d&#039;impression: Couleur : Jusqu&#039;\u00e0 4800 x 1200 ppp optimis\u00e9s - Scanner \u00e0 plat - Interface: USB 2.0 - Bac papier: 60 feuilles - Dimensions: 425 x 370 x 249 mm - Poids: 3.42 Kg\" \/>\n<meta property=\"og:url\" content=\"https:\/\/papex.sn\/?product=imprimante-hp-2320\" \/>\n<meta property=\"og:site_name\" content=\"PAPEX\" \/>\n<meta property=\"article:publisher\" content=\"https:\/\/www.facebook.com\/PapexSarl\" \/>\n<meta property=\"article:modified_time\" content=\"2024-09-30T15:56:49+00:00\" \/>\n<meta property=\"og:image\" content=\"https:\/\/papex.sn\/wp-content\/uploads\/2022\/10\/imprimante-multifonction-jet-d-encre-couleur-hp-deskjet-2320-aio.jpg\" \/>\n\t<meta property=\"og:image:width\" content=\"800\" \/>\n\t<meta property=\"og:image:height\" content=\"800\" \/>\n\t<meta property=\"og:image:type\" content=\"image\/jpeg\" \/>\n<meta name=\"twitter:card\" content=\"summary_large_image\" \/>\n<script type=\"application\/ld+json\" class=\"yoast-schema-graph\">{\"@context\":\"https:\\\/\\\/schema.org\",\"@graph\":[{\"@type\":\"WebPage\",\"@id\":\"https:\\\/\\\/papex.sn\\\/?product=imprimante-hp-2320\",\"url\":\"https:\\\/\\\/papex.sn\\\/?product=imprimante-hp-2320\",\"name\":\"Imprimante HP 2320 - PAPEX\",\"isPartOf\":{\"@id\":\"https:\\\/\\\/papex.sn\\\/#website\"},\"primaryImageOfPage\":{\"@id\":\"https:\\\/\\\/papex.sn\\\/?product=imprimante-hp-2320#primaryimage\"},\"image\":{\"@id\":\"https:\\\/\\\/papex.sn\\\/?product=imprimante-hp-2320#primaryimage\"},\"thumbnailUrl\":\"https:\\\/\\\/papex.sn\\\/wp-content\\\/uploads\\\/2022\\\/10\\\/imprimante-multifonction-jet-d-encre-couleur-hp-deskjet-2320-aio.jpg\",\"datePublished\":\"2022-10-21T12:38:23+00:00\",\"dateModified\":\"2024-09-30T15:56:49+00:00\",\"breadcrumb\":{\"@id\":\"https:\\\/\\\/papex.sn\\\/?product=imprimante-hp-2320#breadcrumb\"},\"inLanguage\":\"fr-FR\",\"potentialAction\":[{\"@type\":\"ReadAction\",\"target\":[\"https:\\\/\\\/papex.sn\\\/?product=imprimante-hp-2320\"]}]},{\"@type\":\"ImageObject\",\"inLanguage\":\"fr-FR\",\"@id\":\"https:\\\/\\\/papex.sn\\\/?product=imprimante-hp-2320#primaryimage\",\"url\":\"https:\\\/\\\/papex.sn\\\/wp-content\\\/uploads\\\/2022\\\/10\\\/imprimante-multifonction-jet-d-encre-couleur-hp-deskjet-2320-aio.jpg\",\"contentUrl\":\"https:\\\/\\\/papex.sn\\\/wp-content\\\/uploads\\\/2022\\\/10\\\/imprimante-multifonction-jet-d-encre-couleur-hp-deskjet-2320-aio.jpg\",\"width\":800,\"height\":800},{\"@type\":\"BreadcrumbList\",\"@id\":\"https:\\\/\\\/papex.sn\\\/?product=imprimante-hp-2320#breadcrumb\",\"itemListElement\":[{\"@type\":\"ListItem\",\"position\":1,\"name\":\"Accueil\",\"item\":\"https:\\\/\\\/papex.sn\\\/\"},{\"@type\":\"ListItem\",\"position\":2,\"name\":\"Boutique\",\"item\":\"https:\\\/\\\/papex.sn\\\/?page_id=388\"},{\"@type\":\"ListItem\",\"position\":3,\"name\":\"Imprimante HP 2320\"}]},{\"@type\":\"WebSite\",\"@id\":\"https:\\\/\\\/papex.sn\\\/#website\",\"url\":\"https:\\\/\\\/papex.sn\\\/\",\"name\":\"PAPEX\",\"description\":\"Papeterie Express\",\"publisher\":{\"@id\":\"https:\\\/\\\/papex.sn\\\/#organization\"},\"potentialAction\":[{\"@type\":\"SearchAction\",\"target\":{\"@type\":\"EntryPoint\",\"urlTemplate\":\"https:\\\/\\\/papex.sn\\\/?s={search_term_string}\"},\"query-input\":{\"@type\":\"PropertyValueSpecification\",\"valueRequired\":true,\"valueName\":\"search_term_string\"}}],\"inLanguage\":\"fr-FR\"},{\"@type\":\"Organization\",\"@id\":\"https:\\\/\\\/papex.sn\\\/#organization\",\"name\":\"PAPEX\",\"url\":\"https:\\\/\\\/papex.sn\\\/\",\"logo\":{\"@type\":\"ImageObject\",\"inLanguage\":\"fr-FR\",\"@id\":\"https:\\\/\\\/papex.sn\\\/#\\\/schema\\\/logo\\\/image\\\/\",\"url\":\"https:\\\/\\\/papex.sn\\\/wp-content\\\/uploads\\\/2022\\\/05\\\/telechargement-1.jpg\",\"contentUrl\":\"https:\\\/\\\/papex.sn\\\/wp-content\\\/uploads\\\/2022\\\/05\\\/telechargement-1.jpg\",\"width\":299,\"height\":168,\"caption\":\"PAPEX\"},\"image\":{\"@id\":\"https:\\\/\\\/papex.sn\\\/#\\\/schema\\\/logo\\\/image\\\/\"},\"sameAs\":[\"https:\\\/\\\/www.facebook.com\\\/PapexSarl\",\"https:\\\/\\\/www.instagram.com\\\/papex.sarl\\\/\"]}]}<\/script>\n<!-- \/ Yoast SEO plugin. -->","yoast_head_json":{"title":"Imprimante HP 2320 - PAPEX","robots":{"index":"index","follow":"follow","max-snippet":"max-snippet:-1","max-image-preview":"max-image-preview:large","max-video-preview":"max-video-preview:-1"},"canonical":"https:\/\/papex.sn\/?product=imprimante-hp-2320","og_locale":"fr_FR","og_type":"article","og_title":"Imprimante HP 2320 - PAPEX","og_description":"Imprimante Multifonction Jet d'encre HP Deskjet 2320 AIO - Impression, copie, num\u00e9risation - Vitesse d'impression 7.5ppm (Noir) \/ 5.5ppm (Couleur) - R\u00e9solution d'impression: Couleur : Jusqu'\u00e0 4800 x 1200 ppp optimis\u00e9s - Scanner \u00e0 plat - Interface: USB 2.0 - Bac papier: 60 feuilles - Dimensions: 425 x 370 x 249 mm - Poids: 3.42 Kg","og_url":"https:\/\/papex.sn\/?product=imprimante-hp-2320","og_site_name":"PAPEX","article_publisher":"https:\/\/www.facebook.com\/PapexSarl","article_modified_time":"2024-09-30T15:56:49+00:00","og_image":[{"width":800,"height":800,"url":"https:\/\/papex.sn\/wp-content\/uploads\/2022\/10\/imprimante-multifonction-jet-d-encre-couleur-hp-deskjet-2320-aio.jpg","type":"image\/jpeg"}],"twitter_card":"summary_large_image","schema":{"@context":"https:\/\/schema.org","@graph":[{"@type":"WebPage","@id":"https:\/\/papex.sn\/?product=imprimante-hp-2320","url":"https:\/\/papex.sn\/?product=imprimante-hp-2320","name":"Imprimante HP 2320 - PAPEX","isPartOf":{"@id":"https:\/\/papex.sn\/#website"},"primaryImageOfPage":{"@id":"https:\/\/papex.sn\/?product=imprimante-hp-2320#primaryimage"},"image":{"@id":"https:\/\/papex.sn\/?product=imprimante-hp-2320#primaryimage"},"thumbnailUrl":"https:\/\/papex.sn\/wp-content\/uploads\/2022\/10\/imprimante-multifonction-jet-d-encre-couleur-hp-deskjet-2320-aio.jpg","datePublished":"2022-10-21T12:38:23+00:00","dateModified":"2024-09-30T15:56:49+00:00","breadcrumb":{"@id":"https:\/\/papex.sn\/?product=imprimante-hp-2320#breadcrumb"},"inLanguage":"fr-FR","potentialAction":[{"@type":"ReadAction","target":["https:\/\/papex.sn\/?product=imprimante-hp-2320"]}]},{"@type":"ImageObject","inLanguage":"fr-FR","@id":"https:\/\/papex.sn\/?product=imprimante-hp-2320#primaryimage","url":"https:\/\/papex.sn\/wp-content\/uploads\/2022\/10\/imprimante-multifonction-jet-d-encre-couleur-hp-deskjet-2320-aio.jpg","contentUrl":"https:\/\/papex.sn\/wp-content\/uploads\/2022\/10\/imprimante-multifonction-jet-d-encre-couleur-hp-deskjet-2320-aio.jpg","width":800,"height":800},{"@type":"BreadcrumbList","@id":"https:\/\/papex.sn\/?product=imprimante-hp-2320#breadcrumb","itemListElement":[{"@type":"ListItem","position":1,"name":"Accueil","item":"https:\/\/papex.sn\/"},{"@type":"ListItem","position":2,"name":"Boutique","item":"https:\/\/papex.sn\/?page_id=388"},{"@type":"ListItem","position":3,"name":"Imprimante HP 2320"}]},{"@type":"WebSite","@id":"https:\/\/papex.sn\/#website","url":"https:\/\/papex.sn\/","name":"PAPEX","description":"Papeterie Express","publisher":{"@id":"https:\/\/papex.sn\/#organization"},"potentialAction":[{"@type":"SearchAction","target":{"@type":"EntryPoint","urlTemplate":"https:\/\/papex.sn\/?s={search_term_string}"},"query-input":{"@type":"PropertyValueSpecification","valueRequired":true,"valueName":"search_term_string"}}],"inLanguage":"fr-FR"},{"@type":"Organization","@id":"https:\/\/papex.sn\/#organization","name":"PAPEX","url":"https:\/\/papex.sn\/","logo":{"@type":"ImageObject","inLanguage":"fr-FR","@id":"https:\/\/papex.sn\/#\/schema\/logo\/image\/","url":"https:\/\/papex.sn\/wp-content\/uploads\/2022\/05\/telechargement-1.jpg","contentUrl":"https:\/\/papex.sn\/wp-content\/uploads\/2022\/05\/telechargement-1.jpg","width":299,"height":168,"caption":"PAPEX"},"image":{"@id":"https:\/\/papex.sn\/#\/schema\/logo\/image\/"},"sameAs":["https:\/\/www.facebook.com\/PapexSarl","https:\/\/www.instagram.com\/papex.sarl\/"]}]}},"_links":{"self":[{"href":"https:\/\/papex.sn\/index.php?rest_route=\/wp\/v2\/product\/2777","targetHints":{"allow":["GET"]}}],"collection":[{"href":"https:\/\/papex.sn\/index.php?rest_route=\/wp\/v2\/product"}],"about":[{"href":"https:\/\/papex.sn\/index.php?rest_route=\/wp\/v2\/types\/product"}],"replies":[{"embeddable":true,"href":"https:\/\/papex.sn\/index.php?rest_route=%2Fwp%2Fv2%2Fcomments&post=2777"}],"version-history":[{"count":1,"href":"https:\/\/papex.sn\/index.php?rest_route=\/wp\/v2\/product\/2777\/revisions"}],"predecessor-version":[{"id":3435,"href":"https:\/\/papex.sn\/index.php?rest_route=\/wp\/v2\/product\/2777\/revisions\/3435"}],"wp:featuredmedia":[{"embeddable":true,"href":"https:\/\/papex.sn\/index.php?rest_route=\/wp\/v2\/media\/2776"}],"wp:attachment":[{"href":"https:\/\/papex.sn\/index.php?rest_route=%2Fwp%2Fv2%2Fmedia&parent=2777"}],"wp:term":[{"taxonomy":"product_brand","embeddable":true,"href":"https:\/\/papex.sn\/index.php?rest_route=%2Fwp%2Fv2%2Fproduct_brand&post=2777"},{"taxonomy":"product_cat","embeddable":true,"href":"https:\/\/papex.sn\/index.php?rest_route=%2Fwp%2Fv2%2Fproduct_cat&post=2777"},{"taxonomy":"product_tag","embeddable":true,"href":"https:\/\/papex.sn\/index.php?rest_route=%2Fwp%2Fv2%2Fproduct_tag&post=2777"}],"curies":[{"name":"wp","href":"https:\/\/api.w.org\/{rel}","templated":true}]}}