{"id":2771,"date":"2022-10-21T12:38:18","date_gmt":"2022-10-21T12:38:18","guid":{"rendered":"https:\/\/papex.sn\/?product=imprimante-hp-m179nw"},"modified":"2024-12-18T09:10:31","modified_gmt":"2024-12-18T09:10:31","slug":"imprimante-hp-m179nw","status":"publish","type":"product","link":"https:\/\/papex.sn\/?product=imprimante-hp-m179nw","title":{"rendered":"Imprimante HP  M179Nw"},"content":{"rendered":"<p>Pr\u00e9sentation du produit<br \/>\nB\u00e9n\u00e9ficiez de la performance et de la productivit\u00e9 d&rsquo;une imprimante multifonction, la plus compacte au monde dans sa cat\u00e9gorie.2 Imprimez, num\u00e9risez, copiez et t\u00e9l\u00e9copiez, obtenez des r\u00e9sultats couleur de haute qualit\u00e9, et effectuez vos impressions et num\u00e9risations directement sur votre t\u00e9l\u00e9phone.3<br \/>\nFonction de s\u00e9curit\u00e9 dynamique activ\u00e9e sur l\u2019imprimante<br \/>\nCertaines imprimantes HP ont \u00e9t\u00e9 con\u00e7ues pour fonctionner uniquement avec des cartouches disposant d&rsquo;une puce ou d&rsquo;un circuit \u00e9lectronique HP neuf ou r\u00e9utilis\u00e9. Ces imprimantes sont \u00e9quip\u00e9es d\u2019un dispositif de s\u00e9curit\u00e9 dynamique pour bloquer les cartouches utilisant une puce ou un circuit \u00e9lectronique non-HP. Les mises \u00e0 jour p\u00e9riodiques du micrologiciel permettent d\u2019assurer l&rsquo;efficacit\u00e9 de ces mesures et bloquent les cartouches qui fonctionnaient auparavant. Les puces et circuits \u00e9lectroniques HP r\u00e9utilis\u00e9s permettent d&rsquo;utiliser des cartouches r\u00e9utilis\u00e9es, reconditionn\u00e9es ou recycl\u00e9es.<\/p>\n","protected":false},"excerpt":{"rendered":"<p>Fonctions 4-en-1<br \/>\nVitesse max. d&rsquo;impression\/copie monochrome 18 ppm<br \/>\nVitesse max. d&rsquo;impression\/copie Couleur 4 ppm<br \/>\nChargeur auto. Document ADF<br \/>\nCapacit\u00e9 papier standard 150 feuilles<br \/>\nM\u00e9moire vive 128 Mo<\/p>\n","protected":false},"featured_media":2770,"comment_status":"open","ping_status":"closed","template":"","meta":[],"product_brand":[],"product_cat":[39,114],"product_tag":[],"class_list":{"0":"post-2771","1":"product","2":"type-product","3":"status-publish","4":"has-post-thumbnail","6":"product_cat-bureautique-informatique","7":"product_cat-imprimantes","9":"first","10":"instock","11":"featured","12":"shipping-taxable","13":"product-type-simple"},"yoast_head":"<!-- This site is optimized with the Yoast SEO plugin v27.5 - https:\/\/yoast.com\/product\/yoast-seo-wordpress\/ -->\n<title>Imprimante HP M179Nw - PAPEX<\/title>\n<meta name=\"robots\" content=\"index, follow, max-snippet:-1, max-image-preview:large, max-video-preview:-1\" \/>\n<link rel=\"canonical\" href=\"https:\/\/papex.sn\/?product=imprimante-hp-m179nw\" \/>\n<meta property=\"og:locale\" content=\"fr_FR\" \/>\n<meta property=\"og:type\" content=\"article\" \/>\n<meta property=\"og:title\" content=\"Imprimante HP M179Nw - PAPEX\" \/>\n<meta property=\"og:description\" content=\"Fonctions 4-en-1 Vitesse max. d&#039;impression\/copie monochrome 18 ppm Vitesse max. d&#039;impression\/copie Couleur 4 ppm Chargeur auto. Document ADF Capacit\u00e9 papier standard 150 feuilles M\u00e9moire vive 128 Mo\" \/>\n<meta property=\"og:url\" content=\"https:\/\/papex.sn\/?product=imprimante-hp-m179nw\" \/>\n<meta property=\"og:site_name\" content=\"PAPEX\" \/>\n<meta property=\"article:publisher\" content=\"https:\/\/www.facebook.com\/PapexSarl\" \/>\n<meta property=\"article:modified_time\" content=\"2024-12-18T09:10:31+00:00\" \/>\n<meta property=\"og:image\" content=\"https:\/\/papex.sn\/wp-content\/uploads\/2022\/10\/788ce5a5-3178-4ab4-8a4a-a13303335fc4.jpg\" \/>\n\t<meta property=\"og:image:width\" content=\"800\" \/>\n\t<meta property=\"og:image:height\" content=\"600\" \/>\n\t<meta property=\"og:image:type\" content=\"image\/jpeg\" \/>\n<meta name=\"twitter:card\" content=\"summary_large_image\" \/>\n<meta name=\"twitter:label1\" content=\"Dur\u00e9e de lecture estim\u00e9e\" \/>\n\t<meta name=\"twitter:data1\" content=\"1 minute\" \/>\n<script type=\"application\/ld+json\" class=\"yoast-schema-graph\">{\"@context\":\"https:\\\/\\\/schema.org\",\"@graph\":[{\"@type\":\"WebPage\",\"@id\":\"https:\\\/\\\/papex.sn\\\/?product=imprimante-hp-m179nw\",\"url\":\"https:\\\/\\\/papex.sn\\\/?product=imprimante-hp-m179nw\",\"name\":\"Imprimante HP M179Nw - PAPEX\",\"isPartOf\":{\"@id\":\"https:\\\/\\\/papex.sn\\\/#website\"},\"primaryImageOfPage\":{\"@id\":\"https:\\\/\\\/papex.sn\\\/?product=imprimante-hp-m179nw#primaryimage\"},\"image\":{\"@id\":\"https:\\\/\\\/papex.sn\\\/?product=imprimante-hp-m179nw#primaryimage\"},\"thumbnailUrl\":\"https:\\\/\\\/papex.sn\\\/wp-content\\\/uploads\\\/2022\\\/10\\\/788ce5a5-3178-4ab4-8a4a-a13303335fc4.jpg\",\"datePublished\":\"2022-10-21T12:38:18+00:00\",\"dateModified\":\"2024-12-18T09:10:31+00:00\",\"breadcrumb\":{\"@id\":\"https:\\\/\\\/papex.sn\\\/?product=imprimante-hp-m179nw#breadcrumb\"},\"inLanguage\":\"fr-FR\",\"potentialAction\":[{\"@type\":\"ReadAction\",\"target\":[\"https:\\\/\\\/papex.sn\\\/?product=imprimante-hp-m179nw\"]}]},{\"@type\":\"ImageObject\",\"inLanguage\":\"fr-FR\",\"@id\":\"https:\\\/\\\/papex.sn\\\/?product=imprimante-hp-m179nw#primaryimage\",\"url\":\"https:\\\/\\\/papex.sn\\\/wp-content\\\/uploads\\\/2022\\\/10\\\/788ce5a5-3178-4ab4-8a4a-a13303335fc4.jpg\",\"contentUrl\":\"https:\\\/\\\/papex.sn\\\/wp-content\\\/uploads\\\/2022\\\/10\\\/788ce5a5-3178-4ab4-8a4a-a13303335fc4.jpg\",\"width\":800,\"height\":600},{\"@type\":\"BreadcrumbList\",\"@id\":\"https:\\\/\\\/papex.sn\\\/?product=imprimante-hp-m179nw#breadcrumb\",\"itemListElement\":[{\"@type\":\"ListItem\",\"position\":1,\"name\":\"Accueil\",\"item\":\"https:\\\/\\\/papex.sn\\\/\"},{\"@type\":\"ListItem\",\"position\":2,\"name\":\"Boutique\",\"item\":\"https:\\\/\\\/papex.sn\\\/?page_id=388\"},{\"@type\":\"ListItem\",\"position\":3,\"name\":\"Imprimante HP M179Nw\"}]},{\"@type\":\"WebSite\",\"@id\":\"https:\\\/\\\/papex.sn\\\/#website\",\"url\":\"https:\\\/\\\/papex.sn\\\/\",\"name\":\"PAPEX\",\"description\":\"Papeterie Express\",\"publisher\":{\"@id\":\"https:\\\/\\\/papex.sn\\\/#organization\"},\"potentialAction\":[{\"@type\":\"SearchAction\",\"target\":{\"@type\":\"EntryPoint\",\"urlTemplate\":\"https:\\\/\\\/papex.sn\\\/?s={search_term_string}\"},\"query-input\":{\"@type\":\"PropertyValueSpecification\",\"valueRequired\":true,\"valueName\":\"search_term_string\"}}],\"inLanguage\":\"fr-FR\"},{\"@type\":\"Organization\",\"@id\":\"https:\\\/\\\/papex.sn\\\/#organization\",\"name\":\"PAPEX\",\"url\":\"https:\\\/\\\/papex.sn\\\/\",\"logo\":{\"@type\":\"ImageObject\",\"inLanguage\":\"fr-FR\",\"@id\":\"https:\\\/\\\/papex.sn\\\/#\\\/schema\\\/logo\\\/image\\\/\",\"url\":\"https:\\\/\\\/papex.sn\\\/wp-content\\\/uploads\\\/2022\\\/05\\\/telechargement-1.jpg\",\"contentUrl\":\"https:\\\/\\\/papex.sn\\\/wp-content\\\/uploads\\\/2022\\\/05\\\/telechargement-1.jpg\",\"width\":299,\"height\":168,\"caption\":\"PAPEX\"},\"image\":{\"@id\":\"https:\\\/\\\/papex.sn\\\/#\\\/schema\\\/logo\\\/image\\\/\"},\"sameAs\":[\"https:\\\/\\\/www.facebook.com\\\/PapexSarl\",\"https:\\\/\\\/www.instagram.com\\\/papex.sarl\\\/\"]}]}<\/script>\n<!-- \/ Yoast SEO plugin. -->","yoast_head_json":{"title":"Imprimante HP M179Nw - PAPEX","robots":{"index":"index","follow":"follow","max-snippet":"max-snippet:-1","max-image-preview":"max-image-preview:large","max-video-preview":"max-video-preview:-1"},"canonical":"https:\/\/papex.sn\/?product=imprimante-hp-m179nw","og_locale":"fr_FR","og_type":"article","og_title":"Imprimante HP M179Nw - PAPEX","og_description":"Fonctions 4-en-1 Vitesse max. d'impression\/copie monochrome 18 ppm Vitesse max. d'impression\/copie Couleur 4 ppm Chargeur auto. Document ADF Capacit\u00e9 papier standard 150 feuilles M\u00e9moire vive 128 Mo","og_url":"https:\/\/papex.sn\/?product=imprimante-hp-m179nw","og_site_name":"PAPEX","article_publisher":"https:\/\/www.facebook.com\/PapexSarl","article_modified_time":"2024-12-18T09:10:31+00:00","og_image":[{"width":800,"height":600,"url":"https:\/\/papex.sn\/wp-content\/uploads\/2022\/10\/788ce5a5-3178-4ab4-8a4a-a13303335fc4.jpg","type":"image\/jpeg"}],"twitter_card":"summary_large_image","twitter_misc":{"Dur\u00e9e de lecture estim\u00e9e":"1 minute"},"schema":{"@context":"https:\/\/schema.org","@graph":[{"@type":"WebPage","@id":"https:\/\/papex.sn\/?product=imprimante-hp-m179nw","url":"https:\/\/papex.sn\/?product=imprimante-hp-m179nw","name":"Imprimante HP M179Nw - PAPEX","isPartOf":{"@id":"https:\/\/papex.sn\/#website"},"primaryImageOfPage":{"@id":"https:\/\/papex.sn\/?product=imprimante-hp-m179nw#primaryimage"},"image":{"@id":"https:\/\/papex.sn\/?product=imprimante-hp-m179nw#primaryimage"},"thumbnailUrl":"https:\/\/papex.sn\/wp-content\/uploads\/2022\/10\/788ce5a5-3178-4ab4-8a4a-a13303335fc4.jpg","datePublished":"2022-10-21T12:38:18+00:00","dateModified":"2024-12-18T09:10:31+00:00","breadcrumb":{"@id":"https:\/\/papex.sn\/?product=imprimante-hp-m179nw#breadcrumb"},"inLanguage":"fr-FR","potentialAction":[{"@type":"ReadAction","target":["https:\/\/papex.sn\/?product=imprimante-hp-m179nw"]}]},{"@type":"ImageObject","inLanguage":"fr-FR","@id":"https:\/\/papex.sn\/?product=imprimante-hp-m179nw#primaryimage","url":"https:\/\/papex.sn\/wp-content\/uploads\/2022\/10\/788ce5a5-3178-4ab4-8a4a-a13303335fc4.jpg","contentUrl":"https:\/\/papex.sn\/wp-content\/uploads\/2022\/10\/788ce5a5-3178-4ab4-8a4a-a13303335fc4.jpg","width":800,"height":600},{"@type":"BreadcrumbList","@id":"https:\/\/papex.sn\/?product=imprimante-hp-m179nw#breadcrumb","itemListElement":[{"@type":"ListItem","position":1,"name":"Accueil","item":"https:\/\/papex.sn\/"},{"@type":"ListItem","position":2,"name":"Boutique","item":"https:\/\/papex.sn\/?page_id=388"},{"@type":"ListItem","position":3,"name":"Imprimante HP M179Nw"}]},{"@type":"WebSite","@id":"https:\/\/papex.sn\/#website","url":"https:\/\/papex.sn\/","name":"PAPEX","description":"Papeterie Express","publisher":{"@id":"https:\/\/papex.sn\/#organization"},"potentialAction":[{"@type":"SearchAction","target":{"@type":"EntryPoint","urlTemplate":"https:\/\/papex.sn\/?s={search_term_string}"},"query-input":{"@type":"PropertyValueSpecification","valueRequired":true,"valueName":"search_term_string"}}],"inLanguage":"fr-FR"},{"@type":"Organization","@id":"https:\/\/papex.sn\/#organization","name":"PAPEX","url":"https:\/\/papex.sn\/","logo":{"@type":"ImageObject","inLanguage":"fr-FR","@id":"https:\/\/papex.sn\/#\/schema\/logo\/image\/","url":"https:\/\/papex.sn\/wp-content\/uploads\/2022\/05\/telechargement-1.jpg","contentUrl":"https:\/\/papex.sn\/wp-content\/uploads\/2022\/05\/telechargement-1.jpg","width":299,"height":168,"caption":"PAPEX"},"image":{"@id":"https:\/\/papex.sn\/#\/schema\/logo\/image\/"},"sameAs":["https:\/\/www.facebook.com\/PapexSarl","https:\/\/www.instagram.com\/papex.sarl\/"]}]}},"_links":{"self":[{"href":"https:\/\/papex.sn\/index.php?rest_route=\/wp\/v2\/product\/2771","targetHints":{"allow":["GET"]}}],"collection":[{"href":"https:\/\/papex.sn\/index.php?rest_route=\/wp\/v2\/product"}],"about":[{"href":"https:\/\/papex.sn\/index.php?rest_route=\/wp\/v2\/types\/product"}],"replies":[{"embeddable":true,"href":"https:\/\/papex.sn\/index.php?rest_route=%2Fwp%2Fv2%2Fcomments&post=2771"}],"version-history":[{"count":1,"href":"https:\/\/papex.sn\/index.php?rest_route=\/wp\/v2\/product\/2771\/revisions"}],"predecessor-version":[{"id":3438,"href":"https:\/\/papex.sn\/index.php?rest_route=\/wp\/v2\/product\/2771\/revisions\/3438"}],"wp:featuredmedia":[{"embeddable":true,"href":"https:\/\/papex.sn\/index.php?rest_route=\/wp\/v2\/media\/2770"}],"wp:attachment":[{"href":"https:\/\/papex.sn\/index.php?rest_route=%2Fwp%2Fv2%2Fmedia&parent=2771"}],"wp:term":[{"taxonomy":"product_brand","embeddable":true,"href":"https:\/\/papex.sn\/index.php?rest_route=%2Fwp%2Fv2%2Fproduct_brand&post=2771"},{"taxonomy":"product_cat","embeddable":true,"href":"https:\/\/papex.sn\/index.php?rest_route=%2Fwp%2Fv2%2Fproduct_cat&post=2771"},{"taxonomy":"product_tag","embeddable":true,"href":"https:\/\/papex.sn\/index.php?rest_route=%2Fwp%2Fv2%2Fproduct_tag&post=2771"}],"curies":[{"name":"wp","href":"https:\/\/api.w.org\/{rel}","templated":true}]}}