{"id":2761,"date":"2022-10-21T11:41:27","date_gmt":"2022-10-21T11:41:27","guid":{"rendered":"https:\/\/papex.sn\/?product=imprimante-hp-9013"},"modified":"2024-07-09T10:03:40","modified_gmt":"2024-07-09T10:03:40","slug":"imprimante-hp-9013","status":"publish","type":"product","link":"https:\/\/papex.sn\/?product=imprimante-hp-9013","title":{"rendered":"Imprimante HP 9013"},"content":{"rendered":"<p>Imprimante activ\u00e9e par la s\u00e9curit\u00e9 dynamique.\u00a0Cette imprimante est con\u00e7ue pour fonctionner uniquement avec des cartouches dot\u00e9es d&rsquo;une puce HP neuve ou r\u00e9utilis\u00e9e, et elle utilise des mesures de s\u00e9curit\u00e9 dynamiques pour bloquer les cartouches utilisant une puce non HP.\u00a0Des mises \u00e0 jour p\u00e9riodiques du micrologiciel maintiendront l&rsquo;efficacit\u00e9 de ces mesures et bloqueront les cartouches qui fonctionnaient auparavant.\u00a0Une puce HP r\u00e9utilis\u00e9e permet l&rsquo;utilisation de cartouches r\u00e9utilis\u00e9es, remises \u00e0 neuf et recharg\u00e9es.<\/p>\n","protected":false},"excerpt":{"rendered":"<p>Imprimante \u00e0 s\u00e9curit\u00e9 dynamique Certaines imprimantes HP sont con\u00e7ues pour fonctionner uniquement avec des cartouches dot\u00e9es d&rsquo;une puce ou de circuits \u00e9lectroniques HP neufs ou r\u00e9utilis\u00e9s.\u00a0Ces imprimantes utilisent des mesures de s\u00e9curit\u00e9 dynamiques pour bloquer les cartouches \u00e0 l&rsquo;aide d&rsquo;une puce ou de circuits \u00e9lectroniques non HP.\u00a0Des mises \u00e0 jour p\u00e9riodiques du micrologiciel maintiendront l&rsquo;efficacit\u00e9 de ces mesures et bloqueront les cartouches qui fonctionnaient auparavant.\u00a0Les puces HP et les circuits \u00e9lectroniques r\u00e9utilis\u00e9s permettent l&rsquo;utilisation de cartouches r\u00e9utilis\u00e9es, remises \u00e0 neuf et recharg\u00e9es.<\/p>\n","protected":false},"featured_media":2760,"comment_status":"open","ping_status":"closed","template":"","meta":[],"product_brand":[],"product_cat":[39,114],"product_tag":[],"class_list":{"0":"post-2761","1":"product","2":"type-product","3":"status-publish","4":"has-post-thumbnail","6":"product_cat-bureautique-informatique","7":"product_cat-imprimantes","9":"first","10":"instock","11":"shipping-taxable","12":"product-type-simple"},"yoast_head":"<!-- This site is optimized with the Yoast SEO plugin v27.4 - https:\/\/yoast.com\/product\/yoast-seo-wordpress\/ -->\n<title>Imprimante HP 9013 - PAPEX<\/title>\n<meta name=\"robots\" content=\"index, follow, max-snippet:-1, max-image-preview:large, max-video-preview:-1\" \/>\n<link rel=\"canonical\" href=\"https:\/\/papex.sn\/?product=imprimante-hp-9013\" \/>\n<meta property=\"og:locale\" content=\"fr_FR\" \/>\n<meta property=\"og:type\" content=\"article\" \/>\n<meta property=\"og:title\" content=\"Imprimante HP 9013 - PAPEX\" \/>\n<meta property=\"og:description\" content=\"Imprimante \u00e0 s\u00e9curit\u00e9 dynamique Certaines imprimantes HP sont con\u00e7ues pour fonctionner uniquement avec des cartouches dot\u00e9es d&#039;une puce ou de circuits \u00e9lectroniques HP neufs ou r\u00e9utilis\u00e9s.\u00a0Ces imprimantes utilisent des mesures de s\u00e9curit\u00e9 dynamiques pour bloquer les cartouches \u00e0 l&#039;aide d&#039;une puce ou de circuits \u00e9lectroniques non HP.\u00a0Des mises \u00e0 jour p\u00e9riodiques du micrologiciel maintiendront l&#039;efficacit\u00e9 de ces mesures et bloqueront les cartouches qui fonctionnaient auparavant.\u00a0Les puces HP et les circuits \u00e9lectroniques r\u00e9utilis\u00e9s permettent l&#039;utilisation de cartouches r\u00e9utilis\u00e9es, remises \u00e0 neuf et recharg\u00e9es.\" \/>\n<meta property=\"og:url\" content=\"https:\/\/papex.sn\/?product=imprimante-hp-9013\" \/>\n<meta property=\"og:site_name\" content=\"PAPEX\" \/>\n<meta property=\"article:publisher\" content=\"https:\/\/www.facebook.com\/PapexSarl\" \/>\n<meta property=\"article:modified_time\" content=\"2024-07-09T10:03:40+00:00\" \/>\n<meta property=\"og:image\" content=\"https:\/\/papex.sn\/wp-content\/uploads\/2022\/10\/c06265670.png\" \/>\n\t<meta property=\"og:image:width\" content=\"800\" \/>\n\t<meta property=\"og:image:height\" content=\"600\" \/>\n\t<meta property=\"og:image:type\" content=\"image\/png\" \/>\n<meta name=\"twitter:card\" content=\"summary_large_image\" \/>\n<script type=\"application\/ld+json\" class=\"yoast-schema-graph\">{\"@context\":\"https:\\\/\\\/schema.org\",\"@graph\":[{\"@type\":\"WebPage\",\"@id\":\"https:\\\/\\\/papex.sn\\\/?product=imprimante-hp-9013\",\"url\":\"https:\\\/\\\/papex.sn\\\/?product=imprimante-hp-9013\",\"name\":\"Imprimante HP 9013 - PAPEX\",\"isPartOf\":{\"@id\":\"https:\\\/\\\/papex.sn\\\/#website\"},\"primaryImageOfPage\":{\"@id\":\"https:\\\/\\\/papex.sn\\\/?product=imprimante-hp-9013#primaryimage\"},\"image\":{\"@id\":\"https:\\\/\\\/papex.sn\\\/?product=imprimante-hp-9013#primaryimage\"},\"thumbnailUrl\":\"https:\\\/\\\/papex.sn\\\/wp-content\\\/uploads\\\/2022\\\/10\\\/c06265670.png\",\"datePublished\":\"2022-10-21T11:41:27+00:00\",\"dateModified\":\"2024-07-09T10:03:40+00:00\",\"breadcrumb\":{\"@id\":\"https:\\\/\\\/papex.sn\\\/?product=imprimante-hp-9013#breadcrumb\"},\"inLanguage\":\"fr-FR\",\"potentialAction\":[{\"@type\":\"ReadAction\",\"target\":[\"https:\\\/\\\/papex.sn\\\/?product=imprimante-hp-9013\"]}]},{\"@type\":\"ImageObject\",\"inLanguage\":\"fr-FR\",\"@id\":\"https:\\\/\\\/papex.sn\\\/?product=imprimante-hp-9013#primaryimage\",\"url\":\"https:\\\/\\\/papex.sn\\\/wp-content\\\/uploads\\\/2022\\\/10\\\/c06265670.png\",\"contentUrl\":\"https:\\\/\\\/papex.sn\\\/wp-content\\\/uploads\\\/2022\\\/10\\\/c06265670.png\",\"width\":800,\"height\":600},{\"@type\":\"BreadcrumbList\",\"@id\":\"https:\\\/\\\/papex.sn\\\/?product=imprimante-hp-9013#breadcrumb\",\"itemListElement\":[{\"@type\":\"ListItem\",\"position\":1,\"name\":\"Accueil\",\"item\":\"https:\\\/\\\/papex.sn\\\/\"},{\"@type\":\"ListItem\",\"position\":2,\"name\":\"Boutique\",\"item\":\"https:\\\/\\\/papex.sn\\\/?page_id=388\"},{\"@type\":\"ListItem\",\"position\":3,\"name\":\"Imprimante HP 9013\"}]},{\"@type\":\"WebSite\",\"@id\":\"https:\\\/\\\/papex.sn\\\/#website\",\"url\":\"https:\\\/\\\/papex.sn\\\/\",\"name\":\"PAPEX\",\"description\":\"Papeterie Express\",\"publisher\":{\"@id\":\"https:\\\/\\\/papex.sn\\\/#organization\"},\"potentialAction\":[{\"@type\":\"SearchAction\",\"target\":{\"@type\":\"EntryPoint\",\"urlTemplate\":\"https:\\\/\\\/papex.sn\\\/?s={search_term_string}\"},\"query-input\":{\"@type\":\"PropertyValueSpecification\",\"valueRequired\":true,\"valueName\":\"search_term_string\"}}],\"inLanguage\":\"fr-FR\"},{\"@type\":\"Organization\",\"@id\":\"https:\\\/\\\/papex.sn\\\/#organization\",\"name\":\"PAPEX\",\"url\":\"https:\\\/\\\/papex.sn\\\/\",\"logo\":{\"@type\":\"ImageObject\",\"inLanguage\":\"fr-FR\",\"@id\":\"https:\\\/\\\/papex.sn\\\/#\\\/schema\\\/logo\\\/image\\\/\",\"url\":\"https:\\\/\\\/papex.sn\\\/wp-content\\\/uploads\\\/2022\\\/05\\\/telechargement-1.jpg\",\"contentUrl\":\"https:\\\/\\\/papex.sn\\\/wp-content\\\/uploads\\\/2022\\\/05\\\/telechargement-1.jpg\",\"width\":299,\"height\":168,\"caption\":\"PAPEX\"},\"image\":{\"@id\":\"https:\\\/\\\/papex.sn\\\/#\\\/schema\\\/logo\\\/image\\\/\"},\"sameAs\":[\"https:\\\/\\\/www.facebook.com\\\/PapexSarl\",\"https:\\\/\\\/www.instagram.com\\\/papex.sarl\\\/\"]}]}<\/script>\n<!-- \/ Yoast SEO plugin. -->","yoast_head_json":{"title":"Imprimante HP 9013 - PAPEX","robots":{"index":"index","follow":"follow","max-snippet":"max-snippet:-1","max-image-preview":"max-image-preview:large","max-video-preview":"max-video-preview:-1"},"canonical":"https:\/\/papex.sn\/?product=imprimante-hp-9013","og_locale":"fr_FR","og_type":"article","og_title":"Imprimante HP 9013 - PAPEX","og_description":"Imprimante \u00e0 s\u00e9curit\u00e9 dynamique Certaines imprimantes HP sont con\u00e7ues pour fonctionner uniquement avec des cartouches dot\u00e9es d'une puce ou de circuits \u00e9lectroniques HP neufs ou r\u00e9utilis\u00e9s.\u00a0Ces imprimantes utilisent des mesures de s\u00e9curit\u00e9 dynamiques pour bloquer les cartouches \u00e0 l'aide d'une puce ou de circuits \u00e9lectroniques non HP.\u00a0Des mises \u00e0 jour p\u00e9riodiques du micrologiciel maintiendront l'efficacit\u00e9 de ces mesures et bloqueront les cartouches qui fonctionnaient auparavant.\u00a0Les puces HP et les circuits \u00e9lectroniques r\u00e9utilis\u00e9s permettent l'utilisation de cartouches r\u00e9utilis\u00e9es, remises \u00e0 neuf et recharg\u00e9es.","og_url":"https:\/\/papex.sn\/?product=imprimante-hp-9013","og_site_name":"PAPEX","article_publisher":"https:\/\/www.facebook.com\/PapexSarl","article_modified_time":"2024-07-09T10:03:40+00:00","og_image":[{"width":800,"height":600,"url":"https:\/\/papex.sn\/wp-content\/uploads\/2022\/10\/c06265670.png","type":"image\/png"}],"twitter_card":"summary_large_image","schema":{"@context":"https:\/\/schema.org","@graph":[{"@type":"WebPage","@id":"https:\/\/papex.sn\/?product=imprimante-hp-9013","url":"https:\/\/papex.sn\/?product=imprimante-hp-9013","name":"Imprimante HP 9013 - PAPEX","isPartOf":{"@id":"https:\/\/papex.sn\/#website"},"primaryImageOfPage":{"@id":"https:\/\/papex.sn\/?product=imprimante-hp-9013#primaryimage"},"image":{"@id":"https:\/\/papex.sn\/?product=imprimante-hp-9013#primaryimage"},"thumbnailUrl":"https:\/\/papex.sn\/wp-content\/uploads\/2022\/10\/c06265670.png","datePublished":"2022-10-21T11:41:27+00:00","dateModified":"2024-07-09T10:03:40+00:00","breadcrumb":{"@id":"https:\/\/papex.sn\/?product=imprimante-hp-9013#breadcrumb"},"inLanguage":"fr-FR","potentialAction":[{"@type":"ReadAction","target":["https:\/\/papex.sn\/?product=imprimante-hp-9013"]}]},{"@type":"ImageObject","inLanguage":"fr-FR","@id":"https:\/\/papex.sn\/?product=imprimante-hp-9013#primaryimage","url":"https:\/\/papex.sn\/wp-content\/uploads\/2022\/10\/c06265670.png","contentUrl":"https:\/\/papex.sn\/wp-content\/uploads\/2022\/10\/c06265670.png","width":800,"height":600},{"@type":"BreadcrumbList","@id":"https:\/\/papex.sn\/?product=imprimante-hp-9013#breadcrumb","itemListElement":[{"@type":"ListItem","position":1,"name":"Accueil","item":"https:\/\/papex.sn\/"},{"@type":"ListItem","position":2,"name":"Boutique","item":"https:\/\/papex.sn\/?page_id=388"},{"@type":"ListItem","position":3,"name":"Imprimante HP 9013"}]},{"@type":"WebSite","@id":"https:\/\/papex.sn\/#website","url":"https:\/\/papex.sn\/","name":"PAPEX","description":"Papeterie Express","publisher":{"@id":"https:\/\/papex.sn\/#organization"},"potentialAction":[{"@type":"SearchAction","target":{"@type":"EntryPoint","urlTemplate":"https:\/\/papex.sn\/?s={search_term_string}"},"query-input":{"@type":"PropertyValueSpecification","valueRequired":true,"valueName":"search_term_string"}}],"inLanguage":"fr-FR"},{"@type":"Organization","@id":"https:\/\/papex.sn\/#organization","name":"PAPEX","url":"https:\/\/papex.sn\/","logo":{"@type":"ImageObject","inLanguage":"fr-FR","@id":"https:\/\/papex.sn\/#\/schema\/logo\/image\/","url":"https:\/\/papex.sn\/wp-content\/uploads\/2022\/05\/telechargement-1.jpg","contentUrl":"https:\/\/papex.sn\/wp-content\/uploads\/2022\/05\/telechargement-1.jpg","width":299,"height":168,"caption":"PAPEX"},"image":{"@id":"https:\/\/papex.sn\/#\/schema\/logo\/image\/"},"sameAs":["https:\/\/www.facebook.com\/PapexSarl","https:\/\/www.instagram.com\/papex.sarl\/"]}]}},"_links":{"self":[{"href":"https:\/\/papex.sn\/index.php?rest_route=\/wp\/v2\/product\/2761","targetHints":{"allow":["GET"]}}],"collection":[{"href":"https:\/\/papex.sn\/index.php?rest_route=\/wp\/v2\/product"}],"about":[{"href":"https:\/\/papex.sn\/index.php?rest_route=\/wp\/v2\/types\/product"}],"replies":[{"embeddable":true,"href":"https:\/\/papex.sn\/index.php?rest_route=%2Fwp%2Fv2%2Fcomments&post=2761"}],"version-history":[{"count":1,"href":"https:\/\/papex.sn\/index.php?rest_route=\/wp\/v2\/product\/2761\/revisions"}],"predecessor-version":[{"id":3441,"href":"https:\/\/papex.sn\/index.php?rest_route=\/wp\/v2\/product\/2761\/revisions\/3441"}],"wp:featuredmedia":[{"embeddable":true,"href":"https:\/\/papex.sn\/index.php?rest_route=\/wp\/v2\/media\/2760"}],"wp:attachment":[{"href":"https:\/\/papex.sn\/index.php?rest_route=%2Fwp%2Fv2%2Fmedia&parent=2761"}],"wp:term":[{"taxonomy":"product_brand","embeddable":true,"href":"https:\/\/papex.sn\/index.php?rest_route=%2Fwp%2Fv2%2Fproduct_brand&post=2761"},{"taxonomy":"product_cat","embeddable":true,"href":"https:\/\/papex.sn\/index.php?rest_route=%2Fwp%2Fv2%2Fproduct_cat&post=2761"},{"taxonomy":"product_tag","embeddable":true,"href":"https:\/\/papex.sn\/index.php?rest_route=%2Fwp%2Fv2%2Fproduct_tag&post=2761"}],"curies":[{"name":"wp","href":"https:\/\/api.w.org\/{rel}","templated":true}]}}