{"id":2757,"date":"2022-10-21T11:41:21","date_gmt":"2022-10-21T11:41:21","guid":{"rendered":"https:\/\/papex.sn\/?product=imprimante-hp-m130fn-noir-blanc"},"modified":"2024-07-09T10:03:57","modified_gmt":"2024-07-09T10:03:57","slug":"imprimante-hp-m130fn-noir-blanc","status":"publish","type":"product","link":"https:\/\/papex.sn\/?product=imprimante-hp-m130fn-noir-blanc","title":{"rendered":"Imprimante HP M130FN noir\/blanc"},"content":{"rendered":"<p>CARACT\u00c9RISTIQUES G\u00c9N\u00c9RALES<br \/>\nType de produit\tMultifonction laser monochrome<br \/>\nDate de lancement\t15\/09\/2016<br \/>\nVolume d&rsquo;impression maximum mensuel (duty cycle)\t10000 pages \/ mois<br \/>\nCartouche de d\u00e9marrage noir livr\u00e9e\t700 pages<br \/>\nProcesseur\t600 MHz<br \/>\nCapacit\u00e9 m\u00e9moire RAM (Standard)\t256 Mo<br \/>\nCapacit\u00e9 m\u00e9moire (Maximum)\t256 Mo<br \/>\nAffichage\t\u00c9cran LCD (N&#038;B) \/ 2 lignes avec pav\u00e9<br \/>\nCycle d&rsquo;utilisation mensuel conseill\u00e9 (min.)\t150 pages \/ mois<br \/>\nCycle d&rsquo;utilisation mensuel conseill\u00e9 (max.)\t1500 pages \/ mois<br \/>\nGESTION DES SUPPORTS<br \/>\nFormat de papier\tA4<br \/>\nRecto\/verso automatique<br \/>\nNombre de bacs papier en entr\u00e9e (Standard)\t1 bac(s)<br \/>\nNombre de bacs papier en entr\u00e9e (Maximum)\t1 bac(s)<br \/>\nCapacit\u00e9 papier en sortie (Standard)\t100 feuilles<br \/>\nCapacit\u00e9 papier en sortie (Maximum)\t100 feuilles<br \/>\nSortie papier\t100 feuilles face dessous<br \/>\nGrammage du support\tBac Multiformat : 60 \u00e0 135 g\/m\u00b2<br \/>\nFormat papier CAD\tA4<br \/>\nPoids papier CAD (min)\t70 g\/m\u00b2<br \/>\nPoids papier CAD (min)\t90 g\/m\u00b2<br \/>\nIMPRESSION<br \/>\nR\u00e9solution d&rsquo;impression monochrome (Maximum)\t1200 x 1200 ppp<br \/>\nVitesse d&rsquo;impression 1\u00e8re page monochrome\t7,3 s<br \/>\nVitesse d&rsquo;impression (noir, A4)\t23 ppm<br \/>\nCOPIEUR<br \/>\nR\u00e9solution de copie (monochrome)\t600 x 400 ppp<br \/>\nVitesse de copie 1\u00e8re page (monochrome)\t7,3 s<br \/>\nVitesse de copie A4 (noir)\t22 cpm<br \/>\nSCANNER<br \/>\nR\u00e9solution de num\u00e9risation monochrome\t1200 x 1200 ppp<br \/>\nR\u00e9solution de num\u00e9risation couleur\t1200 x 1200 ppp<br \/>\nVitesse de num\u00e9risation noir et blanc\t12 s\/page<br \/>\nIMPRESSION EN MOBILIT\u00c9<br \/>\nImpression mobile\tApple AirPrint<br \/>\nGoogle Cloud Print<br \/>\nHP ePrint<br \/>\nMopria Print Service<br \/>\nEFFICACIT\u00c9 ET DURABILIT\u00c9<br \/>\nConsommation \u00e9nerg\u00e9tique (impression)\t255 Watts<br \/>\nConsommation \u00e9nerg\u00e9tique (attente)\t4,2 Watts<br \/>\nConsommation \u00e9nerg\u00e9tique (veille)\t1 Watts<br \/>\nConsommation Energ\u00e9tique Typique (TEC)\t0,57 kWh\/semaine<br \/>\nCertification EnergyStar<br \/>\nCertification Blue Angel<br \/>\nINTERFACE ET LOGICIELS<br \/>\nConnectivit\u00e9s ports\tEthernet<br \/>\nUSB 2.0<br \/>\nLangages d&rsquo;impression (\u00e9mulations)\tPCLmS<br \/>\nURF<br \/>\nPWG<br \/>\nT\u00c9L\u00c9COPIEUR<br \/>\nVitesse du modem\t33,6 kbit\/s<br \/>\nM\u00e9moire r\u00e9ception\t1000 pages<br \/>\nVitesse de transmission\t3 s<\/p>\n","protected":false},"excerpt":{"rendered":"<p>&#8211; Imprimez, num\u00e9risez et copiez gr\u00e2ce \u00e0 l&rsquo;imprimante multifonction LaserJet la plus petite de HP con\u00e7ue pour s\u2019adapter aux espaces r\u00e9duits.<br \/>\n&#8211; Attendez moins ! Imprimez jusqu&rsquo;\u00e0 22 pages par minute avec une sortie des premi\u00e8res pages en 7,3 secondes seulement.<br \/>\n&#8211; Economisez l&rsquo;\u00e9nergie gr\u00e2ce \u00e0 la technologie HP Auto-On\/Auto-Off.<br \/>\n&#8211; Capturez rapidement des documents recto-verso en quelques \u00e9tapes seulement.<\/p>\n","protected":false},"featured_media":2756,"comment_status":"open","ping_status":"closed","template":"","meta":[],"product_brand":[],"product_cat":[39,114],"product_tag":[],"class_list":{"0":"post-2757","1":"product","2":"type-product","3":"status-publish","4":"has-post-thumbnail","6":"product_cat-bureautique-informatique","7":"product_cat-imprimantes","9":"first","10":"instock","11":"shipping-taxable","12":"product-type-simple"},"yoast_head":"<!-- This site is optimized with the Yoast SEO plugin v27.5 - https:\/\/yoast.com\/product\/yoast-seo-wordpress\/ -->\n<title>Imprimante HP M130FN noir\/blanc - PAPEX<\/title>\n<meta name=\"robots\" content=\"index, follow, max-snippet:-1, max-image-preview:large, max-video-preview:-1\" \/>\n<link rel=\"canonical\" href=\"https:\/\/papex.sn\/?product=imprimante-hp-m130fn-noir-blanc\" \/>\n<meta property=\"og:locale\" content=\"fr_FR\" \/>\n<meta property=\"og:type\" content=\"article\" \/>\n<meta property=\"og:title\" content=\"Imprimante HP M130FN noir\/blanc - PAPEX\" \/>\n<meta property=\"og:description\" content=\"- Imprimez, num\u00e9risez et copiez gr\u00e2ce \u00e0 l&#039;imprimante multifonction LaserJet la plus petite de HP con\u00e7ue pour s\u2019adapter aux espaces r\u00e9duits. - Attendez moins ! Imprimez jusqu&#039;\u00e0 22 pages par minute avec une sortie des premi\u00e8res pages en 7,3 secondes seulement. - Economisez l&#039;\u00e9nergie gr\u00e2ce \u00e0 la technologie HP Auto-On\/Auto-Off. - Capturez rapidement des documents recto-verso en quelques \u00e9tapes seulement.\" \/>\n<meta property=\"og:url\" content=\"https:\/\/papex.sn\/?product=imprimante-hp-m130fn-noir-blanc\" \/>\n<meta property=\"og:site_name\" content=\"PAPEX\" \/>\n<meta property=\"article:publisher\" content=\"https:\/\/www.facebook.com\/PapexSarl\" \/>\n<meta property=\"article:modified_time\" content=\"2024-07-09T10:03:57+00:00\" \/>\n<meta property=\"og:image\" content=\"https:\/\/papex.sn\/wp-content\/uploads\/2022\/10\/8320e57bb1b07b9c001e0eb1656aa628.jpg\" \/>\n\t<meta property=\"og:image:width\" content=\"699\" \/>\n\t<meta property=\"og:image:height\" content=\"600\" \/>\n\t<meta property=\"og:image:type\" content=\"image\/jpeg\" \/>\n<meta name=\"twitter:card\" content=\"summary_large_image\" \/>\n<meta name=\"twitter:label1\" content=\"Dur\u00e9e de lecture estim\u00e9e\" \/>\n\t<meta name=\"twitter:data1\" content=\"1 minute\" \/>\n<script type=\"application\/ld+json\" class=\"yoast-schema-graph\">{\"@context\":\"https:\\\/\\\/schema.org\",\"@graph\":[{\"@type\":\"WebPage\",\"@id\":\"https:\\\/\\\/papex.sn\\\/?product=imprimante-hp-m130fn-noir-blanc\",\"url\":\"https:\\\/\\\/papex.sn\\\/?product=imprimante-hp-m130fn-noir-blanc\",\"name\":\"Imprimante HP M130FN noir\\\/blanc - PAPEX\",\"isPartOf\":{\"@id\":\"https:\\\/\\\/papex.sn\\\/#website\"},\"primaryImageOfPage\":{\"@id\":\"https:\\\/\\\/papex.sn\\\/?product=imprimante-hp-m130fn-noir-blanc#primaryimage\"},\"image\":{\"@id\":\"https:\\\/\\\/papex.sn\\\/?product=imprimante-hp-m130fn-noir-blanc#primaryimage\"},\"thumbnailUrl\":\"https:\\\/\\\/papex.sn\\\/wp-content\\\/uploads\\\/2022\\\/10\\\/8320e57bb1b07b9c001e0eb1656aa628.jpg\",\"datePublished\":\"2022-10-21T11:41:21+00:00\",\"dateModified\":\"2024-07-09T10:03:57+00:00\",\"breadcrumb\":{\"@id\":\"https:\\\/\\\/papex.sn\\\/?product=imprimante-hp-m130fn-noir-blanc#breadcrumb\"},\"inLanguage\":\"fr-FR\",\"potentialAction\":[{\"@type\":\"ReadAction\",\"target\":[\"https:\\\/\\\/papex.sn\\\/?product=imprimante-hp-m130fn-noir-blanc\"]}]},{\"@type\":\"ImageObject\",\"inLanguage\":\"fr-FR\",\"@id\":\"https:\\\/\\\/papex.sn\\\/?product=imprimante-hp-m130fn-noir-blanc#primaryimage\",\"url\":\"https:\\\/\\\/papex.sn\\\/wp-content\\\/uploads\\\/2022\\\/10\\\/8320e57bb1b07b9c001e0eb1656aa628.jpg\",\"contentUrl\":\"https:\\\/\\\/papex.sn\\\/wp-content\\\/uploads\\\/2022\\\/10\\\/8320e57bb1b07b9c001e0eb1656aa628.jpg\",\"width\":699,\"height\":600},{\"@type\":\"BreadcrumbList\",\"@id\":\"https:\\\/\\\/papex.sn\\\/?product=imprimante-hp-m130fn-noir-blanc#breadcrumb\",\"itemListElement\":[{\"@type\":\"ListItem\",\"position\":1,\"name\":\"Accueil\",\"item\":\"https:\\\/\\\/papex.sn\\\/\"},{\"@type\":\"ListItem\",\"position\":2,\"name\":\"Boutique\",\"item\":\"https:\\\/\\\/papex.sn\\\/?page_id=388\"},{\"@type\":\"ListItem\",\"position\":3,\"name\":\"Imprimante HP M130FN noir\\\/blanc\"}]},{\"@type\":\"WebSite\",\"@id\":\"https:\\\/\\\/papex.sn\\\/#website\",\"url\":\"https:\\\/\\\/papex.sn\\\/\",\"name\":\"PAPEX\",\"description\":\"Papeterie Express\",\"publisher\":{\"@id\":\"https:\\\/\\\/papex.sn\\\/#organization\"},\"potentialAction\":[{\"@type\":\"SearchAction\",\"target\":{\"@type\":\"EntryPoint\",\"urlTemplate\":\"https:\\\/\\\/papex.sn\\\/?s={search_term_string}\"},\"query-input\":{\"@type\":\"PropertyValueSpecification\",\"valueRequired\":true,\"valueName\":\"search_term_string\"}}],\"inLanguage\":\"fr-FR\"},{\"@type\":\"Organization\",\"@id\":\"https:\\\/\\\/papex.sn\\\/#organization\",\"name\":\"PAPEX\",\"url\":\"https:\\\/\\\/papex.sn\\\/\",\"logo\":{\"@type\":\"ImageObject\",\"inLanguage\":\"fr-FR\",\"@id\":\"https:\\\/\\\/papex.sn\\\/#\\\/schema\\\/logo\\\/image\\\/\",\"url\":\"https:\\\/\\\/papex.sn\\\/wp-content\\\/uploads\\\/2022\\\/05\\\/telechargement-1.jpg\",\"contentUrl\":\"https:\\\/\\\/papex.sn\\\/wp-content\\\/uploads\\\/2022\\\/05\\\/telechargement-1.jpg\",\"width\":299,\"height\":168,\"caption\":\"PAPEX\"},\"image\":{\"@id\":\"https:\\\/\\\/papex.sn\\\/#\\\/schema\\\/logo\\\/image\\\/\"},\"sameAs\":[\"https:\\\/\\\/www.facebook.com\\\/PapexSarl\",\"https:\\\/\\\/www.instagram.com\\\/papex.sarl\\\/\"]}]}<\/script>\n<!-- \/ Yoast SEO plugin. -->","yoast_head_json":{"title":"Imprimante HP M130FN noir\/blanc - PAPEX","robots":{"index":"index","follow":"follow","max-snippet":"max-snippet:-1","max-image-preview":"max-image-preview:large","max-video-preview":"max-video-preview:-1"},"canonical":"https:\/\/papex.sn\/?product=imprimante-hp-m130fn-noir-blanc","og_locale":"fr_FR","og_type":"article","og_title":"Imprimante HP M130FN noir\/blanc - PAPEX","og_description":"- Imprimez, num\u00e9risez et copiez gr\u00e2ce \u00e0 l'imprimante multifonction LaserJet la plus petite de HP con\u00e7ue pour s\u2019adapter aux espaces r\u00e9duits. - Attendez moins ! Imprimez jusqu'\u00e0 22 pages par minute avec une sortie des premi\u00e8res pages en 7,3 secondes seulement. - Economisez l'\u00e9nergie gr\u00e2ce \u00e0 la technologie HP Auto-On\/Auto-Off. - Capturez rapidement des documents recto-verso en quelques \u00e9tapes seulement.","og_url":"https:\/\/papex.sn\/?product=imprimante-hp-m130fn-noir-blanc","og_site_name":"PAPEX","article_publisher":"https:\/\/www.facebook.com\/PapexSarl","article_modified_time":"2024-07-09T10:03:57+00:00","og_image":[{"width":699,"height":600,"url":"https:\/\/papex.sn\/wp-content\/uploads\/2022\/10\/8320e57bb1b07b9c001e0eb1656aa628.jpg","type":"image\/jpeg"}],"twitter_card":"summary_large_image","twitter_misc":{"Dur\u00e9e de lecture estim\u00e9e":"1 minute"},"schema":{"@context":"https:\/\/schema.org","@graph":[{"@type":"WebPage","@id":"https:\/\/papex.sn\/?product=imprimante-hp-m130fn-noir-blanc","url":"https:\/\/papex.sn\/?product=imprimante-hp-m130fn-noir-blanc","name":"Imprimante HP M130FN noir\/blanc - PAPEX","isPartOf":{"@id":"https:\/\/papex.sn\/#website"},"primaryImageOfPage":{"@id":"https:\/\/papex.sn\/?product=imprimante-hp-m130fn-noir-blanc#primaryimage"},"image":{"@id":"https:\/\/papex.sn\/?product=imprimante-hp-m130fn-noir-blanc#primaryimage"},"thumbnailUrl":"https:\/\/papex.sn\/wp-content\/uploads\/2022\/10\/8320e57bb1b07b9c001e0eb1656aa628.jpg","datePublished":"2022-10-21T11:41:21+00:00","dateModified":"2024-07-09T10:03:57+00:00","breadcrumb":{"@id":"https:\/\/papex.sn\/?product=imprimante-hp-m130fn-noir-blanc#breadcrumb"},"inLanguage":"fr-FR","potentialAction":[{"@type":"ReadAction","target":["https:\/\/papex.sn\/?product=imprimante-hp-m130fn-noir-blanc"]}]},{"@type":"ImageObject","inLanguage":"fr-FR","@id":"https:\/\/papex.sn\/?product=imprimante-hp-m130fn-noir-blanc#primaryimage","url":"https:\/\/papex.sn\/wp-content\/uploads\/2022\/10\/8320e57bb1b07b9c001e0eb1656aa628.jpg","contentUrl":"https:\/\/papex.sn\/wp-content\/uploads\/2022\/10\/8320e57bb1b07b9c001e0eb1656aa628.jpg","width":699,"height":600},{"@type":"BreadcrumbList","@id":"https:\/\/papex.sn\/?product=imprimante-hp-m130fn-noir-blanc#breadcrumb","itemListElement":[{"@type":"ListItem","position":1,"name":"Accueil","item":"https:\/\/papex.sn\/"},{"@type":"ListItem","position":2,"name":"Boutique","item":"https:\/\/papex.sn\/?page_id=388"},{"@type":"ListItem","position":3,"name":"Imprimante HP M130FN noir\/blanc"}]},{"@type":"WebSite","@id":"https:\/\/papex.sn\/#website","url":"https:\/\/papex.sn\/","name":"PAPEX","description":"Papeterie Express","publisher":{"@id":"https:\/\/papex.sn\/#organization"},"potentialAction":[{"@type":"SearchAction","target":{"@type":"EntryPoint","urlTemplate":"https:\/\/papex.sn\/?s={search_term_string}"},"query-input":{"@type":"PropertyValueSpecification","valueRequired":true,"valueName":"search_term_string"}}],"inLanguage":"fr-FR"},{"@type":"Organization","@id":"https:\/\/papex.sn\/#organization","name":"PAPEX","url":"https:\/\/papex.sn\/","logo":{"@type":"ImageObject","inLanguage":"fr-FR","@id":"https:\/\/papex.sn\/#\/schema\/logo\/image\/","url":"https:\/\/papex.sn\/wp-content\/uploads\/2022\/05\/telechargement-1.jpg","contentUrl":"https:\/\/papex.sn\/wp-content\/uploads\/2022\/05\/telechargement-1.jpg","width":299,"height":168,"caption":"PAPEX"},"image":{"@id":"https:\/\/papex.sn\/#\/schema\/logo\/image\/"},"sameAs":["https:\/\/www.facebook.com\/PapexSarl","https:\/\/www.instagram.com\/papex.sarl\/"]}]}},"_links":{"self":[{"href":"https:\/\/papex.sn\/index.php?rest_route=\/wp\/v2\/product\/2757","targetHints":{"allow":["GET"]}}],"collection":[{"href":"https:\/\/papex.sn\/index.php?rest_route=\/wp\/v2\/product"}],"about":[{"href":"https:\/\/papex.sn\/index.php?rest_route=\/wp\/v2\/types\/product"}],"replies":[{"embeddable":true,"href":"https:\/\/papex.sn\/index.php?rest_route=%2Fwp%2Fv2%2Fcomments&post=2757"}],"version-history":[{"count":1,"href":"https:\/\/papex.sn\/index.php?rest_route=\/wp\/v2\/product\/2757\/revisions"}],"predecessor-version":[{"id":3443,"href":"https:\/\/papex.sn\/index.php?rest_route=\/wp\/v2\/product\/2757\/revisions\/3443"}],"wp:featuredmedia":[{"embeddable":true,"href":"https:\/\/papex.sn\/index.php?rest_route=\/wp\/v2\/media\/2756"}],"wp:attachment":[{"href":"https:\/\/papex.sn\/index.php?rest_route=%2Fwp%2Fv2%2Fmedia&parent=2757"}],"wp:term":[{"taxonomy":"product_brand","embeddable":true,"href":"https:\/\/papex.sn\/index.php?rest_route=%2Fwp%2Fv2%2Fproduct_brand&post=2757"},{"taxonomy":"product_cat","embeddable":true,"href":"https:\/\/papex.sn\/index.php?rest_route=%2Fwp%2Fv2%2Fproduct_cat&post=2757"},{"taxonomy":"product_tag","embeddable":true,"href":"https:\/\/papex.sn\/index.php?rest_route=%2Fwp%2Fv2%2Fproduct_tag&post=2757"}],"curies":[{"name":"wp","href":"https:\/\/api.w.org\/{rel}","templated":true}]}}