{"id":2755,"date":"2022-10-21T11:41:20","date_gmt":"2022-10-21T11:41:20","guid":{"rendered":"https:\/\/papex.sn\/?product=imprimante-hp-m283fdw-couleur"},"modified":"2024-07-09T10:04:04","modified_gmt":"2024-07-09T10:04:04","slug":"imprimante-hp-m283fdw-couleur","status":"publish","type":"product","link":"https:\/\/papex.sn\/?product=imprimante-hp-m283fdw-couleur","title":{"rendered":"Imprimante hp m283fdw couleur"},"content":{"rendered":"<p> De plus, automatisez les t\u00e2ches r\u00e9p\u00e9titives et organisez les documents 50 % plus rapidement gr\u00e2ce aux fonctionnalit\u00e9s bureautiques exclusives de l&rsquo;application HP Smart. Effectuez rapidement vos t\u00e2ches avec des capacit\u00e9s d&rsquo;impression, de num\u00e9risation, de copie et de t\u00e9l\u00e9copie, des vitesses d&rsquo;impression allant jusqu&rsquo;\u00e0 22 ppm et un \u00e9cran tactile couleur de 2,7 po facile \u00e0 utiliser. Restez productif avec la capacit\u00e9 d&rsquo;alimentation de 250 feuilles et le document automatique de 50 pages de cette imprimante sans fil Et gardez votre bureau connect\u00e9 et prot\u00e9g\u00e9 gr\u00e2ce au Wi-Fi double bande de cette imprimante HP LaserJet et \u00e0 la s\u00e9curit\u00e9 renforc\u00e9e con\u00e7ue pour d\u00e9tecter et arr\u00eater les attaques.<\/p>\n","protected":false},"excerpt":{"rendered":"<p>Obtenez des performances sans fil extraordinaires et une polyvalence multifonction rapide avec l&rsquo;imprimante laser tout-en-un sans fil HP Color LaserJet Pro M283fdw. Cette imprimante laser couleur vous permet d&rsquo;imprimer et de num\u00e9riser facilement \u00e0 partir de votre appareil mobile avec HP Smart, la meilleure application d&rsquo;impression mobile de HP ;<\/p>\n","protected":false},"featured_media":2754,"comment_status":"open","ping_status":"closed","template":"","meta":[],"product_brand":[],"product_cat":[39,114],"product_tag":[],"class_list":{"0":"post-2755","1":"product","2":"type-product","3":"status-publish","4":"has-post-thumbnail","6":"product_cat-bureautique-informatique","7":"product_cat-imprimantes","9":"first","10":"instock","11":"shipping-taxable","12":"product-type-simple"},"yoast_head":"<!-- This site is optimized with the Yoast SEO plugin v27.4 - https:\/\/yoast.com\/product\/yoast-seo-wordpress\/ -->\n<title>Imprimante hp m283fdw couleur - PAPEX<\/title>\n<meta name=\"robots\" content=\"index, follow, max-snippet:-1, max-image-preview:large, max-video-preview:-1\" \/>\n<link rel=\"canonical\" href=\"https:\/\/papex.sn\/?product=imprimante-hp-m283fdw-couleur\" \/>\n<meta property=\"og:locale\" content=\"fr_FR\" \/>\n<meta property=\"og:type\" content=\"article\" \/>\n<meta property=\"og:title\" content=\"Imprimante hp m283fdw couleur - PAPEX\" \/>\n<meta property=\"og:description\" content=\"Obtenez des performances sans fil extraordinaires et une polyvalence multifonction rapide avec l&#039;imprimante laser tout-en-un sans fil HP Color LaserJet Pro M283fdw. Cette imprimante laser couleur vous permet d&#039;imprimer et de num\u00e9riser facilement \u00e0 partir de votre appareil mobile avec HP Smart, la meilleure application d&#039;impression mobile de HP ;\" \/>\n<meta property=\"og:url\" content=\"https:\/\/papex.sn\/?product=imprimante-hp-m283fdw-couleur\" \/>\n<meta property=\"og:site_name\" content=\"PAPEX\" \/>\n<meta property=\"article:publisher\" content=\"https:\/\/www.facebook.com\/PapexSarl\" \/>\n<meta property=\"article:modified_time\" content=\"2024-07-09T10:04:04+00:00\" \/>\n<meta property=\"og:image\" content=\"https:\/\/papex.sn\/wp-content\/uploads\/2022\/10\/Imprimante-Multifonction-Laserjet-Couleur-4-en-1-HP-M283FDW..jpg\" \/>\n\t<meta property=\"og:image:width\" content=\"600\" \/>\n\t<meta property=\"og:image:height\" content=\"600\" \/>\n\t<meta property=\"og:image:type\" content=\"image\/jpeg\" \/>\n<meta name=\"twitter:card\" content=\"summary_large_image\" \/>\n<meta name=\"twitter:label1\" content=\"Dur\u00e9e de lecture estim\u00e9e\" \/>\n\t<meta name=\"twitter:data1\" content=\"1 minute\" \/>\n<script type=\"application\/ld+json\" class=\"yoast-schema-graph\">{\"@context\":\"https:\\\/\\\/schema.org\",\"@graph\":[{\"@type\":\"WebPage\",\"@id\":\"https:\\\/\\\/papex.sn\\\/?product=imprimante-hp-m283fdw-couleur\",\"url\":\"https:\\\/\\\/papex.sn\\\/?product=imprimante-hp-m283fdw-couleur\",\"name\":\"Imprimante hp m283fdw couleur - PAPEX\",\"isPartOf\":{\"@id\":\"https:\\\/\\\/papex.sn\\\/#website\"},\"primaryImageOfPage\":{\"@id\":\"https:\\\/\\\/papex.sn\\\/?product=imprimante-hp-m283fdw-couleur#primaryimage\"},\"image\":{\"@id\":\"https:\\\/\\\/papex.sn\\\/?product=imprimante-hp-m283fdw-couleur#primaryimage\"},\"thumbnailUrl\":\"https:\\\/\\\/papex.sn\\\/wp-content\\\/uploads\\\/2022\\\/10\\\/Imprimante-Multifonction-Laserjet-Couleur-4-en-1-HP-M283FDW..jpg\",\"datePublished\":\"2022-10-21T11:41:20+00:00\",\"dateModified\":\"2024-07-09T10:04:04+00:00\",\"breadcrumb\":{\"@id\":\"https:\\\/\\\/papex.sn\\\/?product=imprimante-hp-m283fdw-couleur#breadcrumb\"},\"inLanguage\":\"fr-FR\",\"potentialAction\":[{\"@type\":\"ReadAction\",\"target\":[\"https:\\\/\\\/papex.sn\\\/?product=imprimante-hp-m283fdw-couleur\"]}]},{\"@type\":\"ImageObject\",\"inLanguage\":\"fr-FR\",\"@id\":\"https:\\\/\\\/papex.sn\\\/?product=imprimante-hp-m283fdw-couleur#primaryimage\",\"url\":\"https:\\\/\\\/papex.sn\\\/wp-content\\\/uploads\\\/2022\\\/10\\\/Imprimante-Multifonction-Laserjet-Couleur-4-en-1-HP-M283FDW..jpg\",\"contentUrl\":\"https:\\\/\\\/papex.sn\\\/wp-content\\\/uploads\\\/2022\\\/10\\\/Imprimante-Multifonction-Laserjet-Couleur-4-en-1-HP-M283FDW..jpg\",\"width\":600,\"height\":600},{\"@type\":\"BreadcrumbList\",\"@id\":\"https:\\\/\\\/papex.sn\\\/?product=imprimante-hp-m283fdw-couleur#breadcrumb\",\"itemListElement\":[{\"@type\":\"ListItem\",\"position\":1,\"name\":\"Accueil\",\"item\":\"https:\\\/\\\/papex.sn\\\/\"},{\"@type\":\"ListItem\",\"position\":2,\"name\":\"Boutique\",\"item\":\"https:\\\/\\\/papex.sn\\\/?page_id=388\"},{\"@type\":\"ListItem\",\"position\":3,\"name\":\"Imprimante hp m283fdw couleur\"}]},{\"@type\":\"WebSite\",\"@id\":\"https:\\\/\\\/papex.sn\\\/#website\",\"url\":\"https:\\\/\\\/papex.sn\\\/\",\"name\":\"PAPEX\",\"description\":\"Papeterie Express\",\"publisher\":{\"@id\":\"https:\\\/\\\/papex.sn\\\/#organization\"},\"potentialAction\":[{\"@type\":\"SearchAction\",\"target\":{\"@type\":\"EntryPoint\",\"urlTemplate\":\"https:\\\/\\\/papex.sn\\\/?s={search_term_string}\"},\"query-input\":{\"@type\":\"PropertyValueSpecification\",\"valueRequired\":true,\"valueName\":\"search_term_string\"}}],\"inLanguage\":\"fr-FR\"},{\"@type\":\"Organization\",\"@id\":\"https:\\\/\\\/papex.sn\\\/#organization\",\"name\":\"PAPEX\",\"url\":\"https:\\\/\\\/papex.sn\\\/\",\"logo\":{\"@type\":\"ImageObject\",\"inLanguage\":\"fr-FR\",\"@id\":\"https:\\\/\\\/papex.sn\\\/#\\\/schema\\\/logo\\\/image\\\/\",\"url\":\"https:\\\/\\\/papex.sn\\\/wp-content\\\/uploads\\\/2022\\\/05\\\/telechargement-1.jpg\",\"contentUrl\":\"https:\\\/\\\/papex.sn\\\/wp-content\\\/uploads\\\/2022\\\/05\\\/telechargement-1.jpg\",\"width\":299,\"height\":168,\"caption\":\"PAPEX\"},\"image\":{\"@id\":\"https:\\\/\\\/papex.sn\\\/#\\\/schema\\\/logo\\\/image\\\/\"},\"sameAs\":[\"https:\\\/\\\/www.facebook.com\\\/PapexSarl\",\"https:\\\/\\\/www.instagram.com\\\/papex.sarl\\\/\"]}]}<\/script>\n<!-- \/ Yoast SEO plugin. -->","yoast_head_json":{"title":"Imprimante hp m283fdw couleur - PAPEX","robots":{"index":"index","follow":"follow","max-snippet":"max-snippet:-1","max-image-preview":"max-image-preview:large","max-video-preview":"max-video-preview:-1"},"canonical":"https:\/\/papex.sn\/?product=imprimante-hp-m283fdw-couleur","og_locale":"fr_FR","og_type":"article","og_title":"Imprimante hp m283fdw couleur - PAPEX","og_description":"Obtenez des performances sans fil extraordinaires et une polyvalence multifonction rapide avec l'imprimante laser tout-en-un sans fil HP Color LaserJet Pro M283fdw. Cette imprimante laser couleur vous permet d'imprimer et de num\u00e9riser facilement \u00e0 partir de votre appareil mobile avec HP Smart, la meilleure application d'impression mobile de HP ;","og_url":"https:\/\/papex.sn\/?product=imprimante-hp-m283fdw-couleur","og_site_name":"PAPEX","article_publisher":"https:\/\/www.facebook.com\/PapexSarl","article_modified_time":"2024-07-09T10:04:04+00:00","og_image":[{"width":600,"height":600,"url":"https:\/\/papex.sn\/wp-content\/uploads\/2022\/10\/Imprimante-Multifonction-Laserjet-Couleur-4-en-1-HP-M283FDW..jpg","type":"image\/jpeg"}],"twitter_card":"summary_large_image","twitter_misc":{"Dur\u00e9e de lecture estim\u00e9e":"1 minute"},"schema":{"@context":"https:\/\/schema.org","@graph":[{"@type":"WebPage","@id":"https:\/\/papex.sn\/?product=imprimante-hp-m283fdw-couleur","url":"https:\/\/papex.sn\/?product=imprimante-hp-m283fdw-couleur","name":"Imprimante hp m283fdw couleur - PAPEX","isPartOf":{"@id":"https:\/\/papex.sn\/#website"},"primaryImageOfPage":{"@id":"https:\/\/papex.sn\/?product=imprimante-hp-m283fdw-couleur#primaryimage"},"image":{"@id":"https:\/\/papex.sn\/?product=imprimante-hp-m283fdw-couleur#primaryimage"},"thumbnailUrl":"https:\/\/papex.sn\/wp-content\/uploads\/2022\/10\/Imprimante-Multifonction-Laserjet-Couleur-4-en-1-HP-M283FDW..jpg","datePublished":"2022-10-21T11:41:20+00:00","dateModified":"2024-07-09T10:04:04+00:00","breadcrumb":{"@id":"https:\/\/papex.sn\/?product=imprimante-hp-m283fdw-couleur#breadcrumb"},"inLanguage":"fr-FR","potentialAction":[{"@type":"ReadAction","target":["https:\/\/papex.sn\/?product=imprimante-hp-m283fdw-couleur"]}]},{"@type":"ImageObject","inLanguage":"fr-FR","@id":"https:\/\/papex.sn\/?product=imprimante-hp-m283fdw-couleur#primaryimage","url":"https:\/\/papex.sn\/wp-content\/uploads\/2022\/10\/Imprimante-Multifonction-Laserjet-Couleur-4-en-1-HP-M283FDW..jpg","contentUrl":"https:\/\/papex.sn\/wp-content\/uploads\/2022\/10\/Imprimante-Multifonction-Laserjet-Couleur-4-en-1-HP-M283FDW..jpg","width":600,"height":600},{"@type":"BreadcrumbList","@id":"https:\/\/papex.sn\/?product=imprimante-hp-m283fdw-couleur#breadcrumb","itemListElement":[{"@type":"ListItem","position":1,"name":"Accueil","item":"https:\/\/papex.sn\/"},{"@type":"ListItem","position":2,"name":"Boutique","item":"https:\/\/papex.sn\/?page_id=388"},{"@type":"ListItem","position":3,"name":"Imprimante hp m283fdw couleur"}]},{"@type":"WebSite","@id":"https:\/\/papex.sn\/#website","url":"https:\/\/papex.sn\/","name":"PAPEX","description":"Papeterie Express","publisher":{"@id":"https:\/\/papex.sn\/#organization"},"potentialAction":[{"@type":"SearchAction","target":{"@type":"EntryPoint","urlTemplate":"https:\/\/papex.sn\/?s={search_term_string}"},"query-input":{"@type":"PropertyValueSpecification","valueRequired":true,"valueName":"search_term_string"}}],"inLanguage":"fr-FR"},{"@type":"Organization","@id":"https:\/\/papex.sn\/#organization","name":"PAPEX","url":"https:\/\/papex.sn\/","logo":{"@type":"ImageObject","inLanguage":"fr-FR","@id":"https:\/\/papex.sn\/#\/schema\/logo\/image\/","url":"https:\/\/papex.sn\/wp-content\/uploads\/2022\/05\/telechargement-1.jpg","contentUrl":"https:\/\/papex.sn\/wp-content\/uploads\/2022\/05\/telechargement-1.jpg","width":299,"height":168,"caption":"PAPEX"},"image":{"@id":"https:\/\/papex.sn\/#\/schema\/logo\/image\/"},"sameAs":["https:\/\/www.facebook.com\/PapexSarl","https:\/\/www.instagram.com\/papex.sarl\/"]}]}},"_links":{"self":[{"href":"https:\/\/papex.sn\/index.php?rest_route=\/wp\/v2\/product\/2755","targetHints":{"allow":["GET"]}}],"collection":[{"href":"https:\/\/papex.sn\/index.php?rest_route=\/wp\/v2\/product"}],"about":[{"href":"https:\/\/papex.sn\/index.php?rest_route=\/wp\/v2\/types\/product"}],"replies":[{"embeddable":true,"href":"https:\/\/papex.sn\/index.php?rest_route=%2Fwp%2Fv2%2Fcomments&post=2755"}],"version-history":[{"count":1,"href":"https:\/\/papex.sn\/index.php?rest_route=\/wp\/v2\/product\/2755\/revisions"}],"predecessor-version":[{"id":3444,"href":"https:\/\/papex.sn\/index.php?rest_route=\/wp\/v2\/product\/2755\/revisions\/3444"}],"wp:featuredmedia":[{"embeddable":true,"href":"https:\/\/papex.sn\/index.php?rest_route=\/wp\/v2\/media\/2754"}],"wp:attachment":[{"href":"https:\/\/papex.sn\/index.php?rest_route=%2Fwp%2Fv2%2Fmedia&parent=2755"}],"wp:term":[{"taxonomy":"product_brand","embeddable":true,"href":"https:\/\/papex.sn\/index.php?rest_route=%2Fwp%2Fv2%2Fproduct_brand&post=2755"},{"taxonomy":"product_cat","embeddable":true,"href":"https:\/\/papex.sn\/index.php?rest_route=%2Fwp%2Fv2%2Fproduct_cat&post=2755"},{"taxonomy":"product_tag","embeddable":true,"href":"https:\/\/papex.sn\/index.php?rest_route=%2Fwp%2Fv2%2Fproduct_tag&post=2755"}],"curies":[{"name":"wp","href":"https:\/\/api.w.org\/{rel}","templated":true}]}}