{"id":2752,"date":"2022-10-20T16:45:50","date_gmt":"2022-10-20T16:45:50","guid":{"rendered":"https:\/\/papex.sn\/?product=cahier-192p-17x22-90g-seyes-pp-vert-calligraphe"},"modified":"2024-07-09T10:04:11","modified_gmt":"2024-07-09T10:04:11","slug":"cahier-192p-17x22-90g-seyes-pp-vert-calligraphe","status":"publish","type":"product","link":"https:\/\/papex.sn\/?product=cahier-192p-17x22-90g-seyes-pp-vert-calligraphe","title":{"rendered":"Cahier 192P 17X22 90G Seyes Pp Vert Calligraphe"},"content":{"rendered":"","protected":false},"excerpt":{"rendered":"<p>e cahier CALLIGRAPHE format 17x22cm comporte 192 pages : de quoi tout y noter toute l&rsquo;ann\u00e9e \u00e0 l&rsquo;\u00e9cole comme au bureau. La r\u00e9glure est \u00e0 grand carreaux s\u00e9y\u00e8s, la plus utilis\u00e9e \u00e0 l&rsquo;\u00e9cole. Le cahier piqu\u00e9 (sans spirale) Calligraphe 8000 a une couverture en polypropyl\u00e8ne verte. Ind\u00e9chirable et imperm\u00e9able, celle-ci prot\u00e8ge efficacement votre cahier dans la dur\u00e9e. Avec ce cahier 17&#215;22 cm, vous \u00e9crirez dans le plus grand confort sur du papier blanc d&rsquo;\u00e9paisseur 90g fabriqu\u00e9 par CLAIREFONTAINE : le fameux papier velin surfin appr\u00e9ci\u00e9 et valid\u00e9 par des g\u00e9n\u00e9rations d&rsquo;utilisateurs !<br \/>\nCrit\u00e8re \u00e9coresponsable : papier PEFC issu d&rsquo;une gestion durable des for\u00eats<\/p>\n","protected":false},"featured_media":2751,"comment_status":"open","ping_status":"closed","template":"","meta":[],"product_brand":[],"product_cat":[118,37],"product_tag":[],"class_list":{"0":"post-2752","1":"product","2":"type-product","3":"status-publish","4":"has-post-thumbnail","6":"product_cat-cahiers","7":"product_cat-papeterie-fourniture","9":"first","10":"instock","11":"shipping-taxable","12":"product-type-simple"},"yoast_head":"<!-- This site is optimized with the Yoast SEO plugin v27.5 - https:\/\/yoast.com\/product\/yoast-seo-wordpress\/ -->\n<title>Cahier 192P 17X22 90G Seyes Pp Vert Calligraphe - PAPEX<\/title>\n<meta name=\"robots\" content=\"index, follow, max-snippet:-1, max-image-preview:large, max-video-preview:-1\" \/>\n<link rel=\"canonical\" href=\"https:\/\/papex.sn\/?product=cahier-192p-17x22-90g-seyes-pp-vert-calligraphe\" \/>\n<meta property=\"og:locale\" content=\"fr_FR\" \/>\n<meta property=\"og:type\" content=\"article\" \/>\n<meta property=\"og:title\" content=\"Cahier 192P 17X22 90G Seyes Pp Vert Calligraphe - PAPEX\" \/>\n<meta property=\"og:description\" content=\"e cahier CALLIGRAPHE format 17x22cm comporte 192 pages : de quoi tout y noter toute l&#039;ann\u00e9e \u00e0 l&#039;\u00e9cole comme au bureau. La r\u00e9glure est \u00e0 grand carreaux s\u00e9y\u00e8s, la plus utilis\u00e9e \u00e0 l&#039;\u00e9cole. Le cahier piqu\u00e9 (sans spirale) Calligraphe 8000 a une couverture en polypropyl\u00e8ne verte. Ind\u00e9chirable et imperm\u00e9able, celle-ci prot\u00e8ge efficacement votre cahier dans la dur\u00e9e. Avec ce cahier 17x22 cm, vous \u00e9crirez dans le plus grand confort sur du papier blanc d&#039;\u00e9paisseur 90g fabriqu\u00e9 par CLAIREFONTAINE : le fameux papier velin surfin appr\u00e9ci\u00e9 et valid\u00e9 par des g\u00e9n\u00e9rations d&#039;utilisateurs ! Crit\u00e8re \u00e9coresponsable : papier PEFC issu d&#039;une gestion durable des for\u00eats\" \/>\n<meta property=\"og:url\" content=\"https:\/\/papex.sn\/?product=cahier-192p-17x22-90g-seyes-pp-vert-calligraphe\" \/>\n<meta property=\"og:site_name\" content=\"PAPEX\" \/>\n<meta property=\"article:publisher\" content=\"https:\/\/www.facebook.com\/PapexSarl\" \/>\n<meta property=\"article:modified_time\" content=\"2024-07-09T10:04:11+00:00\" \/>\n<meta property=\"og:image\" content=\"https:\/\/papex.sn\/wp-content\/uploads\/2022\/10\/cahier-polypro-petit-format-grands-carreaux-17x22-96-pages-seyes-vert.jpg\" \/>\n\t<meta property=\"og:image:width\" content=\"619\" \/>\n\t<meta property=\"og:image:height\" content=\"800\" \/>\n\t<meta property=\"og:image:type\" content=\"image\/jpeg\" \/>\n<meta name=\"twitter:card\" content=\"summary_large_image\" \/>\n<script type=\"application\/ld+json\" class=\"yoast-schema-graph\">{\"@context\":\"https:\\\/\\\/schema.org\",\"@graph\":[{\"@type\":\"WebPage\",\"@id\":\"https:\\\/\\\/papex.sn\\\/?product=cahier-192p-17x22-90g-seyes-pp-vert-calligraphe\",\"url\":\"https:\\\/\\\/papex.sn\\\/?product=cahier-192p-17x22-90g-seyes-pp-vert-calligraphe\",\"name\":\"Cahier 192P 17X22 90G Seyes Pp Vert Calligraphe - PAPEX\",\"isPartOf\":{\"@id\":\"https:\\\/\\\/papex.sn\\\/#website\"},\"primaryImageOfPage\":{\"@id\":\"https:\\\/\\\/papex.sn\\\/?product=cahier-192p-17x22-90g-seyes-pp-vert-calligraphe#primaryimage\"},\"image\":{\"@id\":\"https:\\\/\\\/papex.sn\\\/?product=cahier-192p-17x22-90g-seyes-pp-vert-calligraphe#primaryimage\"},\"thumbnailUrl\":\"https:\\\/\\\/papex.sn\\\/wp-content\\\/uploads\\\/2022\\\/10\\\/cahier-polypro-petit-format-grands-carreaux-17x22-96-pages-seyes-vert.jpg\",\"datePublished\":\"2022-10-20T16:45:50+00:00\",\"dateModified\":\"2024-07-09T10:04:11+00:00\",\"breadcrumb\":{\"@id\":\"https:\\\/\\\/papex.sn\\\/?product=cahier-192p-17x22-90g-seyes-pp-vert-calligraphe#breadcrumb\"},\"inLanguage\":\"fr-FR\",\"potentialAction\":[{\"@type\":\"ReadAction\",\"target\":[\"https:\\\/\\\/papex.sn\\\/?product=cahier-192p-17x22-90g-seyes-pp-vert-calligraphe\"]}]},{\"@type\":\"ImageObject\",\"inLanguage\":\"fr-FR\",\"@id\":\"https:\\\/\\\/papex.sn\\\/?product=cahier-192p-17x22-90g-seyes-pp-vert-calligraphe#primaryimage\",\"url\":\"https:\\\/\\\/papex.sn\\\/wp-content\\\/uploads\\\/2022\\\/10\\\/cahier-polypro-petit-format-grands-carreaux-17x22-96-pages-seyes-vert.jpg\",\"contentUrl\":\"https:\\\/\\\/papex.sn\\\/wp-content\\\/uploads\\\/2022\\\/10\\\/cahier-polypro-petit-format-grands-carreaux-17x22-96-pages-seyes-vert.jpg\",\"width\":619,\"height\":800},{\"@type\":\"BreadcrumbList\",\"@id\":\"https:\\\/\\\/papex.sn\\\/?product=cahier-192p-17x22-90g-seyes-pp-vert-calligraphe#breadcrumb\",\"itemListElement\":[{\"@type\":\"ListItem\",\"position\":1,\"name\":\"Accueil\",\"item\":\"https:\\\/\\\/papex.sn\\\/\"},{\"@type\":\"ListItem\",\"position\":2,\"name\":\"Boutique\",\"item\":\"https:\\\/\\\/papex.sn\\\/?page_id=388\"},{\"@type\":\"ListItem\",\"position\":3,\"name\":\"Cahier 192P 17X22 90G Seyes Pp Vert Calligraphe\"}]},{\"@type\":\"WebSite\",\"@id\":\"https:\\\/\\\/papex.sn\\\/#website\",\"url\":\"https:\\\/\\\/papex.sn\\\/\",\"name\":\"PAPEX\",\"description\":\"Papeterie Express\",\"publisher\":{\"@id\":\"https:\\\/\\\/papex.sn\\\/#organization\"},\"potentialAction\":[{\"@type\":\"SearchAction\",\"target\":{\"@type\":\"EntryPoint\",\"urlTemplate\":\"https:\\\/\\\/papex.sn\\\/?s={search_term_string}\"},\"query-input\":{\"@type\":\"PropertyValueSpecification\",\"valueRequired\":true,\"valueName\":\"search_term_string\"}}],\"inLanguage\":\"fr-FR\"},{\"@type\":\"Organization\",\"@id\":\"https:\\\/\\\/papex.sn\\\/#organization\",\"name\":\"PAPEX\",\"url\":\"https:\\\/\\\/papex.sn\\\/\",\"logo\":{\"@type\":\"ImageObject\",\"inLanguage\":\"fr-FR\",\"@id\":\"https:\\\/\\\/papex.sn\\\/#\\\/schema\\\/logo\\\/image\\\/\",\"url\":\"https:\\\/\\\/papex.sn\\\/wp-content\\\/uploads\\\/2022\\\/05\\\/telechargement-1.jpg\",\"contentUrl\":\"https:\\\/\\\/papex.sn\\\/wp-content\\\/uploads\\\/2022\\\/05\\\/telechargement-1.jpg\",\"width\":299,\"height\":168,\"caption\":\"PAPEX\"},\"image\":{\"@id\":\"https:\\\/\\\/papex.sn\\\/#\\\/schema\\\/logo\\\/image\\\/\"},\"sameAs\":[\"https:\\\/\\\/www.facebook.com\\\/PapexSarl\",\"https:\\\/\\\/www.instagram.com\\\/papex.sarl\\\/\"]}]}<\/script>\n<!-- \/ Yoast SEO plugin. -->","yoast_head_json":{"title":"Cahier 192P 17X22 90G Seyes Pp Vert Calligraphe - PAPEX","robots":{"index":"index","follow":"follow","max-snippet":"max-snippet:-1","max-image-preview":"max-image-preview:large","max-video-preview":"max-video-preview:-1"},"canonical":"https:\/\/papex.sn\/?product=cahier-192p-17x22-90g-seyes-pp-vert-calligraphe","og_locale":"fr_FR","og_type":"article","og_title":"Cahier 192P 17X22 90G Seyes Pp Vert Calligraphe - PAPEX","og_description":"e cahier CALLIGRAPHE format 17x22cm comporte 192 pages : de quoi tout y noter toute l'ann\u00e9e \u00e0 l'\u00e9cole comme au bureau. La r\u00e9glure est \u00e0 grand carreaux s\u00e9y\u00e8s, la plus utilis\u00e9e \u00e0 l'\u00e9cole. Le cahier piqu\u00e9 (sans spirale) Calligraphe 8000 a une couverture en polypropyl\u00e8ne verte. Ind\u00e9chirable et imperm\u00e9able, celle-ci prot\u00e8ge efficacement votre cahier dans la dur\u00e9e. Avec ce cahier 17x22 cm, vous \u00e9crirez dans le plus grand confort sur du papier blanc d'\u00e9paisseur 90g fabriqu\u00e9 par CLAIREFONTAINE : le fameux papier velin surfin appr\u00e9ci\u00e9 et valid\u00e9 par des g\u00e9n\u00e9rations d'utilisateurs ! Crit\u00e8re \u00e9coresponsable : papier PEFC issu d'une gestion durable des for\u00eats","og_url":"https:\/\/papex.sn\/?product=cahier-192p-17x22-90g-seyes-pp-vert-calligraphe","og_site_name":"PAPEX","article_publisher":"https:\/\/www.facebook.com\/PapexSarl","article_modified_time":"2024-07-09T10:04:11+00:00","og_image":[{"width":619,"height":800,"url":"https:\/\/papex.sn\/wp-content\/uploads\/2022\/10\/cahier-polypro-petit-format-grands-carreaux-17x22-96-pages-seyes-vert.jpg","type":"image\/jpeg"}],"twitter_card":"summary_large_image","schema":{"@context":"https:\/\/schema.org","@graph":[{"@type":"WebPage","@id":"https:\/\/papex.sn\/?product=cahier-192p-17x22-90g-seyes-pp-vert-calligraphe","url":"https:\/\/papex.sn\/?product=cahier-192p-17x22-90g-seyes-pp-vert-calligraphe","name":"Cahier 192P 17X22 90G Seyes Pp Vert Calligraphe - PAPEX","isPartOf":{"@id":"https:\/\/papex.sn\/#website"},"primaryImageOfPage":{"@id":"https:\/\/papex.sn\/?product=cahier-192p-17x22-90g-seyes-pp-vert-calligraphe#primaryimage"},"image":{"@id":"https:\/\/papex.sn\/?product=cahier-192p-17x22-90g-seyes-pp-vert-calligraphe#primaryimage"},"thumbnailUrl":"https:\/\/papex.sn\/wp-content\/uploads\/2022\/10\/cahier-polypro-petit-format-grands-carreaux-17x22-96-pages-seyes-vert.jpg","datePublished":"2022-10-20T16:45:50+00:00","dateModified":"2024-07-09T10:04:11+00:00","breadcrumb":{"@id":"https:\/\/papex.sn\/?product=cahier-192p-17x22-90g-seyes-pp-vert-calligraphe#breadcrumb"},"inLanguage":"fr-FR","potentialAction":[{"@type":"ReadAction","target":["https:\/\/papex.sn\/?product=cahier-192p-17x22-90g-seyes-pp-vert-calligraphe"]}]},{"@type":"ImageObject","inLanguage":"fr-FR","@id":"https:\/\/papex.sn\/?product=cahier-192p-17x22-90g-seyes-pp-vert-calligraphe#primaryimage","url":"https:\/\/papex.sn\/wp-content\/uploads\/2022\/10\/cahier-polypro-petit-format-grands-carreaux-17x22-96-pages-seyes-vert.jpg","contentUrl":"https:\/\/papex.sn\/wp-content\/uploads\/2022\/10\/cahier-polypro-petit-format-grands-carreaux-17x22-96-pages-seyes-vert.jpg","width":619,"height":800},{"@type":"BreadcrumbList","@id":"https:\/\/papex.sn\/?product=cahier-192p-17x22-90g-seyes-pp-vert-calligraphe#breadcrumb","itemListElement":[{"@type":"ListItem","position":1,"name":"Accueil","item":"https:\/\/papex.sn\/"},{"@type":"ListItem","position":2,"name":"Boutique","item":"https:\/\/papex.sn\/?page_id=388"},{"@type":"ListItem","position":3,"name":"Cahier 192P 17X22 90G Seyes Pp Vert Calligraphe"}]},{"@type":"WebSite","@id":"https:\/\/papex.sn\/#website","url":"https:\/\/papex.sn\/","name":"PAPEX","description":"Papeterie Express","publisher":{"@id":"https:\/\/papex.sn\/#organization"},"potentialAction":[{"@type":"SearchAction","target":{"@type":"EntryPoint","urlTemplate":"https:\/\/papex.sn\/?s={search_term_string}"},"query-input":{"@type":"PropertyValueSpecification","valueRequired":true,"valueName":"search_term_string"}}],"inLanguage":"fr-FR"},{"@type":"Organization","@id":"https:\/\/papex.sn\/#organization","name":"PAPEX","url":"https:\/\/papex.sn\/","logo":{"@type":"ImageObject","inLanguage":"fr-FR","@id":"https:\/\/papex.sn\/#\/schema\/logo\/image\/","url":"https:\/\/papex.sn\/wp-content\/uploads\/2022\/05\/telechargement-1.jpg","contentUrl":"https:\/\/papex.sn\/wp-content\/uploads\/2022\/05\/telechargement-1.jpg","width":299,"height":168,"caption":"PAPEX"},"image":{"@id":"https:\/\/papex.sn\/#\/schema\/logo\/image\/"},"sameAs":["https:\/\/www.facebook.com\/PapexSarl","https:\/\/www.instagram.com\/papex.sarl\/"]}]}},"_links":{"self":[{"href":"https:\/\/papex.sn\/index.php?rest_route=\/wp\/v2\/product\/2752","targetHints":{"allow":["GET"]}}],"collection":[{"href":"https:\/\/papex.sn\/index.php?rest_route=\/wp\/v2\/product"}],"about":[{"href":"https:\/\/papex.sn\/index.php?rest_route=\/wp\/v2\/types\/product"}],"replies":[{"embeddable":true,"href":"https:\/\/papex.sn\/index.php?rest_route=%2Fwp%2Fv2%2Fcomments&post=2752"}],"version-history":[{"count":1,"href":"https:\/\/papex.sn\/index.php?rest_route=\/wp\/v2\/product\/2752\/revisions"}],"predecessor-version":[{"id":3445,"href":"https:\/\/papex.sn\/index.php?rest_route=\/wp\/v2\/product\/2752\/revisions\/3445"}],"wp:featuredmedia":[{"embeddable":true,"href":"https:\/\/papex.sn\/index.php?rest_route=\/wp\/v2\/media\/2751"}],"wp:attachment":[{"href":"https:\/\/papex.sn\/index.php?rest_route=%2Fwp%2Fv2%2Fmedia&parent=2752"}],"wp:term":[{"taxonomy":"product_brand","embeddable":true,"href":"https:\/\/papex.sn\/index.php?rest_route=%2Fwp%2Fv2%2Fproduct_brand&post=2752"},{"taxonomy":"product_cat","embeddable":true,"href":"https:\/\/papex.sn\/index.php?rest_route=%2Fwp%2Fv2%2Fproduct_cat&post=2752"},{"taxonomy":"product_tag","embeddable":true,"href":"https:\/\/papex.sn\/index.php?rest_route=%2Fwp%2Fv2%2Fproduct_tag&post=2752"}],"curies":[{"name":"wp","href":"https:\/\/api.w.org\/{rel}","templated":true}]}}