{"id":2746,"date":"2022-10-20T16:45:46","date_gmt":"2022-10-20T16:45:46","guid":{"rendered":"https:\/\/papex.sn\/?product=cahier-180p-17x22-70g-seyes-spirale-calligraphe"},"modified":"2024-07-09T10:04:42","modified_gmt":"2024-07-09T10:04:42","slug":"cahier-180p-17x22-70g-seyes-spirale-calligraphe","status":"publish","type":"product","link":"https:\/\/papex.sn\/?product=cahier-180p-17x22-70g-seyes-spirale-calligraphe","title":{"rendered":"Cahier 180P 17X22 70G Seyes Spirale Calligraphe"},"content":{"rendered":"","protected":false},"excerpt":{"rendered":"<p>Cahier Wiro reli\u00e9 st\u00e9nographie 180 pages 17 x 22cm 70g Remarque ! Le fabricant nous fournit ce produit dans des couleurs al\u00e9atoires. Il nous est impossible de vous fournir le produit ou la couleur en particulier. Lors de la confirmation de votre achat, vous recevrez l&rsquo;un des mod\u00e8les pr\u00e9sent\u00e9s dans l&rsquo;image ou dans le titre, selon la disponibilit\u00e9. Merci pour votre compr\u00e9hension.<\/p>\n","protected":false},"featured_media":2745,"comment_status":"open","ping_status":"closed","template":"","meta":[],"product_brand":[],"product_cat":[118,37],"product_tag":[],"class_list":{"0":"post-2746","1":"product","2":"type-product","3":"status-publish","4":"has-post-thumbnail","6":"product_cat-cahiers","7":"product_cat-papeterie-fourniture","9":"first","10":"instock","11":"featured","12":"shipping-taxable","13":"product-type-simple"},"yoast_head":"<!-- This site is optimized with the Yoast SEO plugin v27.5 - https:\/\/yoast.com\/product\/yoast-seo-wordpress\/ -->\n<title>Cahier 180P 17X22 70G Seyes Spirale Calligraphe - PAPEX<\/title>\n<meta name=\"robots\" content=\"index, follow, max-snippet:-1, max-image-preview:large, max-video-preview:-1\" \/>\n<link rel=\"canonical\" href=\"https:\/\/papex.sn\/?product=cahier-180p-17x22-70g-seyes-spirale-calligraphe\" \/>\n<meta property=\"og:locale\" content=\"fr_FR\" \/>\n<meta property=\"og:type\" content=\"article\" \/>\n<meta property=\"og:title\" content=\"Cahier 180P 17X22 70G Seyes Spirale Calligraphe - PAPEX\" \/>\n<meta property=\"og:description\" content=\"Cahier Wiro reli\u00e9 st\u00e9nographie 180 pages 17 x 22cm 70g Remarque ! Le fabricant nous fournit ce produit dans des couleurs al\u00e9atoires. Il nous est impossible de vous fournir le produit ou la couleur en particulier. Lors de la confirmation de votre achat, vous recevrez l&#039;un des mod\u00e8les pr\u00e9sent\u00e9s dans l&#039;image ou dans le titre, selon la disponibilit\u00e9. Merci pour votre compr\u00e9hension.\" \/>\n<meta property=\"og:url\" content=\"https:\/\/papex.sn\/?product=cahier-180p-17x22-70g-seyes-spirale-calligraphe\" \/>\n<meta property=\"og:site_name\" content=\"PAPEX\" \/>\n<meta property=\"article:publisher\" content=\"https:\/\/www.facebook.com\/PapexSarl\" \/>\n<meta property=\"article:modified_time\" content=\"2024-07-09T10:04:42+00:00\" \/>\n<meta property=\"og:image\" content=\"https:\/\/papex.sn\/wp-content\/uploads\/2022\/10\/71oCTNXESPL._AC_SX425_.jpg\" \/>\n\t<meta property=\"og:image:width\" content=\"425\" \/>\n\t<meta property=\"og:image:height\" content=\"439\" \/>\n\t<meta property=\"og:image:type\" content=\"image\/jpeg\" \/>\n<meta name=\"twitter:card\" content=\"summary_large_image\" \/>\n<script type=\"application\/ld+json\" class=\"yoast-schema-graph\">{\"@context\":\"https:\\\/\\\/schema.org\",\"@graph\":[{\"@type\":\"WebPage\",\"@id\":\"https:\\\/\\\/papex.sn\\\/?product=cahier-180p-17x22-70g-seyes-spirale-calligraphe\",\"url\":\"https:\\\/\\\/papex.sn\\\/?product=cahier-180p-17x22-70g-seyes-spirale-calligraphe\",\"name\":\"Cahier 180P 17X22 70G Seyes Spirale Calligraphe - PAPEX\",\"isPartOf\":{\"@id\":\"https:\\\/\\\/papex.sn\\\/#website\"},\"primaryImageOfPage\":{\"@id\":\"https:\\\/\\\/papex.sn\\\/?product=cahier-180p-17x22-70g-seyes-spirale-calligraphe#primaryimage\"},\"image\":{\"@id\":\"https:\\\/\\\/papex.sn\\\/?product=cahier-180p-17x22-70g-seyes-spirale-calligraphe#primaryimage\"},\"thumbnailUrl\":\"https:\\\/\\\/papex.sn\\\/wp-content\\\/uploads\\\/2022\\\/10\\\/71oCTNXESPL._AC_SX425_.jpg\",\"datePublished\":\"2022-10-20T16:45:46+00:00\",\"dateModified\":\"2024-07-09T10:04:42+00:00\",\"breadcrumb\":{\"@id\":\"https:\\\/\\\/papex.sn\\\/?product=cahier-180p-17x22-70g-seyes-spirale-calligraphe#breadcrumb\"},\"inLanguage\":\"fr-FR\",\"potentialAction\":[{\"@type\":\"ReadAction\",\"target\":[\"https:\\\/\\\/papex.sn\\\/?product=cahier-180p-17x22-70g-seyes-spirale-calligraphe\"]}]},{\"@type\":\"ImageObject\",\"inLanguage\":\"fr-FR\",\"@id\":\"https:\\\/\\\/papex.sn\\\/?product=cahier-180p-17x22-70g-seyes-spirale-calligraphe#primaryimage\",\"url\":\"https:\\\/\\\/papex.sn\\\/wp-content\\\/uploads\\\/2022\\\/10\\\/71oCTNXESPL._AC_SX425_.jpg\",\"contentUrl\":\"https:\\\/\\\/papex.sn\\\/wp-content\\\/uploads\\\/2022\\\/10\\\/71oCTNXESPL._AC_SX425_.jpg\",\"width\":425,\"height\":439},{\"@type\":\"BreadcrumbList\",\"@id\":\"https:\\\/\\\/papex.sn\\\/?product=cahier-180p-17x22-70g-seyes-spirale-calligraphe#breadcrumb\",\"itemListElement\":[{\"@type\":\"ListItem\",\"position\":1,\"name\":\"Accueil\",\"item\":\"https:\\\/\\\/papex.sn\\\/\"},{\"@type\":\"ListItem\",\"position\":2,\"name\":\"Boutique\",\"item\":\"https:\\\/\\\/papex.sn\\\/?page_id=388\"},{\"@type\":\"ListItem\",\"position\":3,\"name\":\"Cahier 180P 17X22 70G Seyes Spirale Calligraphe\"}]},{\"@type\":\"WebSite\",\"@id\":\"https:\\\/\\\/papex.sn\\\/#website\",\"url\":\"https:\\\/\\\/papex.sn\\\/\",\"name\":\"PAPEX\",\"description\":\"Papeterie Express\",\"publisher\":{\"@id\":\"https:\\\/\\\/papex.sn\\\/#organization\"},\"potentialAction\":[{\"@type\":\"SearchAction\",\"target\":{\"@type\":\"EntryPoint\",\"urlTemplate\":\"https:\\\/\\\/papex.sn\\\/?s={search_term_string}\"},\"query-input\":{\"@type\":\"PropertyValueSpecification\",\"valueRequired\":true,\"valueName\":\"search_term_string\"}}],\"inLanguage\":\"fr-FR\"},{\"@type\":\"Organization\",\"@id\":\"https:\\\/\\\/papex.sn\\\/#organization\",\"name\":\"PAPEX\",\"url\":\"https:\\\/\\\/papex.sn\\\/\",\"logo\":{\"@type\":\"ImageObject\",\"inLanguage\":\"fr-FR\",\"@id\":\"https:\\\/\\\/papex.sn\\\/#\\\/schema\\\/logo\\\/image\\\/\",\"url\":\"https:\\\/\\\/papex.sn\\\/wp-content\\\/uploads\\\/2022\\\/05\\\/telechargement-1.jpg\",\"contentUrl\":\"https:\\\/\\\/papex.sn\\\/wp-content\\\/uploads\\\/2022\\\/05\\\/telechargement-1.jpg\",\"width\":299,\"height\":168,\"caption\":\"PAPEX\"},\"image\":{\"@id\":\"https:\\\/\\\/papex.sn\\\/#\\\/schema\\\/logo\\\/image\\\/\"},\"sameAs\":[\"https:\\\/\\\/www.facebook.com\\\/PapexSarl\",\"https:\\\/\\\/www.instagram.com\\\/papex.sarl\\\/\"]}]}<\/script>\n<!-- \/ Yoast SEO plugin. -->","yoast_head_json":{"title":"Cahier 180P 17X22 70G Seyes Spirale Calligraphe - PAPEX","robots":{"index":"index","follow":"follow","max-snippet":"max-snippet:-1","max-image-preview":"max-image-preview:large","max-video-preview":"max-video-preview:-1"},"canonical":"https:\/\/papex.sn\/?product=cahier-180p-17x22-70g-seyes-spirale-calligraphe","og_locale":"fr_FR","og_type":"article","og_title":"Cahier 180P 17X22 70G Seyes Spirale Calligraphe - PAPEX","og_description":"Cahier Wiro reli\u00e9 st\u00e9nographie 180 pages 17 x 22cm 70g Remarque ! Le fabricant nous fournit ce produit dans des couleurs al\u00e9atoires. Il nous est impossible de vous fournir le produit ou la couleur en particulier. Lors de la confirmation de votre achat, vous recevrez l'un des mod\u00e8les pr\u00e9sent\u00e9s dans l'image ou dans le titre, selon la disponibilit\u00e9. Merci pour votre compr\u00e9hension.","og_url":"https:\/\/papex.sn\/?product=cahier-180p-17x22-70g-seyes-spirale-calligraphe","og_site_name":"PAPEX","article_publisher":"https:\/\/www.facebook.com\/PapexSarl","article_modified_time":"2024-07-09T10:04:42+00:00","og_image":[{"width":425,"height":439,"url":"https:\/\/papex.sn\/wp-content\/uploads\/2022\/10\/71oCTNXESPL._AC_SX425_.jpg","type":"image\/jpeg"}],"twitter_card":"summary_large_image","schema":{"@context":"https:\/\/schema.org","@graph":[{"@type":"WebPage","@id":"https:\/\/papex.sn\/?product=cahier-180p-17x22-70g-seyes-spirale-calligraphe","url":"https:\/\/papex.sn\/?product=cahier-180p-17x22-70g-seyes-spirale-calligraphe","name":"Cahier 180P 17X22 70G Seyes Spirale Calligraphe - PAPEX","isPartOf":{"@id":"https:\/\/papex.sn\/#website"},"primaryImageOfPage":{"@id":"https:\/\/papex.sn\/?product=cahier-180p-17x22-70g-seyes-spirale-calligraphe#primaryimage"},"image":{"@id":"https:\/\/papex.sn\/?product=cahier-180p-17x22-70g-seyes-spirale-calligraphe#primaryimage"},"thumbnailUrl":"https:\/\/papex.sn\/wp-content\/uploads\/2022\/10\/71oCTNXESPL._AC_SX425_.jpg","datePublished":"2022-10-20T16:45:46+00:00","dateModified":"2024-07-09T10:04:42+00:00","breadcrumb":{"@id":"https:\/\/papex.sn\/?product=cahier-180p-17x22-70g-seyes-spirale-calligraphe#breadcrumb"},"inLanguage":"fr-FR","potentialAction":[{"@type":"ReadAction","target":["https:\/\/papex.sn\/?product=cahier-180p-17x22-70g-seyes-spirale-calligraphe"]}]},{"@type":"ImageObject","inLanguage":"fr-FR","@id":"https:\/\/papex.sn\/?product=cahier-180p-17x22-70g-seyes-spirale-calligraphe#primaryimage","url":"https:\/\/papex.sn\/wp-content\/uploads\/2022\/10\/71oCTNXESPL._AC_SX425_.jpg","contentUrl":"https:\/\/papex.sn\/wp-content\/uploads\/2022\/10\/71oCTNXESPL._AC_SX425_.jpg","width":425,"height":439},{"@type":"BreadcrumbList","@id":"https:\/\/papex.sn\/?product=cahier-180p-17x22-70g-seyes-spirale-calligraphe#breadcrumb","itemListElement":[{"@type":"ListItem","position":1,"name":"Accueil","item":"https:\/\/papex.sn\/"},{"@type":"ListItem","position":2,"name":"Boutique","item":"https:\/\/papex.sn\/?page_id=388"},{"@type":"ListItem","position":3,"name":"Cahier 180P 17X22 70G Seyes Spirale Calligraphe"}]},{"@type":"WebSite","@id":"https:\/\/papex.sn\/#website","url":"https:\/\/papex.sn\/","name":"PAPEX","description":"Papeterie Express","publisher":{"@id":"https:\/\/papex.sn\/#organization"},"potentialAction":[{"@type":"SearchAction","target":{"@type":"EntryPoint","urlTemplate":"https:\/\/papex.sn\/?s={search_term_string}"},"query-input":{"@type":"PropertyValueSpecification","valueRequired":true,"valueName":"search_term_string"}}],"inLanguage":"fr-FR"},{"@type":"Organization","@id":"https:\/\/papex.sn\/#organization","name":"PAPEX","url":"https:\/\/papex.sn\/","logo":{"@type":"ImageObject","inLanguage":"fr-FR","@id":"https:\/\/papex.sn\/#\/schema\/logo\/image\/","url":"https:\/\/papex.sn\/wp-content\/uploads\/2022\/05\/telechargement-1.jpg","contentUrl":"https:\/\/papex.sn\/wp-content\/uploads\/2022\/05\/telechargement-1.jpg","width":299,"height":168,"caption":"PAPEX"},"image":{"@id":"https:\/\/papex.sn\/#\/schema\/logo\/image\/"},"sameAs":["https:\/\/www.facebook.com\/PapexSarl","https:\/\/www.instagram.com\/papex.sarl\/"]}]}},"_links":{"self":[{"href":"https:\/\/papex.sn\/index.php?rest_route=\/wp\/v2\/product\/2746","targetHints":{"allow":["GET"]}}],"collection":[{"href":"https:\/\/papex.sn\/index.php?rest_route=\/wp\/v2\/product"}],"about":[{"href":"https:\/\/papex.sn\/index.php?rest_route=\/wp\/v2\/types\/product"}],"replies":[{"embeddable":true,"href":"https:\/\/papex.sn\/index.php?rest_route=%2Fwp%2Fv2%2Fcomments&post=2746"}],"version-history":[{"count":1,"href":"https:\/\/papex.sn\/index.php?rest_route=\/wp\/v2\/product\/2746\/revisions"}],"predecessor-version":[{"id":3448,"href":"https:\/\/papex.sn\/index.php?rest_route=\/wp\/v2\/product\/2746\/revisions\/3448"}],"wp:featuredmedia":[{"embeddable":true,"href":"https:\/\/papex.sn\/index.php?rest_route=\/wp\/v2\/media\/2745"}],"wp:attachment":[{"href":"https:\/\/papex.sn\/index.php?rest_route=%2Fwp%2Fv2%2Fmedia&parent=2746"}],"wp:term":[{"taxonomy":"product_brand","embeddable":true,"href":"https:\/\/papex.sn\/index.php?rest_route=%2Fwp%2Fv2%2Fproduct_brand&post=2746"},{"taxonomy":"product_cat","embeddable":true,"href":"https:\/\/papex.sn\/index.php?rest_route=%2Fwp%2Fv2%2Fproduct_cat&post=2746"},{"taxonomy":"product_tag","embeddable":true,"href":"https:\/\/papex.sn\/index.php?rest_route=%2Fwp%2Fv2%2Fproduct_tag&post=2746"}],"curies":[{"name":"wp","href":"https:\/\/api.w.org\/{rel}","templated":true}]}}