{"id":2723,"date":"2022-10-19T12:36:50","date_gmt":"2022-10-19T12:36:50","guid":{"rendered":"https:\/\/papex.sn\/?product=destructeur-de-papier-cc-10f-18l-rexel"},"modified":"2024-07-09T10:06:52","modified_gmt":"2024-07-09T10:06:52","slug":"destructeur-de-papier-cc-10f-18l-rexel","status":"publish","type":"product","link":"https:\/\/papex.sn\/?product=destructeur-de-papier-cc-10f-18l-rexel","title":{"rendered":"Destructeur De Papier Cc\/10F\/18L Rexel"},"content":{"rendered":"<p>D\u00e9truit jusqu\u2019\u00e0 10 feuilles (80 grs) en une fois<\/p>\n<p>Coupe crois\u00e9e (niveau de s\u00e9curit\u00e9 DIN P4)<\/p>\n<p>Corbeille d&rsquo;une capacit\u00e9 de 18 litres (150 feuilles). Fen\u00eatre transparente pour voir quand elle est pleine.<\/p>\n<p>Destruction silencieuse (moins de 70 dBA)<\/p>\n<p>D\u00e9truit les documents avec agrafes et trombonnes<\/p>\n<p>Temps de fonctionnement de 3 minutes<\/p>\n<p>Marche avant \/ arri\u00e8re manuelle<\/p>\n","protected":false},"excerpt":{"rendered":"<p>La gamme de destructeurs de documents Rexel Secure est id\u00e9ale pour d\u00e9truire vos documents personnels et vos donn\u00e9es papier sensibles \u00e0 la maison. Le Secure X10 d\u00e9truit jusqu&rsquo;\u00e0 10 feuilles (80grs) en confettis niveau de s\u00e9curit\u00e9 DIN P-4 (4x40mm). Ce destructeur coupe crois\u00e9e est petit et compact, id\u00e9al pour une utilisation personelle en t\u00e9l\u00e9travail ou au bureau; vous pouvez le glisser facilement sous votre table de bureau. Con\u00e7u pour une utilisation occasionelle \u00e0 mod\u00e9r\u00e9e avec une corbeille de 18 litres.<\/p>\n","protected":false},"featured_media":2722,"comment_status":"open","ping_status":"closed","template":"","meta":[],"product_brand":[],"product_cat":[39,103],"product_tag":[],"class_list":{"0":"post-2723","1":"product","2":"type-product","3":"status-publish","4":"has-post-thumbnail","6":"product_cat-bureautique-informatique","7":"product_cat-destructeur-de-papier","9":"first","10":"instock","11":"shipping-taxable","12":"product-type-simple"},"yoast_head":"<!-- This site is optimized with the Yoast SEO plugin v27.4 - https:\/\/yoast.com\/product\/yoast-seo-wordpress\/ -->\n<title>Destructeur De Papier Cc\/10F\/18L Rexel - PAPEX<\/title>\n<meta name=\"robots\" content=\"index, follow, max-snippet:-1, max-image-preview:large, max-video-preview:-1\" \/>\n<link rel=\"canonical\" href=\"https:\/\/papex.sn\/?product=destructeur-de-papier-cc-10f-18l-rexel\" \/>\n<meta property=\"og:locale\" content=\"fr_FR\" \/>\n<meta property=\"og:type\" content=\"article\" \/>\n<meta property=\"og:title\" content=\"Destructeur De Papier Cc\/10F\/18L Rexel - PAPEX\" \/>\n<meta property=\"og:description\" content=\"La gamme de destructeurs de documents Rexel Secure est id\u00e9ale pour d\u00e9truire vos documents personnels et vos donn\u00e9es papier sensibles \u00e0 la maison. Le Secure X10 d\u00e9truit jusqu&#039;\u00e0 10 feuilles (80grs) en confettis niveau de s\u00e9curit\u00e9 DIN P-4 (4x40mm). Ce destructeur coupe crois\u00e9e est petit et compact, id\u00e9al pour une utilisation personelle en t\u00e9l\u00e9travail ou au bureau; vous pouvez le glisser facilement sous votre table de bureau. Con\u00e7u pour une utilisation occasionelle \u00e0 mod\u00e9r\u00e9e avec une corbeille de 18 litres.\" \/>\n<meta property=\"og:url\" content=\"https:\/\/papex.sn\/?product=destructeur-de-papier-cc-10f-18l-rexel\" \/>\n<meta property=\"og:site_name\" content=\"PAPEX\" \/>\n<meta property=\"article:publisher\" content=\"https:\/\/www.facebook.com\/PapexSarl\" \/>\n<meta property=\"article:modified_time\" content=\"2024-07-09T10:06:52+00:00\" \/>\n<meta property=\"og:image\" content=\"https:\/\/papex.sn\/wp-content\/uploads\/2022\/10\/Mobile__0D47C111BDA0A86839E3974EA6A4ECF1__440__rx_2020124_v2-dc467117fe161559d3ec204d0383004b.png\" \/>\n\t<meta property=\"og:image:width\" content=\"440\" \/>\n\t<meta property=\"og:image:height\" content=\"511\" \/>\n\t<meta property=\"og:image:type\" content=\"image\/png\" \/>\n<meta name=\"twitter:card\" content=\"summary_large_image\" \/>\n<script type=\"application\/ld+json\" class=\"yoast-schema-graph\">{\"@context\":\"https:\\\/\\\/schema.org\",\"@graph\":[{\"@type\":\"WebPage\",\"@id\":\"https:\\\/\\\/papex.sn\\\/?product=destructeur-de-papier-cc-10f-18l-rexel\",\"url\":\"https:\\\/\\\/papex.sn\\\/?product=destructeur-de-papier-cc-10f-18l-rexel\",\"name\":\"Destructeur De Papier Cc\\\/10F\\\/18L Rexel - PAPEX\",\"isPartOf\":{\"@id\":\"https:\\\/\\\/papex.sn\\\/#website\"},\"primaryImageOfPage\":{\"@id\":\"https:\\\/\\\/papex.sn\\\/?product=destructeur-de-papier-cc-10f-18l-rexel#primaryimage\"},\"image\":{\"@id\":\"https:\\\/\\\/papex.sn\\\/?product=destructeur-de-papier-cc-10f-18l-rexel#primaryimage\"},\"thumbnailUrl\":\"https:\\\/\\\/papex.sn\\\/wp-content\\\/uploads\\\/2022\\\/10\\\/Mobile__0D47C111BDA0A86839E3974EA6A4ECF1__440__rx_2020124_v2-dc467117fe161559d3ec204d0383004b.png\",\"datePublished\":\"2022-10-19T12:36:50+00:00\",\"dateModified\":\"2024-07-09T10:06:52+00:00\",\"breadcrumb\":{\"@id\":\"https:\\\/\\\/papex.sn\\\/?product=destructeur-de-papier-cc-10f-18l-rexel#breadcrumb\"},\"inLanguage\":\"fr-FR\",\"potentialAction\":[{\"@type\":\"ReadAction\",\"target\":[\"https:\\\/\\\/papex.sn\\\/?product=destructeur-de-papier-cc-10f-18l-rexel\"]}]},{\"@type\":\"ImageObject\",\"inLanguage\":\"fr-FR\",\"@id\":\"https:\\\/\\\/papex.sn\\\/?product=destructeur-de-papier-cc-10f-18l-rexel#primaryimage\",\"url\":\"https:\\\/\\\/papex.sn\\\/wp-content\\\/uploads\\\/2022\\\/10\\\/Mobile__0D47C111BDA0A86839E3974EA6A4ECF1__440__rx_2020124_v2-dc467117fe161559d3ec204d0383004b.png\",\"contentUrl\":\"https:\\\/\\\/papex.sn\\\/wp-content\\\/uploads\\\/2022\\\/10\\\/Mobile__0D47C111BDA0A86839E3974EA6A4ECF1__440__rx_2020124_v2-dc467117fe161559d3ec204d0383004b.png\",\"width\":440,\"height\":511},{\"@type\":\"BreadcrumbList\",\"@id\":\"https:\\\/\\\/papex.sn\\\/?product=destructeur-de-papier-cc-10f-18l-rexel#breadcrumb\",\"itemListElement\":[{\"@type\":\"ListItem\",\"position\":1,\"name\":\"Accueil\",\"item\":\"https:\\\/\\\/papex.sn\\\/\"},{\"@type\":\"ListItem\",\"position\":2,\"name\":\"Boutique\",\"item\":\"https:\\\/\\\/papex.sn\\\/?page_id=388\"},{\"@type\":\"ListItem\",\"position\":3,\"name\":\"Destructeur De Papier Cc\\\/10F\\\/18L Rexel\"}]},{\"@type\":\"WebSite\",\"@id\":\"https:\\\/\\\/papex.sn\\\/#website\",\"url\":\"https:\\\/\\\/papex.sn\\\/\",\"name\":\"PAPEX\",\"description\":\"Papeterie Express\",\"publisher\":{\"@id\":\"https:\\\/\\\/papex.sn\\\/#organization\"},\"potentialAction\":[{\"@type\":\"SearchAction\",\"target\":{\"@type\":\"EntryPoint\",\"urlTemplate\":\"https:\\\/\\\/papex.sn\\\/?s={search_term_string}\"},\"query-input\":{\"@type\":\"PropertyValueSpecification\",\"valueRequired\":true,\"valueName\":\"search_term_string\"}}],\"inLanguage\":\"fr-FR\"},{\"@type\":\"Organization\",\"@id\":\"https:\\\/\\\/papex.sn\\\/#organization\",\"name\":\"PAPEX\",\"url\":\"https:\\\/\\\/papex.sn\\\/\",\"logo\":{\"@type\":\"ImageObject\",\"inLanguage\":\"fr-FR\",\"@id\":\"https:\\\/\\\/papex.sn\\\/#\\\/schema\\\/logo\\\/image\\\/\",\"url\":\"https:\\\/\\\/papex.sn\\\/wp-content\\\/uploads\\\/2022\\\/05\\\/telechargement-1.jpg\",\"contentUrl\":\"https:\\\/\\\/papex.sn\\\/wp-content\\\/uploads\\\/2022\\\/05\\\/telechargement-1.jpg\",\"width\":299,\"height\":168,\"caption\":\"PAPEX\"},\"image\":{\"@id\":\"https:\\\/\\\/papex.sn\\\/#\\\/schema\\\/logo\\\/image\\\/\"},\"sameAs\":[\"https:\\\/\\\/www.facebook.com\\\/PapexSarl\",\"https:\\\/\\\/www.instagram.com\\\/papex.sarl\\\/\"]}]}<\/script>\n<!-- \/ Yoast SEO plugin. -->","yoast_head_json":{"title":"Destructeur De Papier Cc\/10F\/18L Rexel - PAPEX","robots":{"index":"index","follow":"follow","max-snippet":"max-snippet:-1","max-image-preview":"max-image-preview:large","max-video-preview":"max-video-preview:-1"},"canonical":"https:\/\/papex.sn\/?product=destructeur-de-papier-cc-10f-18l-rexel","og_locale":"fr_FR","og_type":"article","og_title":"Destructeur De Papier Cc\/10F\/18L Rexel - PAPEX","og_description":"La gamme de destructeurs de documents Rexel Secure est id\u00e9ale pour d\u00e9truire vos documents personnels et vos donn\u00e9es papier sensibles \u00e0 la maison. Le Secure X10 d\u00e9truit jusqu'\u00e0 10 feuilles (80grs) en confettis niveau de s\u00e9curit\u00e9 DIN P-4 (4x40mm). Ce destructeur coupe crois\u00e9e est petit et compact, id\u00e9al pour une utilisation personelle en t\u00e9l\u00e9travail ou au bureau; vous pouvez le glisser facilement sous votre table de bureau. Con\u00e7u pour une utilisation occasionelle \u00e0 mod\u00e9r\u00e9e avec une corbeille de 18 litres.","og_url":"https:\/\/papex.sn\/?product=destructeur-de-papier-cc-10f-18l-rexel","og_site_name":"PAPEX","article_publisher":"https:\/\/www.facebook.com\/PapexSarl","article_modified_time":"2024-07-09T10:06:52+00:00","og_image":[{"width":440,"height":511,"url":"https:\/\/papex.sn\/wp-content\/uploads\/2022\/10\/Mobile__0D47C111BDA0A86839E3974EA6A4ECF1__440__rx_2020124_v2-dc467117fe161559d3ec204d0383004b.png","type":"image\/png"}],"twitter_card":"summary_large_image","schema":{"@context":"https:\/\/schema.org","@graph":[{"@type":"WebPage","@id":"https:\/\/papex.sn\/?product=destructeur-de-papier-cc-10f-18l-rexel","url":"https:\/\/papex.sn\/?product=destructeur-de-papier-cc-10f-18l-rexel","name":"Destructeur De Papier Cc\/10F\/18L Rexel - PAPEX","isPartOf":{"@id":"https:\/\/papex.sn\/#website"},"primaryImageOfPage":{"@id":"https:\/\/papex.sn\/?product=destructeur-de-papier-cc-10f-18l-rexel#primaryimage"},"image":{"@id":"https:\/\/papex.sn\/?product=destructeur-de-papier-cc-10f-18l-rexel#primaryimage"},"thumbnailUrl":"https:\/\/papex.sn\/wp-content\/uploads\/2022\/10\/Mobile__0D47C111BDA0A86839E3974EA6A4ECF1__440__rx_2020124_v2-dc467117fe161559d3ec204d0383004b.png","datePublished":"2022-10-19T12:36:50+00:00","dateModified":"2024-07-09T10:06:52+00:00","breadcrumb":{"@id":"https:\/\/papex.sn\/?product=destructeur-de-papier-cc-10f-18l-rexel#breadcrumb"},"inLanguage":"fr-FR","potentialAction":[{"@type":"ReadAction","target":["https:\/\/papex.sn\/?product=destructeur-de-papier-cc-10f-18l-rexel"]}]},{"@type":"ImageObject","inLanguage":"fr-FR","@id":"https:\/\/papex.sn\/?product=destructeur-de-papier-cc-10f-18l-rexel#primaryimage","url":"https:\/\/papex.sn\/wp-content\/uploads\/2022\/10\/Mobile__0D47C111BDA0A86839E3974EA6A4ECF1__440__rx_2020124_v2-dc467117fe161559d3ec204d0383004b.png","contentUrl":"https:\/\/papex.sn\/wp-content\/uploads\/2022\/10\/Mobile__0D47C111BDA0A86839E3974EA6A4ECF1__440__rx_2020124_v2-dc467117fe161559d3ec204d0383004b.png","width":440,"height":511},{"@type":"BreadcrumbList","@id":"https:\/\/papex.sn\/?product=destructeur-de-papier-cc-10f-18l-rexel#breadcrumb","itemListElement":[{"@type":"ListItem","position":1,"name":"Accueil","item":"https:\/\/papex.sn\/"},{"@type":"ListItem","position":2,"name":"Boutique","item":"https:\/\/papex.sn\/?page_id=388"},{"@type":"ListItem","position":3,"name":"Destructeur De Papier Cc\/10F\/18L Rexel"}]},{"@type":"WebSite","@id":"https:\/\/papex.sn\/#website","url":"https:\/\/papex.sn\/","name":"PAPEX","description":"Papeterie Express","publisher":{"@id":"https:\/\/papex.sn\/#organization"},"potentialAction":[{"@type":"SearchAction","target":{"@type":"EntryPoint","urlTemplate":"https:\/\/papex.sn\/?s={search_term_string}"},"query-input":{"@type":"PropertyValueSpecification","valueRequired":true,"valueName":"search_term_string"}}],"inLanguage":"fr-FR"},{"@type":"Organization","@id":"https:\/\/papex.sn\/#organization","name":"PAPEX","url":"https:\/\/papex.sn\/","logo":{"@type":"ImageObject","inLanguage":"fr-FR","@id":"https:\/\/papex.sn\/#\/schema\/logo\/image\/","url":"https:\/\/papex.sn\/wp-content\/uploads\/2022\/05\/telechargement-1.jpg","contentUrl":"https:\/\/papex.sn\/wp-content\/uploads\/2022\/05\/telechargement-1.jpg","width":299,"height":168,"caption":"PAPEX"},"image":{"@id":"https:\/\/papex.sn\/#\/schema\/logo\/image\/"},"sameAs":["https:\/\/www.facebook.com\/PapexSarl","https:\/\/www.instagram.com\/papex.sarl\/"]}]}},"_links":{"self":[{"href":"https:\/\/papex.sn\/index.php?rest_route=\/wp\/v2\/product\/2723","targetHints":{"allow":["GET"]}}],"collection":[{"href":"https:\/\/papex.sn\/index.php?rest_route=\/wp\/v2\/product"}],"about":[{"href":"https:\/\/papex.sn\/index.php?rest_route=\/wp\/v2\/types\/product"}],"replies":[{"embeddable":true,"href":"https:\/\/papex.sn\/index.php?rest_route=%2Fwp%2Fv2%2Fcomments&post=2723"}],"version-history":[{"count":1,"href":"https:\/\/papex.sn\/index.php?rest_route=\/wp\/v2\/product\/2723\/revisions"}],"predecessor-version":[{"id":3455,"href":"https:\/\/papex.sn\/index.php?rest_route=\/wp\/v2\/product\/2723\/revisions\/3455"}],"wp:featuredmedia":[{"embeddable":true,"href":"https:\/\/papex.sn\/index.php?rest_route=\/wp\/v2\/media\/2722"}],"wp:attachment":[{"href":"https:\/\/papex.sn\/index.php?rest_route=%2Fwp%2Fv2%2Fmedia&parent=2723"}],"wp:term":[{"taxonomy":"product_brand","embeddable":true,"href":"https:\/\/papex.sn\/index.php?rest_route=%2Fwp%2Fv2%2Fproduct_brand&post=2723"},{"taxonomy":"product_cat","embeddable":true,"href":"https:\/\/papex.sn\/index.php?rest_route=%2Fwp%2Fv2%2Fproduct_cat&post=2723"},{"taxonomy":"product_tag","embeddable":true,"href":"https:\/\/papex.sn\/index.php?rest_route=%2Fwp%2Fv2%2Fproduct_tag&post=2723"}],"curies":[{"name":"wp","href":"https:\/\/api.w.org\/{rel}","templated":true}]}}