{"id":2721,"date":"2022-10-19T12:36:48","date_gmt":"2022-10-19T12:36:48","guid":{"rendered":"https:\/\/papex.sn\/?product=destructeur-de-papier-c-micro-particules-7f-23l-acco"},"modified":"2024-07-09T10:07:09","modified_gmt":"2024-07-09T10:07:09","slug":"destructeur-de-papier-c-micro-particules-7f-23l-acco","status":"publish","type":"product","link":"https:\/\/papex.sn\/?product=destructeur-de-papier-c-micro-particules-7f-23l-acco","title":{"rendered":"Destructeur De Papier C Micro Particules 7F\/23L Acco"},"content":{"rendered":"<p>Destructeur Mercury&#x2122; dot\u00e9 de la technologie anti-bourrage<\/p>\n<p>D\u00e9truit jusqu&rsquo;\u00e0 10 feuilles (80 g\/m\u00b2) \u00e0 la fois.<\/p>\n<p>Coupe crois\u00e9e en particules de 4 x 50 mm, P-3<\/p>\n<p>D\u00e9truit les agrafes, les trombones et les cartes de cr\u00e9dit.<\/p>\n<p>Corbeille de 23 litres d&rsquo;une capacit\u00e9 de 210 feuilles<\/p>\n<p>Facile \u00e0 utiliser<\/p>\n","protected":false},"excerpt":{"rendered":"<p>Pas de bourrage, pas de stress, pas de d\u00e9sordre ! Dot\u00e9 de la technologie anti-bourrage \u00e0 d\u00e9tection continue, le destructeur Mercury&#x2122; REX1023 coupe crois\u00e9e d\u00e9truit jusqu&rsquo;\u00e0 10 feuilles (80 g\/m\u00b2) en particules de 4 x 50 mm (P-3). Sa corbeille de 23 litres peut contenir jusqu&rsquo;\u00e0 210 feuilles dans un sac en papier recycl\u00e9.<\/p>\n","protected":false},"featured_media":2720,"comment_status":"open","ping_status":"closed","template":"","meta":[],"product_brand":[],"product_cat":[39,103],"product_tag":[],"class_list":{"0":"post-2721","1":"product","2":"type-product","3":"status-publish","4":"has-post-thumbnail","6":"product_cat-bureautique-informatique","7":"product_cat-destructeur-de-papier","9":"first","10":"instock","11":"shipping-taxable","12":"product-type-simple"},"yoast_head":"<!-- This site is optimized with the Yoast SEO plugin v27.5 - https:\/\/yoast.com\/product\/yoast-seo-wordpress\/ -->\n<title>Destructeur De Papier C Micro Particules 7F\/23L Acco - PAPEX<\/title>\n<meta name=\"robots\" content=\"index, follow, max-snippet:-1, max-image-preview:large, max-video-preview:-1\" \/>\n<link rel=\"canonical\" href=\"https:\/\/papex.sn\/?product=destructeur-de-papier-c-micro-particules-7f-23l-acco\" \/>\n<meta property=\"og:locale\" content=\"fr_FR\" \/>\n<meta property=\"og:type\" content=\"article\" \/>\n<meta property=\"og:title\" content=\"Destructeur De Papier C Micro Particules 7F\/23L Acco - PAPEX\" \/>\n<meta property=\"og:description\" content=\"Pas de bourrage, pas de stress, pas de d\u00e9sordre ! Dot\u00e9 de la technologie anti-bourrage \u00e0 d\u00e9tection continue, le destructeur Mercury&#x2122; REX1023 coupe crois\u00e9e d\u00e9truit jusqu&#039;\u00e0 10 feuilles (80 g\/m\u00b2) en particules de 4 x 50 mm (P-3). Sa corbeille de 23 litres peut contenir jusqu&#039;\u00e0 210 feuilles dans un sac en papier recycl\u00e9.\" \/>\n<meta property=\"og:url\" content=\"https:\/\/papex.sn\/?product=destructeur-de-papier-c-micro-particules-7f-23l-acco\" \/>\n<meta property=\"og:site_name\" content=\"PAPEX\" \/>\n<meta property=\"article:publisher\" content=\"https:\/\/www.facebook.com\/PapexSarl\" \/>\n<meta property=\"article:modified_time\" content=\"2024-07-09T10:07:09+00:00\" \/>\n<meta property=\"og:image\" content=\"https:\/\/papex.sn\/wp-content\/uploads\/2022\/10\/Mobile__5F3457FDFA675702BACECEADBC6B825C__440__rx_2101995EU_v4-70153aa231bba4b0685803da67bb5497.png\" \/>\n\t<meta property=\"og:image:width\" content=\"440\" \/>\n\t<meta property=\"og:image:height\" content=\"567\" \/>\n\t<meta property=\"og:image:type\" content=\"image\/png\" \/>\n<meta name=\"twitter:card\" content=\"summary_large_image\" \/>\n<script type=\"application\/ld+json\" class=\"yoast-schema-graph\">{\"@context\":\"https:\\\/\\\/schema.org\",\"@graph\":[{\"@type\":\"WebPage\",\"@id\":\"https:\\\/\\\/papex.sn\\\/?product=destructeur-de-papier-c-micro-particules-7f-23l-acco\",\"url\":\"https:\\\/\\\/papex.sn\\\/?product=destructeur-de-papier-c-micro-particules-7f-23l-acco\",\"name\":\"Destructeur De Papier C Micro Particules 7F\\\/23L Acco - PAPEX\",\"isPartOf\":{\"@id\":\"https:\\\/\\\/papex.sn\\\/#website\"},\"primaryImageOfPage\":{\"@id\":\"https:\\\/\\\/papex.sn\\\/?product=destructeur-de-papier-c-micro-particules-7f-23l-acco#primaryimage\"},\"image\":{\"@id\":\"https:\\\/\\\/papex.sn\\\/?product=destructeur-de-papier-c-micro-particules-7f-23l-acco#primaryimage\"},\"thumbnailUrl\":\"https:\\\/\\\/papex.sn\\\/wp-content\\\/uploads\\\/2022\\\/10\\\/Mobile__5F3457FDFA675702BACECEADBC6B825C__440__rx_2101995EU_v4-70153aa231bba4b0685803da67bb5497.png\",\"datePublished\":\"2022-10-19T12:36:48+00:00\",\"dateModified\":\"2024-07-09T10:07:09+00:00\",\"breadcrumb\":{\"@id\":\"https:\\\/\\\/papex.sn\\\/?product=destructeur-de-papier-c-micro-particules-7f-23l-acco#breadcrumb\"},\"inLanguage\":\"fr-FR\",\"potentialAction\":[{\"@type\":\"ReadAction\",\"target\":[\"https:\\\/\\\/papex.sn\\\/?product=destructeur-de-papier-c-micro-particules-7f-23l-acco\"]}]},{\"@type\":\"ImageObject\",\"inLanguage\":\"fr-FR\",\"@id\":\"https:\\\/\\\/papex.sn\\\/?product=destructeur-de-papier-c-micro-particules-7f-23l-acco#primaryimage\",\"url\":\"https:\\\/\\\/papex.sn\\\/wp-content\\\/uploads\\\/2022\\\/10\\\/Mobile__5F3457FDFA675702BACECEADBC6B825C__440__rx_2101995EU_v4-70153aa231bba4b0685803da67bb5497.png\",\"contentUrl\":\"https:\\\/\\\/papex.sn\\\/wp-content\\\/uploads\\\/2022\\\/10\\\/Mobile__5F3457FDFA675702BACECEADBC6B825C__440__rx_2101995EU_v4-70153aa231bba4b0685803da67bb5497.png\",\"width\":440,\"height\":567},{\"@type\":\"BreadcrumbList\",\"@id\":\"https:\\\/\\\/papex.sn\\\/?product=destructeur-de-papier-c-micro-particules-7f-23l-acco#breadcrumb\",\"itemListElement\":[{\"@type\":\"ListItem\",\"position\":1,\"name\":\"Accueil\",\"item\":\"https:\\\/\\\/papex.sn\\\/\"},{\"@type\":\"ListItem\",\"position\":2,\"name\":\"Boutique\",\"item\":\"https:\\\/\\\/papex.sn\\\/?page_id=388\"},{\"@type\":\"ListItem\",\"position\":3,\"name\":\"Destructeur De Papier C Micro Particules 7F\\\/23L Acco\"}]},{\"@type\":\"WebSite\",\"@id\":\"https:\\\/\\\/papex.sn\\\/#website\",\"url\":\"https:\\\/\\\/papex.sn\\\/\",\"name\":\"PAPEX\",\"description\":\"Papeterie Express\",\"publisher\":{\"@id\":\"https:\\\/\\\/papex.sn\\\/#organization\"},\"potentialAction\":[{\"@type\":\"SearchAction\",\"target\":{\"@type\":\"EntryPoint\",\"urlTemplate\":\"https:\\\/\\\/papex.sn\\\/?s={search_term_string}\"},\"query-input\":{\"@type\":\"PropertyValueSpecification\",\"valueRequired\":true,\"valueName\":\"search_term_string\"}}],\"inLanguage\":\"fr-FR\"},{\"@type\":\"Organization\",\"@id\":\"https:\\\/\\\/papex.sn\\\/#organization\",\"name\":\"PAPEX\",\"url\":\"https:\\\/\\\/papex.sn\\\/\",\"logo\":{\"@type\":\"ImageObject\",\"inLanguage\":\"fr-FR\",\"@id\":\"https:\\\/\\\/papex.sn\\\/#\\\/schema\\\/logo\\\/image\\\/\",\"url\":\"https:\\\/\\\/papex.sn\\\/wp-content\\\/uploads\\\/2022\\\/05\\\/telechargement-1.jpg\",\"contentUrl\":\"https:\\\/\\\/papex.sn\\\/wp-content\\\/uploads\\\/2022\\\/05\\\/telechargement-1.jpg\",\"width\":299,\"height\":168,\"caption\":\"PAPEX\"},\"image\":{\"@id\":\"https:\\\/\\\/papex.sn\\\/#\\\/schema\\\/logo\\\/image\\\/\"},\"sameAs\":[\"https:\\\/\\\/www.facebook.com\\\/PapexSarl\",\"https:\\\/\\\/www.instagram.com\\\/papex.sarl\\\/\"]}]}<\/script>\n<!-- \/ Yoast SEO plugin. -->","yoast_head_json":{"title":"Destructeur De Papier C Micro Particules 7F\/23L Acco - PAPEX","robots":{"index":"index","follow":"follow","max-snippet":"max-snippet:-1","max-image-preview":"max-image-preview:large","max-video-preview":"max-video-preview:-1"},"canonical":"https:\/\/papex.sn\/?product=destructeur-de-papier-c-micro-particules-7f-23l-acco","og_locale":"fr_FR","og_type":"article","og_title":"Destructeur De Papier C Micro Particules 7F\/23L Acco - PAPEX","og_description":"Pas de bourrage, pas de stress, pas de d\u00e9sordre ! Dot\u00e9 de la technologie anti-bourrage \u00e0 d\u00e9tection continue, le destructeur Mercury&#x2122; REX1023 coupe crois\u00e9e d\u00e9truit jusqu'\u00e0 10 feuilles (80 g\/m\u00b2) en particules de 4 x 50 mm (P-3). Sa corbeille de 23 litres peut contenir jusqu'\u00e0 210 feuilles dans un sac en papier recycl\u00e9.","og_url":"https:\/\/papex.sn\/?product=destructeur-de-papier-c-micro-particules-7f-23l-acco","og_site_name":"PAPEX","article_publisher":"https:\/\/www.facebook.com\/PapexSarl","article_modified_time":"2024-07-09T10:07:09+00:00","og_image":[{"width":440,"height":567,"url":"https:\/\/papex.sn\/wp-content\/uploads\/2022\/10\/Mobile__5F3457FDFA675702BACECEADBC6B825C__440__rx_2101995EU_v4-70153aa231bba4b0685803da67bb5497.png","type":"image\/png"}],"twitter_card":"summary_large_image","schema":{"@context":"https:\/\/schema.org","@graph":[{"@type":"WebPage","@id":"https:\/\/papex.sn\/?product=destructeur-de-papier-c-micro-particules-7f-23l-acco","url":"https:\/\/papex.sn\/?product=destructeur-de-papier-c-micro-particules-7f-23l-acco","name":"Destructeur De Papier C Micro Particules 7F\/23L Acco - PAPEX","isPartOf":{"@id":"https:\/\/papex.sn\/#website"},"primaryImageOfPage":{"@id":"https:\/\/papex.sn\/?product=destructeur-de-papier-c-micro-particules-7f-23l-acco#primaryimage"},"image":{"@id":"https:\/\/papex.sn\/?product=destructeur-de-papier-c-micro-particules-7f-23l-acco#primaryimage"},"thumbnailUrl":"https:\/\/papex.sn\/wp-content\/uploads\/2022\/10\/Mobile__5F3457FDFA675702BACECEADBC6B825C__440__rx_2101995EU_v4-70153aa231bba4b0685803da67bb5497.png","datePublished":"2022-10-19T12:36:48+00:00","dateModified":"2024-07-09T10:07:09+00:00","breadcrumb":{"@id":"https:\/\/papex.sn\/?product=destructeur-de-papier-c-micro-particules-7f-23l-acco#breadcrumb"},"inLanguage":"fr-FR","potentialAction":[{"@type":"ReadAction","target":["https:\/\/papex.sn\/?product=destructeur-de-papier-c-micro-particules-7f-23l-acco"]}]},{"@type":"ImageObject","inLanguage":"fr-FR","@id":"https:\/\/papex.sn\/?product=destructeur-de-papier-c-micro-particules-7f-23l-acco#primaryimage","url":"https:\/\/papex.sn\/wp-content\/uploads\/2022\/10\/Mobile__5F3457FDFA675702BACECEADBC6B825C__440__rx_2101995EU_v4-70153aa231bba4b0685803da67bb5497.png","contentUrl":"https:\/\/papex.sn\/wp-content\/uploads\/2022\/10\/Mobile__5F3457FDFA675702BACECEADBC6B825C__440__rx_2101995EU_v4-70153aa231bba4b0685803da67bb5497.png","width":440,"height":567},{"@type":"BreadcrumbList","@id":"https:\/\/papex.sn\/?product=destructeur-de-papier-c-micro-particules-7f-23l-acco#breadcrumb","itemListElement":[{"@type":"ListItem","position":1,"name":"Accueil","item":"https:\/\/papex.sn\/"},{"@type":"ListItem","position":2,"name":"Boutique","item":"https:\/\/papex.sn\/?page_id=388"},{"@type":"ListItem","position":3,"name":"Destructeur De Papier C Micro Particules 7F\/23L Acco"}]},{"@type":"WebSite","@id":"https:\/\/papex.sn\/#website","url":"https:\/\/papex.sn\/","name":"PAPEX","description":"Papeterie Express","publisher":{"@id":"https:\/\/papex.sn\/#organization"},"potentialAction":[{"@type":"SearchAction","target":{"@type":"EntryPoint","urlTemplate":"https:\/\/papex.sn\/?s={search_term_string}"},"query-input":{"@type":"PropertyValueSpecification","valueRequired":true,"valueName":"search_term_string"}}],"inLanguage":"fr-FR"},{"@type":"Organization","@id":"https:\/\/papex.sn\/#organization","name":"PAPEX","url":"https:\/\/papex.sn\/","logo":{"@type":"ImageObject","inLanguage":"fr-FR","@id":"https:\/\/papex.sn\/#\/schema\/logo\/image\/","url":"https:\/\/papex.sn\/wp-content\/uploads\/2022\/05\/telechargement-1.jpg","contentUrl":"https:\/\/papex.sn\/wp-content\/uploads\/2022\/05\/telechargement-1.jpg","width":299,"height":168,"caption":"PAPEX"},"image":{"@id":"https:\/\/papex.sn\/#\/schema\/logo\/image\/"},"sameAs":["https:\/\/www.facebook.com\/PapexSarl","https:\/\/www.instagram.com\/papex.sarl\/"]}]}},"_links":{"self":[{"href":"https:\/\/papex.sn\/index.php?rest_route=\/wp\/v2\/product\/2721","targetHints":{"allow":["GET"]}}],"collection":[{"href":"https:\/\/papex.sn\/index.php?rest_route=\/wp\/v2\/product"}],"about":[{"href":"https:\/\/papex.sn\/index.php?rest_route=\/wp\/v2\/types\/product"}],"replies":[{"embeddable":true,"href":"https:\/\/papex.sn\/index.php?rest_route=%2Fwp%2Fv2%2Fcomments&post=2721"}],"version-history":[{"count":1,"href":"https:\/\/papex.sn\/index.php?rest_route=\/wp\/v2\/product\/2721\/revisions"}],"predecessor-version":[{"id":3456,"href":"https:\/\/papex.sn\/index.php?rest_route=\/wp\/v2\/product\/2721\/revisions\/3456"}],"wp:featuredmedia":[{"embeddable":true,"href":"https:\/\/papex.sn\/index.php?rest_route=\/wp\/v2\/media\/2720"}],"wp:attachment":[{"href":"https:\/\/papex.sn\/index.php?rest_route=%2Fwp%2Fv2%2Fmedia&parent=2721"}],"wp:term":[{"taxonomy":"product_brand","embeddable":true,"href":"https:\/\/papex.sn\/index.php?rest_route=%2Fwp%2Fv2%2Fproduct_brand&post=2721"},{"taxonomy":"product_cat","embeddable":true,"href":"https:\/\/papex.sn\/index.php?rest_route=%2Fwp%2Fv2%2Fproduct_cat&post=2721"},{"taxonomy":"product_tag","embeddable":true,"href":"https:\/\/papex.sn\/index.php?rest_route=%2Fwp%2Fv2%2Fproduct_tag&post=2721"}],"curies":[{"name":"wp","href":"https:\/\/api.w.org\/{rel}","templated":true}]}}