{"id":2719,"date":"2022-10-19T12:36:46","date_gmt":"2022-10-19T12:36:46","guid":{"rendered":"https:\/\/papex.sn\/?product=destructeur-de-papiercb-cc-50f-15l-rexel-acco"},"modified":"2024-07-09T10:07:15","modified_gmt":"2024-07-09T10:07:15","slug":"destructeur-de-papiercb-cc-50f-15l-rexel-acco","status":"publish","type":"product","link":"https:\/\/papex.sn\/?product=destructeur-de-papiercb-cc-50f-15l-rexel-acco","title":{"rendered":"Destructeur De Papier+Cb Cc\/50F\/15L Rexel Acco"},"content":{"rendered":"<p>Marque Rexel<\/p>\n<p>Dimensions de l&rsquo;article L x l x H 43 x 36.3 x 40.5 centim\u00e8tres<\/p>\n<p>Couleur NoirGris<\/p>\n<p>Poids de l&rsquo;article 7.7 Kilogrammes<\/p>\n<p>Capacit\u00e9 20 Litres<\/p>\n<p>Mode de fonctionnement Automatique, Manuelle<\/p>\n<p>Capacit\u00e9 standard de la feuille 50<\/p>\n<p>Type de coupe Coupe crois\u00e9e<\/p>\n<p>Prot\u00e9gez vos donn\u00e9es confidentielles gr\u00e2ce \u00e0 ce broyeur de papier capable de d\u00e9truire automatiquement jusqu\u2019\u00e0 50 feuilles de papier A4 en 10 minutes, et jusqu\u2019\u00e0 6 feuilles manuellement<\/p>\n<p>Dot\u00e9 d\u2019une corbeille amovible de 20 litres facile \u00e0 vider, ce destructeur de documents est capable de d\u00e9truire du papier format A4, des cartes de cr\u00e9dits, des trombones et des agrafes<\/p>\n<p>Syst\u00e8me anti-bourrage, refroidissement par ventilateur, d\u00e9tecteur de niveau de remplissage \u00e0 infrarouge et interface tactile pour une utilisation simple et intuitive<\/p>\n<p>il vous permet de consacrer 98 % de temps en moins \u00e0 la destruction de vos documents par rapport \u00e0 un destructeur manuel<\/p>\n<p>Contient : 1 x Destructeur de documents Rexel Auto+ 50X coupe crois\u00e9e, capacit\u00e9 50 feuilles, corbeille 20 litres, dimensions : 363 (l) x 405 (h) x 430 (p<\/p>\n","protected":false},"excerpt":{"rendered":"<p>Coupe crois\u00e9e en particules de 4 x 28 mm, P-4<br \/>\nCorbeille amovible de 20 litres<br \/>\nTechnologie anti-bourrage<br \/>\nCommande tactile<br \/>\nIndicateur &lsquo;corbeille pleine&rsquo;<\/p>\n","protected":false},"featured_media":2718,"comment_status":"open","ping_status":"closed","template":"","meta":[],"product_brand":[],"product_cat":[39,103],"product_tag":[],"class_list":{"0":"post-2719","1":"product","2":"type-product","3":"status-publish","4":"has-post-thumbnail","6":"product_cat-bureautique-informatique","7":"product_cat-destructeur-de-papier","9":"first","10":"instock","11":"shipping-taxable","12":"product-type-simple"},"yoast_head":"<!-- This site is optimized with the Yoast SEO plugin v27.4 - https:\/\/yoast.com\/product\/yoast-seo-wordpress\/ -->\n<title>Destructeur De Papier+Cb Cc\/50F\/15L Rexel Acco - PAPEX<\/title>\n<meta name=\"robots\" content=\"index, follow, max-snippet:-1, max-image-preview:large, max-video-preview:-1\" \/>\n<link rel=\"canonical\" href=\"https:\/\/papex.sn\/?product=destructeur-de-papiercb-cc-50f-15l-rexel-acco\" \/>\n<meta property=\"og:locale\" content=\"fr_FR\" \/>\n<meta property=\"og:type\" content=\"article\" \/>\n<meta property=\"og:title\" content=\"Destructeur De Papier+Cb Cc\/50F\/15L Rexel Acco - PAPEX\" \/>\n<meta property=\"og:description\" content=\"Coupe crois\u00e9e en particules de 4 x 28 mm, P-4 Corbeille amovible de 20 litres Technologie anti-bourrage Commande tactile Indicateur &#039;corbeille pleine&#039;\" \/>\n<meta property=\"og:url\" content=\"https:\/\/papex.sn\/?product=destructeur-de-papiercb-cc-50f-15l-rexel-acco\" \/>\n<meta property=\"og:site_name\" content=\"PAPEX\" \/>\n<meta property=\"article:publisher\" content=\"https:\/\/www.facebook.com\/PapexSarl\" \/>\n<meta property=\"article:modified_time\" content=\"2024-07-09T10:07:15+00:00\" \/>\n<meta property=\"og:image\" content=\"https:\/\/papex.sn\/wp-content\/uploads\/2022\/10\/destructeur-de-document-rexel-optimum-auto-50x-2020050-xeu.png\" \/>\n\t<meta property=\"og:image:width\" content=\"640\" \/>\n\t<meta property=\"og:image:height\" content=\"480\" \/>\n\t<meta property=\"og:image:type\" content=\"image\/png\" \/>\n<meta name=\"twitter:card\" content=\"summary_large_image\" \/>\n<meta name=\"twitter:label1\" content=\"Dur\u00e9e de lecture estim\u00e9e\" \/>\n\t<meta name=\"twitter:data1\" content=\"1 minute\" \/>\n<script type=\"application\/ld+json\" class=\"yoast-schema-graph\">{\"@context\":\"https:\\\/\\\/schema.org\",\"@graph\":[{\"@type\":\"WebPage\",\"@id\":\"https:\\\/\\\/papex.sn\\\/?product=destructeur-de-papiercb-cc-50f-15l-rexel-acco\",\"url\":\"https:\\\/\\\/papex.sn\\\/?product=destructeur-de-papiercb-cc-50f-15l-rexel-acco\",\"name\":\"Destructeur De Papier+Cb Cc\\\/50F\\\/15L Rexel Acco - PAPEX\",\"isPartOf\":{\"@id\":\"https:\\\/\\\/papex.sn\\\/#website\"},\"primaryImageOfPage\":{\"@id\":\"https:\\\/\\\/papex.sn\\\/?product=destructeur-de-papiercb-cc-50f-15l-rexel-acco#primaryimage\"},\"image\":{\"@id\":\"https:\\\/\\\/papex.sn\\\/?product=destructeur-de-papiercb-cc-50f-15l-rexel-acco#primaryimage\"},\"thumbnailUrl\":\"https:\\\/\\\/papex.sn\\\/wp-content\\\/uploads\\\/2022\\\/10\\\/destructeur-de-document-rexel-optimum-auto-50x-2020050-xeu.png\",\"datePublished\":\"2022-10-19T12:36:46+00:00\",\"dateModified\":\"2024-07-09T10:07:15+00:00\",\"breadcrumb\":{\"@id\":\"https:\\\/\\\/papex.sn\\\/?product=destructeur-de-papiercb-cc-50f-15l-rexel-acco#breadcrumb\"},\"inLanguage\":\"fr-FR\",\"potentialAction\":[{\"@type\":\"ReadAction\",\"target\":[\"https:\\\/\\\/papex.sn\\\/?product=destructeur-de-papiercb-cc-50f-15l-rexel-acco\"]}]},{\"@type\":\"ImageObject\",\"inLanguage\":\"fr-FR\",\"@id\":\"https:\\\/\\\/papex.sn\\\/?product=destructeur-de-papiercb-cc-50f-15l-rexel-acco#primaryimage\",\"url\":\"https:\\\/\\\/papex.sn\\\/wp-content\\\/uploads\\\/2022\\\/10\\\/destructeur-de-document-rexel-optimum-auto-50x-2020050-xeu.png\",\"contentUrl\":\"https:\\\/\\\/papex.sn\\\/wp-content\\\/uploads\\\/2022\\\/10\\\/destructeur-de-document-rexel-optimum-auto-50x-2020050-xeu.png\",\"width\":640,\"height\":480},{\"@type\":\"BreadcrumbList\",\"@id\":\"https:\\\/\\\/papex.sn\\\/?product=destructeur-de-papiercb-cc-50f-15l-rexel-acco#breadcrumb\",\"itemListElement\":[{\"@type\":\"ListItem\",\"position\":1,\"name\":\"Accueil\",\"item\":\"https:\\\/\\\/papex.sn\\\/\"},{\"@type\":\"ListItem\",\"position\":2,\"name\":\"Boutique\",\"item\":\"https:\\\/\\\/papex.sn\\\/?page_id=388\"},{\"@type\":\"ListItem\",\"position\":3,\"name\":\"Destructeur De Papier+Cb Cc\\\/50F\\\/15L Rexel Acco\"}]},{\"@type\":\"WebSite\",\"@id\":\"https:\\\/\\\/papex.sn\\\/#website\",\"url\":\"https:\\\/\\\/papex.sn\\\/\",\"name\":\"PAPEX\",\"description\":\"Papeterie Express\",\"publisher\":{\"@id\":\"https:\\\/\\\/papex.sn\\\/#organization\"},\"potentialAction\":[{\"@type\":\"SearchAction\",\"target\":{\"@type\":\"EntryPoint\",\"urlTemplate\":\"https:\\\/\\\/papex.sn\\\/?s={search_term_string}\"},\"query-input\":{\"@type\":\"PropertyValueSpecification\",\"valueRequired\":true,\"valueName\":\"search_term_string\"}}],\"inLanguage\":\"fr-FR\"},{\"@type\":\"Organization\",\"@id\":\"https:\\\/\\\/papex.sn\\\/#organization\",\"name\":\"PAPEX\",\"url\":\"https:\\\/\\\/papex.sn\\\/\",\"logo\":{\"@type\":\"ImageObject\",\"inLanguage\":\"fr-FR\",\"@id\":\"https:\\\/\\\/papex.sn\\\/#\\\/schema\\\/logo\\\/image\\\/\",\"url\":\"https:\\\/\\\/papex.sn\\\/wp-content\\\/uploads\\\/2022\\\/05\\\/telechargement-1.jpg\",\"contentUrl\":\"https:\\\/\\\/papex.sn\\\/wp-content\\\/uploads\\\/2022\\\/05\\\/telechargement-1.jpg\",\"width\":299,\"height\":168,\"caption\":\"PAPEX\"},\"image\":{\"@id\":\"https:\\\/\\\/papex.sn\\\/#\\\/schema\\\/logo\\\/image\\\/\"},\"sameAs\":[\"https:\\\/\\\/www.facebook.com\\\/PapexSarl\",\"https:\\\/\\\/www.instagram.com\\\/papex.sarl\\\/\"]}]}<\/script>\n<!-- \/ Yoast SEO plugin. -->","yoast_head_json":{"title":"Destructeur De Papier+Cb Cc\/50F\/15L Rexel Acco - PAPEX","robots":{"index":"index","follow":"follow","max-snippet":"max-snippet:-1","max-image-preview":"max-image-preview:large","max-video-preview":"max-video-preview:-1"},"canonical":"https:\/\/papex.sn\/?product=destructeur-de-papiercb-cc-50f-15l-rexel-acco","og_locale":"fr_FR","og_type":"article","og_title":"Destructeur De Papier+Cb Cc\/50F\/15L Rexel Acco - PAPEX","og_description":"Coupe crois\u00e9e en particules de 4 x 28 mm, P-4 Corbeille amovible de 20 litres Technologie anti-bourrage Commande tactile Indicateur 'corbeille pleine'","og_url":"https:\/\/papex.sn\/?product=destructeur-de-papiercb-cc-50f-15l-rexel-acco","og_site_name":"PAPEX","article_publisher":"https:\/\/www.facebook.com\/PapexSarl","article_modified_time":"2024-07-09T10:07:15+00:00","og_image":[{"width":640,"height":480,"url":"https:\/\/papex.sn\/wp-content\/uploads\/2022\/10\/destructeur-de-document-rexel-optimum-auto-50x-2020050-xeu.png","type":"image\/png"}],"twitter_card":"summary_large_image","twitter_misc":{"Dur\u00e9e de lecture estim\u00e9e":"1 minute"},"schema":{"@context":"https:\/\/schema.org","@graph":[{"@type":"WebPage","@id":"https:\/\/papex.sn\/?product=destructeur-de-papiercb-cc-50f-15l-rexel-acco","url":"https:\/\/papex.sn\/?product=destructeur-de-papiercb-cc-50f-15l-rexel-acco","name":"Destructeur De Papier+Cb Cc\/50F\/15L Rexel Acco - PAPEX","isPartOf":{"@id":"https:\/\/papex.sn\/#website"},"primaryImageOfPage":{"@id":"https:\/\/papex.sn\/?product=destructeur-de-papiercb-cc-50f-15l-rexel-acco#primaryimage"},"image":{"@id":"https:\/\/papex.sn\/?product=destructeur-de-papiercb-cc-50f-15l-rexel-acco#primaryimage"},"thumbnailUrl":"https:\/\/papex.sn\/wp-content\/uploads\/2022\/10\/destructeur-de-document-rexel-optimum-auto-50x-2020050-xeu.png","datePublished":"2022-10-19T12:36:46+00:00","dateModified":"2024-07-09T10:07:15+00:00","breadcrumb":{"@id":"https:\/\/papex.sn\/?product=destructeur-de-papiercb-cc-50f-15l-rexel-acco#breadcrumb"},"inLanguage":"fr-FR","potentialAction":[{"@type":"ReadAction","target":["https:\/\/papex.sn\/?product=destructeur-de-papiercb-cc-50f-15l-rexel-acco"]}]},{"@type":"ImageObject","inLanguage":"fr-FR","@id":"https:\/\/papex.sn\/?product=destructeur-de-papiercb-cc-50f-15l-rexel-acco#primaryimage","url":"https:\/\/papex.sn\/wp-content\/uploads\/2022\/10\/destructeur-de-document-rexel-optimum-auto-50x-2020050-xeu.png","contentUrl":"https:\/\/papex.sn\/wp-content\/uploads\/2022\/10\/destructeur-de-document-rexel-optimum-auto-50x-2020050-xeu.png","width":640,"height":480},{"@type":"BreadcrumbList","@id":"https:\/\/papex.sn\/?product=destructeur-de-papiercb-cc-50f-15l-rexel-acco#breadcrumb","itemListElement":[{"@type":"ListItem","position":1,"name":"Accueil","item":"https:\/\/papex.sn\/"},{"@type":"ListItem","position":2,"name":"Boutique","item":"https:\/\/papex.sn\/?page_id=388"},{"@type":"ListItem","position":3,"name":"Destructeur De Papier+Cb Cc\/50F\/15L Rexel Acco"}]},{"@type":"WebSite","@id":"https:\/\/papex.sn\/#website","url":"https:\/\/papex.sn\/","name":"PAPEX","description":"Papeterie Express","publisher":{"@id":"https:\/\/papex.sn\/#organization"},"potentialAction":[{"@type":"SearchAction","target":{"@type":"EntryPoint","urlTemplate":"https:\/\/papex.sn\/?s={search_term_string}"},"query-input":{"@type":"PropertyValueSpecification","valueRequired":true,"valueName":"search_term_string"}}],"inLanguage":"fr-FR"},{"@type":"Organization","@id":"https:\/\/papex.sn\/#organization","name":"PAPEX","url":"https:\/\/papex.sn\/","logo":{"@type":"ImageObject","inLanguage":"fr-FR","@id":"https:\/\/papex.sn\/#\/schema\/logo\/image\/","url":"https:\/\/papex.sn\/wp-content\/uploads\/2022\/05\/telechargement-1.jpg","contentUrl":"https:\/\/papex.sn\/wp-content\/uploads\/2022\/05\/telechargement-1.jpg","width":299,"height":168,"caption":"PAPEX"},"image":{"@id":"https:\/\/papex.sn\/#\/schema\/logo\/image\/"},"sameAs":["https:\/\/www.facebook.com\/PapexSarl","https:\/\/www.instagram.com\/papex.sarl\/"]}]}},"_links":{"self":[{"href":"https:\/\/papex.sn\/index.php?rest_route=\/wp\/v2\/product\/2719","targetHints":{"allow":["GET"]}}],"collection":[{"href":"https:\/\/papex.sn\/index.php?rest_route=\/wp\/v2\/product"}],"about":[{"href":"https:\/\/papex.sn\/index.php?rest_route=\/wp\/v2\/types\/product"}],"replies":[{"embeddable":true,"href":"https:\/\/papex.sn\/index.php?rest_route=%2Fwp%2Fv2%2Fcomments&post=2719"}],"version-history":[{"count":1,"href":"https:\/\/papex.sn\/index.php?rest_route=\/wp\/v2\/product\/2719\/revisions"}],"predecessor-version":[{"id":3457,"href":"https:\/\/papex.sn\/index.php?rest_route=\/wp\/v2\/product\/2719\/revisions\/3457"}],"wp:featuredmedia":[{"embeddable":true,"href":"https:\/\/papex.sn\/index.php?rest_route=\/wp\/v2\/media\/2718"}],"wp:attachment":[{"href":"https:\/\/papex.sn\/index.php?rest_route=%2Fwp%2Fv2%2Fmedia&parent=2719"}],"wp:term":[{"taxonomy":"product_brand","embeddable":true,"href":"https:\/\/papex.sn\/index.php?rest_route=%2Fwp%2Fv2%2Fproduct_brand&post=2719"},{"taxonomy":"product_cat","embeddable":true,"href":"https:\/\/papex.sn\/index.php?rest_route=%2Fwp%2Fv2%2Fproduct_cat&post=2719"},{"taxonomy":"product_tag","embeddable":true,"href":"https:\/\/papex.sn\/index.php?rest_route=%2Fwp%2Fv2%2Fproduct_tag&post=2719"}],"curies":[{"name":"wp","href":"https:\/\/api.w.org\/{rel}","templated":true}]}}