{"id":2717,"date":"2022-10-19T12:36:43","date_gmt":"2022-10-19T12:36:43","guid":{"rendered":"https:\/\/papex.sn\/?product=destructeur-de-papier-cc-130f-26l-rexel"},"modified":"2024-07-09T10:07:34","modified_gmt":"2024-07-09T10:07:34","slug":"destructeur-de-papier-cc-130f-26l-rexel","status":"publish","type":"product","link":"https:\/\/papex.sn\/?product=destructeur-de-papier-cc-130f-26l-rexel","title":{"rendered":"Destructeur De Papier Cc\/130F\/26L Rexel"},"content":{"rendered":"<p>Fonction d&rsquo;auto-alimentation pour 130 feuilles (80 g\/m\u00b2). D\u00e9truit jusqu&rsquo;\u00e0 8 feuilles via la fente d&rsquo;alimentation manuelle.<\/p>\n<p>Coupe crois\u00e9e en particules de 4 x 28 mm, P-4<\/p>\n<p>Corbeille amovible de 44 litres<\/p>\n<p>Technologie anti-bourrage<\/p>\n<p>D\u00e9truit les cartes de cr\u00e9dit, les agrafes et les trombones.<\/p>\n<p>30 minutes de fonctionnement continu avec refroidissement par ventilateur. Mise en veille automatique apr\u00e8s 3 minutes d&rsquo;inutilisation<\/p>\n<p>Commande tactile<\/p>\n<p>Fonctionnement tr\u00e8s silencieux (55 Dba)<\/p>\n<p>Indicateur &lsquo;corbeille pleine&rsquo;<\/p>\n","protected":false},"excerpt":{"rendered":"<p>Le destructeur Optimum Auto+ 130X coupe crois\u00e9e d\u00e9truit automatiquement jusqu&rsquo;\u00e0 130 feuilles (80 g\/m\u00b2) en particules de 4 x 28 mm (P-4). Ce destructeur est id\u00e9al pour une utilisation \u00e0 domicile ou au bureau. Plus besoin de rester pr\u00e8s de la machine pour l&rsquo;alimenter en papier, ni de retirer au pr\u00e9alable les agrafes et les trombones. Avec la fonction d&rsquo;alimentation automatique et la corbeille de 44 litres, il vous suffit de charger jusqu&rsquo;\u00e0 130 feuilles et de laisser le destructeur faire son travail.<\/p>\n","protected":false},"featured_media":2716,"comment_status":"open","ping_status":"closed","template":"","meta":[],"product_brand":[],"product_cat":[39,103],"product_tag":[],"class_list":{"0":"post-2717","1":"product","2":"type-product","3":"status-publish","4":"has-post-thumbnail","6":"product_cat-bureautique-informatique","7":"product_cat-destructeur-de-papier","9":"first","10":"instock","11":"shipping-taxable","12":"product-type-simple"},"yoast_head":"<!-- This site is optimized with the Yoast SEO plugin v27.4 - https:\/\/yoast.com\/product\/yoast-seo-wordpress\/ -->\n<title>Destructeur De Papier Cc\/130F\/26L Rexel - PAPEX<\/title>\n<meta name=\"robots\" content=\"index, follow, max-snippet:-1, max-image-preview:large, max-video-preview:-1\" \/>\n<link rel=\"canonical\" href=\"https:\/\/papex.sn\/?product=destructeur-de-papier-cc-130f-26l-rexel\" \/>\n<meta property=\"og:locale\" content=\"fr_FR\" \/>\n<meta property=\"og:type\" content=\"article\" \/>\n<meta property=\"og:title\" content=\"Destructeur De Papier Cc\/130F\/26L Rexel - PAPEX\" \/>\n<meta property=\"og:description\" content=\"Le destructeur Optimum Auto+ 130X coupe crois\u00e9e d\u00e9truit automatiquement jusqu&#039;\u00e0 130 feuilles (80 g\/m\u00b2) en particules de 4 x 28 mm (P-4). Ce destructeur est id\u00e9al pour une utilisation \u00e0 domicile ou au bureau. Plus besoin de rester pr\u00e8s de la machine pour l&#039;alimenter en papier, ni de retirer au pr\u00e9alable les agrafes et les trombones. Avec la fonction d&#039;alimentation automatique et la corbeille de 44 litres, il vous suffit de charger jusqu&#039;\u00e0 130 feuilles et de laisser le destructeur faire son travail.\" \/>\n<meta property=\"og:url\" content=\"https:\/\/papex.sn\/?product=destructeur-de-papier-cc-130f-26l-rexel\" \/>\n<meta property=\"og:site_name\" content=\"PAPEX\" \/>\n<meta property=\"article:publisher\" content=\"https:\/\/www.facebook.com\/PapexSarl\" \/>\n<meta property=\"article:modified_time\" content=\"2024-07-09T10:07:34+00:00\" \/>\n<meta property=\"og:image\" content=\"https:\/\/papex.sn\/wp-content\/uploads\/2022\/10\/destructeur-de-doc-rexel-auto-130x-2102559eua.png\" \/>\n\t<meta property=\"og:image:width\" content=\"640\" \/>\n\t<meta property=\"og:image:height\" content=\"480\" \/>\n\t<meta property=\"og:image:type\" content=\"image\/png\" \/>\n<meta name=\"twitter:card\" content=\"summary_large_image\" \/>\n<script type=\"application\/ld+json\" class=\"yoast-schema-graph\">{\"@context\":\"https:\\\/\\\/schema.org\",\"@graph\":[{\"@type\":\"WebPage\",\"@id\":\"https:\\\/\\\/papex.sn\\\/?product=destructeur-de-papier-cc-130f-26l-rexel\",\"url\":\"https:\\\/\\\/papex.sn\\\/?product=destructeur-de-papier-cc-130f-26l-rexel\",\"name\":\"Destructeur De Papier Cc\\\/130F\\\/26L Rexel - PAPEX\",\"isPartOf\":{\"@id\":\"https:\\\/\\\/papex.sn\\\/#website\"},\"primaryImageOfPage\":{\"@id\":\"https:\\\/\\\/papex.sn\\\/?product=destructeur-de-papier-cc-130f-26l-rexel#primaryimage\"},\"image\":{\"@id\":\"https:\\\/\\\/papex.sn\\\/?product=destructeur-de-papier-cc-130f-26l-rexel#primaryimage\"},\"thumbnailUrl\":\"https:\\\/\\\/papex.sn\\\/wp-content\\\/uploads\\\/2022\\\/10\\\/destructeur-de-doc-rexel-auto-130x-2102559eua.png\",\"datePublished\":\"2022-10-19T12:36:43+00:00\",\"dateModified\":\"2024-07-09T10:07:34+00:00\",\"breadcrumb\":{\"@id\":\"https:\\\/\\\/papex.sn\\\/?product=destructeur-de-papier-cc-130f-26l-rexel#breadcrumb\"},\"inLanguage\":\"fr-FR\",\"potentialAction\":[{\"@type\":\"ReadAction\",\"target\":[\"https:\\\/\\\/papex.sn\\\/?product=destructeur-de-papier-cc-130f-26l-rexel\"]}]},{\"@type\":\"ImageObject\",\"inLanguage\":\"fr-FR\",\"@id\":\"https:\\\/\\\/papex.sn\\\/?product=destructeur-de-papier-cc-130f-26l-rexel#primaryimage\",\"url\":\"https:\\\/\\\/papex.sn\\\/wp-content\\\/uploads\\\/2022\\\/10\\\/destructeur-de-doc-rexel-auto-130x-2102559eua.png\",\"contentUrl\":\"https:\\\/\\\/papex.sn\\\/wp-content\\\/uploads\\\/2022\\\/10\\\/destructeur-de-doc-rexel-auto-130x-2102559eua.png\",\"width\":640,\"height\":480},{\"@type\":\"BreadcrumbList\",\"@id\":\"https:\\\/\\\/papex.sn\\\/?product=destructeur-de-papier-cc-130f-26l-rexel#breadcrumb\",\"itemListElement\":[{\"@type\":\"ListItem\",\"position\":1,\"name\":\"Accueil\",\"item\":\"https:\\\/\\\/papex.sn\\\/\"},{\"@type\":\"ListItem\",\"position\":2,\"name\":\"Boutique\",\"item\":\"https:\\\/\\\/papex.sn\\\/?page_id=388\"},{\"@type\":\"ListItem\",\"position\":3,\"name\":\"Destructeur De Papier Cc\\\/130F\\\/26L Rexel\"}]},{\"@type\":\"WebSite\",\"@id\":\"https:\\\/\\\/papex.sn\\\/#website\",\"url\":\"https:\\\/\\\/papex.sn\\\/\",\"name\":\"PAPEX\",\"description\":\"Papeterie Express\",\"publisher\":{\"@id\":\"https:\\\/\\\/papex.sn\\\/#organization\"},\"potentialAction\":[{\"@type\":\"SearchAction\",\"target\":{\"@type\":\"EntryPoint\",\"urlTemplate\":\"https:\\\/\\\/papex.sn\\\/?s={search_term_string}\"},\"query-input\":{\"@type\":\"PropertyValueSpecification\",\"valueRequired\":true,\"valueName\":\"search_term_string\"}}],\"inLanguage\":\"fr-FR\"},{\"@type\":\"Organization\",\"@id\":\"https:\\\/\\\/papex.sn\\\/#organization\",\"name\":\"PAPEX\",\"url\":\"https:\\\/\\\/papex.sn\\\/\",\"logo\":{\"@type\":\"ImageObject\",\"inLanguage\":\"fr-FR\",\"@id\":\"https:\\\/\\\/papex.sn\\\/#\\\/schema\\\/logo\\\/image\\\/\",\"url\":\"https:\\\/\\\/papex.sn\\\/wp-content\\\/uploads\\\/2022\\\/05\\\/telechargement-1.jpg\",\"contentUrl\":\"https:\\\/\\\/papex.sn\\\/wp-content\\\/uploads\\\/2022\\\/05\\\/telechargement-1.jpg\",\"width\":299,\"height\":168,\"caption\":\"PAPEX\"},\"image\":{\"@id\":\"https:\\\/\\\/papex.sn\\\/#\\\/schema\\\/logo\\\/image\\\/\"},\"sameAs\":[\"https:\\\/\\\/www.facebook.com\\\/PapexSarl\",\"https:\\\/\\\/www.instagram.com\\\/papex.sarl\\\/\"]}]}<\/script>\n<!-- \/ Yoast SEO plugin. -->","yoast_head_json":{"title":"Destructeur De Papier Cc\/130F\/26L Rexel - PAPEX","robots":{"index":"index","follow":"follow","max-snippet":"max-snippet:-1","max-image-preview":"max-image-preview:large","max-video-preview":"max-video-preview:-1"},"canonical":"https:\/\/papex.sn\/?product=destructeur-de-papier-cc-130f-26l-rexel","og_locale":"fr_FR","og_type":"article","og_title":"Destructeur De Papier Cc\/130F\/26L Rexel - PAPEX","og_description":"Le destructeur Optimum Auto+ 130X coupe crois\u00e9e d\u00e9truit automatiquement jusqu'\u00e0 130 feuilles (80 g\/m\u00b2) en particules de 4 x 28 mm (P-4). Ce destructeur est id\u00e9al pour une utilisation \u00e0 domicile ou au bureau. Plus besoin de rester pr\u00e8s de la machine pour l'alimenter en papier, ni de retirer au pr\u00e9alable les agrafes et les trombones. Avec la fonction d'alimentation automatique et la corbeille de 44 litres, il vous suffit de charger jusqu'\u00e0 130 feuilles et de laisser le destructeur faire son travail.","og_url":"https:\/\/papex.sn\/?product=destructeur-de-papier-cc-130f-26l-rexel","og_site_name":"PAPEX","article_publisher":"https:\/\/www.facebook.com\/PapexSarl","article_modified_time":"2024-07-09T10:07:34+00:00","og_image":[{"width":640,"height":480,"url":"https:\/\/papex.sn\/wp-content\/uploads\/2022\/10\/destructeur-de-doc-rexel-auto-130x-2102559eua.png","type":"image\/png"}],"twitter_card":"summary_large_image","schema":{"@context":"https:\/\/schema.org","@graph":[{"@type":"WebPage","@id":"https:\/\/papex.sn\/?product=destructeur-de-papier-cc-130f-26l-rexel","url":"https:\/\/papex.sn\/?product=destructeur-de-papier-cc-130f-26l-rexel","name":"Destructeur De Papier Cc\/130F\/26L Rexel - PAPEX","isPartOf":{"@id":"https:\/\/papex.sn\/#website"},"primaryImageOfPage":{"@id":"https:\/\/papex.sn\/?product=destructeur-de-papier-cc-130f-26l-rexel#primaryimage"},"image":{"@id":"https:\/\/papex.sn\/?product=destructeur-de-papier-cc-130f-26l-rexel#primaryimage"},"thumbnailUrl":"https:\/\/papex.sn\/wp-content\/uploads\/2022\/10\/destructeur-de-doc-rexel-auto-130x-2102559eua.png","datePublished":"2022-10-19T12:36:43+00:00","dateModified":"2024-07-09T10:07:34+00:00","breadcrumb":{"@id":"https:\/\/papex.sn\/?product=destructeur-de-papier-cc-130f-26l-rexel#breadcrumb"},"inLanguage":"fr-FR","potentialAction":[{"@type":"ReadAction","target":["https:\/\/papex.sn\/?product=destructeur-de-papier-cc-130f-26l-rexel"]}]},{"@type":"ImageObject","inLanguage":"fr-FR","@id":"https:\/\/papex.sn\/?product=destructeur-de-papier-cc-130f-26l-rexel#primaryimage","url":"https:\/\/papex.sn\/wp-content\/uploads\/2022\/10\/destructeur-de-doc-rexel-auto-130x-2102559eua.png","contentUrl":"https:\/\/papex.sn\/wp-content\/uploads\/2022\/10\/destructeur-de-doc-rexel-auto-130x-2102559eua.png","width":640,"height":480},{"@type":"BreadcrumbList","@id":"https:\/\/papex.sn\/?product=destructeur-de-papier-cc-130f-26l-rexel#breadcrumb","itemListElement":[{"@type":"ListItem","position":1,"name":"Accueil","item":"https:\/\/papex.sn\/"},{"@type":"ListItem","position":2,"name":"Boutique","item":"https:\/\/papex.sn\/?page_id=388"},{"@type":"ListItem","position":3,"name":"Destructeur De Papier Cc\/130F\/26L Rexel"}]},{"@type":"WebSite","@id":"https:\/\/papex.sn\/#website","url":"https:\/\/papex.sn\/","name":"PAPEX","description":"Papeterie Express","publisher":{"@id":"https:\/\/papex.sn\/#organization"},"potentialAction":[{"@type":"SearchAction","target":{"@type":"EntryPoint","urlTemplate":"https:\/\/papex.sn\/?s={search_term_string}"},"query-input":{"@type":"PropertyValueSpecification","valueRequired":true,"valueName":"search_term_string"}}],"inLanguage":"fr-FR"},{"@type":"Organization","@id":"https:\/\/papex.sn\/#organization","name":"PAPEX","url":"https:\/\/papex.sn\/","logo":{"@type":"ImageObject","inLanguage":"fr-FR","@id":"https:\/\/papex.sn\/#\/schema\/logo\/image\/","url":"https:\/\/papex.sn\/wp-content\/uploads\/2022\/05\/telechargement-1.jpg","contentUrl":"https:\/\/papex.sn\/wp-content\/uploads\/2022\/05\/telechargement-1.jpg","width":299,"height":168,"caption":"PAPEX"},"image":{"@id":"https:\/\/papex.sn\/#\/schema\/logo\/image\/"},"sameAs":["https:\/\/www.facebook.com\/PapexSarl","https:\/\/www.instagram.com\/papex.sarl\/"]}]}},"_links":{"self":[{"href":"https:\/\/papex.sn\/index.php?rest_route=\/wp\/v2\/product\/2717","targetHints":{"allow":["GET"]}}],"collection":[{"href":"https:\/\/papex.sn\/index.php?rest_route=\/wp\/v2\/product"}],"about":[{"href":"https:\/\/papex.sn\/index.php?rest_route=\/wp\/v2\/types\/product"}],"replies":[{"embeddable":true,"href":"https:\/\/papex.sn\/index.php?rest_route=%2Fwp%2Fv2%2Fcomments&post=2717"}],"version-history":[{"count":1,"href":"https:\/\/papex.sn\/index.php?rest_route=\/wp\/v2\/product\/2717\/revisions"}],"predecessor-version":[{"id":3458,"href":"https:\/\/papex.sn\/index.php?rest_route=\/wp\/v2\/product\/2717\/revisions\/3458"}],"wp:featuredmedia":[{"embeddable":true,"href":"https:\/\/papex.sn\/index.php?rest_route=\/wp\/v2\/media\/2716"}],"wp:attachment":[{"href":"https:\/\/papex.sn\/index.php?rest_route=%2Fwp%2Fv2%2Fmedia&parent=2717"}],"wp:term":[{"taxonomy":"product_brand","embeddable":true,"href":"https:\/\/papex.sn\/index.php?rest_route=%2Fwp%2Fv2%2Fproduct_brand&post=2717"},{"taxonomy":"product_cat","embeddable":true,"href":"https:\/\/papex.sn\/index.php?rest_route=%2Fwp%2Fv2%2Fproduct_cat&post=2717"},{"taxonomy":"product_tag","embeddable":true,"href":"https:\/\/papex.sn\/index.php?rest_route=%2Fwp%2Fv2%2Fproduct_tag&post=2717"}],"curies":[{"name":"wp","href":"https:\/\/api.w.org\/{rel}","templated":true}]}}