{"id":2713,"date":"2022-10-19T12:36:39","date_gmt":"2022-10-19T12:36:39","guid":{"rendered":"https:\/\/papex.sn\/?product=destructeur-de-papier-cc-9f-27l-fellowes"},"modified":"2024-07-09T10:08:00","modified_gmt":"2024-07-09T10:08:00","slug":"destructeur-de-papier-cc-9f-27l-fellowes","status":"publish","type":"product","link":"https:\/\/papex.sn\/?product=destructeur-de-papier-cc-9f-27l-fellowes","title":{"rendered":"Destructeur De Papier Cc\/9F\/27L Fellowes"},"content":{"rendered":"<p>Destructeur Microshred qui r\u00e9duit vos documents en particules 10 x plus petites qu&rsquo;avec la coupe crois\u00e9e standard<br \/>\nD\u00e9truit 9 feuilles (70 gsm) par passage en micro-particules de 2 x 12 mm (Niveau de s\u00e9curit\u00e9 DINP-5)<br \/>\nLa technologie Silentshred\u00ae r\u00e9duit les nuisances sonores dans les espaces de travail partag\u00e9s<br \/>\nD\u00e9truit sans interruption pendant 10 minutes maximum<br \/>\nLargeur d&rsquo;entr\u00e9e de 220mm<br \/>\nVitesse moyenne de 2 m\u00e8tres par minute<br \/>\nCorbeille extractible de 22 litres pour plus de praticit\u00e9<br \/>\nD\u00e9truit aussi les agrafes, les cartes de cr\u00e9dit et les CD<\/p>\n","protected":false},"excerpt":{"rendered":"<p>R\u00e9f.: Micro-confettis 450M, Capacit\u00e9: 9 feuilles par passage, Niveau de s\u00e9curit\u00e9: DINP-5, Technologie : Silentshred, Largeur d&rsquo;entr\u00e9e: 220mm, Vitesse moyenne: 2 m\u00e8tres par minute, Capacit\u00e9 de Corbeille: 22 litres, D\u00e9truit: papier, les agrafes, les cartes de cr\u00e9dit, CD,<\/p>\n","protected":false},"featured_media":2712,"comment_status":"open","ping_status":"closed","template":"","meta":[],"product_brand":[],"product_cat":[39,103],"product_tag":[],"class_list":{"0":"post-2713","1":"product","2":"type-product","3":"status-publish","4":"has-post-thumbnail","6":"product_cat-bureautique-informatique","7":"product_cat-destructeur-de-papier","9":"first","10":"instock","11":"featured","12":"shipping-taxable","13":"product-type-simple"},"yoast_head":"<!-- This site is optimized with the Yoast SEO plugin v27.3 - https:\/\/yoast.com\/product\/yoast-seo-wordpress\/ -->\n<title>Destructeur De Papier Cc\/9F\/27L Fellowes - PAPEX<\/title>\n<meta name=\"robots\" content=\"index, follow, max-snippet:-1, max-image-preview:large, max-video-preview:-1\" \/>\n<link rel=\"canonical\" href=\"https:\/\/papex.sn\/?product=destructeur-de-papier-cc-9f-27l-fellowes\" \/>\n<meta property=\"og:locale\" content=\"fr_FR\" \/>\n<meta property=\"og:type\" content=\"article\" \/>\n<meta property=\"og:title\" content=\"Destructeur De Papier Cc\/9F\/27L Fellowes - PAPEX\" \/>\n<meta property=\"og:description\" content=\"R\u00e9f.: Micro-confettis 450M, Capacit\u00e9: 9 feuilles par passage, Niveau de s\u00e9curit\u00e9: DINP-5, Technologie : Silentshred, Largeur d&#039;entr\u00e9e: 220mm, Vitesse moyenne: 2 m\u00e8tres par minute, Capacit\u00e9 de Corbeille: 22 litres, D\u00e9truit: papier, les agrafes, les cartes de cr\u00e9dit, CD,\" \/>\n<meta property=\"og:url\" content=\"https:\/\/papex.sn\/?product=destructeur-de-papier-cc-9f-27l-fellowes\" \/>\n<meta property=\"og:site_name\" content=\"PAPEX\" \/>\n<meta property=\"article:publisher\" content=\"https:\/\/www.facebook.com\/PapexSarl\" \/>\n<meta property=\"article:modified_time\" content=\"2024-07-09T10:08:00+00:00\" \/>\n<meta property=\"og:image\" content=\"https:\/\/papex.sn\/wp-content\/uploads\/2022\/10\/fellowes-450-m-destructeur-de-documents-coupe-croisee.jpg\" \/>\n\t<meta property=\"og:image:width\" content=\"800\" \/>\n\t<meta property=\"og:image:height\" content=\"800\" \/>\n\t<meta property=\"og:image:type\" content=\"image\/jpeg\" \/>\n<meta name=\"twitter:card\" content=\"summary_large_image\" \/>\n<script type=\"application\/ld+json\" class=\"yoast-schema-graph\">{\"@context\":\"https:\\\/\\\/schema.org\",\"@graph\":[{\"@type\":\"WebPage\",\"@id\":\"https:\\\/\\\/papex.sn\\\/?product=destructeur-de-papier-cc-9f-27l-fellowes\",\"url\":\"https:\\\/\\\/papex.sn\\\/?product=destructeur-de-papier-cc-9f-27l-fellowes\",\"name\":\"Destructeur De Papier Cc\\\/9F\\\/27L Fellowes - PAPEX\",\"isPartOf\":{\"@id\":\"https:\\\/\\\/papex.sn\\\/#website\"},\"primaryImageOfPage\":{\"@id\":\"https:\\\/\\\/papex.sn\\\/?product=destructeur-de-papier-cc-9f-27l-fellowes#primaryimage\"},\"image\":{\"@id\":\"https:\\\/\\\/papex.sn\\\/?product=destructeur-de-papier-cc-9f-27l-fellowes#primaryimage\"},\"thumbnailUrl\":\"https:\\\/\\\/papex.sn\\\/wp-content\\\/uploads\\\/2022\\\/10\\\/fellowes-450-m-destructeur-de-documents-coupe-croisee.jpg\",\"datePublished\":\"2022-10-19T12:36:39+00:00\",\"dateModified\":\"2024-07-09T10:08:00+00:00\",\"breadcrumb\":{\"@id\":\"https:\\\/\\\/papex.sn\\\/?product=destructeur-de-papier-cc-9f-27l-fellowes#breadcrumb\"},\"inLanguage\":\"fr-FR\",\"potentialAction\":[{\"@type\":\"ReadAction\",\"target\":[\"https:\\\/\\\/papex.sn\\\/?product=destructeur-de-papier-cc-9f-27l-fellowes\"]}]},{\"@type\":\"ImageObject\",\"inLanguage\":\"fr-FR\",\"@id\":\"https:\\\/\\\/papex.sn\\\/?product=destructeur-de-papier-cc-9f-27l-fellowes#primaryimage\",\"url\":\"https:\\\/\\\/papex.sn\\\/wp-content\\\/uploads\\\/2022\\\/10\\\/fellowes-450-m-destructeur-de-documents-coupe-croisee.jpg\",\"contentUrl\":\"https:\\\/\\\/papex.sn\\\/wp-content\\\/uploads\\\/2022\\\/10\\\/fellowes-450-m-destructeur-de-documents-coupe-croisee.jpg\",\"width\":800,\"height\":800},{\"@type\":\"BreadcrumbList\",\"@id\":\"https:\\\/\\\/papex.sn\\\/?product=destructeur-de-papier-cc-9f-27l-fellowes#breadcrumb\",\"itemListElement\":[{\"@type\":\"ListItem\",\"position\":1,\"name\":\"Accueil\",\"item\":\"https:\\\/\\\/papex.sn\\\/\"},{\"@type\":\"ListItem\",\"position\":2,\"name\":\"Boutique\",\"item\":\"https:\\\/\\\/papex.sn\\\/?page_id=388\"},{\"@type\":\"ListItem\",\"position\":3,\"name\":\"Destructeur De Papier Cc\\\/9F\\\/27L Fellowes\"}]},{\"@type\":\"WebSite\",\"@id\":\"https:\\\/\\\/papex.sn\\\/#website\",\"url\":\"https:\\\/\\\/papex.sn\\\/\",\"name\":\"PAPEX\",\"description\":\"Papeterie Express\",\"publisher\":{\"@id\":\"https:\\\/\\\/papex.sn\\\/#organization\"},\"potentialAction\":[{\"@type\":\"SearchAction\",\"target\":{\"@type\":\"EntryPoint\",\"urlTemplate\":\"https:\\\/\\\/papex.sn\\\/?s={search_term_string}\"},\"query-input\":{\"@type\":\"PropertyValueSpecification\",\"valueRequired\":true,\"valueName\":\"search_term_string\"}}],\"inLanguage\":\"fr-FR\"},{\"@type\":\"Organization\",\"@id\":\"https:\\\/\\\/papex.sn\\\/#organization\",\"name\":\"PAPEX\",\"url\":\"https:\\\/\\\/papex.sn\\\/\",\"logo\":{\"@type\":\"ImageObject\",\"inLanguage\":\"fr-FR\",\"@id\":\"https:\\\/\\\/papex.sn\\\/#\\\/schema\\\/logo\\\/image\\\/\",\"url\":\"https:\\\/\\\/papex.sn\\\/wp-content\\\/uploads\\\/2022\\\/05\\\/telechargement-1.jpg\",\"contentUrl\":\"https:\\\/\\\/papex.sn\\\/wp-content\\\/uploads\\\/2022\\\/05\\\/telechargement-1.jpg\",\"width\":299,\"height\":168,\"caption\":\"PAPEX\"},\"image\":{\"@id\":\"https:\\\/\\\/papex.sn\\\/#\\\/schema\\\/logo\\\/image\\\/\"},\"sameAs\":[\"https:\\\/\\\/www.facebook.com\\\/PapexSarl\",\"https:\\\/\\\/www.instagram.com\\\/papex.sarl\\\/\"]}]}<\/script>\n<!-- \/ Yoast SEO plugin. -->","yoast_head_json":{"title":"Destructeur De Papier Cc\/9F\/27L Fellowes - PAPEX","robots":{"index":"index","follow":"follow","max-snippet":"max-snippet:-1","max-image-preview":"max-image-preview:large","max-video-preview":"max-video-preview:-1"},"canonical":"https:\/\/papex.sn\/?product=destructeur-de-papier-cc-9f-27l-fellowes","og_locale":"fr_FR","og_type":"article","og_title":"Destructeur De Papier Cc\/9F\/27L Fellowes - PAPEX","og_description":"R\u00e9f.: Micro-confettis 450M, Capacit\u00e9: 9 feuilles par passage, Niveau de s\u00e9curit\u00e9: DINP-5, Technologie : Silentshred, Largeur d'entr\u00e9e: 220mm, Vitesse moyenne: 2 m\u00e8tres par minute, Capacit\u00e9 de Corbeille: 22 litres, D\u00e9truit: papier, les agrafes, les cartes de cr\u00e9dit, CD,","og_url":"https:\/\/papex.sn\/?product=destructeur-de-papier-cc-9f-27l-fellowes","og_site_name":"PAPEX","article_publisher":"https:\/\/www.facebook.com\/PapexSarl","article_modified_time":"2024-07-09T10:08:00+00:00","og_image":[{"width":800,"height":800,"url":"https:\/\/papex.sn\/wp-content\/uploads\/2022\/10\/fellowes-450-m-destructeur-de-documents-coupe-croisee.jpg","type":"image\/jpeg"}],"twitter_card":"summary_large_image","schema":{"@context":"https:\/\/schema.org","@graph":[{"@type":"WebPage","@id":"https:\/\/papex.sn\/?product=destructeur-de-papier-cc-9f-27l-fellowes","url":"https:\/\/papex.sn\/?product=destructeur-de-papier-cc-9f-27l-fellowes","name":"Destructeur De Papier Cc\/9F\/27L Fellowes - PAPEX","isPartOf":{"@id":"https:\/\/papex.sn\/#website"},"primaryImageOfPage":{"@id":"https:\/\/papex.sn\/?product=destructeur-de-papier-cc-9f-27l-fellowes#primaryimage"},"image":{"@id":"https:\/\/papex.sn\/?product=destructeur-de-papier-cc-9f-27l-fellowes#primaryimage"},"thumbnailUrl":"https:\/\/papex.sn\/wp-content\/uploads\/2022\/10\/fellowes-450-m-destructeur-de-documents-coupe-croisee.jpg","datePublished":"2022-10-19T12:36:39+00:00","dateModified":"2024-07-09T10:08:00+00:00","breadcrumb":{"@id":"https:\/\/papex.sn\/?product=destructeur-de-papier-cc-9f-27l-fellowes#breadcrumb"},"inLanguage":"fr-FR","potentialAction":[{"@type":"ReadAction","target":["https:\/\/papex.sn\/?product=destructeur-de-papier-cc-9f-27l-fellowes"]}]},{"@type":"ImageObject","inLanguage":"fr-FR","@id":"https:\/\/papex.sn\/?product=destructeur-de-papier-cc-9f-27l-fellowes#primaryimage","url":"https:\/\/papex.sn\/wp-content\/uploads\/2022\/10\/fellowes-450-m-destructeur-de-documents-coupe-croisee.jpg","contentUrl":"https:\/\/papex.sn\/wp-content\/uploads\/2022\/10\/fellowes-450-m-destructeur-de-documents-coupe-croisee.jpg","width":800,"height":800},{"@type":"BreadcrumbList","@id":"https:\/\/papex.sn\/?product=destructeur-de-papier-cc-9f-27l-fellowes#breadcrumb","itemListElement":[{"@type":"ListItem","position":1,"name":"Accueil","item":"https:\/\/papex.sn\/"},{"@type":"ListItem","position":2,"name":"Boutique","item":"https:\/\/papex.sn\/?page_id=388"},{"@type":"ListItem","position":3,"name":"Destructeur De Papier Cc\/9F\/27L Fellowes"}]},{"@type":"WebSite","@id":"https:\/\/papex.sn\/#website","url":"https:\/\/papex.sn\/","name":"PAPEX","description":"Papeterie Express","publisher":{"@id":"https:\/\/papex.sn\/#organization"},"potentialAction":[{"@type":"SearchAction","target":{"@type":"EntryPoint","urlTemplate":"https:\/\/papex.sn\/?s={search_term_string}"},"query-input":{"@type":"PropertyValueSpecification","valueRequired":true,"valueName":"search_term_string"}}],"inLanguage":"fr-FR"},{"@type":"Organization","@id":"https:\/\/papex.sn\/#organization","name":"PAPEX","url":"https:\/\/papex.sn\/","logo":{"@type":"ImageObject","inLanguage":"fr-FR","@id":"https:\/\/papex.sn\/#\/schema\/logo\/image\/","url":"https:\/\/papex.sn\/wp-content\/uploads\/2022\/05\/telechargement-1.jpg","contentUrl":"https:\/\/papex.sn\/wp-content\/uploads\/2022\/05\/telechargement-1.jpg","width":299,"height":168,"caption":"PAPEX"},"image":{"@id":"https:\/\/papex.sn\/#\/schema\/logo\/image\/"},"sameAs":["https:\/\/www.facebook.com\/PapexSarl","https:\/\/www.instagram.com\/papex.sarl\/"]}]}},"_links":{"self":[{"href":"https:\/\/papex.sn\/index.php?rest_route=\/wp\/v2\/product\/2713","targetHints":{"allow":["GET"]}}],"collection":[{"href":"https:\/\/papex.sn\/index.php?rest_route=\/wp\/v2\/product"}],"about":[{"href":"https:\/\/papex.sn\/index.php?rest_route=\/wp\/v2\/types\/product"}],"replies":[{"embeddable":true,"href":"https:\/\/papex.sn\/index.php?rest_route=%2Fwp%2Fv2%2Fcomments&post=2713"}],"version-history":[{"count":1,"href":"https:\/\/papex.sn\/index.php?rest_route=\/wp\/v2\/product\/2713\/revisions"}],"predecessor-version":[{"id":3460,"href":"https:\/\/papex.sn\/index.php?rest_route=\/wp\/v2\/product\/2713\/revisions\/3460"}],"wp:featuredmedia":[{"embeddable":true,"href":"https:\/\/papex.sn\/index.php?rest_route=\/wp\/v2\/media\/2712"}],"wp:attachment":[{"href":"https:\/\/papex.sn\/index.php?rest_route=%2Fwp%2Fv2%2Fmedia&parent=2713"}],"wp:term":[{"taxonomy":"product_brand","embeddable":true,"href":"https:\/\/papex.sn\/index.php?rest_route=%2Fwp%2Fv2%2Fproduct_brand&post=2713"},{"taxonomy":"product_cat","embeddable":true,"href":"https:\/\/papex.sn\/index.php?rest_route=%2Fwp%2Fv2%2Fproduct_cat&post=2713"},{"taxonomy":"product_tag","embeddable":true,"href":"https:\/\/papex.sn\/index.php?rest_route=%2Fwp%2Fv2%2Fproduct_tag&post=2713"}],"curies":[{"name":"wp","href":"https:\/\/api.w.org\/{rel}","templated":true}]}}