{"id":2703,"date":"2022-10-19T11:40:24","date_gmt":"2022-10-19T11:40:24","guid":{"rendered":"https:\/\/papex.sn\/?product=cartouche-laserjet-hp-117a-noir-ez-print"},"modified":"2024-07-09T10:08:18","modified_gmt":"2024-07-09T10:08:18","slug":"cartouche-laserjet-hp-117a-noir-ez-print","status":"publish","type":"product","link":"https:\/\/papex.sn\/?product=cartouche-laserjet-hp-117a-noir-ez-print","title":{"rendered":"Cartouche Laserjet Hp 117A Noir Ez-Print"},"content":{"rendered":"<p>\u2022 HP Color Laser 150a, 150nw, Color Laser MFP 178nw, 179fnw<br \/>\n\u2022 Toner HP d&rsquo;origine<br \/>\n\u2022 1 000 pages<br \/>\n\u2022 Garantie<\/p>\n","protected":false},"excerpt":{"rendered":"<p>Avec la cartouche de toner noir d&rsquo;origine HP 117A, vous pouvez vous attendre \u00e0 une impression de qualit\u00e9 constante \u00e0 un prix d&rsquo;achat bas. Imprimez des documents de qualit\u00e9 professionnelle avec le toner HP qui fournit des textes et des graphiques nets. Vous pouvez reprendre le travail rapidement. Les cartouches de toner HP d&rsquo;origine sont faciles \u00e0 installer.<\/p>\n","protected":false},"featured_media":2702,"comment_status":"open","ping_status":"closed","template":"","meta":[],"product_brand":[],"product_cat":[41],"product_tag":[],"class_list":{"0":"post-2703","1":"product","2":"type-product","3":"status-publish","4":"has-post-thumbnail","6":"product_cat-cartouches-toners","8":"first","9":"instock","10":"shipping-taxable","11":"product-type-simple"},"yoast_head":"<!-- This site is optimized with the Yoast SEO plugin v27.5 - https:\/\/yoast.com\/product\/yoast-seo-wordpress\/ -->\n<title>Cartouche Laserjet Hp 117A Noir Ez-Print - PAPEX<\/title>\n<meta name=\"robots\" content=\"index, follow, max-snippet:-1, max-image-preview:large, max-video-preview:-1\" \/>\n<link rel=\"canonical\" href=\"https:\/\/papex.sn\/?product=cartouche-laserjet-hp-117a-noir-ez-print\" \/>\n<meta property=\"og:locale\" content=\"fr_FR\" \/>\n<meta property=\"og:type\" content=\"article\" \/>\n<meta property=\"og:title\" content=\"Cartouche Laserjet Hp 117A Noir Ez-Print - PAPEX\" \/>\n<meta property=\"og:description\" content=\"Avec la cartouche de toner noir d&#039;origine HP 117A, vous pouvez vous attendre \u00e0 une impression de qualit\u00e9 constante \u00e0 un prix d&#039;achat bas. Imprimez des documents de qualit\u00e9 professionnelle avec le toner HP qui fournit des textes et des graphiques nets. Vous pouvez reprendre le travail rapidement. Les cartouches de toner HP d&#039;origine sont faciles \u00e0 installer.\" \/>\n<meta property=\"og:url\" content=\"https:\/\/papex.sn\/?product=cartouche-laserjet-hp-117a-noir-ez-print\" \/>\n<meta property=\"og:site_name\" content=\"PAPEX\" \/>\n<meta property=\"article:publisher\" content=\"https:\/\/www.facebook.com\/PapexSarl\" \/>\n<meta property=\"article:modified_time\" content=\"2024-07-09T10:08:18+00:00\" \/>\n<meta property=\"og:image\" content=\"https:\/\/papex.sn\/wp-content\/uploads\/2022\/10\/w2070a.jpg\" \/>\n\t<meta property=\"og:image:width\" content=\"799\" \/>\n\t<meta property=\"og:image:height\" content=\"600\" \/>\n\t<meta property=\"og:image:type\" content=\"image\/jpeg\" \/>\n<meta name=\"twitter:card\" content=\"summary_large_image\" \/>\n<script type=\"application\/ld+json\" class=\"yoast-schema-graph\">{\"@context\":\"https:\\\/\\\/schema.org\",\"@graph\":[{\"@type\":\"WebPage\",\"@id\":\"https:\\\/\\\/papex.sn\\\/?product=cartouche-laserjet-hp-117a-noir-ez-print\",\"url\":\"https:\\\/\\\/papex.sn\\\/?product=cartouche-laserjet-hp-117a-noir-ez-print\",\"name\":\"Cartouche Laserjet Hp 117A Noir Ez-Print - PAPEX\",\"isPartOf\":{\"@id\":\"https:\\\/\\\/papex.sn\\\/#website\"},\"primaryImageOfPage\":{\"@id\":\"https:\\\/\\\/papex.sn\\\/?product=cartouche-laserjet-hp-117a-noir-ez-print#primaryimage\"},\"image\":{\"@id\":\"https:\\\/\\\/papex.sn\\\/?product=cartouche-laserjet-hp-117a-noir-ez-print#primaryimage\"},\"thumbnailUrl\":\"https:\\\/\\\/papex.sn\\\/wp-content\\\/uploads\\\/2022\\\/10\\\/w2070a.jpg\",\"datePublished\":\"2022-10-19T11:40:24+00:00\",\"dateModified\":\"2024-07-09T10:08:18+00:00\",\"breadcrumb\":{\"@id\":\"https:\\\/\\\/papex.sn\\\/?product=cartouche-laserjet-hp-117a-noir-ez-print#breadcrumb\"},\"inLanguage\":\"fr-FR\",\"potentialAction\":[{\"@type\":\"ReadAction\",\"target\":[\"https:\\\/\\\/papex.sn\\\/?product=cartouche-laserjet-hp-117a-noir-ez-print\"]}]},{\"@type\":\"ImageObject\",\"inLanguage\":\"fr-FR\",\"@id\":\"https:\\\/\\\/papex.sn\\\/?product=cartouche-laserjet-hp-117a-noir-ez-print#primaryimage\",\"url\":\"https:\\\/\\\/papex.sn\\\/wp-content\\\/uploads\\\/2022\\\/10\\\/w2070a.jpg\",\"contentUrl\":\"https:\\\/\\\/papex.sn\\\/wp-content\\\/uploads\\\/2022\\\/10\\\/w2070a.jpg\",\"width\":799,\"height\":600},{\"@type\":\"BreadcrumbList\",\"@id\":\"https:\\\/\\\/papex.sn\\\/?product=cartouche-laserjet-hp-117a-noir-ez-print#breadcrumb\",\"itemListElement\":[{\"@type\":\"ListItem\",\"position\":1,\"name\":\"Accueil\",\"item\":\"https:\\\/\\\/papex.sn\\\/\"},{\"@type\":\"ListItem\",\"position\":2,\"name\":\"Boutique\",\"item\":\"https:\\\/\\\/papex.sn\\\/?page_id=388\"},{\"@type\":\"ListItem\",\"position\":3,\"name\":\"Cartouche Laserjet Hp 117A Noir Ez-Print\"}]},{\"@type\":\"WebSite\",\"@id\":\"https:\\\/\\\/papex.sn\\\/#website\",\"url\":\"https:\\\/\\\/papex.sn\\\/\",\"name\":\"PAPEX\",\"description\":\"Papeterie Express\",\"publisher\":{\"@id\":\"https:\\\/\\\/papex.sn\\\/#organization\"},\"potentialAction\":[{\"@type\":\"SearchAction\",\"target\":{\"@type\":\"EntryPoint\",\"urlTemplate\":\"https:\\\/\\\/papex.sn\\\/?s={search_term_string}\"},\"query-input\":{\"@type\":\"PropertyValueSpecification\",\"valueRequired\":true,\"valueName\":\"search_term_string\"}}],\"inLanguage\":\"fr-FR\"},{\"@type\":\"Organization\",\"@id\":\"https:\\\/\\\/papex.sn\\\/#organization\",\"name\":\"PAPEX\",\"url\":\"https:\\\/\\\/papex.sn\\\/\",\"logo\":{\"@type\":\"ImageObject\",\"inLanguage\":\"fr-FR\",\"@id\":\"https:\\\/\\\/papex.sn\\\/#\\\/schema\\\/logo\\\/image\\\/\",\"url\":\"https:\\\/\\\/papex.sn\\\/wp-content\\\/uploads\\\/2022\\\/05\\\/telechargement-1.jpg\",\"contentUrl\":\"https:\\\/\\\/papex.sn\\\/wp-content\\\/uploads\\\/2022\\\/05\\\/telechargement-1.jpg\",\"width\":299,\"height\":168,\"caption\":\"PAPEX\"},\"image\":{\"@id\":\"https:\\\/\\\/papex.sn\\\/#\\\/schema\\\/logo\\\/image\\\/\"},\"sameAs\":[\"https:\\\/\\\/www.facebook.com\\\/PapexSarl\",\"https:\\\/\\\/www.instagram.com\\\/papex.sarl\\\/\"]}]}<\/script>\n<!-- \/ Yoast SEO plugin. -->","yoast_head_json":{"title":"Cartouche Laserjet Hp 117A Noir Ez-Print - PAPEX","robots":{"index":"index","follow":"follow","max-snippet":"max-snippet:-1","max-image-preview":"max-image-preview:large","max-video-preview":"max-video-preview:-1"},"canonical":"https:\/\/papex.sn\/?product=cartouche-laserjet-hp-117a-noir-ez-print","og_locale":"fr_FR","og_type":"article","og_title":"Cartouche Laserjet Hp 117A Noir Ez-Print - PAPEX","og_description":"Avec la cartouche de toner noir d'origine HP 117A, vous pouvez vous attendre \u00e0 une impression de qualit\u00e9 constante \u00e0 un prix d'achat bas. Imprimez des documents de qualit\u00e9 professionnelle avec le toner HP qui fournit des textes et des graphiques nets. Vous pouvez reprendre le travail rapidement. Les cartouches de toner HP d'origine sont faciles \u00e0 installer.","og_url":"https:\/\/papex.sn\/?product=cartouche-laserjet-hp-117a-noir-ez-print","og_site_name":"PAPEX","article_publisher":"https:\/\/www.facebook.com\/PapexSarl","article_modified_time":"2024-07-09T10:08:18+00:00","og_image":[{"width":799,"height":600,"url":"https:\/\/papex.sn\/wp-content\/uploads\/2022\/10\/w2070a.jpg","type":"image\/jpeg"}],"twitter_card":"summary_large_image","schema":{"@context":"https:\/\/schema.org","@graph":[{"@type":"WebPage","@id":"https:\/\/papex.sn\/?product=cartouche-laserjet-hp-117a-noir-ez-print","url":"https:\/\/papex.sn\/?product=cartouche-laserjet-hp-117a-noir-ez-print","name":"Cartouche Laserjet Hp 117A Noir Ez-Print - PAPEX","isPartOf":{"@id":"https:\/\/papex.sn\/#website"},"primaryImageOfPage":{"@id":"https:\/\/papex.sn\/?product=cartouche-laserjet-hp-117a-noir-ez-print#primaryimage"},"image":{"@id":"https:\/\/papex.sn\/?product=cartouche-laserjet-hp-117a-noir-ez-print#primaryimage"},"thumbnailUrl":"https:\/\/papex.sn\/wp-content\/uploads\/2022\/10\/w2070a.jpg","datePublished":"2022-10-19T11:40:24+00:00","dateModified":"2024-07-09T10:08:18+00:00","breadcrumb":{"@id":"https:\/\/papex.sn\/?product=cartouche-laserjet-hp-117a-noir-ez-print#breadcrumb"},"inLanguage":"fr-FR","potentialAction":[{"@type":"ReadAction","target":["https:\/\/papex.sn\/?product=cartouche-laserjet-hp-117a-noir-ez-print"]}]},{"@type":"ImageObject","inLanguage":"fr-FR","@id":"https:\/\/papex.sn\/?product=cartouche-laserjet-hp-117a-noir-ez-print#primaryimage","url":"https:\/\/papex.sn\/wp-content\/uploads\/2022\/10\/w2070a.jpg","contentUrl":"https:\/\/papex.sn\/wp-content\/uploads\/2022\/10\/w2070a.jpg","width":799,"height":600},{"@type":"BreadcrumbList","@id":"https:\/\/papex.sn\/?product=cartouche-laserjet-hp-117a-noir-ez-print#breadcrumb","itemListElement":[{"@type":"ListItem","position":1,"name":"Accueil","item":"https:\/\/papex.sn\/"},{"@type":"ListItem","position":2,"name":"Boutique","item":"https:\/\/papex.sn\/?page_id=388"},{"@type":"ListItem","position":3,"name":"Cartouche Laserjet Hp 117A Noir Ez-Print"}]},{"@type":"WebSite","@id":"https:\/\/papex.sn\/#website","url":"https:\/\/papex.sn\/","name":"PAPEX","description":"Papeterie Express","publisher":{"@id":"https:\/\/papex.sn\/#organization"},"potentialAction":[{"@type":"SearchAction","target":{"@type":"EntryPoint","urlTemplate":"https:\/\/papex.sn\/?s={search_term_string}"},"query-input":{"@type":"PropertyValueSpecification","valueRequired":true,"valueName":"search_term_string"}}],"inLanguage":"fr-FR"},{"@type":"Organization","@id":"https:\/\/papex.sn\/#organization","name":"PAPEX","url":"https:\/\/papex.sn\/","logo":{"@type":"ImageObject","inLanguage":"fr-FR","@id":"https:\/\/papex.sn\/#\/schema\/logo\/image\/","url":"https:\/\/papex.sn\/wp-content\/uploads\/2022\/05\/telechargement-1.jpg","contentUrl":"https:\/\/papex.sn\/wp-content\/uploads\/2022\/05\/telechargement-1.jpg","width":299,"height":168,"caption":"PAPEX"},"image":{"@id":"https:\/\/papex.sn\/#\/schema\/logo\/image\/"},"sameAs":["https:\/\/www.facebook.com\/PapexSarl","https:\/\/www.instagram.com\/papex.sarl\/"]}]}},"_links":{"self":[{"href":"https:\/\/papex.sn\/index.php?rest_route=\/wp\/v2\/product\/2703","targetHints":{"allow":["GET"]}}],"collection":[{"href":"https:\/\/papex.sn\/index.php?rest_route=\/wp\/v2\/product"}],"about":[{"href":"https:\/\/papex.sn\/index.php?rest_route=\/wp\/v2\/types\/product"}],"replies":[{"embeddable":true,"href":"https:\/\/papex.sn\/index.php?rest_route=%2Fwp%2Fv2%2Fcomments&post=2703"}],"version-history":[{"count":1,"href":"https:\/\/papex.sn\/index.php?rest_route=\/wp\/v2\/product\/2703\/revisions"}],"predecessor-version":[{"id":3462,"href":"https:\/\/papex.sn\/index.php?rest_route=\/wp\/v2\/product\/2703\/revisions\/3462"}],"wp:featuredmedia":[{"embeddable":true,"href":"https:\/\/papex.sn\/index.php?rest_route=\/wp\/v2\/media\/2702"}],"wp:attachment":[{"href":"https:\/\/papex.sn\/index.php?rest_route=%2Fwp%2Fv2%2Fmedia&parent=2703"}],"wp:term":[{"taxonomy":"product_brand","embeddable":true,"href":"https:\/\/papex.sn\/index.php?rest_route=%2Fwp%2Fv2%2Fproduct_brand&post=2703"},{"taxonomy":"product_cat","embeddable":true,"href":"https:\/\/papex.sn\/index.php?rest_route=%2Fwp%2Fv2%2Fproduct_cat&post=2703"},{"taxonomy":"product_tag","embeddable":true,"href":"https:\/\/papex.sn\/index.php?rest_route=%2Fwp%2Fv2%2Fproduct_tag&post=2703"}],"curies":[{"name":"wp","href":"https:\/\/api.w.org\/{rel}","templated":true}]}}