{"id":2701,"date":"2022-10-19T11:40:22","date_gmt":"2022-10-19T11:40:22","guid":{"rendered":"https:\/\/papex.sn\/?product=cartouche-laserjet-hp-415a-magenta-armor"},"modified":"2024-07-09T10:08:30","modified_gmt":"2024-07-09T10:08:30","slug":"cartouche-laserjet-hp-415a-magenta-armor","status":"publish","type":"product","link":"https:\/\/papex.sn\/?product=cartouche-laserjet-hp-415a-magenta-armor","title":{"rendered":"Cartouche Laserjet Hp 415A Magenta Armor"},"content":{"rendered":"<p>Caract\u00e9ristiques<br \/>\nInformations sur le produit<br \/>\nMarque\tOwa<br \/>\nConditionnement\tL&rsquo;unit\u00e9<br \/>\nCaract\u00e9ristiques techniques<br \/>\nMarque de l&rsquo;imprimante\tHP<br \/>\nEncre coloris\tMagenta<br \/>\nCapacit\u00e9 (nb de pages)\t2100<br \/>\nR\u00e9f. Fabricant\tHP W2033A<br \/>\nCapacit\u00e9 (nb de pages)\t2100p<br \/>\nConsommable pour imprimante de type\tLaser<\/p>\n","protected":false},"excerpt":{"rendered":"<p>Toner remanufactur\u00e9 pour imprimante laser HP.<br \/>\nConsommable de marque (OEM) collect\u00e9 apr\u00e8s premier usage et reconditionn\u00e9 dans sa forme.<br \/>\nTri\u00e9, d\u00e9mont\u00e9, nettoy\u00e9, pi\u00e8ces us\u00e9es remplac\u00e9es, recharg\u00e9 et test\u00e9 afin d\u2019\u00eatre remis sur le march\u00e9.<\/p>\n","protected":false},"featured_media":2700,"comment_status":"open","ping_status":"closed","template":"","meta":[],"product_brand":[],"product_cat":[41],"product_tag":[],"class_list":{"0":"post-2701","1":"product","2":"type-product","3":"status-publish","4":"has-post-thumbnail","6":"product_cat-cartouches-toners","8":"first","9":"instock","10":"shipping-taxable","11":"product-type-simple"},"yoast_head":"<!-- This site is optimized with the Yoast SEO plugin v27.5 - https:\/\/yoast.com\/product\/yoast-seo-wordpress\/ -->\n<title>Cartouche Laserjet Hp 415A Magenta Armor - PAPEX<\/title>\n<meta name=\"robots\" content=\"index, follow, max-snippet:-1, max-image-preview:large, max-video-preview:-1\" \/>\n<link rel=\"canonical\" href=\"https:\/\/papex.sn\/?product=cartouche-laserjet-hp-415a-magenta-armor\" \/>\n<meta property=\"og:locale\" content=\"fr_FR\" \/>\n<meta property=\"og:type\" content=\"article\" \/>\n<meta property=\"og:title\" content=\"Cartouche Laserjet Hp 415A Magenta Armor - PAPEX\" \/>\n<meta property=\"og:description\" content=\"Toner remanufactur\u00e9 pour imprimante laser HP. Consommable de marque (OEM) collect\u00e9 apr\u00e8s premier usage et reconditionn\u00e9 dans sa forme. Tri\u00e9, d\u00e9mont\u00e9, nettoy\u00e9, pi\u00e8ces us\u00e9es remplac\u00e9es, recharg\u00e9 et test\u00e9 afin d\u2019\u00eatre remis sur le march\u00e9.\" \/>\n<meta property=\"og:url\" content=\"https:\/\/papex.sn\/?product=cartouche-laserjet-hp-415a-magenta-armor\" \/>\n<meta property=\"og:site_name\" content=\"PAPEX\" \/>\n<meta property=\"article:publisher\" content=\"https:\/\/www.facebook.com\/PapexSarl\" \/>\n<meta property=\"article:modified_time\" content=\"2024-07-09T10:08:30+00:00\" \/>\n<meta property=\"og:image\" content=\"https:\/\/papex.sn\/wp-content\/uploads\/2022\/10\/AIG16644907.jpg\" \/>\n\t<meta property=\"og:image:width\" content=\"500\" \/>\n\t<meta property=\"og:image:height\" content=\"500\" \/>\n\t<meta property=\"og:image:type\" content=\"image\/jpeg\" \/>\n<meta name=\"twitter:card\" content=\"summary_large_image\" \/>\n<script type=\"application\/ld+json\" class=\"yoast-schema-graph\">{\"@context\":\"https:\\\/\\\/schema.org\",\"@graph\":[{\"@type\":\"WebPage\",\"@id\":\"https:\\\/\\\/papex.sn\\\/?product=cartouche-laserjet-hp-415a-magenta-armor\",\"url\":\"https:\\\/\\\/papex.sn\\\/?product=cartouche-laserjet-hp-415a-magenta-armor\",\"name\":\"Cartouche Laserjet Hp 415A Magenta Armor - PAPEX\",\"isPartOf\":{\"@id\":\"https:\\\/\\\/papex.sn\\\/#website\"},\"primaryImageOfPage\":{\"@id\":\"https:\\\/\\\/papex.sn\\\/?product=cartouche-laserjet-hp-415a-magenta-armor#primaryimage\"},\"image\":{\"@id\":\"https:\\\/\\\/papex.sn\\\/?product=cartouche-laserjet-hp-415a-magenta-armor#primaryimage\"},\"thumbnailUrl\":\"https:\\\/\\\/papex.sn\\\/wp-content\\\/uploads\\\/2022\\\/10\\\/AIG16644907.jpg\",\"datePublished\":\"2022-10-19T11:40:22+00:00\",\"dateModified\":\"2024-07-09T10:08:30+00:00\",\"breadcrumb\":{\"@id\":\"https:\\\/\\\/papex.sn\\\/?product=cartouche-laserjet-hp-415a-magenta-armor#breadcrumb\"},\"inLanguage\":\"fr-FR\",\"potentialAction\":[{\"@type\":\"ReadAction\",\"target\":[\"https:\\\/\\\/papex.sn\\\/?product=cartouche-laserjet-hp-415a-magenta-armor\"]}]},{\"@type\":\"ImageObject\",\"inLanguage\":\"fr-FR\",\"@id\":\"https:\\\/\\\/papex.sn\\\/?product=cartouche-laserjet-hp-415a-magenta-armor#primaryimage\",\"url\":\"https:\\\/\\\/papex.sn\\\/wp-content\\\/uploads\\\/2022\\\/10\\\/AIG16644907.jpg\",\"contentUrl\":\"https:\\\/\\\/papex.sn\\\/wp-content\\\/uploads\\\/2022\\\/10\\\/AIG16644907.jpg\",\"width\":500,\"height\":500},{\"@type\":\"BreadcrumbList\",\"@id\":\"https:\\\/\\\/papex.sn\\\/?product=cartouche-laserjet-hp-415a-magenta-armor#breadcrumb\",\"itemListElement\":[{\"@type\":\"ListItem\",\"position\":1,\"name\":\"Accueil\",\"item\":\"https:\\\/\\\/papex.sn\\\/\"},{\"@type\":\"ListItem\",\"position\":2,\"name\":\"Boutique\",\"item\":\"https:\\\/\\\/papex.sn\\\/?page_id=388\"},{\"@type\":\"ListItem\",\"position\":3,\"name\":\"Cartouche Laserjet Hp 415A Magenta Armor\"}]},{\"@type\":\"WebSite\",\"@id\":\"https:\\\/\\\/papex.sn\\\/#website\",\"url\":\"https:\\\/\\\/papex.sn\\\/\",\"name\":\"PAPEX\",\"description\":\"Papeterie Express\",\"publisher\":{\"@id\":\"https:\\\/\\\/papex.sn\\\/#organization\"},\"potentialAction\":[{\"@type\":\"SearchAction\",\"target\":{\"@type\":\"EntryPoint\",\"urlTemplate\":\"https:\\\/\\\/papex.sn\\\/?s={search_term_string}\"},\"query-input\":{\"@type\":\"PropertyValueSpecification\",\"valueRequired\":true,\"valueName\":\"search_term_string\"}}],\"inLanguage\":\"fr-FR\"},{\"@type\":\"Organization\",\"@id\":\"https:\\\/\\\/papex.sn\\\/#organization\",\"name\":\"PAPEX\",\"url\":\"https:\\\/\\\/papex.sn\\\/\",\"logo\":{\"@type\":\"ImageObject\",\"inLanguage\":\"fr-FR\",\"@id\":\"https:\\\/\\\/papex.sn\\\/#\\\/schema\\\/logo\\\/image\\\/\",\"url\":\"https:\\\/\\\/papex.sn\\\/wp-content\\\/uploads\\\/2022\\\/05\\\/telechargement-1.jpg\",\"contentUrl\":\"https:\\\/\\\/papex.sn\\\/wp-content\\\/uploads\\\/2022\\\/05\\\/telechargement-1.jpg\",\"width\":299,\"height\":168,\"caption\":\"PAPEX\"},\"image\":{\"@id\":\"https:\\\/\\\/papex.sn\\\/#\\\/schema\\\/logo\\\/image\\\/\"},\"sameAs\":[\"https:\\\/\\\/www.facebook.com\\\/PapexSarl\",\"https:\\\/\\\/www.instagram.com\\\/papex.sarl\\\/\"]}]}<\/script>\n<!-- \/ Yoast SEO plugin. -->","yoast_head_json":{"title":"Cartouche Laserjet Hp 415A Magenta Armor - PAPEX","robots":{"index":"index","follow":"follow","max-snippet":"max-snippet:-1","max-image-preview":"max-image-preview:large","max-video-preview":"max-video-preview:-1"},"canonical":"https:\/\/papex.sn\/?product=cartouche-laserjet-hp-415a-magenta-armor","og_locale":"fr_FR","og_type":"article","og_title":"Cartouche Laserjet Hp 415A Magenta Armor - PAPEX","og_description":"Toner remanufactur\u00e9 pour imprimante laser HP. Consommable de marque (OEM) collect\u00e9 apr\u00e8s premier usage et reconditionn\u00e9 dans sa forme. Tri\u00e9, d\u00e9mont\u00e9, nettoy\u00e9, pi\u00e8ces us\u00e9es remplac\u00e9es, recharg\u00e9 et test\u00e9 afin d\u2019\u00eatre remis sur le march\u00e9.","og_url":"https:\/\/papex.sn\/?product=cartouche-laserjet-hp-415a-magenta-armor","og_site_name":"PAPEX","article_publisher":"https:\/\/www.facebook.com\/PapexSarl","article_modified_time":"2024-07-09T10:08:30+00:00","og_image":[{"width":500,"height":500,"url":"https:\/\/papex.sn\/wp-content\/uploads\/2022\/10\/AIG16644907.jpg","type":"image\/jpeg"}],"twitter_card":"summary_large_image","schema":{"@context":"https:\/\/schema.org","@graph":[{"@type":"WebPage","@id":"https:\/\/papex.sn\/?product=cartouche-laserjet-hp-415a-magenta-armor","url":"https:\/\/papex.sn\/?product=cartouche-laserjet-hp-415a-magenta-armor","name":"Cartouche Laserjet Hp 415A Magenta Armor - PAPEX","isPartOf":{"@id":"https:\/\/papex.sn\/#website"},"primaryImageOfPage":{"@id":"https:\/\/papex.sn\/?product=cartouche-laserjet-hp-415a-magenta-armor#primaryimage"},"image":{"@id":"https:\/\/papex.sn\/?product=cartouche-laserjet-hp-415a-magenta-armor#primaryimage"},"thumbnailUrl":"https:\/\/papex.sn\/wp-content\/uploads\/2022\/10\/AIG16644907.jpg","datePublished":"2022-10-19T11:40:22+00:00","dateModified":"2024-07-09T10:08:30+00:00","breadcrumb":{"@id":"https:\/\/papex.sn\/?product=cartouche-laserjet-hp-415a-magenta-armor#breadcrumb"},"inLanguage":"fr-FR","potentialAction":[{"@type":"ReadAction","target":["https:\/\/papex.sn\/?product=cartouche-laserjet-hp-415a-magenta-armor"]}]},{"@type":"ImageObject","inLanguage":"fr-FR","@id":"https:\/\/papex.sn\/?product=cartouche-laserjet-hp-415a-magenta-armor#primaryimage","url":"https:\/\/papex.sn\/wp-content\/uploads\/2022\/10\/AIG16644907.jpg","contentUrl":"https:\/\/papex.sn\/wp-content\/uploads\/2022\/10\/AIG16644907.jpg","width":500,"height":500},{"@type":"BreadcrumbList","@id":"https:\/\/papex.sn\/?product=cartouche-laserjet-hp-415a-magenta-armor#breadcrumb","itemListElement":[{"@type":"ListItem","position":1,"name":"Accueil","item":"https:\/\/papex.sn\/"},{"@type":"ListItem","position":2,"name":"Boutique","item":"https:\/\/papex.sn\/?page_id=388"},{"@type":"ListItem","position":3,"name":"Cartouche Laserjet Hp 415A Magenta Armor"}]},{"@type":"WebSite","@id":"https:\/\/papex.sn\/#website","url":"https:\/\/papex.sn\/","name":"PAPEX","description":"Papeterie Express","publisher":{"@id":"https:\/\/papex.sn\/#organization"},"potentialAction":[{"@type":"SearchAction","target":{"@type":"EntryPoint","urlTemplate":"https:\/\/papex.sn\/?s={search_term_string}"},"query-input":{"@type":"PropertyValueSpecification","valueRequired":true,"valueName":"search_term_string"}}],"inLanguage":"fr-FR"},{"@type":"Organization","@id":"https:\/\/papex.sn\/#organization","name":"PAPEX","url":"https:\/\/papex.sn\/","logo":{"@type":"ImageObject","inLanguage":"fr-FR","@id":"https:\/\/papex.sn\/#\/schema\/logo\/image\/","url":"https:\/\/papex.sn\/wp-content\/uploads\/2022\/05\/telechargement-1.jpg","contentUrl":"https:\/\/papex.sn\/wp-content\/uploads\/2022\/05\/telechargement-1.jpg","width":299,"height":168,"caption":"PAPEX"},"image":{"@id":"https:\/\/papex.sn\/#\/schema\/logo\/image\/"},"sameAs":["https:\/\/www.facebook.com\/PapexSarl","https:\/\/www.instagram.com\/papex.sarl\/"]}]}},"_links":{"self":[{"href":"https:\/\/papex.sn\/index.php?rest_route=\/wp\/v2\/product\/2701","targetHints":{"allow":["GET"]}}],"collection":[{"href":"https:\/\/papex.sn\/index.php?rest_route=\/wp\/v2\/product"}],"about":[{"href":"https:\/\/papex.sn\/index.php?rest_route=\/wp\/v2\/types\/product"}],"replies":[{"embeddable":true,"href":"https:\/\/papex.sn\/index.php?rest_route=%2Fwp%2Fv2%2Fcomments&post=2701"}],"version-history":[{"count":1,"href":"https:\/\/papex.sn\/index.php?rest_route=\/wp\/v2\/product\/2701\/revisions"}],"predecessor-version":[{"id":3463,"href":"https:\/\/papex.sn\/index.php?rest_route=\/wp\/v2\/product\/2701\/revisions\/3463"}],"wp:featuredmedia":[{"embeddable":true,"href":"https:\/\/papex.sn\/index.php?rest_route=\/wp\/v2\/media\/2700"}],"wp:attachment":[{"href":"https:\/\/papex.sn\/index.php?rest_route=%2Fwp%2Fv2%2Fmedia&parent=2701"}],"wp:term":[{"taxonomy":"product_brand","embeddable":true,"href":"https:\/\/papex.sn\/index.php?rest_route=%2Fwp%2Fv2%2Fproduct_brand&post=2701"},{"taxonomy":"product_cat","embeddable":true,"href":"https:\/\/papex.sn\/index.php?rest_route=%2Fwp%2Fv2%2Fproduct_cat&post=2701"},{"taxonomy":"product_tag","embeddable":true,"href":"https:\/\/papex.sn\/index.php?rest_route=%2Fwp%2Fv2%2Fproduct_tag&post=2701"}],"curies":[{"name":"wp","href":"https:\/\/api.w.org\/{rel}","templated":true}]}}