{"id":2679,"date":"2022-10-19T11:40:02","date_gmt":"2022-10-19T11:40:02","guid":{"rendered":"https:\/\/papex.sn\/?product=cartouche-laserjet-hp-cf320a-noir-armor"},"modified":"2024-07-09T10:10:50","modified_gmt":"2024-07-09T10:10:50","slug":"cartouche-laserjet-hp-cf320a-noir-armor","status":"publish","type":"product","link":"https:\/\/papex.sn\/?product=cartouche-laserjet-hp-cf320a-noir-armor","title":{"rendered":"Cartouche Laserjet Hp Cf320A Noir Armor"},"content":{"rendered":"<p>Toner compatible HP CF320A &#8211; 652A (noir). La capacit\u00e9 est d&rsquo;environ 11 500 pages A4 \u00e0 5 % de couverture d&rsquo;impression. La cartouche de toner compatible de la soci\u00e9t\u00e9 fran\u00e7aise ARMOR est con\u00e7ue pour les imprimantes HP.La d\u00e9signation originale du toner est CF320A &#8211; couleur noire. Il imprime avec la m\u00eame qualit\u00e9 et avec le m\u00eame nombre de pages que le toner HP 652A d&rsquo;origine. Autres noms utilis\u00e9s pour ce produit en R\u00e9publique tch\u00e8que : Armor K15732 \/ Toner HP CF320A \/ Cartouche HP CF320A \/ Cartouche d&rsquo;impression HP CF320A \/ Cartouche de toner HP CF320A \/ Cartouche HP CF320A \/ Toner HP 652A \/ Cartouche HP 652A \/ Cartouche d&rsquo;impression HP 652A \/ Toner cartouche HP 652A \/ Cartouche HP 652A.<\/p>\n","protected":false},"excerpt":{"rendered":"<p>Couleur<br \/>\nNoir noir<br \/>\nN\/P<br \/>\nCF320A<br \/>\nCapacit\u00e9<br \/>\n11500 pages<br \/>\nTaper<br \/>\ntoner pas d&rsquo;origine<br \/>\nProducteur<br \/>\nArmure OWA<br \/>\nCode<br \/>\nK15732OW<\/p>\n","protected":false},"featured_media":2678,"comment_status":"open","ping_status":"closed","template":"","meta":[],"product_brand":[],"product_cat":[41],"product_tag":[],"class_list":{"0":"post-2679","1":"product","2":"type-product","3":"status-publish","4":"has-post-thumbnail","6":"product_cat-cartouches-toners","8":"first","9":"instock","10":"shipping-taxable","11":"product-type-simple"},"yoast_head":"<!-- This site is optimized with the Yoast SEO plugin v27.5 - https:\/\/yoast.com\/product\/yoast-seo-wordpress\/ -->\n<title>Cartouche Laserjet Hp Cf320A Noir Armor - PAPEX<\/title>\n<meta name=\"robots\" content=\"index, follow, max-snippet:-1, max-image-preview:large, max-video-preview:-1\" \/>\n<link rel=\"canonical\" href=\"https:\/\/papex.sn\/?product=cartouche-laserjet-hp-cf320a-noir-armor\" \/>\n<meta property=\"og:locale\" content=\"fr_FR\" \/>\n<meta property=\"og:type\" content=\"article\" \/>\n<meta property=\"og:title\" content=\"Cartouche Laserjet Hp Cf320A Noir Armor - PAPEX\" \/>\n<meta property=\"og:description\" content=\"Couleur Noir noir N\/P CF320A Capacit\u00e9 11500 pages Taper toner pas d&#039;origine Producteur Armure OWA Code K15732OW\" \/>\n<meta property=\"og:url\" content=\"https:\/\/papex.sn\/?product=cartouche-laserjet-hp-cf320a-noir-armor\" \/>\n<meta property=\"og:site_name\" content=\"PAPEX\" \/>\n<meta property=\"article:publisher\" content=\"https:\/\/www.facebook.com\/PapexSarl\" \/>\n<meta property=\"article:modified_time\" content=\"2024-07-09T10:10:50+00:00\" \/>\n<meta property=\"og:image\" content=\"https:\/\/papex.sn\/wp-content\/uploads\/2022\/10\/K15732_2.jpg\" \/>\n\t<meta property=\"og:image:width\" content=\"830\" \/>\n\t<meta property=\"og:image:height\" content=\"830\" \/>\n\t<meta property=\"og:image:type\" content=\"image\/jpeg\" \/>\n<meta name=\"twitter:card\" content=\"summary_large_image\" \/>\n<meta name=\"twitter:label1\" content=\"Dur\u00e9e de lecture estim\u00e9e\" \/>\n\t<meta name=\"twitter:data1\" content=\"1 minute\" \/>\n<script type=\"application\/ld+json\" class=\"yoast-schema-graph\">{\"@context\":\"https:\\\/\\\/schema.org\",\"@graph\":[{\"@type\":\"WebPage\",\"@id\":\"https:\\\/\\\/papex.sn\\\/?product=cartouche-laserjet-hp-cf320a-noir-armor\",\"url\":\"https:\\\/\\\/papex.sn\\\/?product=cartouche-laserjet-hp-cf320a-noir-armor\",\"name\":\"Cartouche Laserjet Hp Cf320A Noir Armor - PAPEX\",\"isPartOf\":{\"@id\":\"https:\\\/\\\/papex.sn\\\/#website\"},\"primaryImageOfPage\":{\"@id\":\"https:\\\/\\\/papex.sn\\\/?product=cartouche-laserjet-hp-cf320a-noir-armor#primaryimage\"},\"image\":{\"@id\":\"https:\\\/\\\/papex.sn\\\/?product=cartouche-laserjet-hp-cf320a-noir-armor#primaryimage\"},\"thumbnailUrl\":\"https:\\\/\\\/papex.sn\\\/wp-content\\\/uploads\\\/2022\\\/10\\\/K15732_2.jpg\",\"datePublished\":\"2022-10-19T11:40:02+00:00\",\"dateModified\":\"2024-07-09T10:10:50+00:00\",\"breadcrumb\":{\"@id\":\"https:\\\/\\\/papex.sn\\\/?product=cartouche-laserjet-hp-cf320a-noir-armor#breadcrumb\"},\"inLanguage\":\"fr-FR\",\"potentialAction\":[{\"@type\":\"ReadAction\",\"target\":[\"https:\\\/\\\/papex.sn\\\/?product=cartouche-laserjet-hp-cf320a-noir-armor\"]}]},{\"@type\":\"ImageObject\",\"inLanguage\":\"fr-FR\",\"@id\":\"https:\\\/\\\/papex.sn\\\/?product=cartouche-laserjet-hp-cf320a-noir-armor#primaryimage\",\"url\":\"https:\\\/\\\/papex.sn\\\/wp-content\\\/uploads\\\/2022\\\/10\\\/K15732_2.jpg\",\"contentUrl\":\"https:\\\/\\\/papex.sn\\\/wp-content\\\/uploads\\\/2022\\\/10\\\/K15732_2.jpg\",\"width\":830,\"height\":830},{\"@type\":\"BreadcrumbList\",\"@id\":\"https:\\\/\\\/papex.sn\\\/?product=cartouche-laserjet-hp-cf320a-noir-armor#breadcrumb\",\"itemListElement\":[{\"@type\":\"ListItem\",\"position\":1,\"name\":\"Accueil\",\"item\":\"https:\\\/\\\/papex.sn\\\/\"},{\"@type\":\"ListItem\",\"position\":2,\"name\":\"Boutique\",\"item\":\"https:\\\/\\\/papex.sn\\\/?page_id=388\"},{\"@type\":\"ListItem\",\"position\":3,\"name\":\"Cartouche Laserjet Hp Cf320A Noir Armor\"}]},{\"@type\":\"WebSite\",\"@id\":\"https:\\\/\\\/papex.sn\\\/#website\",\"url\":\"https:\\\/\\\/papex.sn\\\/\",\"name\":\"PAPEX\",\"description\":\"Papeterie Express\",\"publisher\":{\"@id\":\"https:\\\/\\\/papex.sn\\\/#organization\"},\"potentialAction\":[{\"@type\":\"SearchAction\",\"target\":{\"@type\":\"EntryPoint\",\"urlTemplate\":\"https:\\\/\\\/papex.sn\\\/?s={search_term_string}\"},\"query-input\":{\"@type\":\"PropertyValueSpecification\",\"valueRequired\":true,\"valueName\":\"search_term_string\"}}],\"inLanguage\":\"fr-FR\"},{\"@type\":\"Organization\",\"@id\":\"https:\\\/\\\/papex.sn\\\/#organization\",\"name\":\"PAPEX\",\"url\":\"https:\\\/\\\/papex.sn\\\/\",\"logo\":{\"@type\":\"ImageObject\",\"inLanguage\":\"fr-FR\",\"@id\":\"https:\\\/\\\/papex.sn\\\/#\\\/schema\\\/logo\\\/image\\\/\",\"url\":\"https:\\\/\\\/papex.sn\\\/wp-content\\\/uploads\\\/2022\\\/05\\\/telechargement-1.jpg\",\"contentUrl\":\"https:\\\/\\\/papex.sn\\\/wp-content\\\/uploads\\\/2022\\\/05\\\/telechargement-1.jpg\",\"width\":299,\"height\":168,\"caption\":\"PAPEX\"},\"image\":{\"@id\":\"https:\\\/\\\/papex.sn\\\/#\\\/schema\\\/logo\\\/image\\\/\"},\"sameAs\":[\"https:\\\/\\\/www.facebook.com\\\/PapexSarl\",\"https:\\\/\\\/www.instagram.com\\\/papex.sarl\\\/\"]}]}<\/script>\n<!-- \/ Yoast SEO plugin. -->","yoast_head_json":{"title":"Cartouche Laserjet Hp Cf320A Noir Armor - PAPEX","robots":{"index":"index","follow":"follow","max-snippet":"max-snippet:-1","max-image-preview":"max-image-preview:large","max-video-preview":"max-video-preview:-1"},"canonical":"https:\/\/papex.sn\/?product=cartouche-laserjet-hp-cf320a-noir-armor","og_locale":"fr_FR","og_type":"article","og_title":"Cartouche Laserjet Hp Cf320A Noir Armor - PAPEX","og_description":"Couleur Noir noir N\/P CF320A Capacit\u00e9 11500 pages Taper toner pas d'origine Producteur Armure OWA Code K15732OW","og_url":"https:\/\/papex.sn\/?product=cartouche-laserjet-hp-cf320a-noir-armor","og_site_name":"PAPEX","article_publisher":"https:\/\/www.facebook.com\/PapexSarl","article_modified_time":"2024-07-09T10:10:50+00:00","og_image":[{"width":830,"height":830,"url":"https:\/\/papex.sn\/wp-content\/uploads\/2022\/10\/K15732_2.jpg","type":"image\/jpeg"}],"twitter_card":"summary_large_image","twitter_misc":{"Dur\u00e9e de lecture estim\u00e9e":"1 minute"},"schema":{"@context":"https:\/\/schema.org","@graph":[{"@type":"WebPage","@id":"https:\/\/papex.sn\/?product=cartouche-laserjet-hp-cf320a-noir-armor","url":"https:\/\/papex.sn\/?product=cartouche-laserjet-hp-cf320a-noir-armor","name":"Cartouche Laserjet Hp Cf320A Noir Armor - PAPEX","isPartOf":{"@id":"https:\/\/papex.sn\/#website"},"primaryImageOfPage":{"@id":"https:\/\/papex.sn\/?product=cartouche-laserjet-hp-cf320a-noir-armor#primaryimage"},"image":{"@id":"https:\/\/papex.sn\/?product=cartouche-laserjet-hp-cf320a-noir-armor#primaryimage"},"thumbnailUrl":"https:\/\/papex.sn\/wp-content\/uploads\/2022\/10\/K15732_2.jpg","datePublished":"2022-10-19T11:40:02+00:00","dateModified":"2024-07-09T10:10:50+00:00","breadcrumb":{"@id":"https:\/\/papex.sn\/?product=cartouche-laserjet-hp-cf320a-noir-armor#breadcrumb"},"inLanguage":"fr-FR","potentialAction":[{"@type":"ReadAction","target":["https:\/\/papex.sn\/?product=cartouche-laserjet-hp-cf320a-noir-armor"]}]},{"@type":"ImageObject","inLanguage":"fr-FR","@id":"https:\/\/papex.sn\/?product=cartouche-laserjet-hp-cf320a-noir-armor#primaryimage","url":"https:\/\/papex.sn\/wp-content\/uploads\/2022\/10\/K15732_2.jpg","contentUrl":"https:\/\/papex.sn\/wp-content\/uploads\/2022\/10\/K15732_2.jpg","width":830,"height":830},{"@type":"BreadcrumbList","@id":"https:\/\/papex.sn\/?product=cartouche-laserjet-hp-cf320a-noir-armor#breadcrumb","itemListElement":[{"@type":"ListItem","position":1,"name":"Accueil","item":"https:\/\/papex.sn\/"},{"@type":"ListItem","position":2,"name":"Boutique","item":"https:\/\/papex.sn\/?page_id=388"},{"@type":"ListItem","position":3,"name":"Cartouche Laserjet Hp Cf320A Noir Armor"}]},{"@type":"WebSite","@id":"https:\/\/papex.sn\/#website","url":"https:\/\/papex.sn\/","name":"PAPEX","description":"Papeterie Express","publisher":{"@id":"https:\/\/papex.sn\/#organization"},"potentialAction":[{"@type":"SearchAction","target":{"@type":"EntryPoint","urlTemplate":"https:\/\/papex.sn\/?s={search_term_string}"},"query-input":{"@type":"PropertyValueSpecification","valueRequired":true,"valueName":"search_term_string"}}],"inLanguage":"fr-FR"},{"@type":"Organization","@id":"https:\/\/papex.sn\/#organization","name":"PAPEX","url":"https:\/\/papex.sn\/","logo":{"@type":"ImageObject","inLanguage":"fr-FR","@id":"https:\/\/papex.sn\/#\/schema\/logo\/image\/","url":"https:\/\/papex.sn\/wp-content\/uploads\/2022\/05\/telechargement-1.jpg","contentUrl":"https:\/\/papex.sn\/wp-content\/uploads\/2022\/05\/telechargement-1.jpg","width":299,"height":168,"caption":"PAPEX"},"image":{"@id":"https:\/\/papex.sn\/#\/schema\/logo\/image\/"},"sameAs":["https:\/\/www.facebook.com\/PapexSarl","https:\/\/www.instagram.com\/papex.sarl\/"]}]}},"_links":{"self":[{"href":"https:\/\/papex.sn\/index.php?rest_route=\/wp\/v2\/product\/2679","targetHints":{"allow":["GET"]}}],"collection":[{"href":"https:\/\/papex.sn\/index.php?rest_route=\/wp\/v2\/product"}],"about":[{"href":"https:\/\/papex.sn\/index.php?rest_route=\/wp\/v2\/types\/product"}],"replies":[{"embeddable":true,"href":"https:\/\/papex.sn\/index.php?rest_route=%2Fwp%2Fv2%2Fcomments&post=2679"}],"version-history":[{"count":1,"href":"https:\/\/papex.sn\/index.php?rest_route=\/wp\/v2\/product\/2679\/revisions"}],"predecessor-version":[{"id":3474,"href":"https:\/\/papex.sn\/index.php?rest_route=\/wp\/v2\/product\/2679\/revisions\/3474"}],"wp:featuredmedia":[{"embeddable":true,"href":"https:\/\/papex.sn\/index.php?rest_route=\/wp\/v2\/media\/2678"}],"wp:attachment":[{"href":"https:\/\/papex.sn\/index.php?rest_route=%2Fwp%2Fv2%2Fmedia&parent=2679"}],"wp:term":[{"taxonomy":"product_brand","embeddable":true,"href":"https:\/\/papex.sn\/index.php?rest_route=%2Fwp%2Fv2%2Fproduct_brand&post=2679"},{"taxonomy":"product_cat","embeddable":true,"href":"https:\/\/papex.sn\/index.php?rest_route=%2Fwp%2Fv2%2Fproduct_cat&post=2679"},{"taxonomy":"product_tag","embeddable":true,"href":"https:\/\/papex.sn\/index.php?rest_route=%2Fwp%2Fv2%2Fproduct_tag&post=2679"}],"curies":[{"name":"wp","href":"https:\/\/api.w.org\/{rel}","templated":true}]}}