{"id":2620,"date":"2022-10-19T08:45:47","date_gmt":"2022-10-19T08:45:47","guid":{"rendered":"https:\/\/papex.sn\/?post_type=product&#038;p=2620"},"modified":"2024-07-09T10:40:19","modified_gmt":"2024-07-09T10:40:19","slug":"chemise-3-rabats-elastiques-pp-a4-chrom-pastel","status":"publish","type":"product","link":"https:\/\/papex.sn\/?product=chemise-3-rabats-elastiques-pp-a4-chrom-pastel","title":{"rendered":"Chemise 3 rabats elastiques PP A4 Chrom. Pastel"},"content":{"rendered":"<p>Exacompta lance Chromaline pastel, un assorti de couleurs douces pour une ambiance zen et hygge. Pour le home office ou le scolaire, retrouvez les incontournables du classement en polypropyl\u00e8ne translucide dans des couleurs tendance assorties \u00e0 la gamme Aquarel. Une chemise \u00e0 \u00e9lastique en plastique souple et r\u00e9sistant, qui pr\u00e9sente une bonne capacit\u00e9 de classement. Excellent maintien des documents gr\u00e2ce aux rabats int\u00e9rieurs. Pratique pour transporter et conserver vos documents. Etiquette de dos pour identifier les dossiers. Excellent rapport qualit\u00e9-prix.<\/p>\n","protected":false},"excerpt":{"rendered":"<p>Chemise \u00e0 \u00e9lastiques 3 rabats polypropyl\u00e8ne Chromaline Pastel &#8211; A4 A la suite du succ\u00e8s de la gamme Chromaline tr\u00e8s populaire en scolaire comme en bureau,<\/p>\n","protected":false},"featured_media":2621,"comment_status":"open","ping_status":"closed","template":"","meta":[],"product_brand":[],"product_cat":[134,38],"product_tag":[],"class_list":{"0":"post-2620","1":"product","2":"type-product","3":"status-publish","4":"has-post-thumbnail","6":"product_cat-sous-chemises","7":"product_cat-classement-archivage","9":"first","10":"instock","11":"shipping-taxable","12":"product-type-simple"},"yoast_head":"<!-- This site is optimized with the Yoast SEO plugin v27.5 - https:\/\/yoast.com\/product\/yoast-seo-wordpress\/ -->\n<title>Chemise 3 rabats elastiques PP A4 Chrom. Pastel - PAPEX<\/title>\n<meta name=\"robots\" content=\"index, follow, max-snippet:-1, max-image-preview:large, max-video-preview:-1\" \/>\n<link rel=\"canonical\" href=\"https:\/\/papex.sn\/?product=chemise-3-rabats-elastiques-pp-a4-chrom-pastel\" \/>\n<meta property=\"og:locale\" content=\"fr_FR\" \/>\n<meta property=\"og:type\" content=\"article\" \/>\n<meta property=\"og:title\" content=\"Chemise 3 rabats elastiques PP A4 Chrom. Pastel - PAPEX\" \/>\n<meta property=\"og:description\" content=\"Chemise \u00e0 \u00e9lastiques 3 rabats polypropyl\u00e8ne Chromaline Pastel - A4 A la suite du succ\u00e8s de la gamme Chromaline tr\u00e8s populaire en scolaire comme en bureau,\" \/>\n<meta property=\"og:url\" content=\"https:\/\/papex.sn\/?product=chemise-3-rabats-elastiques-pp-a4-chrom-pastel\" \/>\n<meta property=\"og:site_name\" content=\"PAPEX\" \/>\n<meta property=\"article:publisher\" content=\"https:\/\/www.facebook.com\/PapexSarl\" \/>\n<meta property=\"article:modified_time\" content=\"2024-07-09T10:40:19+00:00\" \/>\n<meta property=\"og:image\" content=\"https:\/\/papex.sn\/wp-content\/uploads\/2022\/10\/big_55170E_1.jpg\" \/>\n\t<meta property=\"og:image:width\" content=\"490\" \/>\n\t<meta property=\"og:image:height\" content=\"440\" \/>\n\t<meta property=\"og:image:type\" content=\"image\/jpeg\" \/>\n<meta name=\"twitter:card\" content=\"summary_large_image\" \/>\n<script type=\"application\/ld+json\" class=\"yoast-schema-graph\">{\"@context\":\"https:\\\/\\\/schema.org\",\"@graph\":[{\"@type\":\"WebPage\",\"@id\":\"https:\\\/\\\/papex.sn\\\/?product=chemise-3-rabats-elastiques-pp-a4-chrom-pastel\",\"url\":\"https:\\\/\\\/papex.sn\\\/?product=chemise-3-rabats-elastiques-pp-a4-chrom-pastel\",\"name\":\"Chemise 3 rabats elastiques PP A4 Chrom. Pastel - PAPEX\",\"isPartOf\":{\"@id\":\"https:\\\/\\\/papex.sn\\\/#website\"},\"primaryImageOfPage\":{\"@id\":\"https:\\\/\\\/papex.sn\\\/?product=chemise-3-rabats-elastiques-pp-a4-chrom-pastel#primaryimage\"},\"image\":{\"@id\":\"https:\\\/\\\/papex.sn\\\/?product=chemise-3-rabats-elastiques-pp-a4-chrom-pastel#primaryimage\"},\"thumbnailUrl\":\"https:\\\/\\\/papex.sn\\\/wp-content\\\/uploads\\\/2022\\\/10\\\/big_55170E_1.jpg\",\"datePublished\":\"2022-10-19T08:45:47+00:00\",\"dateModified\":\"2024-07-09T10:40:19+00:00\",\"breadcrumb\":{\"@id\":\"https:\\\/\\\/papex.sn\\\/?product=chemise-3-rabats-elastiques-pp-a4-chrom-pastel#breadcrumb\"},\"inLanguage\":\"fr-FR\",\"potentialAction\":[{\"@type\":\"ReadAction\",\"target\":[\"https:\\\/\\\/papex.sn\\\/?product=chemise-3-rabats-elastiques-pp-a4-chrom-pastel\"]}]},{\"@type\":\"ImageObject\",\"inLanguage\":\"fr-FR\",\"@id\":\"https:\\\/\\\/papex.sn\\\/?product=chemise-3-rabats-elastiques-pp-a4-chrom-pastel#primaryimage\",\"url\":\"https:\\\/\\\/papex.sn\\\/wp-content\\\/uploads\\\/2022\\\/10\\\/big_55170E_1.jpg\",\"contentUrl\":\"https:\\\/\\\/papex.sn\\\/wp-content\\\/uploads\\\/2022\\\/10\\\/big_55170E_1.jpg\",\"width\":490,\"height\":440},{\"@type\":\"BreadcrumbList\",\"@id\":\"https:\\\/\\\/papex.sn\\\/?product=chemise-3-rabats-elastiques-pp-a4-chrom-pastel#breadcrumb\",\"itemListElement\":[{\"@type\":\"ListItem\",\"position\":1,\"name\":\"Accueil\",\"item\":\"https:\\\/\\\/papex.sn\\\/\"},{\"@type\":\"ListItem\",\"position\":2,\"name\":\"Boutique\",\"item\":\"https:\\\/\\\/papex.sn\\\/?page_id=388\"},{\"@type\":\"ListItem\",\"position\":3,\"name\":\"Chemise 3 rabats elastiques PP A4 Chrom. Pastel\"}]},{\"@type\":\"WebSite\",\"@id\":\"https:\\\/\\\/papex.sn\\\/#website\",\"url\":\"https:\\\/\\\/papex.sn\\\/\",\"name\":\"PAPEX\",\"description\":\"Papeterie Express\",\"publisher\":{\"@id\":\"https:\\\/\\\/papex.sn\\\/#organization\"},\"potentialAction\":[{\"@type\":\"SearchAction\",\"target\":{\"@type\":\"EntryPoint\",\"urlTemplate\":\"https:\\\/\\\/papex.sn\\\/?s={search_term_string}\"},\"query-input\":{\"@type\":\"PropertyValueSpecification\",\"valueRequired\":true,\"valueName\":\"search_term_string\"}}],\"inLanguage\":\"fr-FR\"},{\"@type\":\"Organization\",\"@id\":\"https:\\\/\\\/papex.sn\\\/#organization\",\"name\":\"PAPEX\",\"url\":\"https:\\\/\\\/papex.sn\\\/\",\"logo\":{\"@type\":\"ImageObject\",\"inLanguage\":\"fr-FR\",\"@id\":\"https:\\\/\\\/papex.sn\\\/#\\\/schema\\\/logo\\\/image\\\/\",\"url\":\"https:\\\/\\\/papex.sn\\\/wp-content\\\/uploads\\\/2022\\\/05\\\/telechargement-1.jpg\",\"contentUrl\":\"https:\\\/\\\/papex.sn\\\/wp-content\\\/uploads\\\/2022\\\/05\\\/telechargement-1.jpg\",\"width\":299,\"height\":168,\"caption\":\"PAPEX\"},\"image\":{\"@id\":\"https:\\\/\\\/papex.sn\\\/#\\\/schema\\\/logo\\\/image\\\/\"},\"sameAs\":[\"https:\\\/\\\/www.facebook.com\\\/PapexSarl\",\"https:\\\/\\\/www.instagram.com\\\/papex.sarl\\\/\"]}]}<\/script>\n<!-- \/ Yoast SEO plugin. -->","yoast_head_json":{"title":"Chemise 3 rabats elastiques PP A4 Chrom. Pastel - PAPEX","robots":{"index":"index","follow":"follow","max-snippet":"max-snippet:-1","max-image-preview":"max-image-preview:large","max-video-preview":"max-video-preview:-1"},"canonical":"https:\/\/papex.sn\/?product=chemise-3-rabats-elastiques-pp-a4-chrom-pastel","og_locale":"fr_FR","og_type":"article","og_title":"Chemise 3 rabats elastiques PP A4 Chrom. Pastel - PAPEX","og_description":"Chemise \u00e0 \u00e9lastiques 3 rabats polypropyl\u00e8ne Chromaline Pastel - A4 A la suite du succ\u00e8s de la gamme Chromaline tr\u00e8s populaire en scolaire comme en bureau,","og_url":"https:\/\/papex.sn\/?product=chemise-3-rabats-elastiques-pp-a4-chrom-pastel","og_site_name":"PAPEX","article_publisher":"https:\/\/www.facebook.com\/PapexSarl","article_modified_time":"2024-07-09T10:40:19+00:00","og_image":[{"width":490,"height":440,"url":"https:\/\/papex.sn\/wp-content\/uploads\/2022\/10\/big_55170E_1.jpg","type":"image\/jpeg"}],"twitter_card":"summary_large_image","schema":{"@context":"https:\/\/schema.org","@graph":[{"@type":"WebPage","@id":"https:\/\/papex.sn\/?product=chemise-3-rabats-elastiques-pp-a4-chrom-pastel","url":"https:\/\/papex.sn\/?product=chemise-3-rabats-elastiques-pp-a4-chrom-pastel","name":"Chemise 3 rabats elastiques PP A4 Chrom. Pastel - PAPEX","isPartOf":{"@id":"https:\/\/papex.sn\/#website"},"primaryImageOfPage":{"@id":"https:\/\/papex.sn\/?product=chemise-3-rabats-elastiques-pp-a4-chrom-pastel#primaryimage"},"image":{"@id":"https:\/\/papex.sn\/?product=chemise-3-rabats-elastiques-pp-a4-chrom-pastel#primaryimage"},"thumbnailUrl":"https:\/\/papex.sn\/wp-content\/uploads\/2022\/10\/big_55170E_1.jpg","datePublished":"2022-10-19T08:45:47+00:00","dateModified":"2024-07-09T10:40:19+00:00","breadcrumb":{"@id":"https:\/\/papex.sn\/?product=chemise-3-rabats-elastiques-pp-a4-chrom-pastel#breadcrumb"},"inLanguage":"fr-FR","potentialAction":[{"@type":"ReadAction","target":["https:\/\/papex.sn\/?product=chemise-3-rabats-elastiques-pp-a4-chrom-pastel"]}]},{"@type":"ImageObject","inLanguage":"fr-FR","@id":"https:\/\/papex.sn\/?product=chemise-3-rabats-elastiques-pp-a4-chrom-pastel#primaryimage","url":"https:\/\/papex.sn\/wp-content\/uploads\/2022\/10\/big_55170E_1.jpg","contentUrl":"https:\/\/papex.sn\/wp-content\/uploads\/2022\/10\/big_55170E_1.jpg","width":490,"height":440},{"@type":"BreadcrumbList","@id":"https:\/\/papex.sn\/?product=chemise-3-rabats-elastiques-pp-a4-chrom-pastel#breadcrumb","itemListElement":[{"@type":"ListItem","position":1,"name":"Accueil","item":"https:\/\/papex.sn\/"},{"@type":"ListItem","position":2,"name":"Boutique","item":"https:\/\/papex.sn\/?page_id=388"},{"@type":"ListItem","position":3,"name":"Chemise 3 rabats elastiques PP A4 Chrom. Pastel"}]},{"@type":"WebSite","@id":"https:\/\/papex.sn\/#website","url":"https:\/\/papex.sn\/","name":"PAPEX","description":"Papeterie Express","publisher":{"@id":"https:\/\/papex.sn\/#organization"},"potentialAction":[{"@type":"SearchAction","target":{"@type":"EntryPoint","urlTemplate":"https:\/\/papex.sn\/?s={search_term_string}"},"query-input":{"@type":"PropertyValueSpecification","valueRequired":true,"valueName":"search_term_string"}}],"inLanguage":"fr-FR"},{"@type":"Organization","@id":"https:\/\/papex.sn\/#organization","name":"PAPEX","url":"https:\/\/papex.sn\/","logo":{"@type":"ImageObject","inLanguage":"fr-FR","@id":"https:\/\/papex.sn\/#\/schema\/logo\/image\/","url":"https:\/\/papex.sn\/wp-content\/uploads\/2022\/05\/telechargement-1.jpg","contentUrl":"https:\/\/papex.sn\/wp-content\/uploads\/2022\/05\/telechargement-1.jpg","width":299,"height":168,"caption":"PAPEX"},"image":{"@id":"https:\/\/papex.sn\/#\/schema\/logo\/image\/"},"sameAs":["https:\/\/www.facebook.com\/PapexSarl","https:\/\/www.instagram.com\/papex.sarl\/"]}]}},"_links":{"self":[{"href":"https:\/\/papex.sn\/index.php?rest_route=\/wp\/v2\/product\/2620","targetHints":{"allow":["GET"]}}],"collection":[{"href":"https:\/\/papex.sn\/index.php?rest_route=\/wp\/v2\/product"}],"about":[{"href":"https:\/\/papex.sn\/index.php?rest_route=\/wp\/v2\/types\/product"}],"replies":[{"embeddable":true,"href":"https:\/\/papex.sn\/index.php?rest_route=%2Fwp%2Fv2%2Fcomments&post=2620"}],"version-history":[{"count":1,"href":"https:\/\/papex.sn\/index.php?rest_route=\/wp\/v2\/product\/2620\/revisions"}],"predecessor-version":[{"id":3491,"href":"https:\/\/papex.sn\/index.php?rest_route=\/wp\/v2\/product\/2620\/revisions\/3491"}],"wp:featuredmedia":[{"embeddable":true,"href":"https:\/\/papex.sn\/index.php?rest_route=\/wp\/v2\/media\/2621"}],"wp:attachment":[{"href":"https:\/\/papex.sn\/index.php?rest_route=%2Fwp%2Fv2%2Fmedia&parent=2620"}],"wp:term":[{"taxonomy":"product_brand","embeddable":true,"href":"https:\/\/papex.sn\/index.php?rest_route=%2Fwp%2Fv2%2Fproduct_brand&post=2620"},{"taxonomy":"product_cat","embeddable":true,"href":"https:\/\/papex.sn\/index.php?rest_route=%2Fwp%2Fv2%2Fproduct_cat&post=2620"},{"taxonomy":"product_tag","embeddable":true,"href":"https:\/\/papex.sn\/index.php?rest_route=%2Fwp%2Fv2%2Fproduct_tag&post=2620"}],"curies":[{"name":"wp","href":"https:\/\/api.w.org\/{rel}","templated":true}]}}