{"id":2602,"date":"2022-10-14T17:27:52","date_gmt":"2022-10-14T17:27:52","guid":{"rendered":"https:\/\/papex.sn\/?product=stylo-tampon-blanc-heri"},"modified":"2024-10-29T10:53:14","modified_gmt":"2024-10-29T10:53:14","slug":"stylo-tampon-blanc-heri","status":"publish","type":"product","link":"https:\/\/papex.sn\/?product=stylo-tampon-blanc-heri","title":{"rendered":"Stylo Tampon Blanc Heri"},"content":{"rendered":"","protected":false},"excerpt":{"rendered":"<p>&#8211; clip. Bague et pointe chrom\u00e9es<\/p>\n<p>&#8211; Recharge de grande capacit\u00e9 Slider 755 (haute performance d&rsquo;\u00e9criture, temps de s\u00e9chage rapide et consommation \u00e9conomique)<\/p>\n<p>&#8211; Plaque de texte jusqu&rsquo;\u00e0 3 lignes<\/p>\n<p>Tampon-stylo \u00e0 bille moderene avec un bo\u00eetier en plastique, raccords chrom\u00e9s. M\u00e9canisme d&#8217;emboutissage de pr\u00e9cision.<\/p>\n","protected":false},"featured_media":2588,"comment_status":"open","ping_status":"closed","template":"","meta":[],"product_brand":[],"product_cat":[59,75],"product_tag":[],"class_list":{"0":"post-2602","1":"product","2":"type-product","3":"status-publish","4":"has-post-thumbnail","6":"product_cat-ecriture","7":"product_cat-stylos","9":"first","10":"instock","11":"shipping-taxable","12":"purchasable","13":"product-type-simple"},"yoast_head":"<!-- This site is optimized with the Yoast SEO plugin v27.3 - https:\/\/yoast.com\/product\/yoast-seo-wordpress\/ -->\n<title>Stylo Tampon Blanc Heri - PAPEX<\/title>\n<meta name=\"robots\" content=\"index, follow, max-snippet:-1, max-image-preview:large, max-video-preview:-1\" \/>\n<link rel=\"canonical\" href=\"https:\/\/papex.sn\/?product=stylo-tampon-blanc-heri\" \/>\n<meta property=\"og:locale\" content=\"fr_FR\" \/>\n<meta property=\"og:type\" content=\"article\" \/>\n<meta property=\"og:title\" content=\"Stylo Tampon Blanc Heri - PAPEX\" \/>\n<meta property=\"og:description\" content=\"- clip. Bague et pointe chrom\u00e9es  - Recharge de grande capacit\u00e9 Slider 755 (haute performance d&#039;\u00e9criture, temps de s\u00e9chage rapide et consommation \u00e9conomique)  - Plaque de texte jusqu&#039;\u00e0 3 lignes  Tampon-stylo \u00e0 bille moderene avec un bo\u00eetier en plastique, raccords chrom\u00e9s. M\u00e9canisme d&#039;emboutissage de pr\u00e9cision.\" \/>\n<meta property=\"og:url\" content=\"https:\/\/papex.sn\/?product=stylo-tampon-blanc-heri\" \/>\n<meta property=\"og:site_name\" content=\"PAPEX\" \/>\n<meta property=\"article:publisher\" content=\"https:\/\/www.facebook.com\/PapexSarl\" \/>\n<meta property=\"article:modified_time\" content=\"2024-10-29T10:53:14+00:00\" \/>\n<meta property=\"og:image\" content=\"https:\/\/papex.sn\/wp-content\/uploads\/2022\/10\/Heri_classic_G_light_weiss_600x600.jpg\" \/>\n\t<meta property=\"og:image:width\" content=\"600\" \/>\n\t<meta property=\"og:image:height\" content=\"600\" \/>\n\t<meta property=\"og:image:type\" content=\"image\/jpeg\" \/>\n<meta name=\"twitter:card\" content=\"summary_large_image\" \/>\n<script type=\"application\/ld+json\" class=\"yoast-schema-graph\">{\"@context\":\"https:\\\/\\\/schema.org\",\"@graph\":[{\"@type\":\"WebPage\",\"@id\":\"https:\\\/\\\/papex.sn\\\/?product=stylo-tampon-blanc-heri\",\"url\":\"https:\\\/\\\/papex.sn\\\/?product=stylo-tampon-blanc-heri\",\"name\":\"Stylo Tampon Blanc Heri - PAPEX\",\"isPartOf\":{\"@id\":\"https:\\\/\\\/papex.sn\\\/#website\"},\"primaryImageOfPage\":{\"@id\":\"https:\\\/\\\/papex.sn\\\/?product=stylo-tampon-blanc-heri#primaryimage\"},\"image\":{\"@id\":\"https:\\\/\\\/papex.sn\\\/?product=stylo-tampon-blanc-heri#primaryimage\"},\"thumbnailUrl\":\"https:\\\/\\\/papex.sn\\\/wp-content\\\/uploads\\\/2022\\\/10\\\/Heri_classic_G_light_weiss_600x600.jpg\",\"datePublished\":\"2022-10-14T17:27:52+00:00\",\"dateModified\":\"2024-10-29T10:53:14+00:00\",\"breadcrumb\":{\"@id\":\"https:\\\/\\\/papex.sn\\\/?product=stylo-tampon-blanc-heri#breadcrumb\"},\"inLanguage\":\"fr-FR\",\"potentialAction\":[{\"@type\":\"ReadAction\",\"target\":[\"https:\\\/\\\/papex.sn\\\/?product=stylo-tampon-blanc-heri\"]}]},{\"@type\":\"ImageObject\",\"inLanguage\":\"fr-FR\",\"@id\":\"https:\\\/\\\/papex.sn\\\/?product=stylo-tampon-blanc-heri#primaryimage\",\"url\":\"https:\\\/\\\/papex.sn\\\/wp-content\\\/uploads\\\/2022\\\/10\\\/Heri_classic_G_light_weiss_600x600.jpg\",\"contentUrl\":\"https:\\\/\\\/papex.sn\\\/wp-content\\\/uploads\\\/2022\\\/10\\\/Heri_classic_G_light_weiss_600x600.jpg\",\"width\":600,\"height\":600},{\"@type\":\"BreadcrumbList\",\"@id\":\"https:\\\/\\\/papex.sn\\\/?product=stylo-tampon-blanc-heri#breadcrumb\",\"itemListElement\":[{\"@type\":\"ListItem\",\"position\":1,\"name\":\"Accueil\",\"item\":\"https:\\\/\\\/papex.sn\\\/\"},{\"@type\":\"ListItem\",\"position\":2,\"name\":\"Boutique\",\"item\":\"https:\\\/\\\/papex.sn\\\/?page_id=388\"},{\"@type\":\"ListItem\",\"position\":3,\"name\":\"Stylo Tampon Blanc Heri\"}]},{\"@type\":\"WebSite\",\"@id\":\"https:\\\/\\\/papex.sn\\\/#website\",\"url\":\"https:\\\/\\\/papex.sn\\\/\",\"name\":\"PAPEX\",\"description\":\"Papeterie Express\",\"publisher\":{\"@id\":\"https:\\\/\\\/papex.sn\\\/#organization\"},\"potentialAction\":[{\"@type\":\"SearchAction\",\"target\":{\"@type\":\"EntryPoint\",\"urlTemplate\":\"https:\\\/\\\/papex.sn\\\/?s={search_term_string}\"},\"query-input\":{\"@type\":\"PropertyValueSpecification\",\"valueRequired\":true,\"valueName\":\"search_term_string\"}}],\"inLanguage\":\"fr-FR\"},{\"@type\":\"Organization\",\"@id\":\"https:\\\/\\\/papex.sn\\\/#organization\",\"name\":\"PAPEX\",\"url\":\"https:\\\/\\\/papex.sn\\\/\",\"logo\":{\"@type\":\"ImageObject\",\"inLanguage\":\"fr-FR\",\"@id\":\"https:\\\/\\\/papex.sn\\\/#\\\/schema\\\/logo\\\/image\\\/\",\"url\":\"https:\\\/\\\/papex.sn\\\/wp-content\\\/uploads\\\/2022\\\/05\\\/telechargement-1.jpg\",\"contentUrl\":\"https:\\\/\\\/papex.sn\\\/wp-content\\\/uploads\\\/2022\\\/05\\\/telechargement-1.jpg\",\"width\":299,\"height\":168,\"caption\":\"PAPEX\"},\"image\":{\"@id\":\"https:\\\/\\\/papex.sn\\\/#\\\/schema\\\/logo\\\/image\\\/\"},\"sameAs\":[\"https:\\\/\\\/www.facebook.com\\\/PapexSarl\",\"https:\\\/\\\/www.instagram.com\\\/papex.sarl\\\/\"]}]}<\/script>\n<!-- \/ Yoast SEO plugin. -->","yoast_head_json":{"title":"Stylo Tampon Blanc Heri - PAPEX","robots":{"index":"index","follow":"follow","max-snippet":"max-snippet:-1","max-image-preview":"max-image-preview:large","max-video-preview":"max-video-preview:-1"},"canonical":"https:\/\/papex.sn\/?product=stylo-tampon-blanc-heri","og_locale":"fr_FR","og_type":"article","og_title":"Stylo Tampon Blanc Heri - PAPEX","og_description":"- clip. Bague et pointe chrom\u00e9es  - Recharge de grande capacit\u00e9 Slider 755 (haute performance d'\u00e9criture, temps de s\u00e9chage rapide et consommation \u00e9conomique)  - Plaque de texte jusqu'\u00e0 3 lignes  Tampon-stylo \u00e0 bille moderene avec un bo\u00eetier en plastique, raccords chrom\u00e9s. M\u00e9canisme d'emboutissage de pr\u00e9cision.","og_url":"https:\/\/papex.sn\/?product=stylo-tampon-blanc-heri","og_site_name":"PAPEX","article_publisher":"https:\/\/www.facebook.com\/PapexSarl","article_modified_time":"2024-10-29T10:53:14+00:00","og_image":[{"width":600,"height":600,"url":"https:\/\/papex.sn\/wp-content\/uploads\/2022\/10\/Heri_classic_G_light_weiss_600x600.jpg","type":"image\/jpeg"}],"twitter_card":"summary_large_image","schema":{"@context":"https:\/\/schema.org","@graph":[{"@type":"WebPage","@id":"https:\/\/papex.sn\/?product=stylo-tampon-blanc-heri","url":"https:\/\/papex.sn\/?product=stylo-tampon-blanc-heri","name":"Stylo Tampon Blanc Heri - PAPEX","isPartOf":{"@id":"https:\/\/papex.sn\/#website"},"primaryImageOfPage":{"@id":"https:\/\/papex.sn\/?product=stylo-tampon-blanc-heri#primaryimage"},"image":{"@id":"https:\/\/papex.sn\/?product=stylo-tampon-blanc-heri#primaryimage"},"thumbnailUrl":"https:\/\/papex.sn\/wp-content\/uploads\/2022\/10\/Heri_classic_G_light_weiss_600x600.jpg","datePublished":"2022-10-14T17:27:52+00:00","dateModified":"2024-10-29T10:53:14+00:00","breadcrumb":{"@id":"https:\/\/papex.sn\/?product=stylo-tampon-blanc-heri#breadcrumb"},"inLanguage":"fr-FR","potentialAction":[{"@type":"ReadAction","target":["https:\/\/papex.sn\/?product=stylo-tampon-blanc-heri"]}]},{"@type":"ImageObject","inLanguage":"fr-FR","@id":"https:\/\/papex.sn\/?product=stylo-tampon-blanc-heri#primaryimage","url":"https:\/\/papex.sn\/wp-content\/uploads\/2022\/10\/Heri_classic_G_light_weiss_600x600.jpg","contentUrl":"https:\/\/papex.sn\/wp-content\/uploads\/2022\/10\/Heri_classic_G_light_weiss_600x600.jpg","width":600,"height":600},{"@type":"BreadcrumbList","@id":"https:\/\/papex.sn\/?product=stylo-tampon-blanc-heri#breadcrumb","itemListElement":[{"@type":"ListItem","position":1,"name":"Accueil","item":"https:\/\/papex.sn\/"},{"@type":"ListItem","position":2,"name":"Boutique","item":"https:\/\/papex.sn\/?page_id=388"},{"@type":"ListItem","position":3,"name":"Stylo Tampon Blanc Heri"}]},{"@type":"WebSite","@id":"https:\/\/papex.sn\/#website","url":"https:\/\/papex.sn\/","name":"PAPEX","description":"Papeterie Express","publisher":{"@id":"https:\/\/papex.sn\/#organization"},"potentialAction":[{"@type":"SearchAction","target":{"@type":"EntryPoint","urlTemplate":"https:\/\/papex.sn\/?s={search_term_string}"},"query-input":{"@type":"PropertyValueSpecification","valueRequired":true,"valueName":"search_term_string"}}],"inLanguage":"fr-FR"},{"@type":"Organization","@id":"https:\/\/papex.sn\/#organization","name":"PAPEX","url":"https:\/\/papex.sn\/","logo":{"@type":"ImageObject","inLanguage":"fr-FR","@id":"https:\/\/papex.sn\/#\/schema\/logo\/image\/","url":"https:\/\/papex.sn\/wp-content\/uploads\/2022\/05\/telechargement-1.jpg","contentUrl":"https:\/\/papex.sn\/wp-content\/uploads\/2022\/05\/telechargement-1.jpg","width":299,"height":168,"caption":"PAPEX"},"image":{"@id":"https:\/\/papex.sn\/#\/schema\/logo\/image\/"},"sameAs":["https:\/\/www.facebook.com\/PapexSarl","https:\/\/www.instagram.com\/papex.sarl\/"]}]}},"_links":{"self":[{"href":"https:\/\/papex.sn\/index.php?rest_route=\/wp\/v2\/product\/2602","targetHints":{"allow":["GET"]}}],"collection":[{"href":"https:\/\/papex.sn\/index.php?rest_route=\/wp\/v2\/product"}],"about":[{"href":"https:\/\/papex.sn\/index.php?rest_route=\/wp\/v2\/types\/product"}],"replies":[{"embeddable":true,"href":"https:\/\/papex.sn\/index.php?rest_route=%2Fwp%2Fv2%2Fcomments&post=2602"}],"version-history":[{"count":2,"href":"https:\/\/papex.sn\/index.php?rest_route=\/wp\/v2\/product\/2602\/revisions"}],"predecessor-version":[{"id":3746,"href":"https:\/\/papex.sn\/index.php?rest_route=\/wp\/v2\/product\/2602\/revisions\/3746"}],"wp:featuredmedia":[{"embeddable":true,"href":"https:\/\/papex.sn\/index.php?rest_route=\/wp\/v2\/media\/2588"}],"wp:attachment":[{"href":"https:\/\/papex.sn\/index.php?rest_route=%2Fwp%2Fv2%2Fmedia&parent=2602"}],"wp:term":[{"taxonomy":"product_brand","embeddable":true,"href":"https:\/\/papex.sn\/index.php?rest_route=%2Fwp%2Fv2%2Fproduct_brand&post=2602"},{"taxonomy":"product_cat","embeddable":true,"href":"https:\/\/papex.sn\/index.php?rest_route=%2Fwp%2Fv2%2Fproduct_cat&post=2602"},{"taxonomy":"product_tag","embeddable":true,"href":"https:\/\/papex.sn\/index.php?rest_route=%2Fwp%2Fv2%2Fproduct_tag&post=2602"}],"curies":[{"name":"wp","href":"https:\/\/api.w.org\/{rel}","templated":true}]}}