{"id":2598,"date":"2022-10-14T17:27:51","date_gmt":"2022-10-14T17:27:51","guid":{"rendered":"https:\/\/papex.sn\/?product=stylo-tampon-noir-heri"},"modified":"2024-09-30T12:46:06","modified_gmt":"2024-09-30T12:46:06","slug":"stylo-tampon-noir-heri","status":"publish","type":"product","link":"https:\/\/papex.sn\/?product=stylo-tampon-noir-heri","title":{"rendered":"Stylo Tampon Noir Heri"},"content":{"rendered":"","protected":false},"excerpt":{"rendered":"<p>Le stylo tampon \u00e0 stylet Heri 3302 noir est livr\u00e9 dans un bo\u00eetier en m\u00e9tal noir. Il est dot\u00e9 d&rsquo;un embout en caoutchouc souple \u00e0 utiliser comme stylet avec votre t\u00e9l\u00e9phone ou votre tablette. Sa m\u00e9canique d&rsquo;estampage de pr\u00e9cision en m\u00e9tal.<\/p>\n","protected":false},"featured_media":2580,"comment_status":"open","ping_status":"closed","template":"","meta":[],"product_brand":[],"product_cat":[59,75],"product_tag":[],"class_list":{"0":"post-2598","1":"product","2":"type-product","3":"status-publish","4":"has-post-thumbnail","6":"product_cat-ecriture","7":"product_cat-stylos","9":"first","10":"instock","11":"shipping-taxable","12":"product-type-simple"},"yoast_head":"<!-- This site is optimized with the Yoast SEO plugin v27.5 - https:\/\/yoast.com\/product\/yoast-seo-wordpress\/ -->\n<title>Stylo Tampon Noir Heri - PAPEX<\/title>\n<meta name=\"robots\" content=\"index, follow, max-snippet:-1, max-image-preview:large, max-video-preview:-1\" \/>\n<link rel=\"canonical\" href=\"https:\/\/papex.sn\/?product=stylo-tampon-noir-heri\" \/>\n<meta property=\"og:locale\" content=\"fr_FR\" \/>\n<meta property=\"og:type\" content=\"article\" \/>\n<meta property=\"og:title\" content=\"Stylo Tampon Noir Heri - PAPEX\" \/>\n<meta property=\"og:description\" content=\"Le stylo tampon \u00e0 stylet Heri 3302 noir est livr\u00e9 dans un bo\u00eetier en m\u00e9tal noir. Il est dot\u00e9 d&#039;un embout en caoutchouc souple \u00e0 utiliser comme stylet avec votre t\u00e9l\u00e9phone ou votre tablette. Sa m\u00e9canique d&#039;estampage de pr\u00e9cision en m\u00e9tal.\" \/>\n<meta property=\"og:url\" content=\"https:\/\/papex.sn\/?product=stylo-tampon-noir-heri\" \/>\n<meta property=\"og:site_name\" content=\"PAPEX\" \/>\n<meta property=\"article:publisher\" content=\"https:\/\/www.facebook.com\/PapexSarl\" \/>\n<meta property=\"article:modified_time\" content=\"2024-09-30T12:46:06+00:00\" \/>\n<meta property=\"og:image\" content=\"https:\/\/papex.sn\/wp-content\/uploads\/2022\/10\/3302575169703586a_600x600@2x.jpg\" \/>\n\t<meta property=\"og:image:width\" content=\"1000\" \/>\n\t<meta property=\"og:image:height\" content=\"1000\" \/>\n\t<meta property=\"og:image:type\" content=\"image\/jpeg\" \/>\n<meta name=\"twitter:card\" content=\"summary_large_image\" \/>\n<script type=\"application\/ld+json\" class=\"yoast-schema-graph\">{\"@context\":\"https:\\\/\\\/schema.org\",\"@graph\":[{\"@type\":\"WebPage\",\"@id\":\"https:\\\/\\\/papex.sn\\\/?product=stylo-tampon-noir-heri\",\"url\":\"https:\\\/\\\/papex.sn\\\/?product=stylo-tampon-noir-heri\",\"name\":\"Stylo Tampon Noir Heri - PAPEX\",\"isPartOf\":{\"@id\":\"https:\\\/\\\/papex.sn\\\/#website\"},\"primaryImageOfPage\":{\"@id\":\"https:\\\/\\\/papex.sn\\\/?product=stylo-tampon-noir-heri#primaryimage\"},\"image\":{\"@id\":\"https:\\\/\\\/papex.sn\\\/?product=stylo-tampon-noir-heri#primaryimage\"},\"thumbnailUrl\":\"https:\\\/\\\/papex.sn\\\/wp-content\\\/uploads\\\/2022\\\/10\\\/3302575169703586a_600x600@2x.jpg\",\"datePublished\":\"2022-10-14T17:27:51+00:00\",\"dateModified\":\"2024-09-30T12:46:06+00:00\",\"breadcrumb\":{\"@id\":\"https:\\\/\\\/papex.sn\\\/?product=stylo-tampon-noir-heri#breadcrumb\"},\"inLanguage\":\"fr-FR\",\"potentialAction\":[{\"@type\":\"ReadAction\",\"target\":[\"https:\\\/\\\/papex.sn\\\/?product=stylo-tampon-noir-heri\"]}]},{\"@type\":\"ImageObject\",\"inLanguage\":\"fr-FR\",\"@id\":\"https:\\\/\\\/papex.sn\\\/?product=stylo-tampon-noir-heri#primaryimage\",\"url\":\"https:\\\/\\\/papex.sn\\\/wp-content\\\/uploads\\\/2022\\\/10\\\/3302575169703586a_600x600@2x.jpg\",\"contentUrl\":\"https:\\\/\\\/papex.sn\\\/wp-content\\\/uploads\\\/2022\\\/10\\\/3302575169703586a_600x600@2x.jpg\",\"width\":1000,\"height\":1000},{\"@type\":\"BreadcrumbList\",\"@id\":\"https:\\\/\\\/papex.sn\\\/?product=stylo-tampon-noir-heri#breadcrumb\",\"itemListElement\":[{\"@type\":\"ListItem\",\"position\":1,\"name\":\"Accueil\",\"item\":\"https:\\\/\\\/papex.sn\\\/\"},{\"@type\":\"ListItem\",\"position\":2,\"name\":\"Boutique\",\"item\":\"https:\\\/\\\/papex.sn\\\/?page_id=388\"},{\"@type\":\"ListItem\",\"position\":3,\"name\":\"Stylo Tampon Noir Heri\"}]},{\"@type\":\"WebSite\",\"@id\":\"https:\\\/\\\/papex.sn\\\/#website\",\"url\":\"https:\\\/\\\/papex.sn\\\/\",\"name\":\"PAPEX\",\"description\":\"Papeterie Express\",\"publisher\":{\"@id\":\"https:\\\/\\\/papex.sn\\\/#organization\"},\"potentialAction\":[{\"@type\":\"SearchAction\",\"target\":{\"@type\":\"EntryPoint\",\"urlTemplate\":\"https:\\\/\\\/papex.sn\\\/?s={search_term_string}\"},\"query-input\":{\"@type\":\"PropertyValueSpecification\",\"valueRequired\":true,\"valueName\":\"search_term_string\"}}],\"inLanguage\":\"fr-FR\"},{\"@type\":\"Organization\",\"@id\":\"https:\\\/\\\/papex.sn\\\/#organization\",\"name\":\"PAPEX\",\"url\":\"https:\\\/\\\/papex.sn\\\/\",\"logo\":{\"@type\":\"ImageObject\",\"inLanguage\":\"fr-FR\",\"@id\":\"https:\\\/\\\/papex.sn\\\/#\\\/schema\\\/logo\\\/image\\\/\",\"url\":\"https:\\\/\\\/papex.sn\\\/wp-content\\\/uploads\\\/2022\\\/05\\\/telechargement-1.jpg\",\"contentUrl\":\"https:\\\/\\\/papex.sn\\\/wp-content\\\/uploads\\\/2022\\\/05\\\/telechargement-1.jpg\",\"width\":299,\"height\":168,\"caption\":\"PAPEX\"},\"image\":{\"@id\":\"https:\\\/\\\/papex.sn\\\/#\\\/schema\\\/logo\\\/image\\\/\"},\"sameAs\":[\"https:\\\/\\\/www.facebook.com\\\/PapexSarl\",\"https:\\\/\\\/www.instagram.com\\\/papex.sarl\\\/\"]}]}<\/script>\n<!-- \/ Yoast SEO plugin. -->","yoast_head_json":{"title":"Stylo Tampon Noir Heri - PAPEX","robots":{"index":"index","follow":"follow","max-snippet":"max-snippet:-1","max-image-preview":"max-image-preview:large","max-video-preview":"max-video-preview:-1"},"canonical":"https:\/\/papex.sn\/?product=stylo-tampon-noir-heri","og_locale":"fr_FR","og_type":"article","og_title":"Stylo Tampon Noir Heri - PAPEX","og_description":"Le stylo tampon \u00e0 stylet Heri 3302 noir est livr\u00e9 dans un bo\u00eetier en m\u00e9tal noir. Il est dot\u00e9 d'un embout en caoutchouc souple \u00e0 utiliser comme stylet avec votre t\u00e9l\u00e9phone ou votre tablette. Sa m\u00e9canique d'estampage de pr\u00e9cision en m\u00e9tal.","og_url":"https:\/\/papex.sn\/?product=stylo-tampon-noir-heri","og_site_name":"PAPEX","article_publisher":"https:\/\/www.facebook.com\/PapexSarl","article_modified_time":"2024-09-30T12:46:06+00:00","og_image":[{"width":1000,"height":1000,"url":"https:\/\/papex.sn\/wp-content\/uploads\/2022\/10\/3302575169703586a_600x600@2x.jpg","type":"image\/jpeg"}],"twitter_card":"summary_large_image","schema":{"@context":"https:\/\/schema.org","@graph":[{"@type":"WebPage","@id":"https:\/\/papex.sn\/?product=stylo-tampon-noir-heri","url":"https:\/\/papex.sn\/?product=stylo-tampon-noir-heri","name":"Stylo Tampon Noir Heri - PAPEX","isPartOf":{"@id":"https:\/\/papex.sn\/#website"},"primaryImageOfPage":{"@id":"https:\/\/papex.sn\/?product=stylo-tampon-noir-heri#primaryimage"},"image":{"@id":"https:\/\/papex.sn\/?product=stylo-tampon-noir-heri#primaryimage"},"thumbnailUrl":"https:\/\/papex.sn\/wp-content\/uploads\/2022\/10\/3302575169703586a_600x600@2x.jpg","datePublished":"2022-10-14T17:27:51+00:00","dateModified":"2024-09-30T12:46:06+00:00","breadcrumb":{"@id":"https:\/\/papex.sn\/?product=stylo-tampon-noir-heri#breadcrumb"},"inLanguage":"fr-FR","potentialAction":[{"@type":"ReadAction","target":["https:\/\/papex.sn\/?product=stylo-tampon-noir-heri"]}]},{"@type":"ImageObject","inLanguage":"fr-FR","@id":"https:\/\/papex.sn\/?product=stylo-tampon-noir-heri#primaryimage","url":"https:\/\/papex.sn\/wp-content\/uploads\/2022\/10\/3302575169703586a_600x600@2x.jpg","contentUrl":"https:\/\/papex.sn\/wp-content\/uploads\/2022\/10\/3302575169703586a_600x600@2x.jpg","width":1000,"height":1000},{"@type":"BreadcrumbList","@id":"https:\/\/papex.sn\/?product=stylo-tampon-noir-heri#breadcrumb","itemListElement":[{"@type":"ListItem","position":1,"name":"Accueil","item":"https:\/\/papex.sn\/"},{"@type":"ListItem","position":2,"name":"Boutique","item":"https:\/\/papex.sn\/?page_id=388"},{"@type":"ListItem","position":3,"name":"Stylo Tampon Noir Heri"}]},{"@type":"WebSite","@id":"https:\/\/papex.sn\/#website","url":"https:\/\/papex.sn\/","name":"PAPEX","description":"Papeterie Express","publisher":{"@id":"https:\/\/papex.sn\/#organization"},"potentialAction":[{"@type":"SearchAction","target":{"@type":"EntryPoint","urlTemplate":"https:\/\/papex.sn\/?s={search_term_string}"},"query-input":{"@type":"PropertyValueSpecification","valueRequired":true,"valueName":"search_term_string"}}],"inLanguage":"fr-FR"},{"@type":"Organization","@id":"https:\/\/papex.sn\/#organization","name":"PAPEX","url":"https:\/\/papex.sn\/","logo":{"@type":"ImageObject","inLanguage":"fr-FR","@id":"https:\/\/papex.sn\/#\/schema\/logo\/image\/","url":"https:\/\/papex.sn\/wp-content\/uploads\/2022\/05\/telechargement-1.jpg","contentUrl":"https:\/\/papex.sn\/wp-content\/uploads\/2022\/05\/telechargement-1.jpg","width":299,"height":168,"caption":"PAPEX"},"image":{"@id":"https:\/\/papex.sn\/#\/schema\/logo\/image\/"},"sameAs":["https:\/\/www.facebook.com\/PapexSarl","https:\/\/www.instagram.com\/papex.sarl\/"]}]}},"_links":{"self":[{"href":"https:\/\/papex.sn\/index.php?rest_route=\/wp\/v2\/product\/2598","targetHints":{"allow":["GET"]}}],"collection":[{"href":"https:\/\/papex.sn\/index.php?rest_route=\/wp\/v2\/product"}],"about":[{"href":"https:\/\/papex.sn\/index.php?rest_route=\/wp\/v2\/types\/product"}],"replies":[{"embeddable":true,"href":"https:\/\/papex.sn\/index.php?rest_route=%2Fwp%2Fv2%2Fcomments&post=2598"}],"version-history":[{"count":1,"href":"https:\/\/papex.sn\/index.php?rest_route=\/wp\/v2\/product\/2598\/revisions"}],"predecessor-version":[{"id":3497,"href":"https:\/\/papex.sn\/index.php?rest_route=\/wp\/v2\/product\/2598\/revisions\/3497"}],"wp:featuredmedia":[{"embeddable":true,"href":"https:\/\/papex.sn\/index.php?rest_route=\/wp\/v2\/media\/2580"}],"wp:attachment":[{"href":"https:\/\/papex.sn\/index.php?rest_route=%2Fwp%2Fv2%2Fmedia&parent=2598"}],"wp:term":[{"taxonomy":"product_brand","embeddable":true,"href":"https:\/\/papex.sn\/index.php?rest_route=%2Fwp%2Fv2%2Fproduct_brand&post=2598"},{"taxonomy":"product_cat","embeddable":true,"href":"https:\/\/papex.sn\/index.php?rest_route=%2Fwp%2Fv2%2Fproduct_cat&post=2598"},{"taxonomy":"product_tag","embeddable":true,"href":"https:\/\/papex.sn\/index.php?rest_route=%2Fwp%2Fv2%2Fproduct_tag&post=2598"}],"curies":[{"name":"wp","href":"https:\/\/api.w.org\/{rel}","templated":true}]}}