{"id":2461,"date":"2022-10-13T09:25:45","date_gmt":"2022-10-13T09:25:45","guid":{"rendered":"https:\/\/papex.sn\/?post_type=product&#038;p=2461"},"modified":"2024-07-09T10:43:06","modified_gmt":"2024-07-09T10:43:06","slug":"etiquettes-a4-sorex","status":"publish","type":"product","link":"https:\/\/papex.sn\/?product=etiquettes-a4-sorex","title":{"rendered":"Etiquettes A4 SOREX"},"content":{"rendered":"<table id=\"productDetails_techSpec_section_1\" class=\"a-keyvalue prodDetTable\" role=\"presentation\">\n<tbody>\n<tr>\n<th class=\"a-color-secondary a-size-base prodDetSectionEntry\" style=\"text-align: left;\">Fabricant<\/th>\n<td class=\"a-size-base prodDetAttrValue\">\u200eSOREX Etiketten<\/td>\n<\/tr>\n<tr>\n<th class=\"a-color-secondary a-size-base prodDetSectionEntry\" style=\"text-align: left;\">Marque<\/th>\n<td class=\"a-size-base prodDetAttrValue\">\u200eSOREX<\/td>\n<\/tr>\n<tr>\n<th class=\"a-color-secondary a-size-base prodDetSectionEntry\" style=\"text-align: left;\">Dimensions du colis<\/th>\n<td class=\"a-size-base prodDetAttrValue\">\u200e32.06 x 22.06 x 2.06 cm; 980.06 grammes<\/td>\n<\/tr>\n<tr>\n<th class=\"a-color-secondary a-size-base prodDetSectionEntry\" style=\"text-align: left;\">Poids de l&rsquo;article<\/th>\n<td class=\"a-size-base prodDetAttrValue\">\u200e980 g<\/td>\n<\/tr>\n<\/tbody>\n<\/table>\n","protected":false},"excerpt":{"rendered":"<ul class=\"a-unordered-list a-vertical a-spacing-none\">\n<li class=\"a-spacing-small\"><span class=\"a-list-item a-size-base\">\u00c9tiquettes blanches universelles A4 autocollantes, s\u00e9chage rapide, autocollantes pour dessin, marquage, organisation, convient \u00e9galement pour les \u00e9tiquettes d&rsquo;adresse et les \u00e9tiquettes d&rsquo;exp\u00e9dition.<\/span><\/li>\n<li class=\"a-spacing-small\"><span class=\"a-list-item a-size-base\">Garanti sans bourrage pour imprimantes, imprimantes laser, imprimantes \u00e0 jet d&rsquo;encre et copieurs.<\/span><\/li>\n<li class=\"a-spacing-small\"><span class=\"a-list-item a-size-base\">Impression nette sans effet de flou<\/span><\/li>\n<li class=\"a-spacing-small\"><span class=\"a-list-item a-size-base\">Les \u00e9tiquettes adh\u00e8rent en toute s\u00e9curit\u00e9 et se d\u00e9collent sans laisser de trace gr\u00e2ce \u00e0 une forte adh\u00e9rence de qualit\u00e9 sup\u00e9rieure.<\/span><\/li>\n<\/ul>\n","protected":false},"featured_media":2463,"comment_status":"open","ping_status":"closed","template":"","meta":[],"product_brand":[],"product_cat":[91,37,60],"product_tag":[],"class_list":{"0":"post-2461","1":"product","2":"type-product","3":"status-publish","4":"has-post-thumbnail","6":"product_cat-etiquettes-enveloppes","7":"product_cat-papeterie-fourniture","8":"product_cat-papier","10":"first","11":"instock","12":"shipping-taxable","13":"product-type-simple"},"yoast_head":"<!-- This site is optimized with the Yoast SEO plugin v27.5 - https:\/\/yoast.com\/product\/yoast-seo-wordpress\/ -->\n<title>Etiquettes A4 SOREX - PAPEX<\/title>\n<meta name=\"robots\" content=\"index, follow, max-snippet:-1, max-image-preview:large, max-video-preview:-1\" \/>\n<link rel=\"canonical\" href=\"https:\/\/papex.sn\/?product=etiquettes-a4-sorex\" \/>\n<meta property=\"og:locale\" content=\"fr_FR\" \/>\n<meta property=\"og:type\" content=\"article\" \/>\n<meta property=\"og:title\" content=\"Etiquettes A4 SOREX - PAPEX\" \/>\n<meta property=\"og:description\" content=\"\u00c9tiquettes blanches universelles A4 autocollantes, s\u00e9chage rapide, autocollantes pour dessin, marquage, organisation, convient \u00e9galement pour les \u00e9tiquettes d&#039;adresse et les \u00e9tiquettes d&#039;exp\u00e9dition.  Garanti sans bourrage pour imprimantes, imprimantes laser, imprimantes \u00e0 jet d&#039;encre et copieurs.  Impression nette sans effet de flou  Les \u00e9tiquettes adh\u00e8rent en toute s\u00e9curit\u00e9 et se d\u00e9collent sans laisser de trace gr\u00e2ce \u00e0 une forte adh\u00e9rence de qualit\u00e9 sup\u00e9rieure.\" \/>\n<meta property=\"og:url\" content=\"https:\/\/papex.sn\/?product=etiquettes-a4-sorex\" \/>\n<meta property=\"og:site_name\" content=\"PAPEX\" \/>\n<meta property=\"article:publisher\" content=\"https:\/\/www.facebook.com\/PapexSarl\" \/>\n<meta property=\"article:modified_time\" content=\"2024-07-09T10:43:06+00:00\" \/>\n<meta property=\"og:image\" content=\"https:\/\/papex.sn\/wp-content\/uploads\/2022\/10\/Sans-titre.png\" \/>\n\t<meta property=\"og:image:width\" content=\"600\" \/>\n\t<meta property=\"og:image:height\" content=\"600\" \/>\n\t<meta property=\"og:image:type\" content=\"image\/png\" \/>\n<meta name=\"twitter:card\" content=\"summary_large_image\" \/>\n<script type=\"application\/ld+json\" class=\"yoast-schema-graph\">{\"@context\":\"https:\\\/\\\/schema.org\",\"@graph\":[{\"@type\":\"WebPage\",\"@id\":\"https:\\\/\\\/papex.sn\\\/?product=etiquettes-a4-sorex\",\"url\":\"https:\\\/\\\/papex.sn\\\/?product=etiquettes-a4-sorex\",\"name\":\"Etiquettes A4 SOREX - PAPEX\",\"isPartOf\":{\"@id\":\"https:\\\/\\\/papex.sn\\\/#website\"},\"primaryImageOfPage\":{\"@id\":\"https:\\\/\\\/papex.sn\\\/?product=etiquettes-a4-sorex#primaryimage\"},\"image\":{\"@id\":\"https:\\\/\\\/papex.sn\\\/?product=etiquettes-a4-sorex#primaryimage\"},\"thumbnailUrl\":\"https:\\\/\\\/papex.sn\\\/wp-content\\\/uploads\\\/2022\\\/10\\\/Sans-titre.png\",\"datePublished\":\"2022-10-13T09:25:45+00:00\",\"dateModified\":\"2024-07-09T10:43:06+00:00\",\"breadcrumb\":{\"@id\":\"https:\\\/\\\/papex.sn\\\/?product=etiquettes-a4-sorex#breadcrumb\"},\"inLanguage\":\"fr-FR\",\"potentialAction\":[{\"@type\":\"ReadAction\",\"target\":[\"https:\\\/\\\/papex.sn\\\/?product=etiquettes-a4-sorex\"]}]},{\"@type\":\"ImageObject\",\"inLanguage\":\"fr-FR\",\"@id\":\"https:\\\/\\\/papex.sn\\\/?product=etiquettes-a4-sorex#primaryimage\",\"url\":\"https:\\\/\\\/papex.sn\\\/wp-content\\\/uploads\\\/2022\\\/10\\\/Sans-titre.png\",\"contentUrl\":\"https:\\\/\\\/papex.sn\\\/wp-content\\\/uploads\\\/2022\\\/10\\\/Sans-titre.png\",\"width\":600,\"height\":600},{\"@type\":\"BreadcrumbList\",\"@id\":\"https:\\\/\\\/papex.sn\\\/?product=etiquettes-a4-sorex#breadcrumb\",\"itemListElement\":[{\"@type\":\"ListItem\",\"position\":1,\"name\":\"Accueil\",\"item\":\"https:\\\/\\\/papex.sn\\\/\"},{\"@type\":\"ListItem\",\"position\":2,\"name\":\"Boutique\",\"item\":\"https:\\\/\\\/papex.sn\\\/?page_id=388\"},{\"@type\":\"ListItem\",\"position\":3,\"name\":\"Etiquettes A4 SOREX\"}]},{\"@type\":\"WebSite\",\"@id\":\"https:\\\/\\\/papex.sn\\\/#website\",\"url\":\"https:\\\/\\\/papex.sn\\\/\",\"name\":\"PAPEX\",\"description\":\"Papeterie Express\",\"publisher\":{\"@id\":\"https:\\\/\\\/papex.sn\\\/#organization\"},\"potentialAction\":[{\"@type\":\"SearchAction\",\"target\":{\"@type\":\"EntryPoint\",\"urlTemplate\":\"https:\\\/\\\/papex.sn\\\/?s={search_term_string}\"},\"query-input\":{\"@type\":\"PropertyValueSpecification\",\"valueRequired\":true,\"valueName\":\"search_term_string\"}}],\"inLanguage\":\"fr-FR\"},{\"@type\":\"Organization\",\"@id\":\"https:\\\/\\\/papex.sn\\\/#organization\",\"name\":\"PAPEX\",\"url\":\"https:\\\/\\\/papex.sn\\\/\",\"logo\":{\"@type\":\"ImageObject\",\"inLanguage\":\"fr-FR\",\"@id\":\"https:\\\/\\\/papex.sn\\\/#\\\/schema\\\/logo\\\/image\\\/\",\"url\":\"https:\\\/\\\/papex.sn\\\/wp-content\\\/uploads\\\/2022\\\/05\\\/telechargement-1.jpg\",\"contentUrl\":\"https:\\\/\\\/papex.sn\\\/wp-content\\\/uploads\\\/2022\\\/05\\\/telechargement-1.jpg\",\"width\":299,\"height\":168,\"caption\":\"PAPEX\"},\"image\":{\"@id\":\"https:\\\/\\\/papex.sn\\\/#\\\/schema\\\/logo\\\/image\\\/\"},\"sameAs\":[\"https:\\\/\\\/www.facebook.com\\\/PapexSarl\",\"https:\\\/\\\/www.instagram.com\\\/papex.sarl\\\/\"]}]}<\/script>\n<!-- \/ Yoast SEO plugin. -->","yoast_head_json":{"title":"Etiquettes A4 SOREX - PAPEX","robots":{"index":"index","follow":"follow","max-snippet":"max-snippet:-1","max-image-preview":"max-image-preview:large","max-video-preview":"max-video-preview:-1"},"canonical":"https:\/\/papex.sn\/?product=etiquettes-a4-sorex","og_locale":"fr_FR","og_type":"article","og_title":"Etiquettes A4 SOREX - PAPEX","og_description":"\u00c9tiquettes blanches universelles A4 autocollantes, s\u00e9chage rapide, autocollantes pour dessin, marquage, organisation, convient \u00e9galement pour les \u00e9tiquettes d'adresse et les \u00e9tiquettes d'exp\u00e9dition.  Garanti sans bourrage pour imprimantes, imprimantes laser, imprimantes \u00e0 jet d'encre et copieurs.  Impression nette sans effet de flou  Les \u00e9tiquettes adh\u00e8rent en toute s\u00e9curit\u00e9 et se d\u00e9collent sans laisser de trace gr\u00e2ce \u00e0 une forte adh\u00e9rence de qualit\u00e9 sup\u00e9rieure.","og_url":"https:\/\/papex.sn\/?product=etiquettes-a4-sorex","og_site_name":"PAPEX","article_publisher":"https:\/\/www.facebook.com\/PapexSarl","article_modified_time":"2024-07-09T10:43:06+00:00","og_image":[{"width":600,"height":600,"url":"https:\/\/papex.sn\/wp-content\/uploads\/2022\/10\/Sans-titre.png","type":"image\/png"}],"twitter_card":"summary_large_image","schema":{"@context":"https:\/\/schema.org","@graph":[{"@type":"WebPage","@id":"https:\/\/papex.sn\/?product=etiquettes-a4-sorex","url":"https:\/\/papex.sn\/?product=etiquettes-a4-sorex","name":"Etiquettes A4 SOREX - PAPEX","isPartOf":{"@id":"https:\/\/papex.sn\/#website"},"primaryImageOfPage":{"@id":"https:\/\/papex.sn\/?product=etiquettes-a4-sorex#primaryimage"},"image":{"@id":"https:\/\/papex.sn\/?product=etiquettes-a4-sorex#primaryimage"},"thumbnailUrl":"https:\/\/papex.sn\/wp-content\/uploads\/2022\/10\/Sans-titre.png","datePublished":"2022-10-13T09:25:45+00:00","dateModified":"2024-07-09T10:43:06+00:00","breadcrumb":{"@id":"https:\/\/papex.sn\/?product=etiquettes-a4-sorex#breadcrumb"},"inLanguage":"fr-FR","potentialAction":[{"@type":"ReadAction","target":["https:\/\/papex.sn\/?product=etiquettes-a4-sorex"]}]},{"@type":"ImageObject","inLanguage":"fr-FR","@id":"https:\/\/papex.sn\/?product=etiquettes-a4-sorex#primaryimage","url":"https:\/\/papex.sn\/wp-content\/uploads\/2022\/10\/Sans-titre.png","contentUrl":"https:\/\/papex.sn\/wp-content\/uploads\/2022\/10\/Sans-titre.png","width":600,"height":600},{"@type":"BreadcrumbList","@id":"https:\/\/papex.sn\/?product=etiquettes-a4-sorex#breadcrumb","itemListElement":[{"@type":"ListItem","position":1,"name":"Accueil","item":"https:\/\/papex.sn\/"},{"@type":"ListItem","position":2,"name":"Boutique","item":"https:\/\/papex.sn\/?page_id=388"},{"@type":"ListItem","position":3,"name":"Etiquettes A4 SOREX"}]},{"@type":"WebSite","@id":"https:\/\/papex.sn\/#website","url":"https:\/\/papex.sn\/","name":"PAPEX","description":"Papeterie Express","publisher":{"@id":"https:\/\/papex.sn\/#organization"},"potentialAction":[{"@type":"SearchAction","target":{"@type":"EntryPoint","urlTemplate":"https:\/\/papex.sn\/?s={search_term_string}"},"query-input":{"@type":"PropertyValueSpecification","valueRequired":true,"valueName":"search_term_string"}}],"inLanguage":"fr-FR"},{"@type":"Organization","@id":"https:\/\/papex.sn\/#organization","name":"PAPEX","url":"https:\/\/papex.sn\/","logo":{"@type":"ImageObject","inLanguage":"fr-FR","@id":"https:\/\/papex.sn\/#\/schema\/logo\/image\/","url":"https:\/\/papex.sn\/wp-content\/uploads\/2022\/05\/telechargement-1.jpg","contentUrl":"https:\/\/papex.sn\/wp-content\/uploads\/2022\/05\/telechargement-1.jpg","width":299,"height":168,"caption":"PAPEX"},"image":{"@id":"https:\/\/papex.sn\/#\/schema\/logo\/image\/"},"sameAs":["https:\/\/www.facebook.com\/PapexSarl","https:\/\/www.instagram.com\/papex.sarl\/"]}]}},"_links":{"self":[{"href":"https:\/\/papex.sn\/index.php?rest_route=\/wp\/v2\/product\/2461","targetHints":{"allow":["GET"]}}],"collection":[{"href":"https:\/\/papex.sn\/index.php?rest_route=\/wp\/v2\/product"}],"about":[{"href":"https:\/\/papex.sn\/index.php?rest_route=\/wp\/v2\/types\/product"}],"replies":[{"embeddable":true,"href":"https:\/\/papex.sn\/index.php?rest_route=%2Fwp%2Fv2%2Fcomments&post=2461"}],"version-history":[{"count":1,"href":"https:\/\/papex.sn\/index.php?rest_route=\/wp\/v2\/product\/2461\/revisions"}],"predecessor-version":[{"id":3499,"href":"https:\/\/papex.sn\/index.php?rest_route=\/wp\/v2\/product\/2461\/revisions\/3499"}],"wp:featuredmedia":[{"embeddable":true,"href":"https:\/\/papex.sn\/index.php?rest_route=\/wp\/v2\/media\/2463"}],"wp:attachment":[{"href":"https:\/\/papex.sn\/index.php?rest_route=%2Fwp%2Fv2%2Fmedia&parent=2461"}],"wp:term":[{"taxonomy":"product_brand","embeddable":true,"href":"https:\/\/papex.sn\/index.php?rest_route=%2Fwp%2Fv2%2Fproduct_brand&post=2461"},{"taxonomy":"product_cat","embeddable":true,"href":"https:\/\/papex.sn\/index.php?rest_route=%2Fwp%2Fv2%2Fproduct_cat&post=2461"},{"taxonomy":"product_tag","embeddable":true,"href":"https:\/\/papex.sn\/index.php?rest_route=%2Fwp%2Fv2%2Fproduct_tag&post=2461"}],"curies":[{"name":"wp","href":"https:\/\/api.w.org\/{rel}","templated":true}]}}