{"id":2382,"date":"2022-10-07T10:46:43","date_gmt":"2022-10-07T10:46:43","guid":{"rendered":"https:\/\/papex.sn\/?post_type=product&#038;p=2382"},"modified":"2024-10-21T16:59:38","modified_gmt":"2024-10-21T16:59:38","slug":"porte-mine-graffix-schneider","status":"publish","type":"product","link":"https:\/\/papex.sn\/?product=porte-mine-graffix-schneider","title":{"rendered":"Porte-mine Graffix 0.7mm Schneider"},"content":{"rendered":"<p>Le grip est caoutchout\u00e9, clip et pointe sont de m\u00e9tal. Une gomme extra longue sans PVC est int\u00e9gr\u00e9e dans le poussoir. Mines en polym\u00e8res avec \u00e9paisseur de trait fine 0.7 mm pour pour papier et carton \u00e0 dessin. Degr\u00e9 de duret\u00e9 HB, une sensation d\u00b4\u00e9criture douce et un trait noir fonc\u00e9, r\u00e9sistante \u00e0 la rupture et bien effa\u00e7able.<\/p>\n","protected":false},"excerpt":{"rendered":"<p>Porte-mine avec canon cylindrique r\u00e9tractable et code de couleur ISO, id\u00e9al pour \u00e9crire et dessiner pr\u00e9cis\u00e9ment avec r\u00e8gle et gabarit.<\/p>\n","protected":false},"featured_media":2384,"comment_status":"open","ping_status":"closed","template":"","meta":[],"product_brand":[],"product_cat":[92,59,37],"product_tag":[],"class_list":{"0":"post-2382","1":"product","2":"type-product","3":"status-publish","4":"has-post-thumbnail","6":"product_cat-crayons-corrections","7":"product_cat-ecriture","8":"product_cat-papeterie-fourniture","10":"first","11":"instock","12":"shipping-taxable","13":"product-type-simple"},"yoast_head":"<!-- This site is optimized with the Yoast SEO plugin v27.5 - https:\/\/yoast.com\/product\/yoast-seo-wordpress\/ -->\n<title>Porte-mine Graffix 0.7mm Schneider - PAPEX<\/title>\n<meta name=\"robots\" content=\"index, follow, max-snippet:-1, max-image-preview:large, max-video-preview:-1\" \/>\n<link rel=\"canonical\" href=\"https:\/\/papex.sn\/?product=porte-mine-graffix-schneider\" \/>\n<meta property=\"og:locale\" content=\"fr_FR\" \/>\n<meta property=\"og:type\" content=\"article\" \/>\n<meta property=\"og:title\" content=\"Porte-mine Graffix 0.7mm Schneider - PAPEX\" \/>\n<meta property=\"og:description\" content=\"Porte-mine avec canon cylindrique r\u00e9tractable et code de couleur ISO, id\u00e9al pour \u00e9crire et dessiner pr\u00e9cis\u00e9ment avec r\u00e8gle et gabarit.\" \/>\n<meta property=\"og:url\" content=\"https:\/\/papex.sn\/?product=porte-mine-graffix-schneider\" \/>\n<meta property=\"og:site_name\" content=\"PAPEX\" \/>\n<meta property=\"article:publisher\" content=\"https:\/\/www.facebook.com\/PapexSarl\" \/>\n<meta property=\"article:modified_time\" content=\"2024-10-21T16:59:38+00:00\" \/>\n<meta property=\"og:image\" content=\"https:\/\/papex.sn\/wp-content\/uploads\/2022\/10\/4004675029614_1@L3ImqT9gBv10pzygXl10nUIgLz5unJjeAQHjrQD1ZPfgM3Wuqzy0rFgwMJ50MKVeYJI4qTIhqPf0AGO4AQHj.jpg\" \/>\n\t<meta property=\"og:image:width\" content=\"450\" \/>\n\t<meta property=\"og:image:height\" content=\"450\" \/>\n\t<meta property=\"og:image:type\" content=\"image\/jpeg\" \/>\n<meta name=\"twitter:card\" content=\"summary_large_image\" \/>\n<script type=\"application\/ld+json\" class=\"yoast-schema-graph\">{\"@context\":\"https:\\\/\\\/schema.org\",\"@graph\":[{\"@type\":\"WebPage\",\"@id\":\"https:\\\/\\\/papex.sn\\\/?product=porte-mine-graffix-schneider\",\"url\":\"https:\\\/\\\/papex.sn\\\/?product=porte-mine-graffix-schneider\",\"name\":\"Porte-mine Graffix 0.7mm Schneider - PAPEX\",\"isPartOf\":{\"@id\":\"https:\\\/\\\/papex.sn\\\/#website\"},\"primaryImageOfPage\":{\"@id\":\"https:\\\/\\\/papex.sn\\\/?product=porte-mine-graffix-schneider#primaryimage\"},\"image\":{\"@id\":\"https:\\\/\\\/papex.sn\\\/?product=porte-mine-graffix-schneider#primaryimage\"},\"thumbnailUrl\":\"https:\\\/\\\/papex.sn\\\/wp-content\\\/uploads\\\/2022\\\/10\\\/4004675029614_1@L3ImqT9gBv10pzygXl10nUIgLz5unJjeAQHjrQD1ZPfgM3Wuqzy0rFgwMJ50MKVeYJI4qTIhqPf0AGO4AQHj.jpg\",\"datePublished\":\"2022-10-07T10:46:43+00:00\",\"dateModified\":\"2024-10-21T16:59:38+00:00\",\"breadcrumb\":{\"@id\":\"https:\\\/\\\/papex.sn\\\/?product=porte-mine-graffix-schneider#breadcrumb\"},\"inLanguage\":\"fr-FR\",\"potentialAction\":[{\"@type\":\"ReadAction\",\"target\":[\"https:\\\/\\\/papex.sn\\\/?product=porte-mine-graffix-schneider\"]}]},{\"@type\":\"ImageObject\",\"inLanguage\":\"fr-FR\",\"@id\":\"https:\\\/\\\/papex.sn\\\/?product=porte-mine-graffix-schneider#primaryimage\",\"url\":\"https:\\\/\\\/papex.sn\\\/wp-content\\\/uploads\\\/2022\\\/10\\\/4004675029614_1@L3ImqT9gBv10pzygXl10nUIgLz5unJjeAQHjrQD1ZPfgM3Wuqzy0rFgwMJ50MKVeYJI4qTIhqPf0AGO4AQHj.jpg\",\"contentUrl\":\"https:\\\/\\\/papex.sn\\\/wp-content\\\/uploads\\\/2022\\\/10\\\/4004675029614_1@L3ImqT9gBv10pzygXl10nUIgLz5unJjeAQHjrQD1ZPfgM3Wuqzy0rFgwMJ50MKVeYJI4qTIhqPf0AGO4AQHj.jpg\",\"width\":450,\"height\":450},{\"@type\":\"BreadcrumbList\",\"@id\":\"https:\\\/\\\/papex.sn\\\/?product=porte-mine-graffix-schneider#breadcrumb\",\"itemListElement\":[{\"@type\":\"ListItem\",\"position\":1,\"name\":\"Accueil\",\"item\":\"https:\\\/\\\/papex.sn\\\/\"},{\"@type\":\"ListItem\",\"position\":2,\"name\":\"Boutique\",\"item\":\"https:\\\/\\\/papex.sn\\\/?page_id=388\"},{\"@type\":\"ListItem\",\"position\":3,\"name\":\"Porte-mine Graffix 0.7mm Schneider\"}]},{\"@type\":\"WebSite\",\"@id\":\"https:\\\/\\\/papex.sn\\\/#website\",\"url\":\"https:\\\/\\\/papex.sn\\\/\",\"name\":\"PAPEX\",\"description\":\"Papeterie Express\",\"publisher\":{\"@id\":\"https:\\\/\\\/papex.sn\\\/#organization\"},\"potentialAction\":[{\"@type\":\"SearchAction\",\"target\":{\"@type\":\"EntryPoint\",\"urlTemplate\":\"https:\\\/\\\/papex.sn\\\/?s={search_term_string}\"},\"query-input\":{\"@type\":\"PropertyValueSpecification\",\"valueRequired\":true,\"valueName\":\"search_term_string\"}}],\"inLanguage\":\"fr-FR\"},{\"@type\":\"Organization\",\"@id\":\"https:\\\/\\\/papex.sn\\\/#organization\",\"name\":\"PAPEX\",\"url\":\"https:\\\/\\\/papex.sn\\\/\",\"logo\":{\"@type\":\"ImageObject\",\"inLanguage\":\"fr-FR\",\"@id\":\"https:\\\/\\\/papex.sn\\\/#\\\/schema\\\/logo\\\/image\\\/\",\"url\":\"https:\\\/\\\/papex.sn\\\/wp-content\\\/uploads\\\/2022\\\/05\\\/telechargement-1.jpg\",\"contentUrl\":\"https:\\\/\\\/papex.sn\\\/wp-content\\\/uploads\\\/2022\\\/05\\\/telechargement-1.jpg\",\"width\":299,\"height\":168,\"caption\":\"PAPEX\"},\"image\":{\"@id\":\"https:\\\/\\\/papex.sn\\\/#\\\/schema\\\/logo\\\/image\\\/\"},\"sameAs\":[\"https:\\\/\\\/www.facebook.com\\\/PapexSarl\",\"https:\\\/\\\/www.instagram.com\\\/papex.sarl\\\/\"]}]}<\/script>\n<!-- \/ Yoast SEO plugin. -->","yoast_head_json":{"title":"Porte-mine Graffix 0.7mm Schneider - PAPEX","robots":{"index":"index","follow":"follow","max-snippet":"max-snippet:-1","max-image-preview":"max-image-preview:large","max-video-preview":"max-video-preview:-1"},"canonical":"https:\/\/papex.sn\/?product=porte-mine-graffix-schneider","og_locale":"fr_FR","og_type":"article","og_title":"Porte-mine Graffix 0.7mm Schneider - PAPEX","og_description":"Porte-mine avec canon cylindrique r\u00e9tractable et code de couleur ISO, id\u00e9al pour \u00e9crire et dessiner pr\u00e9cis\u00e9ment avec r\u00e8gle et gabarit.","og_url":"https:\/\/papex.sn\/?product=porte-mine-graffix-schneider","og_site_name":"PAPEX","article_publisher":"https:\/\/www.facebook.com\/PapexSarl","article_modified_time":"2024-10-21T16:59:38+00:00","og_image":[{"width":450,"height":450,"url":"https:\/\/papex.sn\/wp-content\/uploads\/2022\/10\/4004675029614_1@L3ImqT9gBv10pzygXl10nUIgLz5unJjeAQHjrQD1ZPfgM3Wuqzy0rFgwMJ50MKVeYJI4qTIhqPf0AGO4AQHj.jpg","type":"image\/jpeg"}],"twitter_card":"summary_large_image","schema":{"@context":"https:\/\/schema.org","@graph":[{"@type":"WebPage","@id":"https:\/\/papex.sn\/?product=porte-mine-graffix-schneider","url":"https:\/\/papex.sn\/?product=porte-mine-graffix-schneider","name":"Porte-mine Graffix 0.7mm Schneider - PAPEX","isPartOf":{"@id":"https:\/\/papex.sn\/#website"},"primaryImageOfPage":{"@id":"https:\/\/papex.sn\/?product=porte-mine-graffix-schneider#primaryimage"},"image":{"@id":"https:\/\/papex.sn\/?product=porte-mine-graffix-schneider#primaryimage"},"thumbnailUrl":"https:\/\/papex.sn\/wp-content\/uploads\/2022\/10\/4004675029614_1@L3ImqT9gBv10pzygXl10nUIgLz5unJjeAQHjrQD1ZPfgM3Wuqzy0rFgwMJ50MKVeYJI4qTIhqPf0AGO4AQHj.jpg","datePublished":"2022-10-07T10:46:43+00:00","dateModified":"2024-10-21T16:59:38+00:00","breadcrumb":{"@id":"https:\/\/papex.sn\/?product=porte-mine-graffix-schneider#breadcrumb"},"inLanguage":"fr-FR","potentialAction":[{"@type":"ReadAction","target":["https:\/\/papex.sn\/?product=porte-mine-graffix-schneider"]}]},{"@type":"ImageObject","inLanguage":"fr-FR","@id":"https:\/\/papex.sn\/?product=porte-mine-graffix-schneider#primaryimage","url":"https:\/\/papex.sn\/wp-content\/uploads\/2022\/10\/4004675029614_1@L3ImqT9gBv10pzygXl10nUIgLz5unJjeAQHjrQD1ZPfgM3Wuqzy0rFgwMJ50MKVeYJI4qTIhqPf0AGO4AQHj.jpg","contentUrl":"https:\/\/papex.sn\/wp-content\/uploads\/2022\/10\/4004675029614_1@L3ImqT9gBv10pzygXl10nUIgLz5unJjeAQHjrQD1ZPfgM3Wuqzy0rFgwMJ50MKVeYJI4qTIhqPf0AGO4AQHj.jpg","width":450,"height":450},{"@type":"BreadcrumbList","@id":"https:\/\/papex.sn\/?product=porte-mine-graffix-schneider#breadcrumb","itemListElement":[{"@type":"ListItem","position":1,"name":"Accueil","item":"https:\/\/papex.sn\/"},{"@type":"ListItem","position":2,"name":"Boutique","item":"https:\/\/papex.sn\/?page_id=388"},{"@type":"ListItem","position":3,"name":"Porte-mine Graffix 0.7mm Schneider"}]},{"@type":"WebSite","@id":"https:\/\/papex.sn\/#website","url":"https:\/\/papex.sn\/","name":"PAPEX","description":"Papeterie Express","publisher":{"@id":"https:\/\/papex.sn\/#organization"},"potentialAction":[{"@type":"SearchAction","target":{"@type":"EntryPoint","urlTemplate":"https:\/\/papex.sn\/?s={search_term_string}"},"query-input":{"@type":"PropertyValueSpecification","valueRequired":true,"valueName":"search_term_string"}}],"inLanguage":"fr-FR"},{"@type":"Organization","@id":"https:\/\/papex.sn\/#organization","name":"PAPEX","url":"https:\/\/papex.sn\/","logo":{"@type":"ImageObject","inLanguage":"fr-FR","@id":"https:\/\/papex.sn\/#\/schema\/logo\/image\/","url":"https:\/\/papex.sn\/wp-content\/uploads\/2022\/05\/telechargement-1.jpg","contentUrl":"https:\/\/papex.sn\/wp-content\/uploads\/2022\/05\/telechargement-1.jpg","width":299,"height":168,"caption":"PAPEX"},"image":{"@id":"https:\/\/papex.sn\/#\/schema\/logo\/image\/"},"sameAs":["https:\/\/www.facebook.com\/PapexSarl","https:\/\/www.instagram.com\/papex.sarl\/"]}]}},"_links":{"self":[{"href":"https:\/\/papex.sn\/index.php?rest_route=\/wp\/v2\/product\/2382","targetHints":{"allow":["GET"]}}],"collection":[{"href":"https:\/\/papex.sn\/index.php?rest_route=\/wp\/v2\/product"}],"about":[{"href":"https:\/\/papex.sn\/index.php?rest_route=\/wp\/v2\/types\/product"}],"replies":[{"embeddable":true,"href":"https:\/\/papex.sn\/index.php?rest_route=%2Fwp%2Fv2%2Fcomments&post=2382"}],"version-history":[{"count":1,"href":"https:\/\/papex.sn\/index.php?rest_route=\/wp\/v2\/product\/2382\/revisions"}],"predecessor-version":[{"id":3734,"href":"https:\/\/papex.sn\/index.php?rest_route=\/wp\/v2\/product\/2382\/revisions\/3734"}],"wp:featuredmedia":[{"embeddable":true,"href":"https:\/\/papex.sn\/index.php?rest_route=\/wp\/v2\/media\/2384"}],"wp:attachment":[{"href":"https:\/\/papex.sn\/index.php?rest_route=%2Fwp%2Fv2%2Fmedia&parent=2382"}],"wp:term":[{"taxonomy":"product_brand","embeddable":true,"href":"https:\/\/papex.sn\/index.php?rest_route=%2Fwp%2Fv2%2Fproduct_brand&post=2382"},{"taxonomy":"product_cat","embeddable":true,"href":"https:\/\/papex.sn\/index.php?rest_route=%2Fwp%2Fv2%2Fproduct_cat&post=2382"},{"taxonomy":"product_tag","embeddable":true,"href":"https:\/\/papex.sn\/index.php?rest_route=%2Fwp%2Fv2%2Fproduct_tag&post=2382"}],"curies":[{"name":"wp","href":"https:\/\/api.w.org\/{rel}","templated":true}]}}