{"id":2368,"date":"2022-10-07T10:31:52","date_gmt":"2022-10-07T10:31:52","guid":{"rendered":"https:\/\/papex.sn\/?post_type=product&#038;p=2368"},"modified":"2024-10-21T17:06:32","modified_gmt":"2024-10-21T17:06:32","slug":"surligneur-job-schneider","status":"publish","type":"product","link":"https:\/\/papex.sn\/?product=surligneur-job-schneider","title":{"rendered":"Surligneur Job Schneider"},"content":{"rendered":"<p>Le surligneur Job est donc recommand\u00e9 \u00e0 l&rsquo;\u00e9cole, \u00e0 l&rsquo;universit\u00e9 ou au bureau. Avec sa pointe biseaut\u00e9e, il est \u00e9galement parfait pour le travail cr\u00e9atif dans le bullet journal ou pour la calligraphie en hand lettering. Le corps en PP est r\u00e9sistant \u00e0 l&rsquo;\u00e9vaporation pendant 2 ans de stockage d&rsquo;encre et est rechargeable avec Maxx 660 refill station. Le surligneur intelligent aux r\u00e9sultats brillants a re\u00e7u le prix iF- et red dot Design-Award 2013. Le capuchon avec clip est r\u00e9versible. La grande r\u00e9serve d&rsquo;encre permet le marquage de plus de 15.000 mots par Job.<\/p>\n","protected":false},"excerpt":{"rendered":"<p>Surligneur avec pointe biseaut\u00e9e pour deux \u00e9paisseurs de trait d\u00b4\u00e9criture, 1 + 5 mm. Couleur d&rsquo;encre jaune. L&rsquo;encre universelle pour papier normal, photocopie et fax avec une luminosit\u00e9 maximale et r\u00e9sistance \u00e0 la lumi\u00e8re.<\/p>\n","protected":false},"featured_media":2374,"comment_status":"open","ping_status":"closed","template":"","meta":[],"product_brand":[],"product_cat":[59,37,77],"product_tag":[],"class_list":{"0":"post-2368","1":"product","2":"type-product","3":"status-publish","4":"has-post-thumbnail","6":"product_cat-ecriture","7":"product_cat-papeterie-fourniture","8":"product_cat-surligneurs","9":"pa_couleur-bleu","10":"pa_couleur-jaune","11":"pa_couleur-orange","12":"pa_couleur-rose","13":"pa_couleur-vert","15":"first","16":"instock","17":"shipping-taxable","18":"product-type-variable"},"yoast_head":"<!-- This site is optimized with the Yoast SEO plugin v27.4 - https:\/\/yoast.com\/product\/yoast-seo-wordpress\/ -->\n<title>Surligneur Job Schneider - PAPEX<\/title>\n<meta name=\"robots\" content=\"index, follow, max-snippet:-1, max-image-preview:large, max-video-preview:-1\" \/>\n<link rel=\"canonical\" href=\"https:\/\/papex.sn\/?product=surligneur-job-schneider\" \/>\n<meta property=\"og:locale\" content=\"fr_FR\" \/>\n<meta property=\"og:type\" content=\"article\" \/>\n<meta property=\"og:title\" content=\"Surligneur Job Schneider - PAPEX\" \/>\n<meta property=\"og:description\" content=\"Surligneur avec pointe biseaut\u00e9e pour deux \u00e9paisseurs de trait d\u00b4\u00e9criture, 1 + 5 mm. Couleur d&#039;encre jaune. L&#039;encre universelle pour papier normal, photocopie et fax avec une luminosit\u00e9 maximale et r\u00e9sistance \u00e0 la lumi\u00e8re.\" \/>\n<meta property=\"og:url\" content=\"https:\/\/papex.sn\/?product=surligneur-job-schneider\" \/>\n<meta property=\"og:site_name\" content=\"PAPEX\" \/>\n<meta property=\"article:publisher\" content=\"https:\/\/www.facebook.com\/PapexSarl\" \/>\n<meta property=\"article:modified_time\" content=\"2024-10-21T17:06:32+00:00\" \/>\n<meta property=\"og:image\" content=\"https:\/\/papex.sn\/wp-content\/uploads\/2022\/10\/Job_gelb_orange_gruen_blau_2@L3ImqT9gBv10pzygXl10nUIgLz5unJjeAQHjrQD1ZPfgM3Wuqzy0rFgwMJ50MKVeYJI4qTIhqPf0AGO4AQHj.jpg\" \/>\n\t<meta property=\"og:image:width\" content=\"450\" \/>\n\t<meta property=\"og:image:height\" content=\"450\" \/>\n\t<meta property=\"og:image:type\" content=\"image\/jpeg\" \/>\n<meta name=\"twitter:card\" content=\"summary_large_image\" \/>\n<script type=\"application\/ld+json\" class=\"yoast-schema-graph\">{\"@context\":\"https:\\\/\\\/schema.org\",\"@graph\":[{\"@type\":\"WebPage\",\"@id\":\"https:\\\/\\\/papex.sn\\\/?product=surligneur-job-schneider\",\"url\":\"https:\\\/\\\/papex.sn\\\/?product=surligneur-job-schneider\",\"name\":\"Surligneur Job Schneider - PAPEX\",\"isPartOf\":{\"@id\":\"https:\\\/\\\/papex.sn\\\/#website\"},\"primaryImageOfPage\":{\"@id\":\"https:\\\/\\\/papex.sn\\\/?product=surligneur-job-schneider#primaryimage\"},\"image\":{\"@id\":\"https:\\\/\\\/papex.sn\\\/?product=surligneur-job-schneider#primaryimage\"},\"thumbnailUrl\":\"https:\\\/\\\/papex.sn\\\/wp-content\\\/uploads\\\/2022\\\/10\\\/Job_gelb_orange_gruen_blau_2@L3ImqT9gBv10pzygXl10nUIgLz5unJjeAQHjrQD1ZPfgM3Wuqzy0rFgwMJ50MKVeYJI4qTIhqPf0AGO4AQHj.jpg\",\"datePublished\":\"2022-10-07T10:31:52+00:00\",\"dateModified\":\"2024-10-21T17:06:32+00:00\",\"breadcrumb\":{\"@id\":\"https:\\\/\\\/papex.sn\\\/?product=surligneur-job-schneider#breadcrumb\"},\"inLanguage\":\"fr-FR\",\"potentialAction\":[{\"@type\":\"ReadAction\",\"target\":[\"https:\\\/\\\/papex.sn\\\/?product=surligneur-job-schneider\"]}]},{\"@type\":\"ImageObject\",\"inLanguage\":\"fr-FR\",\"@id\":\"https:\\\/\\\/papex.sn\\\/?product=surligneur-job-schneider#primaryimage\",\"url\":\"https:\\\/\\\/papex.sn\\\/wp-content\\\/uploads\\\/2022\\\/10\\\/Job_gelb_orange_gruen_blau_2@L3ImqT9gBv10pzygXl10nUIgLz5unJjeAQHjrQD1ZPfgM3Wuqzy0rFgwMJ50MKVeYJI4qTIhqPf0AGO4AQHj.jpg\",\"contentUrl\":\"https:\\\/\\\/papex.sn\\\/wp-content\\\/uploads\\\/2022\\\/10\\\/Job_gelb_orange_gruen_blau_2@L3ImqT9gBv10pzygXl10nUIgLz5unJjeAQHjrQD1ZPfgM3Wuqzy0rFgwMJ50MKVeYJI4qTIhqPf0AGO4AQHj.jpg\",\"width\":450,\"height\":450},{\"@type\":\"BreadcrumbList\",\"@id\":\"https:\\\/\\\/papex.sn\\\/?product=surligneur-job-schneider#breadcrumb\",\"itemListElement\":[{\"@type\":\"ListItem\",\"position\":1,\"name\":\"Accueil\",\"item\":\"https:\\\/\\\/papex.sn\\\/\"},{\"@type\":\"ListItem\",\"position\":2,\"name\":\"Boutique\",\"item\":\"https:\\\/\\\/papex.sn\\\/?page_id=388\"},{\"@type\":\"ListItem\",\"position\":3,\"name\":\"Surligneur Job Schneider\"}]},{\"@type\":\"WebSite\",\"@id\":\"https:\\\/\\\/papex.sn\\\/#website\",\"url\":\"https:\\\/\\\/papex.sn\\\/\",\"name\":\"PAPEX\",\"description\":\"Papeterie Express\",\"publisher\":{\"@id\":\"https:\\\/\\\/papex.sn\\\/#organization\"},\"potentialAction\":[{\"@type\":\"SearchAction\",\"target\":{\"@type\":\"EntryPoint\",\"urlTemplate\":\"https:\\\/\\\/papex.sn\\\/?s={search_term_string}\"},\"query-input\":{\"@type\":\"PropertyValueSpecification\",\"valueRequired\":true,\"valueName\":\"search_term_string\"}}],\"inLanguage\":\"fr-FR\"},{\"@type\":\"Organization\",\"@id\":\"https:\\\/\\\/papex.sn\\\/#organization\",\"name\":\"PAPEX\",\"url\":\"https:\\\/\\\/papex.sn\\\/\",\"logo\":{\"@type\":\"ImageObject\",\"inLanguage\":\"fr-FR\",\"@id\":\"https:\\\/\\\/papex.sn\\\/#\\\/schema\\\/logo\\\/image\\\/\",\"url\":\"https:\\\/\\\/papex.sn\\\/wp-content\\\/uploads\\\/2022\\\/05\\\/telechargement-1.jpg\",\"contentUrl\":\"https:\\\/\\\/papex.sn\\\/wp-content\\\/uploads\\\/2022\\\/05\\\/telechargement-1.jpg\",\"width\":299,\"height\":168,\"caption\":\"PAPEX\"},\"image\":{\"@id\":\"https:\\\/\\\/papex.sn\\\/#\\\/schema\\\/logo\\\/image\\\/\"},\"sameAs\":[\"https:\\\/\\\/www.facebook.com\\\/PapexSarl\",\"https:\\\/\\\/www.instagram.com\\\/papex.sarl\\\/\"]}]}<\/script>\n<!-- \/ Yoast SEO plugin. -->","yoast_head_json":{"title":"Surligneur Job Schneider - PAPEX","robots":{"index":"index","follow":"follow","max-snippet":"max-snippet:-1","max-image-preview":"max-image-preview:large","max-video-preview":"max-video-preview:-1"},"canonical":"https:\/\/papex.sn\/?product=surligneur-job-schneider","og_locale":"fr_FR","og_type":"article","og_title":"Surligneur Job Schneider - PAPEX","og_description":"Surligneur avec pointe biseaut\u00e9e pour deux \u00e9paisseurs de trait d\u00b4\u00e9criture, 1 + 5 mm. Couleur d'encre jaune. L'encre universelle pour papier normal, photocopie et fax avec une luminosit\u00e9 maximale et r\u00e9sistance \u00e0 la lumi\u00e8re.","og_url":"https:\/\/papex.sn\/?product=surligneur-job-schneider","og_site_name":"PAPEX","article_publisher":"https:\/\/www.facebook.com\/PapexSarl","article_modified_time":"2024-10-21T17:06:32+00:00","og_image":[{"width":450,"height":450,"url":"https:\/\/papex.sn\/wp-content\/uploads\/2022\/10\/Job_gelb_orange_gruen_blau_2@L3ImqT9gBv10pzygXl10nUIgLz5unJjeAQHjrQD1ZPfgM3Wuqzy0rFgwMJ50MKVeYJI4qTIhqPf0AGO4AQHj.jpg","type":"image\/jpeg"}],"twitter_card":"summary_large_image","schema":{"@context":"https:\/\/schema.org","@graph":[{"@type":"WebPage","@id":"https:\/\/papex.sn\/?product=surligneur-job-schneider","url":"https:\/\/papex.sn\/?product=surligneur-job-schneider","name":"Surligneur Job Schneider - PAPEX","isPartOf":{"@id":"https:\/\/papex.sn\/#website"},"primaryImageOfPage":{"@id":"https:\/\/papex.sn\/?product=surligneur-job-schneider#primaryimage"},"image":{"@id":"https:\/\/papex.sn\/?product=surligneur-job-schneider#primaryimage"},"thumbnailUrl":"https:\/\/papex.sn\/wp-content\/uploads\/2022\/10\/Job_gelb_orange_gruen_blau_2@L3ImqT9gBv10pzygXl10nUIgLz5unJjeAQHjrQD1ZPfgM3Wuqzy0rFgwMJ50MKVeYJI4qTIhqPf0AGO4AQHj.jpg","datePublished":"2022-10-07T10:31:52+00:00","dateModified":"2024-10-21T17:06:32+00:00","breadcrumb":{"@id":"https:\/\/papex.sn\/?product=surligneur-job-schneider#breadcrumb"},"inLanguage":"fr-FR","potentialAction":[{"@type":"ReadAction","target":["https:\/\/papex.sn\/?product=surligneur-job-schneider"]}]},{"@type":"ImageObject","inLanguage":"fr-FR","@id":"https:\/\/papex.sn\/?product=surligneur-job-schneider#primaryimage","url":"https:\/\/papex.sn\/wp-content\/uploads\/2022\/10\/Job_gelb_orange_gruen_blau_2@L3ImqT9gBv10pzygXl10nUIgLz5unJjeAQHjrQD1ZPfgM3Wuqzy0rFgwMJ50MKVeYJI4qTIhqPf0AGO4AQHj.jpg","contentUrl":"https:\/\/papex.sn\/wp-content\/uploads\/2022\/10\/Job_gelb_orange_gruen_blau_2@L3ImqT9gBv10pzygXl10nUIgLz5unJjeAQHjrQD1ZPfgM3Wuqzy0rFgwMJ50MKVeYJI4qTIhqPf0AGO4AQHj.jpg","width":450,"height":450},{"@type":"BreadcrumbList","@id":"https:\/\/papex.sn\/?product=surligneur-job-schneider#breadcrumb","itemListElement":[{"@type":"ListItem","position":1,"name":"Accueil","item":"https:\/\/papex.sn\/"},{"@type":"ListItem","position":2,"name":"Boutique","item":"https:\/\/papex.sn\/?page_id=388"},{"@type":"ListItem","position":3,"name":"Surligneur Job Schneider"}]},{"@type":"WebSite","@id":"https:\/\/papex.sn\/#website","url":"https:\/\/papex.sn\/","name":"PAPEX","description":"Papeterie Express","publisher":{"@id":"https:\/\/papex.sn\/#organization"},"potentialAction":[{"@type":"SearchAction","target":{"@type":"EntryPoint","urlTemplate":"https:\/\/papex.sn\/?s={search_term_string}"},"query-input":{"@type":"PropertyValueSpecification","valueRequired":true,"valueName":"search_term_string"}}],"inLanguage":"fr-FR"},{"@type":"Organization","@id":"https:\/\/papex.sn\/#organization","name":"PAPEX","url":"https:\/\/papex.sn\/","logo":{"@type":"ImageObject","inLanguage":"fr-FR","@id":"https:\/\/papex.sn\/#\/schema\/logo\/image\/","url":"https:\/\/papex.sn\/wp-content\/uploads\/2022\/05\/telechargement-1.jpg","contentUrl":"https:\/\/papex.sn\/wp-content\/uploads\/2022\/05\/telechargement-1.jpg","width":299,"height":168,"caption":"PAPEX"},"image":{"@id":"https:\/\/papex.sn\/#\/schema\/logo\/image\/"},"sameAs":["https:\/\/www.facebook.com\/PapexSarl","https:\/\/www.instagram.com\/papex.sarl\/"]}]}},"_links":{"self":[{"href":"https:\/\/papex.sn\/index.php?rest_route=\/wp\/v2\/product\/2368","targetHints":{"allow":["GET"]}}],"collection":[{"href":"https:\/\/papex.sn\/index.php?rest_route=\/wp\/v2\/product"}],"about":[{"href":"https:\/\/papex.sn\/index.php?rest_route=\/wp\/v2\/types\/product"}],"replies":[{"embeddable":true,"href":"https:\/\/papex.sn\/index.php?rest_route=%2Fwp%2Fv2%2Fcomments&post=2368"}],"version-history":[{"count":0,"href":"https:\/\/papex.sn\/index.php?rest_route=\/wp\/v2\/product\/2368\/revisions"}],"wp:featuredmedia":[{"embeddable":true,"href":"https:\/\/papex.sn\/index.php?rest_route=\/wp\/v2\/media\/2374"}],"wp:attachment":[{"href":"https:\/\/papex.sn\/index.php?rest_route=%2Fwp%2Fv2%2Fmedia&parent=2368"}],"wp:term":[{"taxonomy":"product_brand","embeddable":true,"href":"https:\/\/papex.sn\/index.php?rest_route=%2Fwp%2Fv2%2Fproduct_brand&post=2368"},{"taxonomy":"product_cat","embeddable":true,"href":"https:\/\/papex.sn\/index.php?rest_route=%2Fwp%2Fv2%2Fproduct_cat&post=2368"},{"taxonomy":"product_tag","embeddable":true,"href":"https:\/\/papex.sn\/index.php?rest_route=%2Fwp%2Fv2%2Fproduct_tag&post=2368"}],"curies":[{"name":"wp","href":"https:\/\/api.w.org\/{rel}","templated":true}]}}