{"id":2272,"date":"2022-10-06T10:32:57","date_gmt":"2022-10-06T10:32:57","guid":{"rendered":"https:\/\/papex.sn\/?post_type=product&#038;p=2272"},"modified":"2024-10-21T17:20:16","modified_gmt":"2024-10-21T17:20:16","slug":"epsilon-touch","status":"publish","type":"product","link":"https:\/\/papex.sn\/?product=epsilon-touch","title":{"rendered":"Epsilon Touch"},"content":{"rendered":"<p>Il fonctionne \u00e9galement avec la plupart des types de gants.\u00a0Stylo \u00e0 bille qui combine un design classique avec un style moderne.\u00a0Le clip m\u00e9tallique partiellement encastr\u00e9, ainsi que les bandes caoutchout\u00e9es de couleur assortie lui conf\u00e8rent un aspect incomparable.\u00a0Les trois lignes ondul\u00e9es en mat\u00e9riau souple qui r\u00e9interpr\u00e8tent le logo de l&rsquo;entreprise dans la poign\u00e9e servent \u00e9galement d&rsquo;\u00e9l\u00e9ment antid\u00e9rapant.\u00a0Recharge g\u00e9ante rempla\u00e7able Slider 755 extra-large (XB) avec technologie Viscoglide\u00ae pour une \u00e9criture extr\u00eamement douce et fluide.\u00a0Encre de couleur bleue, ind\u00e9l\u00e9bile selon ISO 12757-2.\u00a0La pointe en acier inoxydable r\u00e9sistante \u00e0 l&rsquo;usure garantit une utilisation compl\u00e8te de la grande r\u00e9serve d&rsquo;encre, sans r\u00e9sidus ni bavures.\u00a0Epsilon est \u00e9quip\u00e9 d&rsquo;un clip m\u00e9tallique \u00e9lastique et gr\u00e2ce \u00e0 l&rsquo;ing\u00e9nieux syst\u00e8me Plug + Play, il est rechargeable avec diff\u00e9rents formats de recharge.<\/p>\n","protected":false},"excerpt":{"rendered":"<p>Stylo \u00e0 bille avec fonction tactile pour l&rsquo;utilisation de tablettes et smartphones.\u00a0Le patin en caoutchouc souple permet une navigation pr\u00e9cise sur tous les \u00e9crans capacitifs et \u00e9vite les traces de doigts sur l&rsquo;\u00e9cran.<\/p>\n","protected":false},"featured_media":2273,"comment_status":"open","ping_status":"closed","template":"","meta":[],"product_brand":[],"product_cat":[59,37,75],"product_tag":[],"class_list":{"0":"post-2272","1":"product","2":"type-product","3":"status-publish","4":"has-post-thumbnail","6":"product_cat-ecriture","7":"product_cat-papeterie-fourniture","8":"product_cat-stylos","9":"pa_couleur-blanc","10":"pa_couleur-noir","12":"first","13":"instock","14":"shipping-taxable","15":"product-type-variable"},"yoast_head":"<!-- This site is optimized with the Yoast SEO plugin v27.3 - https:\/\/yoast.com\/product\/yoast-seo-wordpress\/ -->\n<title>Epsilon Touch - PAPEX<\/title>\n<meta name=\"robots\" content=\"index, follow, max-snippet:-1, max-image-preview:large, max-video-preview:-1\" \/>\n<link rel=\"canonical\" href=\"https:\/\/papex.sn\/?product=epsilon-touch\" \/>\n<meta property=\"og:locale\" content=\"fr_FR\" \/>\n<meta property=\"og:type\" content=\"article\" \/>\n<meta property=\"og:title\" content=\"Epsilon Touch - PAPEX\" \/>\n<meta property=\"og:description\" content=\"Stylo \u00e0 bille avec fonction tactile pour l&#039;utilisation de tablettes et smartphones.\u00a0Le patin en caoutchouc souple permet une navigation pr\u00e9cise sur tous les \u00e9crans capacitifs et \u00e9vite les traces de doigts sur l&#039;\u00e9cran.\" \/>\n<meta property=\"og:url\" content=\"https:\/\/papex.sn\/?product=epsilon-touch\" \/>\n<meta property=\"og:site_name\" content=\"PAPEX\" \/>\n<meta property=\"article:publisher\" content=\"https:\/\/www.facebook.com\/PapexSarl\" \/>\n<meta property=\"article:modified_time\" content=\"2024-10-21T17:20:16+00:00\" \/>\n<meta property=\"og:image\" content=\"https:\/\/papex.sn\/wp-content\/uploads\/2022\/10\/xl_534-STN13872.jpg\" \/>\n\t<meta property=\"og:image:width\" content=\"800\" \/>\n\t<meta property=\"og:image:height\" content=\"800\" \/>\n\t<meta property=\"og:image:type\" content=\"image\/jpeg\" \/>\n<meta name=\"twitter:card\" content=\"summary_large_image\" \/>\n<meta name=\"twitter:label1\" content=\"Dur\u00e9e de lecture estim\u00e9e\" \/>\n\t<meta name=\"twitter:data1\" content=\"1 minute\" \/>\n<script type=\"application\/ld+json\" class=\"yoast-schema-graph\">{\"@context\":\"https:\\\/\\\/schema.org\",\"@graph\":[{\"@type\":\"WebPage\",\"@id\":\"https:\\\/\\\/papex.sn\\\/?product=epsilon-touch\",\"url\":\"https:\\\/\\\/papex.sn\\\/?product=epsilon-touch\",\"name\":\"Epsilon Touch - PAPEX\",\"isPartOf\":{\"@id\":\"https:\\\/\\\/papex.sn\\\/#website\"},\"primaryImageOfPage\":{\"@id\":\"https:\\\/\\\/papex.sn\\\/?product=epsilon-touch#primaryimage\"},\"image\":{\"@id\":\"https:\\\/\\\/papex.sn\\\/?product=epsilon-touch#primaryimage\"},\"thumbnailUrl\":\"https:\\\/\\\/papex.sn\\\/wp-content\\\/uploads\\\/2022\\\/10\\\/xl_534-STN13872.jpg\",\"datePublished\":\"2022-10-06T10:32:57+00:00\",\"dateModified\":\"2024-10-21T17:20:16+00:00\",\"breadcrumb\":{\"@id\":\"https:\\\/\\\/papex.sn\\\/?product=epsilon-touch#breadcrumb\"},\"inLanguage\":\"fr-FR\",\"potentialAction\":[{\"@type\":\"ReadAction\",\"target\":[\"https:\\\/\\\/papex.sn\\\/?product=epsilon-touch\"]}]},{\"@type\":\"ImageObject\",\"inLanguage\":\"fr-FR\",\"@id\":\"https:\\\/\\\/papex.sn\\\/?product=epsilon-touch#primaryimage\",\"url\":\"https:\\\/\\\/papex.sn\\\/wp-content\\\/uploads\\\/2022\\\/10\\\/xl_534-STN13872.jpg\",\"contentUrl\":\"https:\\\/\\\/papex.sn\\\/wp-content\\\/uploads\\\/2022\\\/10\\\/xl_534-STN13872.jpg\",\"width\":800,\"height\":800},{\"@type\":\"BreadcrumbList\",\"@id\":\"https:\\\/\\\/papex.sn\\\/?product=epsilon-touch#breadcrumb\",\"itemListElement\":[{\"@type\":\"ListItem\",\"position\":1,\"name\":\"Accueil\",\"item\":\"https:\\\/\\\/papex.sn\\\/\"},{\"@type\":\"ListItem\",\"position\":2,\"name\":\"Boutique\",\"item\":\"https:\\\/\\\/papex.sn\\\/?page_id=388\"},{\"@type\":\"ListItem\",\"position\":3,\"name\":\"Epsilon Touch\"}]},{\"@type\":\"WebSite\",\"@id\":\"https:\\\/\\\/papex.sn\\\/#website\",\"url\":\"https:\\\/\\\/papex.sn\\\/\",\"name\":\"PAPEX\",\"description\":\"Papeterie Express\",\"publisher\":{\"@id\":\"https:\\\/\\\/papex.sn\\\/#organization\"},\"potentialAction\":[{\"@type\":\"SearchAction\",\"target\":{\"@type\":\"EntryPoint\",\"urlTemplate\":\"https:\\\/\\\/papex.sn\\\/?s={search_term_string}\"},\"query-input\":{\"@type\":\"PropertyValueSpecification\",\"valueRequired\":true,\"valueName\":\"search_term_string\"}}],\"inLanguage\":\"fr-FR\"},{\"@type\":\"Organization\",\"@id\":\"https:\\\/\\\/papex.sn\\\/#organization\",\"name\":\"PAPEX\",\"url\":\"https:\\\/\\\/papex.sn\\\/\",\"logo\":{\"@type\":\"ImageObject\",\"inLanguage\":\"fr-FR\",\"@id\":\"https:\\\/\\\/papex.sn\\\/#\\\/schema\\\/logo\\\/image\\\/\",\"url\":\"https:\\\/\\\/papex.sn\\\/wp-content\\\/uploads\\\/2022\\\/05\\\/telechargement-1.jpg\",\"contentUrl\":\"https:\\\/\\\/papex.sn\\\/wp-content\\\/uploads\\\/2022\\\/05\\\/telechargement-1.jpg\",\"width\":299,\"height\":168,\"caption\":\"PAPEX\"},\"image\":{\"@id\":\"https:\\\/\\\/papex.sn\\\/#\\\/schema\\\/logo\\\/image\\\/\"},\"sameAs\":[\"https:\\\/\\\/www.facebook.com\\\/PapexSarl\",\"https:\\\/\\\/www.instagram.com\\\/papex.sarl\\\/\"]}]}<\/script>\n<!-- \/ Yoast SEO plugin. -->","yoast_head_json":{"title":"Epsilon Touch - PAPEX","robots":{"index":"index","follow":"follow","max-snippet":"max-snippet:-1","max-image-preview":"max-image-preview:large","max-video-preview":"max-video-preview:-1"},"canonical":"https:\/\/papex.sn\/?product=epsilon-touch","og_locale":"fr_FR","og_type":"article","og_title":"Epsilon Touch - PAPEX","og_description":"Stylo \u00e0 bille avec fonction tactile pour l'utilisation de tablettes et smartphones.\u00a0Le patin en caoutchouc souple permet une navigation pr\u00e9cise sur tous les \u00e9crans capacitifs et \u00e9vite les traces de doigts sur l'\u00e9cran.","og_url":"https:\/\/papex.sn\/?product=epsilon-touch","og_site_name":"PAPEX","article_publisher":"https:\/\/www.facebook.com\/PapexSarl","article_modified_time":"2024-10-21T17:20:16+00:00","og_image":[{"width":800,"height":800,"url":"https:\/\/papex.sn\/wp-content\/uploads\/2022\/10\/xl_534-STN13872.jpg","type":"image\/jpeg"}],"twitter_card":"summary_large_image","twitter_misc":{"Dur\u00e9e de lecture estim\u00e9e":"1 minute"},"schema":{"@context":"https:\/\/schema.org","@graph":[{"@type":"WebPage","@id":"https:\/\/papex.sn\/?product=epsilon-touch","url":"https:\/\/papex.sn\/?product=epsilon-touch","name":"Epsilon Touch - PAPEX","isPartOf":{"@id":"https:\/\/papex.sn\/#website"},"primaryImageOfPage":{"@id":"https:\/\/papex.sn\/?product=epsilon-touch#primaryimage"},"image":{"@id":"https:\/\/papex.sn\/?product=epsilon-touch#primaryimage"},"thumbnailUrl":"https:\/\/papex.sn\/wp-content\/uploads\/2022\/10\/xl_534-STN13872.jpg","datePublished":"2022-10-06T10:32:57+00:00","dateModified":"2024-10-21T17:20:16+00:00","breadcrumb":{"@id":"https:\/\/papex.sn\/?product=epsilon-touch#breadcrumb"},"inLanguage":"fr-FR","potentialAction":[{"@type":"ReadAction","target":["https:\/\/papex.sn\/?product=epsilon-touch"]}]},{"@type":"ImageObject","inLanguage":"fr-FR","@id":"https:\/\/papex.sn\/?product=epsilon-touch#primaryimage","url":"https:\/\/papex.sn\/wp-content\/uploads\/2022\/10\/xl_534-STN13872.jpg","contentUrl":"https:\/\/papex.sn\/wp-content\/uploads\/2022\/10\/xl_534-STN13872.jpg","width":800,"height":800},{"@type":"BreadcrumbList","@id":"https:\/\/papex.sn\/?product=epsilon-touch#breadcrumb","itemListElement":[{"@type":"ListItem","position":1,"name":"Accueil","item":"https:\/\/papex.sn\/"},{"@type":"ListItem","position":2,"name":"Boutique","item":"https:\/\/papex.sn\/?page_id=388"},{"@type":"ListItem","position":3,"name":"Epsilon Touch"}]},{"@type":"WebSite","@id":"https:\/\/papex.sn\/#website","url":"https:\/\/papex.sn\/","name":"PAPEX","description":"Papeterie Express","publisher":{"@id":"https:\/\/papex.sn\/#organization"},"potentialAction":[{"@type":"SearchAction","target":{"@type":"EntryPoint","urlTemplate":"https:\/\/papex.sn\/?s={search_term_string}"},"query-input":{"@type":"PropertyValueSpecification","valueRequired":true,"valueName":"search_term_string"}}],"inLanguage":"fr-FR"},{"@type":"Organization","@id":"https:\/\/papex.sn\/#organization","name":"PAPEX","url":"https:\/\/papex.sn\/","logo":{"@type":"ImageObject","inLanguage":"fr-FR","@id":"https:\/\/papex.sn\/#\/schema\/logo\/image\/","url":"https:\/\/papex.sn\/wp-content\/uploads\/2022\/05\/telechargement-1.jpg","contentUrl":"https:\/\/papex.sn\/wp-content\/uploads\/2022\/05\/telechargement-1.jpg","width":299,"height":168,"caption":"PAPEX"},"image":{"@id":"https:\/\/papex.sn\/#\/schema\/logo\/image\/"},"sameAs":["https:\/\/www.facebook.com\/PapexSarl","https:\/\/www.instagram.com\/papex.sarl\/"]}]}},"_links":{"self":[{"href":"https:\/\/papex.sn\/index.php?rest_route=\/wp\/v2\/product\/2272","targetHints":{"allow":["GET"]}}],"collection":[{"href":"https:\/\/papex.sn\/index.php?rest_route=\/wp\/v2\/product"}],"about":[{"href":"https:\/\/papex.sn\/index.php?rest_route=\/wp\/v2\/types\/product"}],"replies":[{"embeddable":true,"href":"https:\/\/papex.sn\/index.php?rest_route=%2Fwp%2Fv2%2Fcomments&post=2272"}],"version-history":[{"count":0,"href":"https:\/\/papex.sn\/index.php?rest_route=\/wp\/v2\/product\/2272\/revisions"}],"wp:featuredmedia":[{"embeddable":true,"href":"https:\/\/papex.sn\/index.php?rest_route=\/wp\/v2\/media\/2273"}],"wp:attachment":[{"href":"https:\/\/papex.sn\/index.php?rest_route=%2Fwp%2Fv2%2Fmedia&parent=2272"}],"wp:term":[{"taxonomy":"product_brand","embeddable":true,"href":"https:\/\/papex.sn\/index.php?rest_route=%2Fwp%2Fv2%2Fproduct_brand&post=2272"},{"taxonomy":"product_cat","embeddable":true,"href":"https:\/\/papex.sn\/index.php?rest_route=%2Fwp%2Fv2%2Fproduct_cat&post=2272"},{"taxonomy":"product_tag","embeddable":true,"href":"https:\/\/papex.sn\/index.php?rest_route=%2Fwp%2Fv2%2Fproduct_tag&post=2272"}],"curies":[{"name":"wp","href":"https:\/\/api.w.org\/{rel}","templated":true}]}}