{"id":1642,"date":"2022-09-06T12:58:24","date_gmt":"2022-09-06T12:58:24","guid":{"rendered":"https:\/\/papex.sn\/?product=surligneur-pochette-de-4-pastel-schneider"},"modified":"2024-10-21T16:57:08","modified_gmt":"2024-10-21T16:57:08","slug":"surligneur-pochette-de-4-pastel-schneider","status":"publish","type":"product","link":"https:\/\/papex.sn\/?product=surligneur-pochette-de-4-pastel-schneider","title":{"rendered":"Surligneur Pochette de 4 Pastel &#8211; SCHNEIDER"},"content":{"rendered":"","protected":false},"excerpt":{"rendered":"<p>Surligneur avec pointe biseaut\u00e9e pour deux \u00e9paisseurs de trait d\u00b4\u00e9criture, 1 + 5 mm. Couleur d&rsquo;encre rose. L&rsquo;encre universelle pour papier normal, photocopie et fax avec une luminosit\u00e9 maximale et r\u00e9sistance \u00e0 la lumi\u00e8re. Le surligneur Job est donc recommand\u00e9 \u00e0 l&rsquo;\u00e9cole, \u00e0 l&rsquo;universit\u00e9 ou au bureau. Avec sa pointe biseaut\u00e9e.<\/p>\n","protected":false},"featured_media":1641,"comment_status":"open","ping_status":"closed","template":"","meta":[],"product_brand":[],"product_cat":[59,77],"product_tag":[],"class_list":{"0":"post-1642","1":"product","2":"type-product","3":"status-publish","4":"has-post-thumbnail","6":"product_cat-ecriture","7":"product_cat-surligneurs","9":"first","10":"instock","11":"shipping-taxable","12":"product-type-simple"},"yoast_head":"<!-- This site is optimized with the Yoast SEO plugin v27.5 - https:\/\/yoast.com\/product\/yoast-seo-wordpress\/ -->\n<title>Surligneur Pochette de 4 Pastel - SCHNEIDER - PAPEX<\/title>\n<meta name=\"robots\" content=\"index, follow, max-snippet:-1, max-image-preview:large, max-video-preview:-1\" \/>\n<link rel=\"canonical\" href=\"https:\/\/papex.sn\/?product=surligneur-pochette-de-4-pastel-schneider\" \/>\n<meta property=\"og:locale\" content=\"fr_FR\" \/>\n<meta property=\"og:type\" content=\"article\" \/>\n<meta property=\"og:title\" content=\"Surligneur Pochette de 4 Pastel - SCHNEIDER - PAPEX\" \/>\n<meta property=\"og:description\" content=\"Surligneur avec pointe biseaut\u00e9e pour deux \u00e9paisseurs de trait d\u00b4\u00e9criture, 1 + 5 mm. Couleur d&#039;encre rose. L&#039;encre universelle pour papier normal, photocopie et fax avec une luminosit\u00e9 maximale et r\u00e9sistance \u00e0 la lumi\u00e8re. Le surligneur Job est donc recommand\u00e9 \u00e0 l&#039;\u00e9cole, \u00e0 l&#039;universit\u00e9 ou au bureau. Avec sa pointe biseaut\u00e9e.\" \/>\n<meta property=\"og:url\" content=\"https:\/\/papex.sn\/?product=surligneur-pochette-de-4-pastel-schneider\" \/>\n<meta property=\"og:site_name\" content=\"PAPEX\" \/>\n<meta property=\"article:publisher\" content=\"https:\/\/www.facebook.com\/PapexSarl\" \/>\n<meta property=\"article:modified_time\" content=\"2024-10-21T16:57:08+00:00\" \/>\n<meta property=\"og:image\" content=\"https:\/\/papex.sn\/wp-content\/uploads\/2022\/09\/Surligneur-Pochette-de-4-Pastel-SCHNEIDER.jpg\" \/>\n\t<meta property=\"og:image:width\" content=\"600\" \/>\n\t<meta property=\"og:image:height\" content=\"600\" \/>\n\t<meta property=\"og:image:type\" content=\"image\/jpeg\" \/>\n<meta name=\"twitter:card\" content=\"summary_large_image\" \/>\n<script type=\"application\/ld+json\" class=\"yoast-schema-graph\">{\"@context\":\"https:\\\/\\\/schema.org\",\"@graph\":[{\"@type\":\"WebPage\",\"@id\":\"https:\\\/\\\/papex.sn\\\/?product=surligneur-pochette-de-4-pastel-schneider\",\"url\":\"https:\\\/\\\/papex.sn\\\/?product=surligneur-pochette-de-4-pastel-schneider\",\"name\":\"Surligneur Pochette de 4 Pastel - SCHNEIDER - PAPEX\",\"isPartOf\":{\"@id\":\"https:\\\/\\\/papex.sn\\\/#website\"},\"primaryImageOfPage\":{\"@id\":\"https:\\\/\\\/papex.sn\\\/?product=surligneur-pochette-de-4-pastel-schneider#primaryimage\"},\"image\":{\"@id\":\"https:\\\/\\\/papex.sn\\\/?product=surligneur-pochette-de-4-pastel-schneider#primaryimage\"},\"thumbnailUrl\":\"https:\\\/\\\/papex.sn\\\/wp-content\\\/uploads\\\/2022\\\/09\\\/Surligneur-Pochette-de-4-Pastel-SCHNEIDER.jpg\",\"datePublished\":\"2022-09-06T12:58:24+00:00\",\"dateModified\":\"2024-10-21T16:57:08+00:00\",\"breadcrumb\":{\"@id\":\"https:\\\/\\\/papex.sn\\\/?product=surligneur-pochette-de-4-pastel-schneider#breadcrumb\"},\"inLanguage\":\"fr-FR\",\"potentialAction\":[{\"@type\":\"ReadAction\",\"target\":[\"https:\\\/\\\/papex.sn\\\/?product=surligneur-pochette-de-4-pastel-schneider\"]}]},{\"@type\":\"ImageObject\",\"inLanguage\":\"fr-FR\",\"@id\":\"https:\\\/\\\/papex.sn\\\/?product=surligneur-pochette-de-4-pastel-schneider#primaryimage\",\"url\":\"https:\\\/\\\/papex.sn\\\/wp-content\\\/uploads\\\/2022\\\/09\\\/Surligneur-Pochette-de-4-Pastel-SCHNEIDER.jpg\",\"contentUrl\":\"https:\\\/\\\/papex.sn\\\/wp-content\\\/uploads\\\/2022\\\/09\\\/Surligneur-Pochette-de-4-Pastel-SCHNEIDER.jpg\",\"width\":600,\"height\":600},{\"@type\":\"BreadcrumbList\",\"@id\":\"https:\\\/\\\/papex.sn\\\/?product=surligneur-pochette-de-4-pastel-schneider#breadcrumb\",\"itemListElement\":[{\"@type\":\"ListItem\",\"position\":1,\"name\":\"Accueil\",\"item\":\"https:\\\/\\\/papex.sn\\\/\"},{\"@type\":\"ListItem\",\"position\":2,\"name\":\"Boutique\",\"item\":\"https:\\\/\\\/papex.sn\\\/?page_id=388\"},{\"@type\":\"ListItem\",\"position\":3,\"name\":\"Surligneur Pochette de 4 Pastel &#8211; SCHNEIDER\"}]},{\"@type\":\"WebSite\",\"@id\":\"https:\\\/\\\/papex.sn\\\/#website\",\"url\":\"https:\\\/\\\/papex.sn\\\/\",\"name\":\"PAPEX\",\"description\":\"Papeterie Express\",\"publisher\":{\"@id\":\"https:\\\/\\\/papex.sn\\\/#organization\"},\"potentialAction\":[{\"@type\":\"SearchAction\",\"target\":{\"@type\":\"EntryPoint\",\"urlTemplate\":\"https:\\\/\\\/papex.sn\\\/?s={search_term_string}\"},\"query-input\":{\"@type\":\"PropertyValueSpecification\",\"valueRequired\":true,\"valueName\":\"search_term_string\"}}],\"inLanguage\":\"fr-FR\"},{\"@type\":\"Organization\",\"@id\":\"https:\\\/\\\/papex.sn\\\/#organization\",\"name\":\"PAPEX\",\"url\":\"https:\\\/\\\/papex.sn\\\/\",\"logo\":{\"@type\":\"ImageObject\",\"inLanguage\":\"fr-FR\",\"@id\":\"https:\\\/\\\/papex.sn\\\/#\\\/schema\\\/logo\\\/image\\\/\",\"url\":\"https:\\\/\\\/papex.sn\\\/wp-content\\\/uploads\\\/2022\\\/05\\\/telechargement-1.jpg\",\"contentUrl\":\"https:\\\/\\\/papex.sn\\\/wp-content\\\/uploads\\\/2022\\\/05\\\/telechargement-1.jpg\",\"width\":299,\"height\":168,\"caption\":\"PAPEX\"},\"image\":{\"@id\":\"https:\\\/\\\/papex.sn\\\/#\\\/schema\\\/logo\\\/image\\\/\"},\"sameAs\":[\"https:\\\/\\\/www.facebook.com\\\/PapexSarl\",\"https:\\\/\\\/www.instagram.com\\\/papex.sarl\\\/\"]}]}<\/script>\n<!-- \/ Yoast SEO plugin. -->","yoast_head_json":{"title":"Surligneur Pochette de 4 Pastel - SCHNEIDER - PAPEX","robots":{"index":"index","follow":"follow","max-snippet":"max-snippet:-1","max-image-preview":"max-image-preview:large","max-video-preview":"max-video-preview:-1"},"canonical":"https:\/\/papex.sn\/?product=surligneur-pochette-de-4-pastel-schneider","og_locale":"fr_FR","og_type":"article","og_title":"Surligneur Pochette de 4 Pastel - SCHNEIDER - PAPEX","og_description":"Surligneur avec pointe biseaut\u00e9e pour deux \u00e9paisseurs de trait d\u00b4\u00e9criture, 1 + 5 mm. Couleur d'encre rose. L'encre universelle pour papier normal, photocopie et fax avec une luminosit\u00e9 maximale et r\u00e9sistance \u00e0 la lumi\u00e8re. Le surligneur Job est donc recommand\u00e9 \u00e0 l'\u00e9cole, \u00e0 l'universit\u00e9 ou au bureau. Avec sa pointe biseaut\u00e9e.","og_url":"https:\/\/papex.sn\/?product=surligneur-pochette-de-4-pastel-schneider","og_site_name":"PAPEX","article_publisher":"https:\/\/www.facebook.com\/PapexSarl","article_modified_time":"2024-10-21T16:57:08+00:00","og_image":[{"width":600,"height":600,"url":"https:\/\/papex.sn\/wp-content\/uploads\/2022\/09\/Surligneur-Pochette-de-4-Pastel-SCHNEIDER.jpg","type":"image\/jpeg"}],"twitter_card":"summary_large_image","schema":{"@context":"https:\/\/schema.org","@graph":[{"@type":"WebPage","@id":"https:\/\/papex.sn\/?product=surligneur-pochette-de-4-pastel-schneider","url":"https:\/\/papex.sn\/?product=surligneur-pochette-de-4-pastel-schneider","name":"Surligneur Pochette de 4 Pastel - SCHNEIDER - PAPEX","isPartOf":{"@id":"https:\/\/papex.sn\/#website"},"primaryImageOfPage":{"@id":"https:\/\/papex.sn\/?product=surligneur-pochette-de-4-pastel-schneider#primaryimage"},"image":{"@id":"https:\/\/papex.sn\/?product=surligneur-pochette-de-4-pastel-schneider#primaryimage"},"thumbnailUrl":"https:\/\/papex.sn\/wp-content\/uploads\/2022\/09\/Surligneur-Pochette-de-4-Pastel-SCHNEIDER.jpg","datePublished":"2022-09-06T12:58:24+00:00","dateModified":"2024-10-21T16:57:08+00:00","breadcrumb":{"@id":"https:\/\/papex.sn\/?product=surligneur-pochette-de-4-pastel-schneider#breadcrumb"},"inLanguage":"fr-FR","potentialAction":[{"@type":"ReadAction","target":["https:\/\/papex.sn\/?product=surligneur-pochette-de-4-pastel-schneider"]}]},{"@type":"ImageObject","inLanguage":"fr-FR","@id":"https:\/\/papex.sn\/?product=surligneur-pochette-de-4-pastel-schneider#primaryimage","url":"https:\/\/papex.sn\/wp-content\/uploads\/2022\/09\/Surligneur-Pochette-de-4-Pastel-SCHNEIDER.jpg","contentUrl":"https:\/\/papex.sn\/wp-content\/uploads\/2022\/09\/Surligneur-Pochette-de-4-Pastel-SCHNEIDER.jpg","width":600,"height":600},{"@type":"BreadcrumbList","@id":"https:\/\/papex.sn\/?product=surligneur-pochette-de-4-pastel-schneider#breadcrumb","itemListElement":[{"@type":"ListItem","position":1,"name":"Accueil","item":"https:\/\/papex.sn\/"},{"@type":"ListItem","position":2,"name":"Boutique","item":"https:\/\/papex.sn\/?page_id=388"},{"@type":"ListItem","position":3,"name":"Surligneur Pochette de 4 Pastel &#8211; SCHNEIDER"}]},{"@type":"WebSite","@id":"https:\/\/papex.sn\/#website","url":"https:\/\/papex.sn\/","name":"PAPEX","description":"Papeterie Express","publisher":{"@id":"https:\/\/papex.sn\/#organization"},"potentialAction":[{"@type":"SearchAction","target":{"@type":"EntryPoint","urlTemplate":"https:\/\/papex.sn\/?s={search_term_string}"},"query-input":{"@type":"PropertyValueSpecification","valueRequired":true,"valueName":"search_term_string"}}],"inLanguage":"fr-FR"},{"@type":"Organization","@id":"https:\/\/papex.sn\/#organization","name":"PAPEX","url":"https:\/\/papex.sn\/","logo":{"@type":"ImageObject","inLanguage":"fr-FR","@id":"https:\/\/papex.sn\/#\/schema\/logo\/image\/","url":"https:\/\/papex.sn\/wp-content\/uploads\/2022\/05\/telechargement-1.jpg","contentUrl":"https:\/\/papex.sn\/wp-content\/uploads\/2022\/05\/telechargement-1.jpg","width":299,"height":168,"caption":"PAPEX"},"image":{"@id":"https:\/\/papex.sn\/#\/schema\/logo\/image\/"},"sameAs":["https:\/\/www.facebook.com\/PapexSarl","https:\/\/www.instagram.com\/papex.sarl\/"]}]}},"_links":{"self":[{"href":"https:\/\/papex.sn\/index.php?rest_route=\/wp\/v2\/product\/1642","targetHints":{"allow":["GET"]}}],"collection":[{"href":"https:\/\/papex.sn\/index.php?rest_route=\/wp\/v2\/product"}],"about":[{"href":"https:\/\/papex.sn\/index.php?rest_route=\/wp\/v2\/types\/product"}],"replies":[{"embeddable":true,"href":"https:\/\/papex.sn\/index.php?rest_route=%2Fwp%2Fv2%2Fcomments&post=1642"}],"version-history":[{"count":1,"href":"https:\/\/papex.sn\/index.php?rest_route=\/wp\/v2\/product\/1642\/revisions"}],"predecessor-version":[{"id":3723,"href":"https:\/\/papex.sn\/index.php?rest_route=\/wp\/v2\/product\/1642\/revisions\/3723"}],"wp:featuredmedia":[{"embeddable":true,"href":"https:\/\/papex.sn\/index.php?rest_route=\/wp\/v2\/media\/1641"}],"wp:attachment":[{"href":"https:\/\/papex.sn\/index.php?rest_route=%2Fwp%2Fv2%2Fmedia&parent=1642"}],"wp:term":[{"taxonomy":"product_brand","embeddable":true,"href":"https:\/\/papex.sn\/index.php?rest_route=%2Fwp%2Fv2%2Fproduct_brand&post=1642"},{"taxonomy":"product_cat","embeddable":true,"href":"https:\/\/papex.sn\/index.php?rest_route=%2Fwp%2Fv2%2Fproduct_cat&post=1642"},{"taxonomy":"product_tag","embeddable":true,"href":"https:\/\/papex.sn\/index.php?rest_route=%2Fwp%2Fv2%2Fproduct_tag&post=1642"}],"curies":[{"name":"wp","href":"https:\/\/api.w.org\/{rel}","templated":true}]}}