{"id":1636,"date":"2022-09-06T12:58:21","date_gmt":"2022-09-06T12:58:21","guid":{"rendered":"https:\/\/papex.sn\/?product=ciseaux-13cm-security-stop-maped"},"modified":"2024-10-21T16:57:40","modified_gmt":"2024-10-21T16:57:40","slug":"ciseaux-13cm-security-stop-maped","status":"publish","type":"product","link":"https:\/\/papex.sn\/?product=ciseaux-13cm-security-stop-maped","title":{"rendered":"Ciseaux 13cm Security Stop &#8211; MAPED"},"content":{"rendered":"<p><\/p>\n","protected":false},"excerpt":{"rendered":"<p>Nos ciseaux d\u2019apprentissage sont \u00e9tudi\u00e9s pour assurer la s\u00e9curit\u00e9 des enfants gr\u00e2ce \u00e0 leurs bouts ronds et garantir leur confort lors de la coupe. Nous travaillons l\u2019ergonomie des anneaux afin d\u2019am\u00e9liorer la prise en main des ciseaux et aider les enfants dans l\u2019apprentissage de la d\u00e9coupe.<br data-mce-bogus=\"1\"><\/p>\n","protected":false},"featured_media":1635,"comment_status":"open","ping_status":"closed","template":"","meta":[],"product_brand":[],"product_cat":[62,86],"product_tag":[],"class_list":{"0":"post-1636","1":"product","2":"type-product","3":"status-publish","4":"has-post-thumbnail","6":"product_cat-fournitures-instruments","7":"product_cat-instrument-de-coupe","9":"first","10":"instock","11":"shipping-taxable","12":"product-type-simple"},"yoast_head":"<!-- This site is optimized with the Yoast SEO plugin v27.5 - https:\/\/yoast.com\/product\/yoast-seo-wordpress\/ -->\n<title>Ciseaux 13cm Security Stop - MAPED - PAPEX<\/title>\n<meta name=\"robots\" content=\"index, follow, max-snippet:-1, max-image-preview:large, max-video-preview:-1\" \/>\n<link rel=\"canonical\" href=\"https:\/\/papex.sn\/?product=ciseaux-13cm-security-stop-maped\" \/>\n<meta property=\"og:locale\" content=\"fr_FR\" \/>\n<meta property=\"og:type\" content=\"article\" \/>\n<meta property=\"og:title\" content=\"Ciseaux 13cm Security Stop - MAPED - PAPEX\" \/>\n<meta property=\"og:description\" content=\"Nos ciseaux d\u2019apprentissage sont \u00e9tudi\u00e9s pour assurer la s\u00e9curit\u00e9 des enfants gr\u00e2ce \u00e0 leurs bouts ronds et garantir leur confort lors de la coupe. Nous travaillons l\u2019ergonomie des anneaux afin d\u2019am\u00e9liorer la prise en main des ciseaux et aider les enfants dans l\u2019apprentissage de la d\u00e9coupe.\" \/>\n<meta property=\"og:url\" content=\"https:\/\/papex.sn\/?product=ciseaux-13cm-security-stop-maped\" \/>\n<meta property=\"og:site_name\" content=\"PAPEX\" \/>\n<meta property=\"article:publisher\" content=\"https:\/\/www.facebook.com\/PapexSarl\" \/>\n<meta property=\"article:modified_time\" content=\"2024-10-21T16:57:40+00:00\" \/>\n<meta property=\"og:image\" content=\"https:\/\/papex.sn\/wp-content\/uploads\/2022\/09\/Ciseaux-13cm-Security-Stop-MAPED.jpg\" \/>\n\t<meta property=\"og:image:width\" content=\"600\" \/>\n\t<meta property=\"og:image:height\" content=\"600\" \/>\n\t<meta property=\"og:image:type\" content=\"image\/jpeg\" \/>\n<meta name=\"twitter:card\" content=\"summary_large_image\" \/>\n<script type=\"application\/ld+json\" class=\"yoast-schema-graph\">{\"@context\":\"https:\\\/\\\/schema.org\",\"@graph\":[{\"@type\":\"WebPage\",\"@id\":\"https:\\\/\\\/papex.sn\\\/?product=ciseaux-13cm-security-stop-maped\",\"url\":\"https:\\\/\\\/papex.sn\\\/?product=ciseaux-13cm-security-stop-maped\",\"name\":\"Ciseaux 13cm Security Stop - MAPED - PAPEX\",\"isPartOf\":{\"@id\":\"https:\\\/\\\/papex.sn\\\/#website\"},\"primaryImageOfPage\":{\"@id\":\"https:\\\/\\\/papex.sn\\\/?product=ciseaux-13cm-security-stop-maped#primaryimage\"},\"image\":{\"@id\":\"https:\\\/\\\/papex.sn\\\/?product=ciseaux-13cm-security-stop-maped#primaryimage\"},\"thumbnailUrl\":\"https:\\\/\\\/papex.sn\\\/wp-content\\\/uploads\\\/2022\\\/09\\\/Ciseaux-13cm-Security-Stop-MAPED.jpg\",\"datePublished\":\"2022-09-06T12:58:21+00:00\",\"dateModified\":\"2024-10-21T16:57:40+00:00\",\"breadcrumb\":{\"@id\":\"https:\\\/\\\/papex.sn\\\/?product=ciseaux-13cm-security-stop-maped#breadcrumb\"},\"inLanguage\":\"fr-FR\",\"potentialAction\":[{\"@type\":\"ReadAction\",\"target\":[\"https:\\\/\\\/papex.sn\\\/?product=ciseaux-13cm-security-stop-maped\"]}]},{\"@type\":\"ImageObject\",\"inLanguage\":\"fr-FR\",\"@id\":\"https:\\\/\\\/papex.sn\\\/?product=ciseaux-13cm-security-stop-maped#primaryimage\",\"url\":\"https:\\\/\\\/papex.sn\\\/wp-content\\\/uploads\\\/2022\\\/09\\\/Ciseaux-13cm-Security-Stop-MAPED.jpg\",\"contentUrl\":\"https:\\\/\\\/papex.sn\\\/wp-content\\\/uploads\\\/2022\\\/09\\\/Ciseaux-13cm-Security-Stop-MAPED.jpg\",\"width\":600,\"height\":600},{\"@type\":\"BreadcrumbList\",\"@id\":\"https:\\\/\\\/papex.sn\\\/?product=ciseaux-13cm-security-stop-maped#breadcrumb\",\"itemListElement\":[{\"@type\":\"ListItem\",\"position\":1,\"name\":\"Accueil\",\"item\":\"https:\\\/\\\/papex.sn\\\/\"},{\"@type\":\"ListItem\",\"position\":2,\"name\":\"Boutique\",\"item\":\"https:\\\/\\\/papex.sn\\\/?page_id=388\"},{\"@type\":\"ListItem\",\"position\":3,\"name\":\"Ciseaux 13cm Security Stop &#8211; MAPED\"}]},{\"@type\":\"WebSite\",\"@id\":\"https:\\\/\\\/papex.sn\\\/#website\",\"url\":\"https:\\\/\\\/papex.sn\\\/\",\"name\":\"PAPEX\",\"description\":\"Papeterie Express\",\"publisher\":{\"@id\":\"https:\\\/\\\/papex.sn\\\/#organization\"},\"potentialAction\":[{\"@type\":\"SearchAction\",\"target\":{\"@type\":\"EntryPoint\",\"urlTemplate\":\"https:\\\/\\\/papex.sn\\\/?s={search_term_string}\"},\"query-input\":{\"@type\":\"PropertyValueSpecification\",\"valueRequired\":true,\"valueName\":\"search_term_string\"}}],\"inLanguage\":\"fr-FR\"},{\"@type\":\"Organization\",\"@id\":\"https:\\\/\\\/papex.sn\\\/#organization\",\"name\":\"PAPEX\",\"url\":\"https:\\\/\\\/papex.sn\\\/\",\"logo\":{\"@type\":\"ImageObject\",\"inLanguage\":\"fr-FR\",\"@id\":\"https:\\\/\\\/papex.sn\\\/#\\\/schema\\\/logo\\\/image\\\/\",\"url\":\"https:\\\/\\\/papex.sn\\\/wp-content\\\/uploads\\\/2022\\\/05\\\/telechargement-1.jpg\",\"contentUrl\":\"https:\\\/\\\/papex.sn\\\/wp-content\\\/uploads\\\/2022\\\/05\\\/telechargement-1.jpg\",\"width\":299,\"height\":168,\"caption\":\"PAPEX\"},\"image\":{\"@id\":\"https:\\\/\\\/papex.sn\\\/#\\\/schema\\\/logo\\\/image\\\/\"},\"sameAs\":[\"https:\\\/\\\/www.facebook.com\\\/PapexSarl\",\"https:\\\/\\\/www.instagram.com\\\/papex.sarl\\\/\"]}]}<\/script>\n<!-- \/ Yoast SEO plugin. -->","yoast_head_json":{"title":"Ciseaux 13cm Security Stop - MAPED - PAPEX","robots":{"index":"index","follow":"follow","max-snippet":"max-snippet:-1","max-image-preview":"max-image-preview:large","max-video-preview":"max-video-preview:-1"},"canonical":"https:\/\/papex.sn\/?product=ciseaux-13cm-security-stop-maped","og_locale":"fr_FR","og_type":"article","og_title":"Ciseaux 13cm Security Stop - MAPED - PAPEX","og_description":"Nos ciseaux d\u2019apprentissage sont \u00e9tudi\u00e9s pour assurer la s\u00e9curit\u00e9 des enfants gr\u00e2ce \u00e0 leurs bouts ronds et garantir leur confort lors de la coupe. Nous travaillons l\u2019ergonomie des anneaux afin d\u2019am\u00e9liorer la prise en main des ciseaux et aider les enfants dans l\u2019apprentissage de la d\u00e9coupe.","og_url":"https:\/\/papex.sn\/?product=ciseaux-13cm-security-stop-maped","og_site_name":"PAPEX","article_publisher":"https:\/\/www.facebook.com\/PapexSarl","article_modified_time":"2024-10-21T16:57:40+00:00","og_image":[{"width":600,"height":600,"url":"https:\/\/papex.sn\/wp-content\/uploads\/2022\/09\/Ciseaux-13cm-Security-Stop-MAPED.jpg","type":"image\/jpeg"}],"twitter_card":"summary_large_image","schema":{"@context":"https:\/\/schema.org","@graph":[{"@type":"WebPage","@id":"https:\/\/papex.sn\/?product=ciseaux-13cm-security-stop-maped","url":"https:\/\/papex.sn\/?product=ciseaux-13cm-security-stop-maped","name":"Ciseaux 13cm Security Stop - MAPED - PAPEX","isPartOf":{"@id":"https:\/\/papex.sn\/#website"},"primaryImageOfPage":{"@id":"https:\/\/papex.sn\/?product=ciseaux-13cm-security-stop-maped#primaryimage"},"image":{"@id":"https:\/\/papex.sn\/?product=ciseaux-13cm-security-stop-maped#primaryimage"},"thumbnailUrl":"https:\/\/papex.sn\/wp-content\/uploads\/2022\/09\/Ciseaux-13cm-Security-Stop-MAPED.jpg","datePublished":"2022-09-06T12:58:21+00:00","dateModified":"2024-10-21T16:57:40+00:00","breadcrumb":{"@id":"https:\/\/papex.sn\/?product=ciseaux-13cm-security-stop-maped#breadcrumb"},"inLanguage":"fr-FR","potentialAction":[{"@type":"ReadAction","target":["https:\/\/papex.sn\/?product=ciseaux-13cm-security-stop-maped"]}]},{"@type":"ImageObject","inLanguage":"fr-FR","@id":"https:\/\/papex.sn\/?product=ciseaux-13cm-security-stop-maped#primaryimage","url":"https:\/\/papex.sn\/wp-content\/uploads\/2022\/09\/Ciseaux-13cm-Security-Stop-MAPED.jpg","contentUrl":"https:\/\/papex.sn\/wp-content\/uploads\/2022\/09\/Ciseaux-13cm-Security-Stop-MAPED.jpg","width":600,"height":600},{"@type":"BreadcrumbList","@id":"https:\/\/papex.sn\/?product=ciseaux-13cm-security-stop-maped#breadcrumb","itemListElement":[{"@type":"ListItem","position":1,"name":"Accueil","item":"https:\/\/papex.sn\/"},{"@type":"ListItem","position":2,"name":"Boutique","item":"https:\/\/papex.sn\/?page_id=388"},{"@type":"ListItem","position":3,"name":"Ciseaux 13cm Security Stop &#8211; MAPED"}]},{"@type":"WebSite","@id":"https:\/\/papex.sn\/#website","url":"https:\/\/papex.sn\/","name":"PAPEX","description":"Papeterie Express","publisher":{"@id":"https:\/\/papex.sn\/#organization"},"potentialAction":[{"@type":"SearchAction","target":{"@type":"EntryPoint","urlTemplate":"https:\/\/papex.sn\/?s={search_term_string}"},"query-input":{"@type":"PropertyValueSpecification","valueRequired":true,"valueName":"search_term_string"}}],"inLanguage":"fr-FR"},{"@type":"Organization","@id":"https:\/\/papex.sn\/#organization","name":"PAPEX","url":"https:\/\/papex.sn\/","logo":{"@type":"ImageObject","inLanguage":"fr-FR","@id":"https:\/\/papex.sn\/#\/schema\/logo\/image\/","url":"https:\/\/papex.sn\/wp-content\/uploads\/2022\/05\/telechargement-1.jpg","contentUrl":"https:\/\/papex.sn\/wp-content\/uploads\/2022\/05\/telechargement-1.jpg","width":299,"height":168,"caption":"PAPEX"},"image":{"@id":"https:\/\/papex.sn\/#\/schema\/logo\/image\/"},"sameAs":["https:\/\/www.facebook.com\/PapexSarl","https:\/\/www.instagram.com\/papex.sarl\/"]}]}},"_links":{"self":[{"href":"https:\/\/papex.sn\/index.php?rest_route=\/wp\/v2\/product\/1636","targetHints":{"allow":["GET"]}}],"collection":[{"href":"https:\/\/papex.sn\/index.php?rest_route=\/wp\/v2\/product"}],"about":[{"href":"https:\/\/papex.sn\/index.php?rest_route=\/wp\/v2\/types\/product"}],"replies":[{"embeddable":true,"href":"https:\/\/papex.sn\/index.php?rest_route=%2Fwp%2Fv2%2Fcomments&post=1636"}],"version-history":[{"count":1,"href":"https:\/\/papex.sn\/index.php?rest_route=\/wp\/v2\/product\/1636\/revisions"}],"predecessor-version":[{"id":3726,"href":"https:\/\/papex.sn\/index.php?rest_route=\/wp\/v2\/product\/1636\/revisions\/3726"}],"wp:featuredmedia":[{"embeddable":true,"href":"https:\/\/papex.sn\/index.php?rest_route=\/wp\/v2\/media\/1635"}],"wp:attachment":[{"href":"https:\/\/papex.sn\/index.php?rest_route=%2Fwp%2Fv2%2Fmedia&parent=1636"}],"wp:term":[{"taxonomy":"product_brand","embeddable":true,"href":"https:\/\/papex.sn\/index.php?rest_route=%2Fwp%2Fv2%2Fproduct_brand&post=1636"},{"taxonomy":"product_cat","embeddable":true,"href":"https:\/\/papex.sn\/index.php?rest_route=%2Fwp%2Fv2%2Fproduct_cat&post=1636"},{"taxonomy":"product_tag","embeddable":true,"href":"https:\/\/papex.sn\/index.php?rest_route=%2Fwp%2Fv2%2Fproduct_tag&post=1636"}],"curies":[{"name":"wp","href":"https:\/\/api.w.org\/{rel}","templated":true}]}}