{"id":1620,"date":"2022-09-06T12:58:14","date_gmt":"2022-09-06T12:58:14","guid":{"rendered":"https:\/\/papex.sn\/?product=crayon-couleur-bte-x12-maped"},"modified":"2024-07-09T10:49:31","modified_gmt":"2024-07-09T10:49:31","slug":"crayon-couleur-bte-x12-maped","status":"publish","type":"product","link":"https:\/\/papex.sn\/?product=crayon-couleur-bte-x12-maped","title":{"rendered":"Crayon Couleur BTE X12 &#8211; MAPED"},"content":{"rendered":"<table id=\"productDetails_techSpec_section_1\" class=\"a-keyvalue prodDetTable mce-item-table\" role=\"presentation\">\n<tbody>\n<tr>\n<th class=\"a-color-secondary a-size-base prodDetSectionEntry\" style=\"vertical-align: top;text-align: left;padding: 7px 14px 6px;font-weight: 400;width: 217.922px;font-size: 14px !important;line-height: 20px !important\" data-mce-style=\"vertical-align: top; text-align: left; padding: 7px 14px 6px; font-weight: 400; width: 217.922px; font-size: 14px !important; line-height: 20px !important;\">Fabricant<\/th>\n<td class=\"a-size-base prodDetAttrValue\" style=\"vertical-align: top;padding: 7px 14px 6px;font-size: 14px !important;line-height: 20px !important\" data-mce-style=\"vertical-align: top; padding: 7px 14px 6px; font-size: 14px !important; line-height: 20px !important;\">\u200eMaped<\/td>\n<\/tr>\n<tr>\n<th class=\"a-color-secondary a-size-base prodDetSectionEntry\" style=\"vertical-align: top;text-align: left;padding: 7px 14px 6px;font-weight: 400;width: 217.922px;font-size: 14px !important;line-height: 20px !important\" data-mce-style=\"vertical-align: top; text-align: left; padding: 7px 14px 6px; font-weight: 400; width: 217.922px; font-size: 14px !important; line-height: 20px !important;\">Marque<\/th>\n<td class=\"a-size-base prodDetAttrValue\" style=\"vertical-align: top;padding: 7px 14px 6px;font-size: 14px !important;line-height: 20px !important\" data-mce-style=\"vertical-align: top; padding: 7px 14px 6px; font-size: 14px !important; line-height: 20px !important;\">\u200eMaped<\/td>\n<\/tr>\n<tr>\n<th class=\"a-color-secondary a-size-base prodDetSectionEntry\" style=\"vertical-align: top;text-align: left;padding: 7px 14px 6px;font-weight: 400;width: 217.922px;font-size: 14px !important;line-height: 20px !important\" data-mce-style=\"vertical-align: top; text-align: left; padding: 7px 14px 6px; font-weight: 400; width: 217.922px; font-size: 14px !important; line-height: 20px !important;\">Num\u00e9ro du mod\u00e8le<\/th>\n<td class=\"a-size-base prodDetAttrValue\" style=\"vertical-align: top;padding: 7px 14px 6px;font-size: 14px !important;line-height: 20px !important\" data-mce-style=\"vertical-align: top; padding: 7px 14px 6px; font-size: 14px !important; line-height: 20px !important;\">\u200e829600ZV<\/td>\n<\/tr>\n<tr>\n<th class=\"a-color-secondary a-size-base prodDetSectionEntry\" style=\"vertical-align: top;text-align: left;padding: 7px 14px 6px;font-weight: 400;width: 217.922px;font-size: 14px !important;line-height: 20px !important\" data-mce-style=\"vertical-align: top; text-align: left; padding: 7px 14px 6px; font-weight: 400; width: 217.922px; font-size: 14px !important; line-height: 20px !important;\">Dimensions du produit (L x l x h)<\/th>\n<td class=\"a-size-base prodDetAttrValue\" style=\"vertical-align: top;padding: 7px 14px 6px;font-size: 14px !important;line-height: 20px !important\" data-mce-style=\"vertical-align: top; padding: 7px 14px 6px; font-size: 14px !important; line-height: 20px !important;\">\u200e0.79 x 0.85 x 8.65 cm; 70 grammes<\/td>\n<\/tr>\n<tr>\n<th class=\"a-color-secondary a-size-base prodDetSectionEntry\" style=\"vertical-align: top;text-align: left;padding: 7px 14px 6px;font-weight: 400;width: 217.922px;font-size: 14px !important;line-height: 20px !important\" data-mce-style=\"vertical-align: top; text-align: left; padding: 7px 14px 6px; font-weight: 400; width: 217.922px; font-size: 14px !important; line-height: 20px !important;\">Couleur<\/th>\n<td class=\"a-size-base prodDetAttrValue\" style=\"vertical-align: top;padding: 7px 14px 6px;font-size: 14px !important;line-height: 20px !important\" data-mce-style=\"vertical-align: top; padding: 7px 14px 6px; font-size: 14px !important; line-height: 20px !important;\">\u200eMulticolore<\/td>\n<\/tr>\n<tr>\n<th class=\"a-color-secondary a-size-base prodDetSectionEntry\" style=\"vertical-align: top;text-align: left;padding: 7px 14px 6px;font-weight: 400;width: 217.922px;font-size: 14px !important;line-height: 20px !important\" data-mce-style=\"vertical-align: top; text-align: left; padding: 7px 14px 6px; font-weight: 400; width: 217.922px; font-size: 14px !important; line-height: 20px !important;\">Type de mat\u00e9riau<\/th>\n<td class=\"a-size-base prodDetAttrValue\" style=\"vertical-align: top;padding: 7px 14px 6px;font-size: 14px !important;line-height: 20px !important\" data-mce-style=\"vertical-align: top; padding: 7px 14px 6px; font-size: 14px !important; line-height: 20px !important;\">\u200eBois<\/td>\n<\/tr>\n<tr>\n<th class=\"a-color-secondary a-size-base prodDetSectionEntry\" style=\"vertical-align: top;text-align: left;padding: 7px 14px 6px;font-weight: 400;width: 217.922px;font-size: 14px !important;line-height: 20px !important\" data-mce-style=\"vertical-align: top; text-align: left; padding: 7px 14px 6px; font-weight: 400; width: 217.922px; font-size: 14px !important; line-height: 20px !important;\">Nombre d\u2019unit\u00e9s par article<\/th>\n<td class=\"a-size-base prodDetAttrValue\" style=\"vertical-align: top;padding: 7px 14px 6px;font-size: 14px !important;line-height: 20px !important\" data-mce-style=\"vertical-align: top; padding: 7px 14px 6px; font-size: 14px !important; line-height: 20px !important;\">\u200e12<\/td>\n<\/tr>\n<tr>\n<th class=\"a-color-secondary a-size-base prodDetSectionEntry\" style=\"vertical-align: top;text-align: left;padding: 7px 14px 6px;font-weight: 400;width: 217.922px;font-size: 14px !important;line-height: 20px !important\" data-mce-style=\"vertical-align: top; text-align: left; padding: 7px 14px 6px; font-weight: 400; width: 217.922px; font-size: 14px !important; line-height: 20px !important;\">Taille<\/th>\n<td class=\"a-size-base prodDetAttrValue\" style=\"vertical-align: top;padding: 7px 14px 6px;font-size: 14px !important;line-height: 20px !important\" data-mce-style=\"vertical-align: top; padding: 7px 14px 6px; font-size: 14px !important; line-height: 20px !important;\">\u200e12 Unit\u00e9 (Lot de 1)<\/td>\n<\/tr>\n<tr>\n<th class=\"a-color-secondary a-size-base prodDetSectionEntry\" style=\"vertical-align: top;text-align: left;padding: 7px 14px 6px;font-weight: 400;width: 217.922px;font-size: 14px !important;line-height: 20px !important\" data-mce-style=\"vertical-align: top; text-align: left; padding: 7px 14px 6px; font-weight: 400; width: 217.922px; font-size: 14px !important; line-height: 20px !important;\">Mod\u00e8le fabricant<\/th>\n<td class=\"a-size-base prodDetAttrValue\" style=\"vertical-align: top;padding: 7px 14px 6px;font-size: 14px !important;line-height: 20px !important\" data-mce-style=\"vertical-align: top; padding: 7px 14px 6px; font-size: 14px !important; line-height: 20px !important;\">\u200e829600ZV<\/td>\n<\/tr>\n<tr>\n<th class=\"a-color-secondary a-size-base prodDetSectionEntry\" style=\"vertical-align: top;text-align: left;padding: 7px 14px 6px;font-weight: 400;width: 217.922px;font-size: 14px !important;line-height: 20px !important\" data-mce-style=\"vertical-align: top; text-align: left; padding: 7px 14px 6px; font-weight: 400; width: 217.922px; font-size: 14px !important; line-height: 20px !important;\">Poids de l&rsquo;article<\/th>\n<td class=\"a-size-base prodDetAttrValue\" style=\"vertical-align: top;padding: 7px 14px 6px;font-size: 14px !important;line-height: 20px !important\" data-mce-style=\"vertical-align: top; padding: 7px 14px 6px; font-size: 14px !important; line-height: 20px !important;\">\u200e70 g<\/td>\n<\/tr>\n<\/tbody>\n<\/table>\n","protected":false},"excerpt":{"rendered":"<p>Marque : Maped<br \/>Couleur : Multicolore<br \/>Mat\u00e9riau : Bois<br \/>Nombre d\u2019unit\u00e9s : 12.0 unit\u00e9<br \/>Nom de mod\u00e8le : Color\u2019Peps Duo<br \/>Dimensions de l\u2019article L x l x H : 8 x 9 x 87 millim\u00e8tre<\/p>\n","protected":false},"featured_media":1619,"comment_status":"open","ping_status":"closed","template":"","meta":[],"product_brand":[],"product_cat":[92,59],"product_tag":[],"class_list":{"0":"post-1620","1":"product","2":"type-product","3":"status-publish","4":"has-post-thumbnail","6":"product_cat-crayons-corrections","7":"product_cat-ecriture","9":"first","10":"instock","11":"shipping-taxable","12":"product-type-simple"},"yoast_head":"<!-- This site is optimized with the Yoast SEO plugin v27.5 - https:\/\/yoast.com\/product\/yoast-seo-wordpress\/ -->\n<title>Crayon Couleur BTE X12 - MAPED - PAPEX<\/title>\n<meta name=\"robots\" content=\"index, follow, max-snippet:-1, max-image-preview:large, max-video-preview:-1\" \/>\n<link rel=\"canonical\" href=\"https:\/\/papex.sn\/?product=crayon-couleur-bte-x12-maped\" \/>\n<meta property=\"og:locale\" content=\"fr_FR\" \/>\n<meta property=\"og:type\" content=\"article\" \/>\n<meta property=\"og:title\" content=\"Crayon Couleur BTE X12 - MAPED - PAPEX\" \/>\n<meta property=\"og:description\" content=\"Marque : MapedCouleur : MulticoloreMat\u00e9riau : BoisNombre d\u2019unit\u00e9s : 12.0 unit\u00e9Nom de mod\u00e8le : Color\u2019Peps DuoDimensions de l\u2019article L x l x H : 8 x 9 x 87 millim\u00e8tre\" \/>\n<meta property=\"og:url\" content=\"https:\/\/papex.sn\/?product=crayon-couleur-bte-x12-maped\" \/>\n<meta property=\"og:site_name\" content=\"PAPEX\" \/>\n<meta property=\"article:publisher\" content=\"https:\/\/www.facebook.com\/PapexSarl\" \/>\n<meta property=\"article:modified_time\" content=\"2024-07-09T10:49:31+00:00\" \/>\n<meta property=\"og:image\" content=\"https:\/\/papex.sn\/wp-content\/uploads\/2022\/09\/Crayon-Couleur-BTE-X12-MAPED.jpg\" \/>\n\t<meta property=\"og:image:width\" content=\"600\" \/>\n\t<meta property=\"og:image:height\" content=\"600\" \/>\n\t<meta property=\"og:image:type\" content=\"image\/jpeg\" \/>\n<meta name=\"twitter:card\" content=\"summary_large_image\" \/>\n<script type=\"application\/ld+json\" class=\"yoast-schema-graph\">{\"@context\":\"https:\\\/\\\/schema.org\",\"@graph\":[{\"@type\":\"WebPage\",\"@id\":\"https:\\\/\\\/papex.sn\\\/?product=crayon-couleur-bte-x12-maped\",\"url\":\"https:\\\/\\\/papex.sn\\\/?product=crayon-couleur-bte-x12-maped\",\"name\":\"Crayon Couleur BTE X12 - MAPED - PAPEX\",\"isPartOf\":{\"@id\":\"https:\\\/\\\/papex.sn\\\/#website\"},\"primaryImageOfPage\":{\"@id\":\"https:\\\/\\\/papex.sn\\\/?product=crayon-couleur-bte-x12-maped#primaryimage\"},\"image\":{\"@id\":\"https:\\\/\\\/papex.sn\\\/?product=crayon-couleur-bte-x12-maped#primaryimage\"},\"thumbnailUrl\":\"https:\\\/\\\/papex.sn\\\/wp-content\\\/uploads\\\/2022\\\/09\\\/Crayon-Couleur-BTE-X12-MAPED.jpg\",\"datePublished\":\"2022-09-06T12:58:14+00:00\",\"dateModified\":\"2024-07-09T10:49:31+00:00\",\"breadcrumb\":{\"@id\":\"https:\\\/\\\/papex.sn\\\/?product=crayon-couleur-bte-x12-maped#breadcrumb\"},\"inLanguage\":\"fr-FR\",\"potentialAction\":[{\"@type\":\"ReadAction\",\"target\":[\"https:\\\/\\\/papex.sn\\\/?product=crayon-couleur-bte-x12-maped\"]}]},{\"@type\":\"ImageObject\",\"inLanguage\":\"fr-FR\",\"@id\":\"https:\\\/\\\/papex.sn\\\/?product=crayon-couleur-bte-x12-maped#primaryimage\",\"url\":\"https:\\\/\\\/papex.sn\\\/wp-content\\\/uploads\\\/2022\\\/09\\\/Crayon-Couleur-BTE-X12-MAPED.jpg\",\"contentUrl\":\"https:\\\/\\\/papex.sn\\\/wp-content\\\/uploads\\\/2022\\\/09\\\/Crayon-Couleur-BTE-X12-MAPED.jpg\",\"width\":600,\"height\":600},{\"@type\":\"BreadcrumbList\",\"@id\":\"https:\\\/\\\/papex.sn\\\/?product=crayon-couleur-bte-x12-maped#breadcrumb\",\"itemListElement\":[{\"@type\":\"ListItem\",\"position\":1,\"name\":\"Accueil\",\"item\":\"https:\\\/\\\/papex.sn\\\/\"},{\"@type\":\"ListItem\",\"position\":2,\"name\":\"Boutique\",\"item\":\"https:\\\/\\\/papex.sn\\\/?page_id=388\"},{\"@type\":\"ListItem\",\"position\":3,\"name\":\"Crayon Couleur BTE X12 &#8211; MAPED\"}]},{\"@type\":\"WebSite\",\"@id\":\"https:\\\/\\\/papex.sn\\\/#website\",\"url\":\"https:\\\/\\\/papex.sn\\\/\",\"name\":\"PAPEX\",\"description\":\"Papeterie Express\",\"publisher\":{\"@id\":\"https:\\\/\\\/papex.sn\\\/#organization\"},\"potentialAction\":[{\"@type\":\"SearchAction\",\"target\":{\"@type\":\"EntryPoint\",\"urlTemplate\":\"https:\\\/\\\/papex.sn\\\/?s={search_term_string}\"},\"query-input\":{\"@type\":\"PropertyValueSpecification\",\"valueRequired\":true,\"valueName\":\"search_term_string\"}}],\"inLanguage\":\"fr-FR\"},{\"@type\":\"Organization\",\"@id\":\"https:\\\/\\\/papex.sn\\\/#organization\",\"name\":\"PAPEX\",\"url\":\"https:\\\/\\\/papex.sn\\\/\",\"logo\":{\"@type\":\"ImageObject\",\"inLanguage\":\"fr-FR\",\"@id\":\"https:\\\/\\\/papex.sn\\\/#\\\/schema\\\/logo\\\/image\\\/\",\"url\":\"https:\\\/\\\/papex.sn\\\/wp-content\\\/uploads\\\/2022\\\/05\\\/telechargement-1.jpg\",\"contentUrl\":\"https:\\\/\\\/papex.sn\\\/wp-content\\\/uploads\\\/2022\\\/05\\\/telechargement-1.jpg\",\"width\":299,\"height\":168,\"caption\":\"PAPEX\"},\"image\":{\"@id\":\"https:\\\/\\\/papex.sn\\\/#\\\/schema\\\/logo\\\/image\\\/\"},\"sameAs\":[\"https:\\\/\\\/www.facebook.com\\\/PapexSarl\",\"https:\\\/\\\/www.instagram.com\\\/papex.sarl\\\/\"]}]}<\/script>\n<!-- \/ Yoast SEO plugin. -->","yoast_head_json":{"title":"Crayon Couleur BTE X12 - MAPED - PAPEX","robots":{"index":"index","follow":"follow","max-snippet":"max-snippet:-1","max-image-preview":"max-image-preview:large","max-video-preview":"max-video-preview:-1"},"canonical":"https:\/\/papex.sn\/?product=crayon-couleur-bte-x12-maped","og_locale":"fr_FR","og_type":"article","og_title":"Crayon Couleur BTE X12 - MAPED - PAPEX","og_description":"Marque : MapedCouleur : MulticoloreMat\u00e9riau : BoisNombre d\u2019unit\u00e9s : 12.0 unit\u00e9Nom de mod\u00e8le : Color\u2019Peps DuoDimensions de l\u2019article L x l x H : 8 x 9 x 87 millim\u00e8tre","og_url":"https:\/\/papex.sn\/?product=crayon-couleur-bte-x12-maped","og_site_name":"PAPEX","article_publisher":"https:\/\/www.facebook.com\/PapexSarl","article_modified_time":"2024-07-09T10:49:31+00:00","og_image":[{"width":600,"height":600,"url":"https:\/\/papex.sn\/wp-content\/uploads\/2022\/09\/Crayon-Couleur-BTE-X12-MAPED.jpg","type":"image\/jpeg"}],"twitter_card":"summary_large_image","schema":{"@context":"https:\/\/schema.org","@graph":[{"@type":"WebPage","@id":"https:\/\/papex.sn\/?product=crayon-couleur-bte-x12-maped","url":"https:\/\/papex.sn\/?product=crayon-couleur-bte-x12-maped","name":"Crayon Couleur BTE X12 - MAPED - PAPEX","isPartOf":{"@id":"https:\/\/papex.sn\/#website"},"primaryImageOfPage":{"@id":"https:\/\/papex.sn\/?product=crayon-couleur-bte-x12-maped#primaryimage"},"image":{"@id":"https:\/\/papex.sn\/?product=crayon-couleur-bte-x12-maped#primaryimage"},"thumbnailUrl":"https:\/\/papex.sn\/wp-content\/uploads\/2022\/09\/Crayon-Couleur-BTE-X12-MAPED.jpg","datePublished":"2022-09-06T12:58:14+00:00","dateModified":"2024-07-09T10:49:31+00:00","breadcrumb":{"@id":"https:\/\/papex.sn\/?product=crayon-couleur-bte-x12-maped#breadcrumb"},"inLanguage":"fr-FR","potentialAction":[{"@type":"ReadAction","target":["https:\/\/papex.sn\/?product=crayon-couleur-bte-x12-maped"]}]},{"@type":"ImageObject","inLanguage":"fr-FR","@id":"https:\/\/papex.sn\/?product=crayon-couleur-bte-x12-maped#primaryimage","url":"https:\/\/papex.sn\/wp-content\/uploads\/2022\/09\/Crayon-Couleur-BTE-X12-MAPED.jpg","contentUrl":"https:\/\/papex.sn\/wp-content\/uploads\/2022\/09\/Crayon-Couleur-BTE-X12-MAPED.jpg","width":600,"height":600},{"@type":"BreadcrumbList","@id":"https:\/\/papex.sn\/?product=crayon-couleur-bte-x12-maped#breadcrumb","itemListElement":[{"@type":"ListItem","position":1,"name":"Accueil","item":"https:\/\/papex.sn\/"},{"@type":"ListItem","position":2,"name":"Boutique","item":"https:\/\/papex.sn\/?page_id=388"},{"@type":"ListItem","position":3,"name":"Crayon Couleur BTE X12 &#8211; MAPED"}]},{"@type":"WebSite","@id":"https:\/\/papex.sn\/#website","url":"https:\/\/papex.sn\/","name":"PAPEX","description":"Papeterie Express","publisher":{"@id":"https:\/\/papex.sn\/#organization"},"potentialAction":[{"@type":"SearchAction","target":{"@type":"EntryPoint","urlTemplate":"https:\/\/papex.sn\/?s={search_term_string}"},"query-input":{"@type":"PropertyValueSpecification","valueRequired":true,"valueName":"search_term_string"}}],"inLanguage":"fr-FR"},{"@type":"Organization","@id":"https:\/\/papex.sn\/#organization","name":"PAPEX","url":"https:\/\/papex.sn\/","logo":{"@type":"ImageObject","inLanguage":"fr-FR","@id":"https:\/\/papex.sn\/#\/schema\/logo\/image\/","url":"https:\/\/papex.sn\/wp-content\/uploads\/2022\/05\/telechargement-1.jpg","contentUrl":"https:\/\/papex.sn\/wp-content\/uploads\/2022\/05\/telechargement-1.jpg","width":299,"height":168,"caption":"PAPEX"},"image":{"@id":"https:\/\/papex.sn\/#\/schema\/logo\/image\/"},"sameAs":["https:\/\/www.facebook.com\/PapexSarl","https:\/\/www.instagram.com\/papex.sarl\/"]}]}},"_links":{"self":[{"href":"https:\/\/papex.sn\/index.php?rest_route=\/wp\/v2\/product\/1620","targetHints":{"allow":["GET"]}}],"collection":[{"href":"https:\/\/papex.sn\/index.php?rest_route=\/wp\/v2\/product"}],"about":[{"href":"https:\/\/papex.sn\/index.php?rest_route=\/wp\/v2\/types\/product"}],"replies":[{"embeddable":true,"href":"https:\/\/papex.sn\/index.php?rest_route=%2Fwp%2Fv2%2Fcomments&post=1620"}],"version-history":[{"count":1,"href":"https:\/\/papex.sn\/index.php?rest_route=\/wp\/v2\/product\/1620\/revisions"}],"predecessor-version":[{"id":3517,"href":"https:\/\/papex.sn\/index.php?rest_route=\/wp\/v2\/product\/1620\/revisions\/3517"}],"wp:featuredmedia":[{"embeddable":true,"href":"https:\/\/papex.sn\/index.php?rest_route=\/wp\/v2\/media\/1619"}],"wp:attachment":[{"href":"https:\/\/papex.sn\/index.php?rest_route=%2Fwp%2Fv2%2Fmedia&parent=1620"}],"wp:term":[{"taxonomy":"product_brand","embeddable":true,"href":"https:\/\/papex.sn\/index.php?rest_route=%2Fwp%2Fv2%2Fproduct_brand&post=1620"},{"taxonomy":"product_cat","embeddable":true,"href":"https:\/\/papex.sn\/index.php?rest_route=%2Fwp%2Fv2%2Fproduct_cat&post=1620"},{"taxonomy":"product_tag","embeddable":true,"href":"https:\/\/papex.sn\/index.php?rest_route=%2Fwp%2Fv2%2Fproduct_tag&post=1620"}],"curies":[{"name":"wp","href":"https:\/\/api.w.org\/{rel}","templated":true}]}}