{"id":1614,"date":"2022-09-06T12:58:11","date_gmt":"2022-09-06T12:58:11","guid":{"rendered":"https:\/\/papex.sn\/?product=stylo-a-bille-vizz-pochette-de-10-couleurs-schneider"},"modified":"2024-10-21T16:56:17","modified_gmt":"2024-10-21T16:56:17","slug":"stylo-a-bille-vizz-pochette-de-10-couleurs-schneider","status":"publish","type":"product","link":"https:\/\/papex.sn\/?product=stylo-a-bille-vizz-pochette-de-10-couleurs-schneider","title":{"rendered":"Stylo \u00e0 bille Vizz Pochette de 10 couleurs &#8211; SCHNEIDER"},"content":{"rendered":"<table class=\"table mce-item-table\" id=\"tb_features\" style=\"margin: 0px 0px 30px;padding: 0px;line-height: inherit;font-family: Lato, sans-serif;font-size: 14px;vertical-align: baseline;border-collapse: collapse;border-spacing: 0px;max-width: 100%;width: 907px\" data-mce-style=\"margin: 0px 0px 30px; padding: 0px; line-height: inherit; font-family: Lato, sans-serif; font-size: 14px; vertical-align: baseline; border-collapse: collapse; border-spacing: 0px; max-width: 100%; width: 907px;\">\n<tbody style=\"margin: 0px;padding: 0px;font-style: inherit;font-variant: inherit;font-weight: inherit;line-height: inherit;font-family: inherit;vertical-align: baseline\" data-mce-style=\"margin: 0px; padding: 0px; font-style: inherit; font-variant: inherit; font-weight: inherit; line-height: inherit; font-family: inherit; vertical-align: baseline;\">\n<tr class=\"odd\" style=\"margin: 0px;padding: 0px;font-style: inherit;font-variant: inherit;font-weight: inherit;line-height: inherit;font-family: inherit;vertical-align: baseline\" data-mce-style=\"margin: 0px; padding: 0px; font-style: inherit; font-variant: inherit; font-weight: inherit; line-height: inherit; font-family: inherit; vertical-align: baseline;\">\n<td style=\"margin: 0px;padding: 10px 11px;border-width: 1px 0px 0px;font-style: inherit;font-variant: inherit;line-height: 1.42857;font-size: 14px;vertical-align: middle;border-style: solid initial initial initial\" data-mce-style=\"margin: 0px; padding: 10px 11px; border-width: 1px 0px 0px; font-style: inherit; font-variant: inherit; line-height: 1.42857; font-size: 14px; vertical-align: middle; border-style: solid initial initial initial;\">Ecologique<\/td>\n<td style=\"margin: 0px;padding: 10px 11px;border-width: 1px 0px 0px;font-style: inherit;font-variant: inherit;line-height: 1.42857;font-size: 14px;vertical-align: middle;border-style: solid initial initial initial\" data-mce-style=\"margin: 0px; padding: 10px 11px; border-width: 1px 0px 0px; font-style: inherit; font-variant: inherit; line-height: 1.42857; font-size: 14px; vertical-align: middle; border-style: solid initial initial initial;\"><b style=\"margin: 0px;padding: 0px;font-style: inherit;font-variant: inherit;line-height: inherit;font-family: inherit;vertical-align: baseline\" data-mce-style=\"margin: 0px; padding: 0px; font-style: inherit; font-variant: inherit; line-height: inherit; font-family: inherit; vertical-align: baseline;\">Oui<\/b><\/td>\n<\/tr>\n<tr class=\"even\" style=\"margin: 0px;padding: 0px;font-style: inherit;font-variant: inherit;font-weight: inherit;line-height: inherit;font-family: inherit;vertical-align: baseline\" data-mce-style=\"margin: 0px; padding: 0px; font-style: inherit; font-variant: inherit; font-weight: inherit; line-height: inherit; font-family: inherit; vertical-align: baseline;\">\n<td style=\"margin: 0px;padding: 10px 11px;border-width: 1px 0px 0px;font-style: inherit;font-variant: inherit;line-height: 1.42857;font-size: 14px;vertical-align: middle;border-style: solid initial initial initial\" data-mce-style=\"margin: 0px; padding: 10px 11px; border-width: 1px 0px 0px; font-style: inherit; font-variant: inherit; line-height: 1.42857; font-size: 14px; vertical-align: middle; border-style: solid initial initial initial;\">Couleur<\/td>\n<td style=\"margin: 0px;padding: 10px 11px;border-width: 1px 0px 0px;font-style: inherit;font-variant: inherit;line-height: 1.42857;font-size: 14px;vertical-align: middle;border-style: solid initial initial initial\" data-mce-style=\"margin: 0px; padding: 10px 11px; border-width: 1px 0px 0px; font-style: inherit; font-variant: inherit; line-height: 1.42857; font-size: 14px; vertical-align: middle; border-style: solid initial initial initial;\"><b style=\"margin: 0px;padding: 0px;font-style: inherit;font-variant: inherit;line-height: inherit;font-family: inherit;vertical-align: baseline\" data-mce-style=\"margin: 0px; padding: 0px; font-style: inherit; font-variant: inherit; line-height: inherit; font-family: inherit; vertical-align: baseline;\">Assortiment de couleurs<\/b><\/td>\n<\/tr>\n<tr class=\"odd\" style=\"margin: 0px;padding: 0px;font-style: inherit;font-variant: inherit;font-weight: inherit;line-height: inherit;font-family: inherit;vertical-align: baseline\" data-mce-style=\"margin: 0px; padding: 0px; font-style: inherit; font-variant: inherit; font-weight: inherit; line-height: inherit; font-family: inherit; vertical-align: baseline;\">\n<td style=\"margin: 0px;padding: 10px 11px;border-width: 1px 0px 0px;font-style: inherit;font-variant: inherit;line-height: 1.42857;font-size: 14px;vertical-align: middle;border-style: solid initial initial initial\" data-mce-style=\"margin: 0px; padding: 10px 11px; border-width: 1px 0px 0px; font-style: inherit; font-variant: inherit; line-height: 1.42857; font-size: 14px; vertical-align: middle; border-style: solid initial initial initial;\">Couleur de l&rsquo;encre<\/td>\n<td style=\"margin: 0px;padding: 10px 11px;border-width: 1px 0px 0px;font-style: inherit;font-variant: inherit;line-height: 1.42857;font-size: 14px;vertical-align: middle;border-style: solid initial initial initial\" data-mce-style=\"margin: 0px; padding: 10px 11px; border-width: 1px 0px 0px; font-style: inherit; font-variant: inherit; line-height: 1.42857; font-size: 14px; vertical-align: middle; border-style: solid initial initial initial;\"><b style=\"margin: 0px;padding: 0px;font-style: inherit;font-variant: inherit;line-height: inherit;font-family: inherit;vertical-align: baseline\" data-mce-style=\"margin: 0px; padding: 0px; font-style: inherit; font-variant: inherit; line-height: inherit; font-family: inherit; vertical-align: baseline;\">Assortiment de couleurs<\/b><\/td>\n<\/tr>\n<tr class=\"even\" style=\"margin: 0px;padding: 0px;font-style: inherit;font-variant: inherit;font-weight: inherit;line-height: inherit;font-family: inherit;vertical-align: baseline\" data-mce-style=\"margin: 0px; padding: 0px; font-style: inherit; font-variant: inherit; font-weight: inherit; line-height: inherit; font-family: inherit; vertical-align: baseline;\">\n<td style=\"margin: 0px;padding: 10px 11px;border-width: 1px 0px 0px;font-style: inherit;font-variant: inherit;line-height: 1.42857;font-size: 14px;vertical-align: middle;border-style: solid initial initial initial\" data-mce-style=\"margin: 0px; padding: 10px 11px; border-width: 1px 0px 0px; font-style: inherit; font-variant: inherit; line-height: 1.42857; font-size: 14px; vertical-align: middle; border-style: solid initial initial initial;\">Pointe<\/td>\n<td style=\"margin: 0px;padding: 10px 11px;border-width: 1px 0px 0px;font-style: inherit;font-variant: inherit;line-height: 1.42857;font-size: 14px;vertical-align: middle;border-style: solid initial initial initial\" data-mce-style=\"margin: 0px; padding: 10px 11px; border-width: 1px 0px 0px; font-style: inherit; font-variant: inherit; line-height: 1.42857; font-size: 14px; vertical-align: middle; border-style: solid initial initial initial;\"><b style=\"margin: 0px;padding: 0px;font-style: inherit;font-variant: inherit;line-height: inherit;font-family: inherit;vertical-align: baseline\" data-mce-style=\"margin: 0px; padding: 0px; font-style: inherit; font-variant: inherit; line-height: inherit; font-family: inherit; vertical-align: baseline;\">Moyenne<\/b><\/td>\n<\/tr>\n<tr class=\"odd\" style=\"margin: 0px;padding: 0px;font-style: inherit;font-variant: inherit;font-weight: inherit;line-height: inherit;font-family: inherit;vertical-align: baseline\" data-mce-style=\"margin: 0px; padding: 0px; font-style: inherit; font-variant: inherit; font-weight: inherit; line-height: inherit; font-family: inherit; vertical-align: baseline;\">\n<td style=\"margin: 0px;padding: 10px 11px;border-width: 1px 0px 0px;font-style: inherit;font-variant: inherit;line-height: 1.42857;font-size: 14px;vertical-align: middle;border-style: solid initial initial initial\" data-mce-style=\"margin: 0px; padding: 10px 11px; border-width: 1px 0px 0px; font-style: inherit; font-variant: inherit; line-height: 1.42857; font-size: 14px; vertical-align: middle; border-style: solid initial initial initial;\">Marques<\/td>\n<td style=\"margin: 0px;padding: 10px 11px;border-width: 1px 0px 0px;font-style: inherit;font-variant: inherit;line-height: 1.42857;font-size: 14px;vertical-align: middle;border-style: solid initial initial initial\" data-mce-style=\"margin: 0px; padding: 10px 11px; border-width: 1px 0px 0px; font-style: inherit; font-variant: inherit; line-height: 1.42857; font-size: 14px; vertical-align: middle; border-style: solid initial initial initial;\"><b style=\"margin: 0px;padding: 0px;font-style: inherit;font-variant: inherit;line-height: inherit;font-family: inherit;vertical-align: baseline\" data-mce-style=\"margin: 0px; padding: 0px; font-style: inherit; font-variant: inherit; line-height: inherit; font-family: inherit; vertical-align: baseline;\">Schneider<\/b><\/td>\n<\/tr>\n<\/tbody>\n<\/table>\n","protected":false},"excerpt":{"rendered":"<p>Ce stylo, \u00e9quip\u00e9 de la technologie innovante Gelco, \u00e9crit de mani\u00e8re \u00e9tonnamment souple. Cette nouvelle technologie Gelco refl\u00e8te une sensation d&rsquo;\u00e9criture qui peut \u00eatre plac\u00e9e entre le stylo \u00e0 bille classique et le stylo gel, mais le stylo Vizz est class\u00e9 comme un stylo \u00e0 bille. Le corps de ce stylo est compos\u00e9 \u00e0 94% de plastique recycl\u00e9. La couleur du stylo indique \u00e9galement directement la couleur d&rsquo;\u00e9criture. Le capuchon s&rsquo;adapte \u00e9galement \u00e0 l&rsquo;extr\u00e9mit\u00e9 du stylo et la transparence du corps vous permet de voir le niveau d&rsquo;encre du stylo. Le stylo a une pointe en acier inoxydable. Les couleurs noir, bleu et vert sont in\u00e9l\u00e9biles selon ISO 12757-2. Largeur de trait: pointe moyenne, 1 mm. \u00e9tui de 10 pi\u00e8ces en couleurs assorties: orange, rouge, rose, violet, vert clair, vert, bleu clair, bleu, bleu fonc\u00e9 et noir.<br data-mce-bogus=\"1\"><\/p>\n","protected":false},"featured_media":1613,"comment_status":"open","ping_status":"closed","template":"","meta":[],"product_brand":[],"product_cat":[59,37,75],"product_tag":[],"class_list":{"0":"post-1614","1":"product","2":"type-product","3":"status-publish","4":"has-post-thumbnail","6":"product_cat-ecriture","7":"product_cat-papeterie-fourniture","8":"product_cat-stylos","10":"first","11":"instock","12":"shipping-taxable","13":"product-type-simple"},"yoast_head":"<!-- This site is optimized with the Yoast SEO plugin v27.5 - https:\/\/yoast.com\/product\/yoast-seo-wordpress\/ -->\n<title>Stylo \u00e0 bille Vizz Pochette de 10 couleurs - SCHNEIDER - PAPEX<\/title>\n<meta name=\"robots\" content=\"index, follow, max-snippet:-1, max-image-preview:large, max-video-preview:-1\" \/>\n<link rel=\"canonical\" href=\"https:\/\/papex.sn\/?product=stylo-a-bille-vizz-pochette-de-10-couleurs-schneider\" \/>\n<meta property=\"og:locale\" content=\"fr_FR\" \/>\n<meta property=\"og:type\" content=\"article\" \/>\n<meta property=\"og:title\" content=\"Stylo \u00e0 bille Vizz Pochette de 10 couleurs - SCHNEIDER - PAPEX\" \/>\n<meta property=\"og:description\" content=\"Ce stylo, \u00e9quip\u00e9 de la technologie innovante Gelco, \u00e9crit de mani\u00e8re \u00e9tonnamment souple. Cette nouvelle technologie Gelco refl\u00e8te une sensation d&#039;\u00e9criture qui peut \u00eatre plac\u00e9e entre le stylo \u00e0 bille classique et le stylo gel, mais le stylo Vizz est class\u00e9 comme un stylo \u00e0 bille. Le corps de ce stylo est compos\u00e9 \u00e0 94% de plastique recycl\u00e9. La couleur du stylo indique \u00e9galement directement la couleur d&#039;\u00e9criture. Le capuchon s&#039;adapte \u00e9galement \u00e0 l&#039;extr\u00e9mit\u00e9 du stylo et la transparence du corps vous permet de voir le niveau d&#039;encre du stylo. Le stylo a une pointe en acier inoxydable. Les couleurs noir, bleu et vert sont in\u00e9l\u00e9biles selon ISO 12757-2. Largeur de trait: pointe moyenne, 1 mm. \u00e9tui de 10 pi\u00e8ces en couleurs assorties: orange, rouge, rose, violet, vert clair, vert, bleu clair, bleu, bleu fonc\u00e9 et noir.\" \/>\n<meta property=\"og:url\" content=\"https:\/\/papex.sn\/?product=stylo-a-bille-vizz-pochette-de-10-couleurs-schneider\" \/>\n<meta property=\"og:site_name\" content=\"PAPEX\" \/>\n<meta property=\"article:publisher\" content=\"https:\/\/www.facebook.com\/PapexSarl\" \/>\n<meta property=\"article:modified_time\" content=\"2024-10-21T16:56:17+00:00\" \/>\n<meta property=\"og:image\" content=\"https:\/\/papex.sn\/wp-content\/uploads\/2022\/09\/Stylo-a-bille-Vizz-Pochette-de-10-couleurs-SCHNEIDER.jpg\" \/>\n\t<meta property=\"og:image:width\" content=\"600\" \/>\n\t<meta property=\"og:image:height\" content=\"600\" \/>\n\t<meta property=\"og:image:type\" content=\"image\/jpeg\" \/>\n<meta name=\"twitter:card\" content=\"summary_large_image\" \/>\n<script type=\"application\/ld+json\" class=\"yoast-schema-graph\">{\"@context\":\"https:\\\/\\\/schema.org\",\"@graph\":[{\"@type\":\"WebPage\",\"@id\":\"https:\\\/\\\/papex.sn\\\/?product=stylo-a-bille-vizz-pochette-de-10-couleurs-schneider\",\"url\":\"https:\\\/\\\/papex.sn\\\/?product=stylo-a-bille-vizz-pochette-de-10-couleurs-schneider\",\"name\":\"Stylo \u00e0 bille Vizz Pochette de 10 couleurs - SCHNEIDER - PAPEX\",\"isPartOf\":{\"@id\":\"https:\\\/\\\/papex.sn\\\/#website\"},\"primaryImageOfPage\":{\"@id\":\"https:\\\/\\\/papex.sn\\\/?product=stylo-a-bille-vizz-pochette-de-10-couleurs-schneider#primaryimage\"},\"image\":{\"@id\":\"https:\\\/\\\/papex.sn\\\/?product=stylo-a-bille-vizz-pochette-de-10-couleurs-schneider#primaryimage\"},\"thumbnailUrl\":\"https:\\\/\\\/papex.sn\\\/wp-content\\\/uploads\\\/2022\\\/09\\\/Stylo-a-bille-Vizz-Pochette-de-10-couleurs-SCHNEIDER.jpg\",\"datePublished\":\"2022-09-06T12:58:11+00:00\",\"dateModified\":\"2024-10-21T16:56:17+00:00\",\"breadcrumb\":{\"@id\":\"https:\\\/\\\/papex.sn\\\/?product=stylo-a-bille-vizz-pochette-de-10-couleurs-schneider#breadcrumb\"},\"inLanguage\":\"fr-FR\",\"potentialAction\":[{\"@type\":\"ReadAction\",\"target\":[\"https:\\\/\\\/papex.sn\\\/?product=stylo-a-bille-vizz-pochette-de-10-couleurs-schneider\"]}]},{\"@type\":\"ImageObject\",\"inLanguage\":\"fr-FR\",\"@id\":\"https:\\\/\\\/papex.sn\\\/?product=stylo-a-bille-vizz-pochette-de-10-couleurs-schneider#primaryimage\",\"url\":\"https:\\\/\\\/papex.sn\\\/wp-content\\\/uploads\\\/2022\\\/09\\\/Stylo-a-bille-Vizz-Pochette-de-10-couleurs-SCHNEIDER.jpg\",\"contentUrl\":\"https:\\\/\\\/papex.sn\\\/wp-content\\\/uploads\\\/2022\\\/09\\\/Stylo-a-bille-Vizz-Pochette-de-10-couleurs-SCHNEIDER.jpg\",\"width\":600,\"height\":600},{\"@type\":\"BreadcrumbList\",\"@id\":\"https:\\\/\\\/papex.sn\\\/?product=stylo-a-bille-vizz-pochette-de-10-couleurs-schneider#breadcrumb\",\"itemListElement\":[{\"@type\":\"ListItem\",\"position\":1,\"name\":\"Accueil\",\"item\":\"https:\\\/\\\/papex.sn\\\/\"},{\"@type\":\"ListItem\",\"position\":2,\"name\":\"Boutique\",\"item\":\"https:\\\/\\\/papex.sn\\\/?page_id=388\"},{\"@type\":\"ListItem\",\"position\":3,\"name\":\"Stylo \u00e0 bille Vizz Pochette de 10 couleurs &#8211; SCHNEIDER\"}]},{\"@type\":\"WebSite\",\"@id\":\"https:\\\/\\\/papex.sn\\\/#website\",\"url\":\"https:\\\/\\\/papex.sn\\\/\",\"name\":\"PAPEX\",\"description\":\"Papeterie Express\",\"publisher\":{\"@id\":\"https:\\\/\\\/papex.sn\\\/#organization\"},\"potentialAction\":[{\"@type\":\"SearchAction\",\"target\":{\"@type\":\"EntryPoint\",\"urlTemplate\":\"https:\\\/\\\/papex.sn\\\/?s={search_term_string}\"},\"query-input\":{\"@type\":\"PropertyValueSpecification\",\"valueRequired\":true,\"valueName\":\"search_term_string\"}}],\"inLanguage\":\"fr-FR\"},{\"@type\":\"Organization\",\"@id\":\"https:\\\/\\\/papex.sn\\\/#organization\",\"name\":\"PAPEX\",\"url\":\"https:\\\/\\\/papex.sn\\\/\",\"logo\":{\"@type\":\"ImageObject\",\"inLanguage\":\"fr-FR\",\"@id\":\"https:\\\/\\\/papex.sn\\\/#\\\/schema\\\/logo\\\/image\\\/\",\"url\":\"https:\\\/\\\/papex.sn\\\/wp-content\\\/uploads\\\/2022\\\/05\\\/telechargement-1.jpg\",\"contentUrl\":\"https:\\\/\\\/papex.sn\\\/wp-content\\\/uploads\\\/2022\\\/05\\\/telechargement-1.jpg\",\"width\":299,\"height\":168,\"caption\":\"PAPEX\"},\"image\":{\"@id\":\"https:\\\/\\\/papex.sn\\\/#\\\/schema\\\/logo\\\/image\\\/\"},\"sameAs\":[\"https:\\\/\\\/www.facebook.com\\\/PapexSarl\",\"https:\\\/\\\/www.instagram.com\\\/papex.sarl\\\/\"]}]}<\/script>\n<!-- \/ Yoast SEO plugin. -->","yoast_head_json":{"title":"Stylo \u00e0 bille Vizz Pochette de 10 couleurs - SCHNEIDER - PAPEX","robots":{"index":"index","follow":"follow","max-snippet":"max-snippet:-1","max-image-preview":"max-image-preview:large","max-video-preview":"max-video-preview:-1"},"canonical":"https:\/\/papex.sn\/?product=stylo-a-bille-vizz-pochette-de-10-couleurs-schneider","og_locale":"fr_FR","og_type":"article","og_title":"Stylo \u00e0 bille Vizz Pochette de 10 couleurs - SCHNEIDER - PAPEX","og_description":"Ce stylo, \u00e9quip\u00e9 de la technologie innovante Gelco, \u00e9crit de mani\u00e8re \u00e9tonnamment souple. Cette nouvelle technologie Gelco refl\u00e8te une sensation d'\u00e9criture qui peut \u00eatre plac\u00e9e entre le stylo \u00e0 bille classique et le stylo gel, mais le stylo Vizz est class\u00e9 comme un stylo \u00e0 bille. Le corps de ce stylo est compos\u00e9 \u00e0 94% de plastique recycl\u00e9. La couleur du stylo indique \u00e9galement directement la couleur d'\u00e9criture. Le capuchon s'adapte \u00e9galement \u00e0 l'extr\u00e9mit\u00e9 du stylo et la transparence du corps vous permet de voir le niveau d'encre du stylo. Le stylo a une pointe en acier inoxydable. Les couleurs noir, bleu et vert sont in\u00e9l\u00e9biles selon ISO 12757-2. Largeur de trait: pointe moyenne, 1 mm. \u00e9tui de 10 pi\u00e8ces en couleurs assorties: orange, rouge, rose, violet, vert clair, vert, bleu clair, bleu, bleu fonc\u00e9 et noir.","og_url":"https:\/\/papex.sn\/?product=stylo-a-bille-vizz-pochette-de-10-couleurs-schneider","og_site_name":"PAPEX","article_publisher":"https:\/\/www.facebook.com\/PapexSarl","article_modified_time":"2024-10-21T16:56:17+00:00","og_image":[{"width":600,"height":600,"url":"https:\/\/papex.sn\/wp-content\/uploads\/2022\/09\/Stylo-a-bille-Vizz-Pochette-de-10-couleurs-SCHNEIDER.jpg","type":"image\/jpeg"}],"twitter_card":"summary_large_image","schema":{"@context":"https:\/\/schema.org","@graph":[{"@type":"WebPage","@id":"https:\/\/papex.sn\/?product=stylo-a-bille-vizz-pochette-de-10-couleurs-schneider","url":"https:\/\/papex.sn\/?product=stylo-a-bille-vizz-pochette-de-10-couleurs-schneider","name":"Stylo \u00e0 bille Vizz Pochette de 10 couleurs - SCHNEIDER - PAPEX","isPartOf":{"@id":"https:\/\/papex.sn\/#website"},"primaryImageOfPage":{"@id":"https:\/\/papex.sn\/?product=stylo-a-bille-vizz-pochette-de-10-couleurs-schneider#primaryimage"},"image":{"@id":"https:\/\/papex.sn\/?product=stylo-a-bille-vizz-pochette-de-10-couleurs-schneider#primaryimage"},"thumbnailUrl":"https:\/\/papex.sn\/wp-content\/uploads\/2022\/09\/Stylo-a-bille-Vizz-Pochette-de-10-couleurs-SCHNEIDER.jpg","datePublished":"2022-09-06T12:58:11+00:00","dateModified":"2024-10-21T16:56:17+00:00","breadcrumb":{"@id":"https:\/\/papex.sn\/?product=stylo-a-bille-vizz-pochette-de-10-couleurs-schneider#breadcrumb"},"inLanguage":"fr-FR","potentialAction":[{"@type":"ReadAction","target":["https:\/\/papex.sn\/?product=stylo-a-bille-vizz-pochette-de-10-couleurs-schneider"]}]},{"@type":"ImageObject","inLanguage":"fr-FR","@id":"https:\/\/papex.sn\/?product=stylo-a-bille-vizz-pochette-de-10-couleurs-schneider#primaryimage","url":"https:\/\/papex.sn\/wp-content\/uploads\/2022\/09\/Stylo-a-bille-Vizz-Pochette-de-10-couleurs-SCHNEIDER.jpg","contentUrl":"https:\/\/papex.sn\/wp-content\/uploads\/2022\/09\/Stylo-a-bille-Vizz-Pochette-de-10-couleurs-SCHNEIDER.jpg","width":600,"height":600},{"@type":"BreadcrumbList","@id":"https:\/\/papex.sn\/?product=stylo-a-bille-vizz-pochette-de-10-couleurs-schneider#breadcrumb","itemListElement":[{"@type":"ListItem","position":1,"name":"Accueil","item":"https:\/\/papex.sn\/"},{"@type":"ListItem","position":2,"name":"Boutique","item":"https:\/\/papex.sn\/?page_id=388"},{"@type":"ListItem","position":3,"name":"Stylo \u00e0 bille Vizz Pochette de 10 couleurs &#8211; SCHNEIDER"}]},{"@type":"WebSite","@id":"https:\/\/papex.sn\/#website","url":"https:\/\/papex.sn\/","name":"PAPEX","description":"Papeterie Express","publisher":{"@id":"https:\/\/papex.sn\/#organization"},"potentialAction":[{"@type":"SearchAction","target":{"@type":"EntryPoint","urlTemplate":"https:\/\/papex.sn\/?s={search_term_string}"},"query-input":{"@type":"PropertyValueSpecification","valueRequired":true,"valueName":"search_term_string"}}],"inLanguage":"fr-FR"},{"@type":"Organization","@id":"https:\/\/papex.sn\/#organization","name":"PAPEX","url":"https:\/\/papex.sn\/","logo":{"@type":"ImageObject","inLanguage":"fr-FR","@id":"https:\/\/papex.sn\/#\/schema\/logo\/image\/","url":"https:\/\/papex.sn\/wp-content\/uploads\/2022\/05\/telechargement-1.jpg","contentUrl":"https:\/\/papex.sn\/wp-content\/uploads\/2022\/05\/telechargement-1.jpg","width":299,"height":168,"caption":"PAPEX"},"image":{"@id":"https:\/\/papex.sn\/#\/schema\/logo\/image\/"},"sameAs":["https:\/\/www.facebook.com\/PapexSarl","https:\/\/www.instagram.com\/papex.sarl\/"]}]}},"_links":{"self":[{"href":"https:\/\/papex.sn\/index.php?rest_route=\/wp\/v2\/product\/1614","targetHints":{"allow":["GET"]}}],"collection":[{"href":"https:\/\/papex.sn\/index.php?rest_route=\/wp\/v2\/product"}],"about":[{"href":"https:\/\/papex.sn\/index.php?rest_route=\/wp\/v2\/types\/product"}],"replies":[{"embeddable":true,"href":"https:\/\/papex.sn\/index.php?rest_route=%2Fwp%2Fv2%2Fcomments&post=1614"}],"version-history":[{"count":1,"href":"https:\/\/papex.sn\/index.php?rest_route=\/wp\/v2\/product\/1614\/revisions"}],"predecessor-version":[{"id":3718,"href":"https:\/\/papex.sn\/index.php?rest_route=\/wp\/v2\/product\/1614\/revisions\/3718"}],"wp:featuredmedia":[{"embeddable":true,"href":"https:\/\/papex.sn\/index.php?rest_route=\/wp\/v2\/media\/1613"}],"wp:attachment":[{"href":"https:\/\/papex.sn\/index.php?rest_route=%2Fwp%2Fv2%2Fmedia&parent=1614"}],"wp:term":[{"taxonomy":"product_brand","embeddable":true,"href":"https:\/\/papex.sn\/index.php?rest_route=%2Fwp%2Fv2%2Fproduct_brand&post=1614"},{"taxonomy":"product_cat","embeddable":true,"href":"https:\/\/papex.sn\/index.php?rest_route=%2Fwp%2Fv2%2Fproduct_cat&post=1614"},{"taxonomy":"product_tag","embeddable":true,"href":"https:\/\/papex.sn\/index.php?rest_route=%2Fwp%2Fv2%2Fproduct_tag&post=1614"}],"curies":[{"name":"wp","href":"https:\/\/api.w.org\/{rel}","templated":true}]}}