{"id":1593,"date":"2022-09-06T12:57:59","date_gmt":"2022-09-06T12:57:59","guid":{"rendered":"https:\/\/papex.sn\/?product=tableau-blanc-laque-magnetique-2x3"},"modified":"2024-07-09T10:50:03","modified_gmt":"2024-07-09T10:50:03","slug":"tableau-blanc-laque-magnetique-2x3","status":"publish","type":"product","link":"https:\/\/papex.sn\/?product=tableau-blanc-laque-magnetique-2x3","title":{"rendered":"Tableau Blanc Laqu\u00e9 &#8211; Magn\u00e9tique &#8211; 2X3"},"content":{"rendered":"<p>Tableau blanc : 90 x 60 cm<br \/>Cadre fin en aluminium anodis\u00e9<br \/>Repose-stylo en plastique qui se clipse au cadre dans n\u2019importe quelle position<br \/>Montage vertical ou horizontal : fixations au mur fournies<br \/>\u00c9criture effa\u00e7able \u00e0 sec<br \/>Affichage magn\u00e9tique<\/p>\n","protected":false},"excerpt":{"rendered":"<p style=\"text-align: justify\" data-mce-style=\"text-align: justify;\"><span style=\"font-family: Montserrat, sans-serif\" data-mce-style=\"font-family: Montserrat, sans-serif;\"><span style=\"font-size: 13px\" data-mce-style=\"font-size: 13px;\">&#8211; Offrez toujours plus de dynamique \u00e0 vos r\u00e9unions, \u00e0 vos cours, \u00e0 vos conf\u00e9rences ainsi qu&rsquo;\u00e0 vos s\u00e9ances de formation gr\u00e2ce \u00e0 ce tableau blanc magn\u00e9tique de PAPEX. <br \/><\/span><\/span><span style=\"font-family: Montserrat, sans-serif\" data-mce-style=\"font-family: Montserrat, sans-serif;\"><span style=\"font-size: 13px\" data-mce-style=\"font-size: 13px;\">&#8211; Avec sa conception robuste et notamment son encadrement aluminium anodis\u00e9 naturel, il peut aussi bien \u00eatre install\u00e9 verticalement qu&rsquo;horizontalement. <br \/><\/span><\/span><span style=\"font-family: Montserrat, sans-serif\" data-mce-style=\"font-family: Montserrat, sans-serif;\"><span style=\"font-size: 13px\" data-mce-style=\"font-size: 13px;\">&#8211; Am\u00e9liorez vos pr\u00e9sentations avec du texte et des diagrammes sur ce tableau qui offre la possibilit\u00e9 d&rsquo;\u00e9crire, d&rsquo;effacer et de r\u00e9\u00e9crire des informations. <br \/><\/span><\/span><span style=\"font-family: Montserrat, sans-serif\" data-mce-style=\"font-family: Montserrat, sans-serif;\"><span style=\"font-size: 13px\" data-mce-style=\"font-size: 13px;\">&#8211; Il est \u00e9galement effa\u00e7able \u00e0 sec et met \u00e0 disposition l&rsquo;affichage magn\u00e9tique.<\/span><\/span><\/p>\n","protected":false},"featured_media":1592,"comment_status":"open","ping_status":"closed","template":"","meta":[],"product_brand":[],"product_cat":[39,98,99],"product_tag":[],"class_list":{"0":"post-1593","1":"product","2":"type-product","3":"status-publish","4":"has-post-thumbnail","6":"product_cat-bureautique-informatique","7":"product_cat-communication","8":"product_cat-tableau","10":"first","11":"instock","12":"shipping-taxable","13":"product-type-simple"},"yoast_head":"<!-- This site is optimized with the Yoast SEO plugin v27.5 - https:\/\/yoast.com\/product\/yoast-seo-wordpress\/ -->\n<title>Tableau Blanc Laqu\u00e9 - Magn\u00e9tique - 2X3 - PAPEX<\/title>\n<meta name=\"robots\" content=\"index, follow, max-snippet:-1, max-image-preview:large, max-video-preview:-1\" \/>\n<link rel=\"canonical\" href=\"https:\/\/papex.sn\/?product=tableau-blanc-laque-magnetique-2x3\" \/>\n<meta property=\"og:locale\" content=\"fr_FR\" \/>\n<meta property=\"og:type\" content=\"article\" \/>\n<meta property=\"og:title\" content=\"Tableau Blanc Laqu\u00e9 - Magn\u00e9tique - 2X3 - PAPEX\" \/>\n<meta property=\"og:description\" content=\"- Offrez toujours plus de dynamique \u00e0 vos r\u00e9unions, \u00e0 vos cours, \u00e0 vos conf\u00e9rences ainsi qu&#039;\u00e0 vos s\u00e9ances de formation gr\u00e2ce \u00e0 ce tableau blanc magn\u00e9tique de PAPEX. - Avec sa conception robuste et notamment son encadrement aluminium anodis\u00e9 naturel, il peut aussi bien \u00eatre install\u00e9 verticalement qu&#039;horizontalement. - Am\u00e9liorez vos pr\u00e9sentations avec du texte et des diagrammes sur ce tableau qui offre la possibilit\u00e9 d&#039;\u00e9crire, d&#039;effacer et de r\u00e9\u00e9crire des informations. - Il est \u00e9galement effa\u00e7able \u00e0 sec et met \u00e0 disposition l&#039;affichage magn\u00e9tique.\" \/>\n<meta property=\"og:url\" content=\"https:\/\/papex.sn\/?product=tableau-blanc-laque-magnetique-2x3\" \/>\n<meta property=\"og:site_name\" content=\"PAPEX\" \/>\n<meta property=\"article:publisher\" content=\"https:\/\/www.facebook.com\/PapexSarl\" \/>\n<meta property=\"article:modified_time\" content=\"2024-07-09T10:50:03+00:00\" \/>\n<meta property=\"og:image\" content=\"https:\/\/papex.sn\/wp-content\/uploads\/2022\/09\/Tableau-Blanc-Laque-Magnetique-2X3.jpg\" \/>\n\t<meta property=\"og:image:width\" content=\"600\" \/>\n\t<meta property=\"og:image:height\" content=\"600\" \/>\n\t<meta property=\"og:image:type\" content=\"image\/jpeg\" \/>\n<meta name=\"twitter:card\" content=\"summary_large_image\" \/>\n<script type=\"application\/ld+json\" class=\"yoast-schema-graph\">{\"@context\":\"https:\\\/\\\/schema.org\",\"@graph\":[{\"@type\":\"WebPage\",\"@id\":\"https:\\\/\\\/papex.sn\\\/?product=tableau-blanc-laque-magnetique-2x3\",\"url\":\"https:\\\/\\\/papex.sn\\\/?product=tableau-blanc-laque-magnetique-2x3\",\"name\":\"Tableau Blanc Laqu\u00e9 - Magn\u00e9tique - 2X3 - PAPEX\",\"isPartOf\":{\"@id\":\"https:\\\/\\\/papex.sn\\\/#website\"},\"primaryImageOfPage\":{\"@id\":\"https:\\\/\\\/papex.sn\\\/?product=tableau-blanc-laque-magnetique-2x3#primaryimage\"},\"image\":{\"@id\":\"https:\\\/\\\/papex.sn\\\/?product=tableau-blanc-laque-magnetique-2x3#primaryimage\"},\"thumbnailUrl\":\"https:\\\/\\\/papex.sn\\\/wp-content\\\/uploads\\\/2022\\\/09\\\/Tableau-Blanc-Laque-Magnetique-2X3.jpg\",\"datePublished\":\"2022-09-06T12:57:59+00:00\",\"dateModified\":\"2024-07-09T10:50:03+00:00\",\"breadcrumb\":{\"@id\":\"https:\\\/\\\/papex.sn\\\/?product=tableau-blanc-laque-magnetique-2x3#breadcrumb\"},\"inLanguage\":\"fr-FR\",\"potentialAction\":[{\"@type\":\"ReadAction\",\"target\":[\"https:\\\/\\\/papex.sn\\\/?product=tableau-blanc-laque-magnetique-2x3\"]}]},{\"@type\":\"ImageObject\",\"inLanguage\":\"fr-FR\",\"@id\":\"https:\\\/\\\/papex.sn\\\/?product=tableau-blanc-laque-magnetique-2x3#primaryimage\",\"url\":\"https:\\\/\\\/papex.sn\\\/wp-content\\\/uploads\\\/2022\\\/09\\\/Tableau-Blanc-Laque-Magnetique-2X3.jpg\",\"contentUrl\":\"https:\\\/\\\/papex.sn\\\/wp-content\\\/uploads\\\/2022\\\/09\\\/Tableau-Blanc-Laque-Magnetique-2X3.jpg\",\"width\":600,\"height\":600},{\"@type\":\"BreadcrumbList\",\"@id\":\"https:\\\/\\\/papex.sn\\\/?product=tableau-blanc-laque-magnetique-2x3#breadcrumb\",\"itemListElement\":[{\"@type\":\"ListItem\",\"position\":1,\"name\":\"Accueil\",\"item\":\"https:\\\/\\\/papex.sn\\\/\"},{\"@type\":\"ListItem\",\"position\":2,\"name\":\"Boutique\",\"item\":\"https:\\\/\\\/papex.sn\\\/?page_id=388\"},{\"@type\":\"ListItem\",\"position\":3,\"name\":\"Tableau Blanc Laqu\u00e9 &#8211; Magn\u00e9tique &#8211; 2X3\"}]},{\"@type\":\"WebSite\",\"@id\":\"https:\\\/\\\/papex.sn\\\/#website\",\"url\":\"https:\\\/\\\/papex.sn\\\/\",\"name\":\"PAPEX\",\"description\":\"Papeterie Express\",\"publisher\":{\"@id\":\"https:\\\/\\\/papex.sn\\\/#organization\"},\"potentialAction\":[{\"@type\":\"SearchAction\",\"target\":{\"@type\":\"EntryPoint\",\"urlTemplate\":\"https:\\\/\\\/papex.sn\\\/?s={search_term_string}\"},\"query-input\":{\"@type\":\"PropertyValueSpecification\",\"valueRequired\":true,\"valueName\":\"search_term_string\"}}],\"inLanguage\":\"fr-FR\"},{\"@type\":\"Organization\",\"@id\":\"https:\\\/\\\/papex.sn\\\/#organization\",\"name\":\"PAPEX\",\"url\":\"https:\\\/\\\/papex.sn\\\/\",\"logo\":{\"@type\":\"ImageObject\",\"inLanguage\":\"fr-FR\",\"@id\":\"https:\\\/\\\/papex.sn\\\/#\\\/schema\\\/logo\\\/image\\\/\",\"url\":\"https:\\\/\\\/papex.sn\\\/wp-content\\\/uploads\\\/2022\\\/05\\\/telechargement-1.jpg\",\"contentUrl\":\"https:\\\/\\\/papex.sn\\\/wp-content\\\/uploads\\\/2022\\\/05\\\/telechargement-1.jpg\",\"width\":299,\"height\":168,\"caption\":\"PAPEX\"},\"image\":{\"@id\":\"https:\\\/\\\/papex.sn\\\/#\\\/schema\\\/logo\\\/image\\\/\"},\"sameAs\":[\"https:\\\/\\\/www.facebook.com\\\/PapexSarl\",\"https:\\\/\\\/www.instagram.com\\\/papex.sarl\\\/\"]}]}<\/script>\n<!-- \/ Yoast SEO plugin. -->","yoast_head_json":{"title":"Tableau Blanc Laqu\u00e9 - Magn\u00e9tique - 2X3 - PAPEX","robots":{"index":"index","follow":"follow","max-snippet":"max-snippet:-1","max-image-preview":"max-image-preview:large","max-video-preview":"max-video-preview:-1"},"canonical":"https:\/\/papex.sn\/?product=tableau-blanc-laque-magnetique-2x3","og_locale":"fr_FR","og_type":"article","og_title":"Tableau Blanc Laqu\u00e9 - Magn\u00e9tique - 2X3 - PAPEX","og_description":"- Offrez toujours plus de dynamique \u00e0 vos r\u00e9unions, \u00e0 vos cours, \u00e0 vos conf\u00e9rences ainsi qu'\u00e0 vos s\u00e9ances de formation gr\u00e2ce \u00e0 ce tableau blanc magn\u00e9tique de PAPEX. - Avec sa conception robuste et notamment son encadrement aluminium anodis\u00e9 naturel, il peut aussi bien \u00eatre install\u00e9 verticalement qu'horizontalement. - Am\u00e9liorez vos pr\u00e9sentations avec du texte et des diagrammes sur ce tableau qui offre la possibilit\u00e9 d'\u00e9crire, d'effacer et de r\u00e9\u00e9crire des informations. - Il est \u00e9galement effa\u00e7able \u00e0 sec et met \u00e0 disposition l'affichage magn\u00e9tique.","og_url":"https:\/\/papex.sn\/?product=tableau-blanc-laque-magnetique-2x3","og_site_name":"PAPEX","article_publisher":"https:\/\/www.facebook.com\/PapexSarl","article_modified_time":"2024-07-09T10:50:03+00:00","og_image":[{"width":600,"height":600,"url":"https:\/\/papex.sn\/wp-content\/uploads\/2022\/09\/Tableau-Blanc-Laque-Magnetique-2X3.jpg","type":"image\/jpeg"}],"twitter_card":"summary_large_image","schema":{"@context":"https:\/\/schema.org","@graph":[{"@type":"WebPage","@id":"https:\/\/papex.sn\/?product=tableau-blanc-laque-magnetique-2x3","url":"https:\/\/papex.sn\/?product=tableau-blanc-laque-magnetique-2x3","name":"Tableau Blanc Laqu\u00e9 - Magn\u00e9tique - 2X3 - PAPEX","isPartOf":{"@id":"https:\/\/papex.sn\/#website"},"primaryImageOfPage":{"@id":"https:\/\/papex.sn\/?product=tableau-blanc-laque-magnetique-2x3#primaryimage"},"image":{"@id":"https:\/\/papex.sn\/?product=tableau-blanc-laque-magnetique-2x3#primaryimage"},"thumbnailUrl":"https:\/\/papex.sn\/wp-content\/uploads\/2022\/09\/Tableau-Blanc-Laque-Magnetique-2X3.jpg","datePublished":"2022-09-06T12:57:59+00:00","dateModified":"2024-07-09T10:50:03+00:00","breadcrumb":{"@id":"https:\/\/papex.sn\/?product=tableau-blanc-laque-magnetique-2x3#breadcrumb"},"inLanguage":"fr-FR","potentialAction":[{"@type":"ReadAction","target":["https:\/\/papex.sn\/?product=tableau-blanc-laque-magnetique-2x3"]}]},{"@type":"ImageObject","inLanguage":"fr-FR","@id":"https:\/\/papex.sn\/?product=tableau-blanc-laque-magnetique-2x3#primaryimage","url":"https:\/\/papex.sn\/wp-content\/uploads\/2022\/09\/Tableau-Blanc-Laque-Magnetique-2X3.jpg","contentUrl":"https:\/\/papex.sn\/wp-content\/uploads\/2022\/09\/Tableau-Blanc-Laque-Magnetique-2X3.jpg","width":600,"height":600},{"@type":"BreadcrumbList","@id":"https:\/\/papex.sn\/?product=tableau-blanc-laque-magnetique-2x3#breadcrumb","itemListElement":[{"@type":"ListItem","position":1,"name":"Accueil","item":"https:\/\/papex.sn\/"},{"@type":"ListItem","position":2,"name":"Boutique","item":"https:\/\/papex.sn\/?page_id=388"},{"@type":"ListItem","position":3,"name":"Tableau Blanc Laqu\u00e9 &#8211; Magn\u00e9tique &#8211; 2X3"}]},{"@type":"WebSite","@id":"https:\/\/papex.sn\/#website","url":"https:\/\/papex.sn\/","name":"PAPEX","description":"Papeterie Express","publisher":{"@id":"https:\/\/papex.sn\/#organization"},"potentialAction":[{"@type":"SearchAction","target":{"@type":"EntryPoint","urlTemplate":"https:\/\/papex.sn\/?s={search_term_string}"},"query-input":{"@type":"PropertyValueSpecification","valueRequired":true,"valueName":"search_term_string"}}],"inLanguage":"fr-FR"},{"@type":"Organization","@id":"https:\/\/papex.sn\/#organization","name":"PAPEX","url":"https:\/\/papex.sn\/","logo":{"@type":"ImageObject","inLanguage":"fr-FR","@id":"https:\/\/papex.sn\/#\/schema\/logo\/image\/","url":"https:\/\/papex.sn\/wp-content\/uploads\/2022\/05\/telechargement-1.jpg","contentUrl":"https:\/\/papex.sn\/wp-content\/uploads\/2022\/05\/telechargement-1.jpg","width":299,"height":168,"caption":"PAPEX"},"image":{"@id":"https:\/\/papex.sn\/#\/schema\/logo\/image\/"},"sameAs":["https:\/\/www.facebook.com\/PapexSarl","https:\/\/www.instagram.com\/papex.sarl\/"]}]}},"_links":{"self":[{"href":"https:\/\/papex.sn\/index.php?rest_route=\/wp\/v2\/product\/1593","targetHints":{"allow":["GET"]}}],"collection":[{"href":"https:\/\/papex.sn\/index.php?rest_route=\/wp\/v2\/product"}],"about":[{"href":"https:\/\/papex.sn\/index.php?rest_route=\/wp\/v2\/types\/product"}],"replies":[{"embeddable":true,"href":"https:\/\/papex.sn\/index.php?rest_route=%2Fwp%2Fv2%2Fcomments&post=1593"}],"version-history":[{"count":1,"href":"https:\/\/papex.sn\/index.php?rest_route=\/wp\/v2\/product\/1593\/revisions"}],"predecessor-version":[{"id":3520,"href":"https:\/\/papex.sn\/index.php?rest_route=\/wp\/v2\/product\/1593\/revisions\/3520"}],"wp:featuredmedia":[{"embeddable":true,"href":"https:\/\/papex.sn\/index.php?rest_route=\/wp\/v2\/media\/1592"}],"wp:attachment":[{"href":"https:\/\/papex.sn\/index.php?rest_route=%2Fwp%2Fv2%2Fmedia&parent=1593"}],"wp:term":[{"taxonomy":"product_brand","embeddable":true,"href":"https:\/\/papex.sn\/index.php?rest_route=%2Fwp%2Fv2%2Fproduct_brand&post=1593"},{"taxonomy":"product_cat","embeddable":true,"href":"https:\/\/papex.sn\/index.php?rest_route=%2Fwp%2Fv2%2Fproduct_cat&post=1593"},{"taxonomy":"product_tag","embeddable":true,"href":"https:\/\/papex.sn\/index.php?rest_route=%2Fwp%2Fv2%2Fproduct_tag&post=1593"}],"curies":[{"name":"wp","href":"https:\/\/api.w.org\/{rel}","templated":true}]}}