{"id":1591,"date":"2022-09-06T12:57:58","date_gmt":"2022-09-06T12:57:58","guid":{"rendered":"https:\/\/papex.sn\/?product=fluo-peps-surligneurs-classiques-couleurs-assorties-pack-de-4-maped"},"modified":"2026-04-13T22:47:24","modified_gmt":"2026-04-13T22:47:24","slug":"fluo-peps-surligneurs-classiques-couleurs-assorties-pack-de-4-maped","status":"publish","type":"product","link":"https:\/\/papex.sn\/?product=fluo-peps-surligneurs-classiques-couleurs-assorties-pack-de-4-maped","title":{"rendered":"Fluo Peps Surligneurs classiques, couleurs assorties &#8211; pack de 4 &#8211; MAPED"},"content":{"rendered":"<table class=\"mce-item-table\">\n<tbody style=\"max-height: 999999px;margin: 0px;padding: 0px;border: 0px;font: inherit;vertical-align: baseline\" data-mce-style=\"max-height: 999999px; margin: 0px; padding: 0px; border: 0px; font: inherit; vertical-align: baseline;\">\n<tr style=\"max-height: 999999px;margin: 0px;padding: 0px;border: 0px;font: inherit;vertical-align: baseline\" data-mce-style=\"max-height: 999999px; margin: 0px; padding: 0px; border: 0px; font: inherit; vertical-align: baseline;\">\n<td style=\"max-height: 999999px;margin: 0px;padding: 0.8rem 1.3rem;border: 0px;font-style: inherit;font-variant: inherit;font-weight: 600;line-height: inherit;vertical-align: top;width: 278px\" data-mce-style=\"max-height: 999999px; margin: 0px; padding: 0.8rem 1.3rem; border: 0px; font-style: inherit; font-variant: inherit; font-weight: 600; line-height: inherit; vertical-align: top; width: 278px;\">Catalogus pagina<\/td>\n<td style=\"max-height: 999999px;margin: 0px;padding: 0.8rem 1.3rem;border: 0px;font-style: inherit;font-variant: inherit;font-weight: inherit;line-height: inherit;vertical-align: top\" data-mce-style=\"max-height: 999999px; margin: 0px; padding: 0.8rem 1.3rem; border: 0px; font-style: inherit; font-variant: inherit; font-weight: inherit; line-height: inherit; vertical-align: top;\">586<\/td>\n<\/tr>\n<tr style=\"max-height: 999999px;margin: 0px;padding: 0px;border: 0px;font: inherit;vertical-align: baseline\" data-mce-style=\"max-height: 999999px; margin: 0px; padding: 0px; border: 0px; font: inherit; vertical-align: baseline;\">\n<td style=\"max-height: 999999px;margin: 0px;padding: 0.8rem 1.3rem;border: 0px;font-style: inherit;font-variant: inherit;font-weight: 600;line-height: inherit;vertical-align: top;width: 278px\" data-mce-style=\"max-height: 999999px; margin: 0px; padding: 0.8rem 1.3rem; border: 0px; font-style: inherit; font-variant: inherit; font-weight: 600; line-height: inherit; vertical-align: top; width: 278px;\">Couleur<\/td>\n<td style=\"max-height: 999999px;margin: 0px;padding: 0.8rem 1.3rem;border: 0px;font-style: inherit;font-variant: inherit;font-weight: inherit;line-height: inherit;vertical-align: top\" data-mce-style=\"max-height: 999999px; margin: 0px; padding: 0.8rem 1.3rem; border: 0px; font-style: inherit; font-variant: inherit; font-weight: inherit; line-height: inherit; vertical-align: top;\">Assortiment de couleurs<\/td>\n<\/tr>\n<tr style=\"max-height: 999999px;margin: 0px;padding: 0px;border: 0px;font: inherit;vertical-align: baseline\" data-mce-style=\"max-height: 999999px; margin: 0px; padding: 0px; border: 0px; font: inherit; vertical-align: baseline;\">\n<td style=\"max-height: 999999px;margin: 0px;padding: 0.8rem 1.3rem;border: 0px;font-style: inherit;font-variant: inherit;font-weight: 600;line-height: inherit;vertical-align: top;width: 278px\" data-mce-style=\"max-height: 999999px; margin: 0px; padding: 0.8rem 1.3rem; border: 0px; font-style: inherit; font-variant: inherit; font-weight: 600; line-height: inherit; vertical-align: top; width: 278px;\">Couleur de l&rsquo;encre<\/td>\n<td style=\"max-height: 999999px;margin: 0px;padding: 0.8rem 1.3rem;border: 0px;font-style: inherit;font-variant: inherit;font-weight: inherit;line-height: inherit;vertical-align: top\" data-mce-style=\"max-height: 999999px; margin: 0px; padding: 0.8rem 1.3rem; border: 0px; font-style: inherit; font-variant: inherit; font-weight: inherit; line-height: inherit; vertical-align: top;\">Assortiment de couleurs<\/td>\n<\/tr>\n<tr style=\"max-height: 999999px;margin: 0px;padding: 0px;border: 0px;font: inherit;vertical-align: baseline\" data-mce-style=\"max-height: 999999px; margin: 0px; padding: 0px; border: 0px; font: inherit; vertical-align: baseline;\">\n<td style=\"max-height: 999999px;margin: 0px;padding: 0.8rem 1.3rem;border: 0px;font-style: inherit;font-variant: inherit;font-weight: 600;line-height: inherit;vertical-align: top;width: 278px\" data-mce-style=\"max-height: 999999px; margin: 0px; padding: 0.8rem 1.3rem; border: 0px; font-style: inherit; font-variant: inherit; font-weight: 600; line-height: inherit; vertical-align: top; width: 278px;\">Largeur de trait<\/td>\n<td style=\"max-height: 999999px;margin: 0px;padding: 0.8rem 1.3rem;border: 0px;font-style: inherit;font-variant: inherit;font-weight: inherit;line-height: inherit;vertical-align: top\" data-mce-style=\"max-height: 999999px; margin: 0px; padding: 0.8rem 1.3rem; border: 0px; font-style: inherit; font-variant: inherit; font-weight: inherit; line-height: inherit; vertical-align: top;\">1 &#8211; 5 mm<\/td>\n<\/tr>\n<tr style=\"max-height: 999999px;margin: 0px;padding: 0px;border: 0px;font: inherit;vertical-align: baseline\" data-mce-style=\"max-height: 999999px; margin: 0px; padding: 0px; border: 0px; font: inherit; vertical-align: baseline;\">\n<td style=\"max-height: 999999px;margin: 0px;padding: 0.8rem 1.3rem;border: 0px;font-style: inherit;font-variant: inherit;font-weight: 600;line-height: inherit;vertical-align: top;width: 278px\" data-mce-style=\"max-height: 999999px; margin: 0px; padding: 0.8rem 1.3rem; border: 0px; font-style: inherit; font-variant: inherit; font-weight: 600; line-height: inherit; vertical-align: top; width: 278px;\">Encre de base<\/td>\n<td style=\"max-height: 999999px;margin: 0px;padding: 0.8rem 1.3rem;border: 0px;font-style: inherit;font-variant: inherit;font-weight: inherit;line-height: inherit;vertical-align: top\" data-mce-style=\"max-height: 999999px; margin: 0px; padding: 0.8rem 1.3rem; border: 0px; font-style: inherit; font-variant: inherit; font-weight: inherit; line-height: inherit; vertical-align: top;\">Eau<\/td>\n<\/tr>\n<tr style=\"max-height: 999999px;margin: 0px;padding: 0px;border: 0px;font: inherit;vertical-align: baseline\" data-mce-style=\"max-height: 999999px; margin: 0px; padding: 0px; border: 0px; font: inherit; vertical-align: baseline;\">\n<td style=\"max-height: 999999px;margin: 0px;padding: 0.8rem 1.3rem;border: 0px;font-style: inherit;font-variant: inherit;font-weight: 600;line-height: inherit;vertical-align: top;width: 278px\" data-mce-style=\"max-height: 999999px; margin: 0px; padding: 0.8rem 1.3rem; border: 0px; font-style: inherit; font-variant: inherit; font-weight: 600; line-height: inherit; vertical-align: top; width: 278px;\">Marque<\/td>\n<td style=\"max-height: 999999px;margin: 0px;padding: 0.8rem 1.3rem;border: 0px;font-style: inherit;font-variant: inherit;font-weight: inherit;line-height: inherit;vertical-align: top\" data-mce-style=\"max-height: 999999px; margin: 0px; padding: 0.8rem 1.3rem; border: 0px; font-style: inherit; font-variant: inherit; font-weight: inherit; line-height: inherit; vertical-align: top;\"><span style=\"max-height: 999999px;margin: 0px;padding: 0px;border: 0px;font: inherit;vertical-align: baseline\" data-mce-style=\"max-height: 999999px; margin: 0px; padding: 0px; border: 0px; font: inherit; vertical-align: baseline;\">Maped<\/span><\/td>\n<\/tr>\n<tr style=\"max-height: 999999px;margin: 0px;padding: 0px;border: 0px;font: inherit;vertical-align: baseline\" data-mce-style=\"max-height: 999999px; margin: 0px; padding: 0px; border: 0px; font: inherit; vertical-align: baseline;\">\n<td style=\"max-height: 999999px;margin: 0px;padding: 0.8rem 1.3rem;border: 0px;font-style: inherit;font-variant: inherit;font-weight: 600;line-height: inherit;vertical-align: top;width: 278px\" data-mce-style=\"max-height: 999999px; margin: 0px; padding: 0.8rem 1.3rem; border: 0px; font-style: inherit; font-variant: inherit; font-weight: 600; line-height: inherit; vertical-align: top; width: 278px;\">Cat\u00e9gorie<\/td>\n<td style=\"max-height: 999999px;margin: 0px;padding: 0.8rem 1.3rem;border: 0px;font-style: inherit;font-variant: inherit;font-weight: inherit;line-height: inherit;vertical-align: top\" data-mce-style=\"max-height: 999999px; margin: 0px; padding: 0.8rem 1.3rem; border: 0px; font-style: inherit; font-variant: inherit; font-weight: inherit; line-height: inherit; vertical-align: top;\"><span style=\"max-height: 999999px;margin: 0px;padding: 0px;border: 0px;font: inherit;vertical-align: baseline\" data-mce-style=\"max-height: 999999px; margin: 0px; padding: 0px; border: 0px; font: inherit; vertical-align: baseline;\">Surligneurs<\/span><\/td>\n<\/tr>\n<tr style=\"max-height: 999999px;margin: 0px;padding: 0px;border: 0px;font: inherit;vertical-align: baseline\" data-mce-style=\"max-height: 999999px; margin: 0px; padding: 0px; border: 0px; font: inherit; vertical-align: baseline;\">\n<td style=\"max-height: 999999px;margin: 0px;padding: 0.8rem 1.3rem;border: 0px;font-style: inherit;font-variant: inherit;font-weight: 600;line-height: inherit;vertical-align: top;width: 278px\" data-mce-style=\"max-height: 999999px; margin: 0px; padding: 0.8rem 1.3rem; border: 0px; font-style: inherit; font-variant: inherit; font-weight: 600; line-height: inherit; vertical-align: top; width: 278px;\">Code produit<\/td>\n<td id=\"TableSpecs_ProductCode\" style=\"max-height: 999999px;margin: 0px;padding: 0.8rem 1.3rem;border: 0px;font-style: inherit;font-variant: inherit;font-weight: inherit;line-height: inherit;vertical-align: top\" data-mce-style=\"max-height: 999999px; margin: 0px; padding: 0.8rem 1.3rem; border: 0px; font-style: inherit; font-variant: inherit; font-weight: inherit; line-height: inherit; vertical-align: top;\"><span style=\"max-height: 999999px;margin: 0px;padding: 0px;border: 0px;font: inherit;vertical-align: baseline\" data-mce-style=\"max-height: 999999px; margin: 0px; padding: 0px; border: 0px; font: inherit; vertical-align: baseline;\">742547<\/span><\/td>\n<\/tr>\n<tr style=\"max-height: 999999px;margin: 0px;padding: 0px;border: 0px;font: inherit;vertical-align: baseline\" data-mce-style=\"max-height: 999999px; margin: 0px; padding: 0px; border: 0px; font: inherit; vertical-align: baseline;\">\n<td style=\"max-height: 999999px;margin: 0px;padding: 0.8rem 1.3rem;border: 0px;font-style: inherit;font-variant: inherit;font-weight: 600;line-height: inherit;vertical-align: top;width: 278px\" data-mce-style=\"max-height: 999999px; margin: 0px; padding: 0.8rem 1.3rem; border: 0px; font-style: inherit; font-variant: inherit; font-weight: 600; line-height: inherit; vertical-align: top; width: 278px;\">Code fournisseur<\/td>\n<td style=\"max-height: 999999px;margin: 0px;padding: 0.8rem 1.3rem;border: 0px;font-style: inherit;font-variant: inherit;font-weight: inherit;line-height: inherit;vertical-align: top\" data-mce-style=\"max-height: 999999px; margin: 0px; padding: 0.8rem 1.3rem; border: 0px; font-style: inherit; font-variant: inherit; font-weight: inherit; line-height: inherit; vertical-align: top;\">96082000<\/td>\n<\/tr>\n<tr style=\"max-height: 999999px;margin: 0px;padding: 0px;border: 0px;font: inherit;vertical-align: baseline\" data-mce-style=\"max-height: 999999px; margin: 0px; padding: 0px; border: 0px; font: inherit; vertical-align: baseline;\">\n<td style=\"max-height: 999999px;margin: 0px;padding: 0.8rem 1.3rem;border: 0px;font-style: inherit;font-variant: inherit;font-weight: 600;line-height: inherit;vertical-align: top;width: 278px\" data-mce-style=\"max-height: 999999px; margin: 0px; padding: 0.8rem 1.3rem; border: 0px; font-style: inherit; font-variant: inherit; font-weight: 600; line-height: inherit; vertical-align: top; width: 278px;\">Emballage<\/td>\n<td style=\"max-height: 999999px;margin: 0px;padding: 0.8rem 1.3rem;border: 0px;font-style: inherit;font-variant: inherit;font-weight: inherit;line-height: inherit;vertical-align: top\" data-mce-style=\"max-height: 999999px; margin: 0px; padding: 0.8rem 1.3rem; border: 0px; font-style: inherit; font-variant: inherit; font-weight: inherit; line-height: inherit; vertical-align: top;\">Pi\u00e8ce (s)<\/td>\n<\/tr>\n<tr style=\"max-height: 999999px;margin: 0px;padding: 0px;border: 0px;font: inherit;vertical-align: baseline\" data-mce-style=\"max-height: 999999px; margin: 0px; padding: 0px; border: 0px; font: inherit; vertical-align: baseline;\">\n<td style=\"max-height: 999999px;margin: 0px;padding: 0.8rem 1.3rem;border: 0px;font-style: inherit;font-variant: inherit;font-weight: 600;line-height: inherit;vertical-align: top;width: 278px\" data-mce-style=\"max-height: 999999px; margin: 0px; padding: 0.8rem 1.3rem; border: 0px; font-style: inherit; font-variant: inherit; font-weight: 600; line-height: inherit; vertical-align: top; width: 278px;\">Command\u00e9 par<\/td>\n<td style=\"max-height: 999999px;margin: 0px;padding: 0.8rem 1.3rem;border: 0px;font-style: inherit;font-variant: inherit;font-weight: inherit;line-height: inherit;vertical-align: top\" data-mce-style=\"max-height: 999999px; margin: 0px; padding: 0.8rem 1.3rem; border: 0px; font-style: inherit; font-variant: inherit; font-weight: inherit; line-height: inherit; vertical-align: top;\">12<\/td>\n<\/tr>\n<\/tbody>\n<\/table>\n","protected":false},"excerpt":{"rendered":"<p>&#8211; Pointe biseaut\u00e9e\u00a0<br \/>&#8211; Couleurs ultra lumineuses<br \/>&#8211; Fonctionne m\u00eame si le capuchon n&rsquo;est pas remis imm\u00e9diatement<br \/>&#8211; &lsquo;Inkjet safe&rsquo; : permet de surligner sur des copies inkjet sans bavures<br \/>&#8211; Etui de 4 pi\u00e8ces : vert, rose, orange et jaune<\/p>\n","protected":false},"featured_media":1590,"comment_status":"open","ping_status":"closed","template":"","meta":[],"product_brand":[],"product_cat":[59,37,77],"product_tag":[],"class_list":{"0":"post-1591","1":"product","2":"type-product","3":"status-publish","4":"has-post-thumbnail","6":"product_cat-ecriture","7":"product_cat-papeterie-fourniture","8":"product_cat-surligneurs","10":"first","11":"instock","12":"shipping-taxable","13":"product-type-simple"},"yoast_head":"<!-- This site is optimized with the Yoast SEO plugin v27.5 - https:\/\/yoast.com\/product\/yoast-seo-wordpress\/ -->\n<title>Fluo Peps Surligneurs classiques, couleurs assorties - pack de 4 - MAPED - PAPEX<\/title>\n<meta name=\"robots\" content=\"index, follow, max-snippet:-1, max-image-preview:large, max-video-preview:-1\" \/>\n<link rel=\"canonical\" href=\"https:\/\/papex.sn\/?product=fluo-peps-surligneurs-classiques-couleurs-assorties-pack-de-4-maped\" \/>\n<meta property=\"og:locale\" content=\"fr_FR\" \/>\n<meta property=\"og:type\" content=\"article\" \/>\n<meta property=\"og:title\" content=\"Fluo Peps Surligneurs classiques, couleurs assorties - pack de 4 - MAPED - PAPEX\" \/>\n<meta property=\"og:description\" content=\"- Pointe biseaut\u00e9e\u00a0- Couleurs ultra lumineuses- Fonctionne m\u00eame si le capuchon n&#039;est pas remis imm\u00e9diatement- &#039;Inkjet safe&#039; : permet de surligner sur des copies inkjet sans bavures- Etui de 4 pi\u00e8ces : vert, rose, orange et jaune\" \/>\n<meta property=\"og:url\" content=\"https:\/\/papex.sn\/?product=fluo-peps-surligneurs-classiques-couleurs-assorties-pack-de-4-maped\" \/>\n<meta property=\"og:site_name\" content=\"PAPEX\" \/>\n<meta property=\"article:publisher\" content=\"https:\/\/www.facebook.com\/PapexSarl\" \/>\n<meta property=\"article:modified_time\" content=\"2026-04-13T22:47:24+00:00\" \/>\n<meta property=\"og:image\" content=\"https:\/\/papex.sn\/wp-content\/uploads\/2022\/09\/Fluo-Peps-Surligneurs-classiques-couleurs-assorties-pack-de-4-MAPED.jpg\" \/>\n\t<meta property=\"og:image:width\" content=\"600\" \/>\n\t<meta property=\"og:image:height\" content=\"600\" \/>\n\t<meta property=\"og:image:type\" content=\"image\/jpeg\" \/>\n<meta name=\"twitter:card\" content=\"summary_large_image\" \/>\n<script type=\"application\/ld+json\" class=\"yoast-schema-graph\">{\"@context\":\"https:\\\/\\\/schema.org\",\"@graph\":[{\"@type\":\"WebPage\",\"@id\":\"https:\\\/\\\/papex.sn\\\/?product=fluo-peps-surligneurs-classiques-couleurs-assorties-pack-de-4-maped\",\"url\":\"https:\\\/\\\/papex.sn\\\/?product=fluo-peps-surligneurs-classiques-couleurs-assorties-pack-de-4-maped\",\"name\":\"Fluo Peps Surligneurs classiques, couleurs assorties - pack de 4 - MAPED - PAPEX\",\"isPartOf\":{\"@id\":\"https:\\\/\\\/papex.sn\\\/#website\"},\"primaryImageOfPage\":{\"@id\":\"https:\\\/\\\/papex.sn\\\/?product=fluo-peps-surligneurs-classiques-couleurs-assorties-pack-de-4-maped#primaryimage\"},\"image\":{\"@id\":\"https:\\\/\\\/papex.sn\\\/?product=fluo-peps-surligneurs-classiques-couleurs-assorties-pack-de-4-maped#primaryimage\"},\"thumbnailUrl\":\"https:\\\/\\\/papex.sn\\\/wp-content\\\/uploads\\\/2022\\\/09\\\/Fluo-Peps-Surligneurs-classiques-couleurs-assorties-pack-de-4-MAPED.jpg\",\"datePublished\":\"2022-09-06T12:57:58+00:00\",\"dateModified\":\"2026-04-13T22:47:24+00:00\",\"breadcrumb\":{\"@id\":\"https:\\\/\\\/papex.sn\\\/?product=fluo-peps-surligneurs-classiques-couleurs-assorties-pack-de-4-maped#breadcrumb\"},\"inLanguage\":\"fr-FR\",\"potentialAction\":[{\"@type\":\"ReadAction\",\"target\":[\"https:\\\/\\\/papex.sn\\\/?product=fluo-peps-surligneurs-classiques-couleurs-assorties-pack-de-4-maped\"]}]},{\"@type\":\"ImageObject\",\"inLanguage\":\"fr-FR\",\"@id\":\"https:\\\/\\\/papex.sn\\\/?product=fluo-peps-surligneurs-classiques-couleurs-assorties-pack-de-4-maped#primaryimage\",\"url\":\"https:\\\/\\\/papex.sn\\\/wp-content\\\/uploads\\\/2022\\\/09\\\/Fluo-Peps-Surligneurs-classiques-couleurs-assorties-pack-de-4-MAPED.jpg\",\"contentUrl\":\"https:\\\/\\\/papex.sn\\\/wp-content\\\/uploads\\\/2022\\\/09\\\/Fluo-Peps-Surligneurs-classiques-couleurs-assorties-pack-de-4-MAPED.jpg\",\"width\":600,\"height\":600},{\"@type\":\"BreadcrumbList\",\"@id\":\"https:\\\/\\\/papex.sn\\\/?product=fluo-peps-surligneurs-classiques-couleurs-assorties-pack-de-4-maped#breadcrumb\",\"itemListElement\":[{\"@type\":\"ListItem\",\"position\":1,\"name\":\"Accueil\",\"item\":\"https:\\\/\\\/papex.sn\\\/\"},{\"@type\":\"ListItem\",\"position\":2,\"name\":\"Boutique\",\"item\":\"https:\\\/\\\/papex.sn\\\/?page_id=388\"},{\"@type\":\"ListItem\",\"position\":3,\"name\":\"Fluo Peps Surligneurs classiques, couleurs assorties &#8211; pack de 4 &#8211; MAPED\"}]},{\"@type\":\"WebSite\",\"@id\":\"https:\\\/\\\/papex.sn\\\/#website\",\"url\":\"https:\\\/\\\/papex.sn\\\/\",\"name\":\"PAPEX\",\"description\":\"Papeterie Express\",\"publisher\":{\"@id\":\"https:\\\/\\\/papex.sn\\\/#organization\"},\"potentialAction\":[{\"@type\":\"SearchAction\",\"target\":{\"@type\":\"EntryPoint\",\"urlTemplate\":\"https:\\\/\\\/papex.sn\\\/?s={search_term_string}\"},\"query-input\":{\"@type\":\"PropertyValueSpecification\",\"valueRequired\":true,\"valueName\":\"search_term_string\"}}],\"inLanguage\":\"fr-FR\"},{\"@type\":\"Organization\",\"@id\":\"https:\\\/\\\/papex.sn\\\/#organization\",\"name\":\"PAPEX\",\"url\":\"https:\\\/\\\/papex.sn\\\/\",\"logo\":{\"@type\":\"ImageObject\",\"inLanguage\":\"fr-FR\",\"@id\":\"https:\\\/\\\/papex.sn\\\/#\\\/schema\\\/logo\\\/image\\\/\",\"url\":\"https:\\\/\\\/papex.sn\\\/wp-content\\\/uploads\\\/2022\\\/05\\\/telechargement-1.jpg\",\"contentUrl\":\"https:\\\/\\\/papex.sn\\\/wp-content\\\/uploads\\\/2022\\\/05\\\/telechargement-1.jpg\",\"width\":299,\"height\":168,\"caption\":\"PAPEX\"},\"image\":{\"@id\":\"https:\\\/\\\/papex.sn\\\/#\\\/schema\\\/logo\\\/image\\\/\"},\"sameAs\":[\"https:\\\/\\\/www.facebook.com\\\/PapexSarl\",\"https:\\\/\\\/www.instagram.com\\\/papex.sarl\\\/\"]}]}<\/script>\n<!-- \/ Yoast SEO plugin. -->","yoast_head_json":{"title":"Fluo Peps Surligneurs classiques, couleurs assorties - pack de 4 - MAPED - PAPEX","robots":{"index":"index","follow":"follow","max-snippet":"max-snippet:-1","max-image-preview":"max-image-preview:large","max-video-preview":"max-video-preview:-1"},"canonical":"https:\/\/papex.sn\/?product=fluo-peps-surligneurs-classiques-couleurs-assorties-pack-de-4-maped","og_locale":"fr_FR","og_type":"article","og_title":"Fluo Peps Surligneurs classiques, couleurs assorties - pack de 4 - MAPED - PAPEX","og_description":"- Pointe biseaut\u00e9e\u00a0- Couleurs ultra lumineuses- Fonctionne m\u00eame si le capuchon n'est pas remis imm\u00e9diatement- 'Inkjet safe' : permet de surligner sur des copies inkjet sans bavures- Etui de 4 pi\u00e8ces : vert, rose, orange et jaune","og_url":"https:\/\/papex.sn\/?product=fluo-peps-surligneurs-classiques-couleurs-assorties-pack-de-4-maped","og_site_name":"PAPEX","article_publisher":"https:\/\/www.facebook.com\/PapexSarl","article_modified_time":"2026-04-13T22:47:24+00:00","og_image":[{"width":600,"height":600,"url":"https:\/\/papex.sn\/wp-content\/uploads\/2022\/09\/Fluo-Peps-Surligneurs-classiques-couleurs-assorties-pack-de-4-MAPED.jpg","type":"image\/jpeg"}],"twitter_card":"summary_large_image","schema":{"@context":"https:\/\/schema.org","@graph":[{"@type":"WebPage","@id":"https:\/\/papex.sn\/?product=fluo-peps-surligneurs-classiques-couleurs-assorties-pack-de-4-maped","url":"https:\/\/papex.sn\/?product=fluo-peps-surligneurs-classiques-couleurs-assorties-pack-de-4-maped","name":"Fluo Peps Surligneurs classiques, couleurs assorties - pack de 4 - MAPED - PAPEX","isPartOf":{"@id":"https:\/\/papex.sn\/#website"},"primaryImageOfPage":{"@id":"https:\/\/papex.sn\/?product=fluo-peps-surligneurs-classiques-couleurs-assorties-pack-de-4-maped#primaryimage"},"image":{"@id":"https:\/\/papex.sn\/?product=fluo-peps-surligneurs-classiques-couleurs-assorties-pack-de-4-maped#primaryimage"},"thumbnailUrl":"https:\/\/papex.sn\/wp-content\/uploads\/2022\/09\/Fluo-Peps-Surligneurs-classiques-couleurs-assorties-pack-de-4-MAPED.jpg","datePublished":"2022-09-06T12:57:58+00:00","dateModified":"2026-04-13T22:47:24+00:00","breadcrumb":{"@id":"https:\/\/papex.sn\/?product=fluo-peps-surligneurs-classiques-couleurs-assorties-pack-de-4-maped#breadcrumb"},"inLanguage":"fr-FR","potentialAction":[{"@type":"ReadAction","target":["https:\/\/papex.sn\/?product=fluo-peps-surligneurs-classiques-couleurs-assorties-pack-de-4-maped"]}]},{"@type":"ImageObject","inLanguage":"fr-FR","@id":"https:\/\/papex.sn\/?product=fluo-peps-surligneurs-classiques-couleurs-assorties-pack-de-4-maped#primaryimage","url":"https:\/\/papex.sn\/wp-content\/uploads\/2022\/09\/Fluo-Peps-Surligneurs-classiques-couleurs-assorties-pack-de-4-MAPED.jpg","contentUrl":"https:\/\/papex.sn\/wp-content\/uploads\/2022\/09\/Fluo-Peps-Surligneurs-classiques-couleurs-assorties-pack-de-4-MAPED.jpg","width":600,"height":600},{"@type":"BreadcrumbList","@id":"https:\/\/papex.sn\/?product=fluo-peps-surligneurs-classiques-couleurs-assorties-pack-de-4-maped#breadcrumb","itemListElement":[{"@type":"ListItem","position":1,"name":"Accueil","item":"https:\/\/papex.sn\/"},{"@type":"ListItem","position":2,"name":"Boutique","item":"https:\/\/papex.sn\/?page_id=388"},{"@type":"ListItem","position":3,"name":"Fluo Peps Surligneurs classiques, couleurs assorties &#8211; pack de 4 &#8211; MAPED"}]},{"@type":"WebSite","@id":"https:\/\/papex.sn\/#website","url":"https:\/\/papex.sn\/","name":"PAPEX","description":"Papeterie Express","publisher":{"@id":"https:\/\/papex.sn\/#organization"},"potentialAction":[{"@type":"SearchAction","target":{"@type":"EntryPoint","urlTemplate":"https:\/\/papex.sn\/?s={search_term_string}"},"query-input":{"@type":"PropertyValueSpecification","valueRequired":true,"valueName":"search_term_string"}}],"inLanguage":"fr-FR"},{"@type":"Organization","@id":"https:\/\/papex.sn\/#organization","name":"PAPEX","url":"https:\/\/papex.sn\/","logo":{"@type":"ImageObject","inLanguage":"fr-FR","@id":"https:\/\/papex.sn\/#\/schema\/logo\/image\/","url":"https:\/\/papex.sn\/wp-content\/uploads\/2022\/05\/telechargement-1.jpg","contentUrl":"https:\/\/papex.sn\/wp-content\/uploads\/2022\/05\/telechargement-1.jpg","width":299,"height":168,"caption":"PAPEX"},"image":{"@id":"https:\/\/papex.sn\/#\/schema\/logo\/image\/"},"sameAs":["https:\/\/www.facebook.com\/PapexSarl","https:\/\/www.instagram.com\/papex.sarl\/"]}]}},"_links":{"self":[{"href":"https:\/\/papex.sn\/index.php?rest_route=\/wp\/v2\/product\/1591","targetHints":{"allow":["GET"]}}],"collection":[{"href":"https:\/\/papex.sn\/index.php?rest_route=\/wp\/v2\/product"}],"about":[{"href":"https:\/\/papex.sn\/index.php?rest_route=\/wp\/v2\/types\/product"}],"replies":[{"embeddable":true,"href":"https:\/\/papex.sn\/index.php?rest_route=%2Fwp%2Fv2%2Fcomments&post=1591"}],"version-history":[{"count":1,"href":"https:\/\/papex.sn\/index.php?rest_route=\/wp\/v2\/product\/1591\/revisions"}],"predecessor-version":[{"id":3716,"href":"https:\/\/papex.sn\/index.php?rest_route=\/wp\/v2\/product\/1591\/revisions\/3716"}],"wp:featuredmedia":[{"embeddable":true,"href":"https:\/\/papex.sn\/index.php?rest_route=\/wp\/v2\/media\/1590"}],"wp:attachment":[{"href":"https:\/\/papex.sn\/index.php?rest_route=%2Fwp%2Fv2%2Fmedia&parent=1591"}],"wp:term":[{"taxonomy":"product_brand","embeddable":true,"href":"https:\/\/papex.sn\/index.php?rest_route=%2Fwp%2Fv2%2Fproduct_brand&post=1591"},{"taxonomy":"product_cat","embeddable":true,"href":"https:\/\/papex.sn\/index.php?rest_route=%2Fwp%2Fv2%2Fproduct_cat&post=1591"},{"taxonomy":"product_tag","embeddable":true,"href":"https:\/\/papex.sn\/index.php?rest_route=%2Fwp%2Fv2%2Fproduct_tag&post=1591"}],"curies":[{"name":"wp","href":"https:\/\/api.w.org\/{rel}","templated":true}]}}