{"id":1589,"date":"2022-09-06T12:57:58","date_gmt":"2022-09-06T12:57:58","guid":{"rendered":"https:\/\/papex.sn\/?product=maxx-293-set-de-marqueurs-pour-tableau-blanc-noir-rouge-bleu-vert-schneider"},"modified":"2024-10-21T17:01:20","modified_gmt":"2024-10-21T17:01:20","slug":"maxx-293-set-de-marqueurs-pour-tableau-blanc-noir-rouge-bleu-vert-schneider","status":"publish","type":"product","link":"https:\/\/papex.sn\/?product=maxx-293-set-de-marqueurs-pour-tableau-blanc-noir-rouge-bleu-vert-schneider","title":{"rendered":"Marqueurs effa\u00e7able Maxx 290 &#8211; SCHNEIDER"},"content":{"rendered":"<div class=\"productdetail clearfix\">\n<div class=\"row\">\n<div class=\"col-md-7\">\n<div class=\"productdetail--description\">\n<ul>\n<li class=\"full\">Le corps est en plastique recycl\u00e9 \u00e0 95%. L&rsquo;\u00e9criture de couleur forte et intensive utilis\u00e9e sur le tableau ou sur le papier &#8211; est bien lisible aussi dans les derniers rangs.<\/li>\n<li class=\"full\">L&rsquo;encre est effa\u00e7able \u00e0 sec sans r\u00e9sidu sur les tableaux blancs et ne traverse pas les pages suivantes sur paper boards.<\/li>\n<li class=\"full\">Le mod\u00e8le cap-off peut rester ouvert pendant 2-3 jours sans s\u00e9cher.<\/li>\n<li class=\"full\">L&rsquo;encre est faible en odeur, sans tolu\u00e8ne et xyl\u00e8ne.<\/li>\n<li class=\"full\">La nouvelle forme volumineuse pr\u00e9sente un marquage maximale et la nouvelle pointe ogive garantit un marquage doux sans grincer.<\/li>\n<li class=\"full\">Le Maxx 290 a un capuchon avec clip pratique et est rechargeable avec le flacon d\u00b4encre 665 refill station.<\/li>\n<\/ul>\n<\/div>\n<\/div>\n<\/div>\n<\/div>\n<div id=\"refill-products\">\n<div class=\"lineless-separator\"><\/div>\n<\/div>\n","protected":false},"excerpt":{"rendered":"<p>Marqueur pour tableau blanc et paper board avec pointe ogive pour \u00e9paisseur de trait 2-3 mm. Couleur d&rsquo;encre bleue.<\/p>\n","protected":false},"featured_media":2391,"comment_status":"open","ping_status":"closed","template":"","meta":[],"product_brand":[],"product_cat":[59,76,37],"product_tag":[],"class_list":{"0":"post-1589","1":"product","2":"type-product","3":"status-publish","4":"has-post-thumbnail","6":"product_cat-ecriture","7":"product_cat-marqueurs","8":"product_cat-papeterie-fourniture","9":"pa_couleur-bleu","10":"pa_couleur-noir","11":"pa_couleur-rouge","12":"pa_couleur-vert","14":"first","15":"instock","16":"shipping-taxable","17":"product-type-variable"},"yoast_head":"<!-- This site is optimized with the Yoast SEO plugin v27.5 - https:\/\/yoast.com\/product\/yoast-seo-wordpress\/ -->\n<title>Marqueurs effa\u00e7able Maxx 290 - SCHNEIDER - PAPEX<\/title>\n<meta name=\"robots\" content=\"index, follow, max-snippet:-1, max-image-preview:large, max-video-preview:-1\" \/>\n<link rel=\"canonical\" href=\"https:\/\/papex.sn\/?product=maxx-293-set-de-marqueurs-pour-tableau-blanc-noir-rouge-bleu-vert-schneider\" \/>\n<meta property=\"og:locale\" content=\"fr_FR\" \/>\n<meta property=\"og:type\" content=\"article\" \/>\n<meta property=\"og:title\" content=\"Marqueurs effa\u00e7able Maxx 290 - SCHNEIDER - PAPEX\" \/>\n<meta property=\"og:description\" content=\"Marqueur pour tableau blanc et paper board avec pointe ogive pour \u00e9paisseur de trait 2-3 mm. Couleur d&#039;encre bleue.\" \/>\n<meta property=\"og:url\" content=\"https:\/\/papex.sn\/?product=maxx-293-set-de-marqueurs-pour-tableau-blanc-noir-rouge-bleu-vert-schneider\" \/>\n<meta property=\"og:site_name\" content=\"PAPEX\" \/>\n<meta property=\"article:publisher\" content=\"https:\/\/www.facebook.com\/PapexSarl\" \/>\n<meta property=\"article:modified_time\" content=\"2024-10-21T17:01:20+00:00\" \/>\n<meta property=\"og:image\" content=\"https:\/\/papex.sn\/wp-content\/uploads\/2022\/09\/4004675000842_2@L3ImqT9gBv10pzygXl10nUIgLz5unJjeAQHjrQD1ZPfgM3Wuqzy0rFgwMJ50MKVeYJI4qTIhqPf0AGO4AQHj.jpg\" \/>\n\t<meta property=\"og:image:width\" content=\"450\" \/>\n\t<meta property=\"og:image:height\" content=\"450\" \/>\n\t<meta property=\"og:image:type\" content=\"image\/jpeg\" \/>\n<meta name=\"twitter:card\" content=\"summary_large_image\" \/>\n<meta name=\"twitter:label1\" content=\"Dur\u00e9e de lecture estim\u00e9e\" \/>\n\t<meta name=\"twitter:data1\" content=\"1 minute\" \/>\n<script type=\"application\/ld+json\" class=\"yoast-schema-graph\">{\"@context\":\"https:\\\/\\\/schema.org\",\"@graph\":[{\"@type\":\"WebPage\",\"@id\":\"https:\\\/\\\/papex.sn\\\/?product=maxx-293-set-de-marqueurs-pour-tableau-blanc-noir-rouge-bleu-vert-schneider\",\"url\":\"https:\\\/\\\/papex.sn\\\/?product=maxx-293-set-de-marqueurs-pour-tableau-blanc-noir-rouge-bleu-vert-schneider\",\"name\":\"Marqueurs effa\u00e7able Maxx 290 - SCHNEIDER - PAPEX\",\"isPartOf\":{\"@id\":\"https:\\\/\\\/papex.sn\\\/#website\"},\"primaryImageOfPage\":{\"@id\":\"https:\\\/\\\/papex.sn\\\/?product=maxx-293-set-de-marqueurs-pour-tableau-blanc-noir-rouge-bleu-vert-schneider#primaryimage\"},\"image\":{\"@id\":\"https:\\\/\\\/papex.sn\\\/?product=maxx-293-set-de-marqueurs-pour-tableau-blanc-noir-rouge-bleu-vert-schneider#primaryimage\"},\"thumbnailUrl\":\"https:\\\/\\\/papex.sn\\\/wp-content\\\/uploads\\\/2022\\\/09\\\/4004675000842_2@L3ImqT9gBv10pzygXl10nUIgLz5unJjeAQHjrQD1ZPfgM3Wuqzy0rFgwMJ50MKVeYJI4qTIhqPf0AGO4AQHj.jpg\",\"datePublished\":\"2022-09-06T12:57:58+00:00\",\"dateModified\":\"2024-10-21T17:01:20+00:00\",\"breadcrumb\":{\"@id\":\"https:\\\/\\\/papex.sn\\\/?product=maxx-293-set-de-marqueurs-pour-tableau-blanc-noir-rouge-bleu-vert-schneider#breadcrumb\"},\"inLanguage\":\"fr-FR\",\"potentialAction\":[{\"@type\":\"ReadAction\",\"target\":[\"https:\\\/\\\/papex.sn\\\/?product=maxx-293-set-de-marqueurs-pour-tableau-blanc-noir-rouge-bleu-vert-schneider\"]}]},{\"@type\":\"ImageObject\",\"inLanguage\":\"fr-FR\",\"@id\":\"https:\\\/\\\/papex.sn\\\/?product=maxx-293-set-de-marqueurs-pour-tableau-blanc-noir-rouge-bleu-vert-schneider#primaryimage\",\"url\":\"https:\\\/\\\/papex.sn\\\/wp-content\\\/uploads\\\/2022\\\/09\\\/4004675000842_2@L3ImqT9gBv10pzygXl10nUIgLz5unJjeAQHjrQD1ZPfgM3Wuqzy0rFgwMJ50MKVeYJI4qTIhqPf0AGO4AQHj.jpg\",\"contentUrl\":\"https:\\\/\\\/papex.sn\\\/wp-content\\\/uploads\\\/2022\\\/09\\\/4004675000842_2@L3ImqT9gBv10pzygXl10nUIgLz5unJjeAQHjrQD1ZPfgM3Wuqzy0rFgwMJ50MKVeYJI4qTIhqPf0AGO4AQHj.jpg\",\"width\":450,\"height\":450},{\"@type\":\"BreadcrumbList\",\"@id\":\"https:\\\/\\\/papex.sn\\\/?product=maxx-293-set-de-marqueurs-pour-tableau-blanc-noir-rouge-bleu-vert-schneider#breadcrumb\",\"itemListElement\":[{\"@type\":\"ListItem\",\"position\":1,\"name\":\"Accueil\",\"item\":\"https:\\\/\\\/papex.sn\\\/\"},{\"@type\":\"ListItem\",\"position\":2,\"name\":\"Boutique\",\"item\":\"https:\\\/\\\/papex.sn\\\/?page_id=388\"},{\"@type\":\"ListItem\",\"position\":3,\"name\":\"Marqueurs effa\u00e7able Maxx 290 &#8211; SCHNEIDER\"}]},{\"@type\":\"WebSite\",\"@id\":\"https:\\\/\\\/papex.sn\\\/#website\",\"url\":\"https:\\\/\\\/papex.sn\\\/\",\"name\":\"PAPEX\",\"description\":\"Papeterie Express\",\"publisher\":{\"@id\":\"https:\\\/\\\/papex.sn\\\/#organization\"},\"potentialAction\":[{\"@type\":\"SearchAction\",\"target\":{\"@type\":\"EntryPoint\",\"urlTemplate\":\"https:\\\/\\\/papex.sn\\\/?s={search_term_string}\"},\"query-input\":{\"@type\":\"PropertyValueSpecification\",\"valueRequired\":true,\"valueName\":\"search_term_string\"}}],\"inLanguage\":\"fr-FR\"},{\"@type\":\"Organization\",\"@id\":\"https:\\\/\\\/papex.sn\\\/#organization\",\"name\":\"PAPEX\",\"url\":\"https:\\\/\\\/papex.sn\\\/\",\"logo\":{\"@type\":\"ImageObject\",\"inLanguage\":\"fr-FR\",\"@id\":\"https:\\\/\\\/papex.sn\\\/#\\\/schema\\\/logo\\\/image\\\/\",\"url\":\"https:\\\/\\\/papex.sn\\\/wp-content\\\/uploads\\\/2022\\\/05\\\/telechargement-1.jpg\",\"contentUrl\":\"https:\\\/\\\/papex.sn\\\/wp-content\\\/uploads\\\/2022\\\/05\\\/telechargement-1.jpg\",\"width\":299,\"height\":168,\"caption\":\"PAPEX\"},\"image\":{\"@id\":\"https:\\\/\\\/papex.sn\\\/#\\\/schema\\\/logo\\\/image\\\/\"},\"sameAs\":[\"https:\\\/\\\/www.facebook.com\\\/PapexSarl\",\"https:\\\/\\\/www.instagram.com\\\/papex.sarl\\\/\"]}]}<\/script>\n<!-- \/ Yoast SEO plugin. -->","yoast_head_json":{"title":"Marqueurs effa\u00e7able Maxx 290 - SCHNEIDER - PAPEX","robots":{"index":"index","follow":"follow","max-snippet":"max-snippet:-1","max-image-preview":"max-image-preview:large","max-video-preview":"max-video-preview:-1"},"canonical":"https:\/\/papex.sn\/?product=maxx-293-set-de-marqueurs-pour-tableau-blanc-noir-rouge-bleu-vert-schneider","og_locale":"fr_FR","og_type":"article","og_title":"Marqueurs effa\u00e7able Maxx 290 - SCHNEIDER - PAPEX","og_description":"Marqueur pour tableau blanc et paper board avec pointe ogive pour \u00e9paisseur de trait 2-3 mm. Couleur d'encre bleue.","og_url":"https:\/\/papex.sn\/?product=maxx-293-set-de-marqueurs-pour-tableau-blanc-noir-rouge-bleu-vert-schneider","og_site_name":"PAPEX","article_publisher":"https:\/\/www.facebook.com\/PapexSarl","article_modified_time":"2024-10-21T17:01:20+00:00","og_image":[{"width":450,"height":450,"url":"https:\/\/papex.sn\/wp-content\/uploads\/2022\/09\/4004675000842_2@L3ImqT9gBv10pzygXl10nUIgLz5unJjeAQHjrQD1ZPfgM3Wuqzy0rFgwMJ50MKVeYJI4qTIhqPf0AGO4AQHj.jpg","type":"image\/jpeg"}],"twitter_card":"summary_large_image","twitter_misc":{"Dur\u00e9e de lecture estim\u00e9e":"1 minute"},"schema":{"@context":"https:\/\/schema.org","@graph":[{"@type":"WebPage","@id":"https:\/\/papex.sn\/?product=maxx-293-set-de-marqueurs-pour-tableau-blanc-noir-rouge-bleu-vert-schneider","url":"https:\/\/papex.sn\/?product=maxx-293-set-de-marqueurs-pour-tableau-blanc-noir-rouge-bleu-vert-schneider","name":"Marqueurs effa\u00e7able Maxx 290 - SCHNEIDER - PAPEX","isPartOf":{"@id":"https:\/\/papex.sn\/#website"},"primaryImageOfPage":{"@id":"https:\/\/papex.sn\/?product=maxx-293-set-de-marqueurs-pour-tableau-blanc-noir-rouge-bleu-vert-schneider#primaryimage"},"image":{"@id":"https:\/\/papex.sn\/?product=maxx-293-set-de-marqueurs-pour-tableau-blanc-noir-rouge-bleu-vert-schneider#primaryimage"},"thumbnailUrl":"https:\/\/papex.sn\/wp-content\/uploads\/2022\/09\/4004675000842_2@L3ImqT9gBv10pzygXl10nUIgLz5unJjeAQHjrQD1ZPfgM3Wuqzy0rFgwMJ50MKVeYJI4qTIhqPf0AGO4AQHj.jpg","datePublished":"2022-09-06T12:57:58+00:00","dateModified":"2024-10-21T17:01:20+00:00","breadcrumb":{"@id":"https:\/\/papex.sn\/?product=maxx-293-set-de-marqueurs-pour-tableau-blanc-noir-rouge-bleu-vert-schneider#breadcrumb"},"inLanguage":"fr-FR","potentialAction":[{"@type":"ReadAction","target":["https:\/\/papex.sn\/?product=maxx-293-set-de-marqueurs-pour-tableau-blanc-noir-rouge-bleu-vert-schneider"]}]},{"@type":"ImageObject","inLanguage":"fr-FR","@id":"https:\/\/papex.sn\/?product=maxx-293-set-de-marqueurs-pour-tableau-blanc-noir-rouge-bleu-vert-schneider#primaryimage","url":"https:\/\/papex.sn\/wp-content\/uploads\/2022\/09\/4004675000842_2@L3ImqT9gBv10pzygXl10nUIgLz5unJjeAQHjrQD1ZPfgM3Wuqzy0rFgwMJ50MKVeYJI4qTIhqPf0AGO4AQHj.jpg","contentUrl":"https:\/\/papex.sn\/wp-content\/uploads\/2022\/09\/4004675000842_2@L3ImqT9gBv10pzygXl10nUIgLz5unJjeAQHjrQD1ZPfgM3Wuqzy0rFgwMJ50MKVeYJI4qTIhqPf0AGO4AQHj.jpg","width":450,"height":450},{"@type":"BreadcrumbList","@id":"https:\/\/papex.sn\/?product=maxx-293-set-de-marqueurs-pour-tableau-blanc-noir-rouge-bleu-vert-schneider#breadcrumb","itemListElement":[{"@type":"ListItem","position":1,"name":"Accueil","item":"https:\/\/papex.sn\/"},{"@type":"ListItem","position":2,"name":"Boutique","item":"https:\/\/papex.sn\/?page_id=388"},{"@type":"ListItem","position":3,"name":"Marqueurs effa\u00e7able Maxx 290 &#8211; SCHNEIDER"}]},{"@type":"WebSite","@id":"https:\/\/papex.sn\/#website","url":"https:\/\/papex.sn\/","name":"PAPEX","description":"Papeterie Express","publisher":{"@id":"https:\/\/papex.sn\/#organization"},"potentialAction":[{"@type":"SearchAction","target":{"@type":"EntryPoint","urlTemplate":"https:\/\/papex.sn\/?s={search_term_string}"},"query-input":{"@type":"PropertyValueSpecification","valueRequired":true,"valueName":"search_term_string"}}],"inLanguage":"fr-FR"},{"@type":"Organization","@id":"https:\/\/papex.sn\/#organization","name":"PAPEX","url":"https:\/\/papex.sn\/","logo":{"@type":"ImageObject","inLanguage":"fr-FR","@id":"https:\/\/papex.sn\/#\/schema\/logo\/image\/","url":"https:\/\/papex.sn\/wp-content\/uploads\/2022\/05\/telechargement-1.jpg","contentUrl":"https:\/\/papex.sn\/wp-content\/uploads\/2022\/05\/telechargement-1.jpg","width":299,"height":168,"caption":"PAPEX"},"image":{"@id":"https:\/\/papex.sn\/#\/schema\/logo\/image\/"},"sameAs":["https:\/\/www.facebook.com\/PapexSarl","https:\/\/www.instagram.com\/papex.sarl\/"]}]}},"_links":{"self":[{"href":"https:\/\/papex.sn\/index.php?rest_route=\/wp\/v2\/product\/1589","targetHints":{"allow":["GET"]}}],"collection":[{"href":"https:\/\/papex.sn\/index.php?rest_route=\/wp\/v2\/product"}],"about":[{"href":"https:\/\/papex.sn\/index.php?rest_route=\/wp\/v2\/types\/product"}],"replies":[{"embeddable":true,"href":"https:\/\/papex.sn\/index.php?rest_route=%2Fwp%2Fv2%2Fcomments&post=1589"}],"version-history":[{"count":0,"href":"https:\/\/papex.sn\/index.php?rest_route=\/wp\/v2\/product\/1589\/revisions"}],"wp:featuredmedia":[{"embeddable":true,"href":"https:\/\/papex.sn\/index.php?rest_route=\/wp\/v2\/media\/2391"}],"wp:attachment":[{"href":"https:\/\/papex.sn\/index.php?rest_route=%2Fwp%2Fv2%2Fmedia&parent=1589"}],"wp:term":[{"taxonomy":"product_brand","embeddable":true,"href":"https:\/\/papex.sn\/index.php?rest_route=%2Fwp%2Fv2%2Fproduct_brand&post=1589"},{"taxonomy":"product_cat","embeddable":true,"href":"https:\/\/papex.sn\/index.php?rest_route=%2Fwp%2Fv2%2Fproduct_cat&post=1589"},{"taxonomy":"product_tag","embeddable":true,"href":"https:\/\/papex.sn\/index.php?rest_route=%2Fwp%2Fv2%2Fproduct_tag&post=1589"}],"curies":[{"name":"wp","href":"https:\/\/api.w.org\/{rel}","templated":true}]}}