{"id":1585,"date":"2022-09-06T12:57:55","date_gmt":"2022-09-06T12:57:55","guid":{"rendered":"https:\/\/papex.sn\/?product=destructeur-de-papier-momentum-x312-rexel-2"},"modified":"2024-07-09T10:50:16","modified_gmt":"2024-07-09T10:50:16","slug":"destructeur-de-papier-momentum-x312-rexel-2","status":"publish","type":"product","link":"https:\/\/papex.sn\/?product=destructeur-de-papier-momentum-x312-rexel-2","title":{"rendered":"Destructeur de papier &#8211; Momentum X312 &#8211; REXEL"},"content":{"rendered":"<table class=\"table mce-item-table\" id=\"tb_features\" style=\"margin: 0px 0px 30px;padding: 0px;line-height: inherit;font-family: Lato, sans-serif;font-size: 14px;vertical-align: baseline;border-collapse: collapse;border-spacing: 0px;max-width: 100%;width: 337.5px\" data-mce-style=\"margin: 0px 0px 30px; padding: 0px; line-height: inherit; font-family: Lato, sans-serif; font-size: 14px; vertical-align: baseline; border-collapse: collapse; border-spacing: 0px; max-width: 100%; width: 337.5px;\">\n<tbody style=\"margin: 0px;padding: 0px;font-style: inherit;font-variant: inherit;font-weight: inherit;line-height: inherit;font-family: inherit;vertical-align: baseline\" data-mce-style=\"margin: 0px; padding: 0px; font-style: inherit; font-variant: inherit; font-weight: inherit; line-height: inherit; font-family: inherit; vertical-align: baseline;\">\n<tr class=\"odd\" style=\"margin: 0px;padding: 0px;font-style: inherit;font-variant: inherit;font-weight: inherit;line-height: inherit;font-family: inherit;vertical-align: baseline\" data-mce-style=\"margin: 0px; padding: 0px; font-style: inherit; font-variant: inherit; font-weight: inherit; line-height: inherit; font-family: inherit; vertical-align: baseline;\">\n<td style=\"margin: 0px;padding: 10px 11px;border-width: 1px 0px 0px;font-style: inherit;font-variant: inherit;line-height: 1.42857;font-size: 14px;vertical-align: middle;border-style: solid initial initial initial\" data-mce-style=\"margin: 0px; padding: 10px 11px; border-width: 1px 0px 0px; font-style: inherit; font-variant: inherit; line-height: 1.42857; font-size: 14px; vertical-align: middle; border-style: solid initial initial initial;\">Marques<\/td>\n<td style=\"margin: 0px;padding: 10px 11px;border-width: 1px 0px 0px;font-style: inherit;font-variant: inherit;line-height: 1.42857;font-size: 14px;vertical-align: middle;border-style: solid initial initial initial\" data-mce-style=\"margin: 0px; padding: 10px 11px; border-width: 1px 0px 0px; font-style: inherit; font-variant: inherit; line-height: 1.42857; font-size: 14px; vertical-align: middle; border-style: solid initial initial initial;\"><b style=\"margin: 0px;padding: 0px;font-style: inherit;font-variant: inherit;line-height: inherit;font-family: inherit;vertical-align: baseline\" data-mce-style=\"margin: 0px; padding: 0px; font-style: inherit; font-variant: inherit; line-height: inherit; font-family: inherit; vertical-align: baseline;\">Rexel<\/b><\/td>\n<\/tr>\n<tr class=\"even\" style=\"margin: 0px;padding: 0px;font-style: inherit;font-variant: inherit;font-weight: inherit;line-height: inherit;font-family: inherit;vertical-align: baseline\" data-mce-style=\"margin: 0px; padding: 0px; font-style: inherit; font-variant: inherit; font-weight: inherit; line-height: inherit; font-family: inherit; vertical-align: baseline;\">\n<td style=\"margin: 0px;padding: 10px 11px;border-width: 1px 0px 0px;font-style: inherit;font-variant: inherit;line-height: 1.42857;font-size: 14px;vertical-align: middle;border-style: solid initial initial initial\" data-mce-style=\"margin: 0px; padding: 10px 11px; border-width: 1px 0px 0px; font-style: inherit; font-variant: inherit; line-height: 1.42857; font-size: 14px; vertical-align: middle; border-style: solid initial initial initial;\">Capacit\u00e9 corbeille<\/td>\n<td style=\"margin: 0px;padding: 10px 11px;border-width: 1px 0px 0px;font-style: inherit;font-variant: inherit;line-height: 1.42857;font-size: 14px;vertical-align: middle;border-style: solid initial initial initial\" data-mce-style=\"margin: 0px; padding: 10px 11px; border-width: 1px 0px 0px; font-style: inherit; font-variant: inherit; line-height: 1.42857; font-size: 14px; vertical-align: middle; border-style: solid initial initial initial;\"><b style=\"margin: 0px;padding: 0px;font-style: inherit;font-variant: inherit;line-height: inherit;font-family: inherit;vertical-align: baseline\" data-mce-style=\"margin: 0px; padding: 0px; font-style: inherit; font-variant: inherit; line-height: inherit; font-family: inherit; vertical-align: baseline;\">23 L<\/b><\/td>\n<\/tr>\n<tr class=\"odd\" style=\"margin: 0px;padding: 0px;font-style: inherit;font-variant: inherit;font-weight: inherit;line-height: inherit;font-family: inherit;vertical-align: baseline\" data-mce-style=\"margin: 0px; padding: 0px; font-style: inherit; font-variant: inherit; font-weight: inherit; line-height: inherit; font-family: inherit; vertical-align: baseline;\">\n<td style=\"margin: 0px;padding: 10px 11px;border-width: 1px 0px 0px;font-style: inherit;font-variant: inherit;line-height: 1.42857;font-size: 14px;vertical-align: middle;border-style: solid initial initial initial\" data-mce-style=\"margin: 0px; padding: 10px 11px; border-width: 1px 0px 0px; font-style: inherit; font-variant: inherit; line-height: 1.42857; font-size: 14px; vertical-align: middle; border-style: solid initial initial initial;\">Couleur<\/td>\n<td style=\"margin: 0px;padding: 10px 11px;border-width: 1px 0px 0px;font-style: inherit;font-variant: inherit;line-height: 1.42857;font-size: 14px;vertical-align: middle;border-style: solid initial initial initial\" data-mce-style=\"margin: 0px; padding: 10px 11px; border-width: 1px 0px 0px; font-style: inherit; font-variant: inherit; line-height: 1.42857; font-size: 14px; vertical-align: middle; border-style: solid initial initial initial;\"><b style=\"margin: 0px;padding: 0px;font-style: inherit;font-variant: inherit;line-height: inherit;font-family: inherit;vertical-align: baseline\" data-mce-style=\"margin: 0px; padding: 0px; font-style: inherit; font-variant: inherit; line-height: inherit; font-family: inherit; vertical-align: baseline;\">noir<\/b><\/td>\n<\/tr>\n<tr class=\"even\" style=\"margin: 0px;padding: 0px;font-style: inherit;font-variant: inherit;font-weight: inherit;line-height: inherit;font-family: inherit;vertical-align: baseline\" data-mce-style=\"margin: 0px; padding: 0px; font-style: inherit; font-variant: inherit; font-weight: inherit; line-height: inherit; font-family: inherit; vertical-align: baseline;\">\n<td style=\"margin: 0px;padding: 10px 11px;border-width: 1px 0px 0px;font-style: inherit;font-variant: inherit;line-height: 1.42857;font-size: 14px;vertical-align: middle;border-style: solid initial initial initial\" data-mce-style=\"margin: 0px; padding: 10px 11px; border-width: 1px 0px 0px; font-style: inherit; font-variant: inherit; line-height: 1.42857; font-size: 14px; vertical-align: middle; border-style: solid initial initial initial;\">Destruction<\/td>\n<td style=\"margin: 0px;padding: 10px 11px;border-width: 1px 0px 0px;font-style: inherit;font-variant: inherit;line-height: 1.42857;font-size: 14px;vertical-align: middle;border-style: solid initial initial initial\" data-mce-style=\"margin: 0px; padding: 10px 11px; border-width: 1px 0px 0px; font-style: inherit; font-variant: inherit; line-height: 1.42857; font-size: 14px; vertical-align: middle; border-style: solid initial initial initial;\"><b style=\"margin: 0px;padding: 0px;font-style: inherit;font-variant: inherit;line-height: inherit;font-family: inherit;vertical-align: baseline\" data-mce-style=\"margin: 0px; padding: 0px; font-style: inherit; font-variant: inherit; line-height: inherit; font-family: inherit; vertical-align: baseline;\">Manuelle<\/b><\/td>\n<\/tr>\n<tr class=\"odd\" style=\"margin: 0px;padding: 0px;font-style: inherit;font-variant: inherit;font-weight: inherit;line-height: inherit;font-family: inherit;vertical-align: baseline\" data-mce-style=\"margin: 0px; padding: 0px; font-style: inherit; font-variant: inherit; font-weight: inherit; line-height: inherit; font-family: inherit; vertical-align: baseline;\">\n<td style=\"margin: 0px;padding: 10px 11px;border-width: 1px 0px 0px;font-style: inherit;font-variant: inherit;line-height: 1.42857;font-size: 14px;vertical-align: middle;border-style: solid initial initial initial\" data-mce-style=\"margin: 0px; padding: 10px 11px; border-width: 1px 0px 0px; font-style: inherit; font-variant: inherit; line-height: 1.42857; font-size: 14px; vertical-align: middle; border-style: solid initial initial initial;\">Niveau de s\u00e9curit\u00e9<\/td>\n<td style=\"margin: 0px;padding: 10px 11px;border-width: 1px 0px 0px;font-style: inherit;font-variant: inherit;line-height: 1.42857;font-size: 14px;vertical-align: middle;border-style: solid initial initial initial\" data-mce-style=\"margin: 0px; padding: 10px 11px; border-width: 1px 0px 0px; font-style: inherit; font-variant: inherit; line-height: 1.42857; font-size: 14px; vertical-align: middle; border-style: solid initial initial initial;\"><b style=\"margin: 0px;padding: 0px;font-style: inherit;font-variant: inherit;line-height: inherit;font-family: inherit;vertical-align: baseline\" data-mce-style=\"margin: 0px; padding: 0px; font-style: inherit; font-variant: inherit; line-height: inherit; font-family: inherit; vertical-align: baseline;\">P-3<\/b><\/td>\n<\/tr>\n<tr class=\"even\" style=\"margin: 0px;padding: 0px;font-style: inherit;font-variant: inherit;font-weight: inherit;line-height: inherit;font-family: inherit;vertical-align: baseline\" data-mce-style=\"margin: 0px; padding: 0px; font-style: inherit; font-variant: inherit; font-weight: inherit; line-height: inherit; font-family: inherit; vertical-align: baseline;\">\n<td style=\"margin: 0px;padding: 10px 11px;border-width: 1px 0px 0px;font-style: inherit;font-variant: inherit;line-height: 1.42857;font-size: 14px;vertical-align: middle;border-style: solid initial initial initial\" data-mce-style=\"margin: 0px; padding: 10px 11px; border-width: 1px 0px 0px; font-style: inherit; font-variant: inherit; line-height: 1.42857; font-size: 14px; vertical-align: middle; border-style: solid initial initial initial;\">Type coupe<\/td>\n<td style=\"margin: 0px;padding: 10px 11px;border-width: 1px 0px 0px;font-style: inherit;font-variant: inherit;line-height: 1.42857;font-size: 14px;vertical-align: middle;border-style: solid initial initial initial\" data-mce-style=\"margin: 0px; padding: 10px 11px; border-width: 1px 0px 0px; font-style: inherit; font-variant: inherit; line-height: 1.42857; font-size: 14px; vertical-align: middle; border-style: solid initial initial initial;\"><b style=\"margin: 0px;padding: 0px;font-style: inherit;font-variant: inherit;line-height: inherit;font-family: inherit;vertical-align: baseline\" data-mce-style=\"margin: 0px; padding: 0px; font-style: inherit; font-variant: inherit; line-height: inherit; font-family: inherit; vertical-align: baseline;\">Coupe crois\u00e9e<\/b><\/td>\n<\/tr>\n<tr class=\"odd\" style=\"margin: 0px;padding: 0px;font-style: inherit;font-variant: inherit;font-weight: inherit;line-height: inherit;font-family: inherit;vertical-align: baseline\" data-mce-style=\"margin: 0px; padding: 0px; font-style: inherit; font-variant: inherit; font-weight: inherit; line-height: inherit; font-family: inherit; vertical-align: baseline;\">\n<td style=\"margin: 0px;padding: 10px 11px;border-width: 1px 0px 0px;font-style: inherit;font-variant: inherit;line-height: 1.42857;font-size: 14px;vertical-align: middle;border-style: solid initial initial initial\" data-mce-style=\"margin: 0px; padding: 10px 11px; border-width: 1px 0px 0px; font-style: inherit; font-variant: inherit; line-height: 1.42857; font-size: 14px; vertical-align: middle; border-style: solid initial initial initial;\">Capacit\u00e9 en p<\/td>\n<td style=\"margin: 0px;padding: 10px 11px;border-width: 1px 0px 0px;font-style: inherit;font-variant: inherit;line-height: 1.42857;font-size: 14px;vertical-align: middle;border-style: solid initial initial initial\" data-mce-style=\"margin: 0px; padding: 10px 11px; border-width: 1px 0px 0px; font-style: inherit; font-variant: inherit; line-height: 1.42857; font-size: 14px; vertical-align: middle; border-style: solid initial initial initial;\"><b style=\"margin: 0px;padding: 0px;font-style: inherit;font-variant: inherit;line-height: inherit;font-family: inherit;vertical-align: baseline\" data-mce-style=\"margin: 0px; padding: 0px; font-style: inherit; font-variant: inherit; line-height: inherit; font-family: inherit; vertical-align: baseline;\">12 pages<\/b><\/td>\n<\/tr>\n<\/tbody>\n<\/table>\n","protected":false},"excerpt":{"rendered":"<p>&#8211; D\u00e9truit jusqu&rsquo;\u00e0 12 feuilles. Niveau de s\u00e9curit\u00e9 bon P3<br \/>&#8211; Coupe Crois\u00e9e (5 x 42 mm)<br \/>&#8211; Cycle de fonctionnement de 6 minutes<br \/>&#8211; Large corbeille de 23 litres pouvant contenir jusqu&rsquo;\u00e0 200 feuilles<br \/>&#8211; Couleur : noir<\/p>\n","protected":false},"featured_media":538,"comment_status":"open","ping_status":"closed","template":"","meta":[],"product_brand":[],"product_cat":[39,103,102],"product_tag":[],"class_list":{"0":"post-1585","1":"product","2":"type-product","3":"status-publish","4":"has-post-thumbnail","6":"product_cat-bureautique-informatique","7":"product_cat-destructeur-de-papier","8":"product_cat-materiel-informatique","10":"first","11":"instock","12":"shipping-taxable","13":"product-type-simple"},"yoast_head":"<!-- This site is optimized with the Yoast SEO plugin v27.4 - https:\/\/yoast.com\/product\/yoast-seo-wordpress\/ -->\n<title>Destructeur de papier - Momentum X312 - REXEL - PAPEX<\/title>\n<meta name=\"robots\" content=\"index, follow, max-snippet:-1, max-image-preview:large, max-video-preview:-1\" \/>\n<link rel=\"canonical\" href=\"https:\/\/papex.sn\/?product=destructeur-de-papier-momentum-x312-rexel-2\" \/>\n<meta property=\"og:locale\" content=\"fr_FR\" \/>\n<meta property=\"og:type\" content=\"article\" \/>\n<meta property=\"og:title\" content=\"Destructeur de papier - Momentum X312 - REXEL - PAPEX\" \/>\n<meta property=\"og:description\" content=\"- D\u00e9truit jusqu&#039;\u00e0 12 feuilles. Niveau de s\u00e9curit\u00e9 bon P3- Coupe Crois\u00e9e (5 x 42 mm)- Cycle de fonctionnement de 6 minutes- Large corbeille de 23 litres pouvant contenir jusqu&#039;\u00e0 200 feuilles- Couleur : noir\" \/>\n<meta property=\"og:url\" content=\"https:\/\/papex.sn\/?product=destructeur-de-papier-momentum-x312-rexel-2\" \/>\n<meta property=\"og:site_name\" content=\"PAPEX\" \/>\n<meta property=\"article:publisher\" content=\"https:\/\/www.facebook.com\/PapexSarl\" \/>\n<meta property=\"article:modified_time\" content=\"2024-07-09T10:50:16+00:00\" \/>\n<meta property=\"og:image\" content=\"https:\/\/papex.sn\/wp-content\/uploads\/2022\/05\/Destructeur-de-papier-Momentum-X312-REXEL.jpg\" \/>\n\t<meta property=\"og:image:width\" content=\"600\" \/>\n\t<meta property=\"og:image:height\" content=\"600\" \/>\n\t<meta property=\"og:image:type\" content=\"image\/jpeg\" \/>\n<meta name=\"twitter:card\" content=\"summary_large_image\" \/>\n<script type=\"application\/ld+json\" class=\"yoast-schema-graph\">{\"@context\":\"https:\\\/\\\/schema.org\",\"@graph\":[{\"@type\":\"WebPage\",\"@id\":\"https:\\\/\\\/papex.sn\\\/?product=destructeur-de-papier-momentum-x312-rexel-2\",\"url\":\"https:\\\/\\\/papex.sn\\\/?product=destructeur-de-papier-momentum-x312-rexel-2\",\"name\":\"Destructeur de papier - Momentum X312 - REXEL - PAPEX\",\"isPartOf\":{\"@id\":\"https:\\\/\\\/papex.sn\\\/#website\"},\"primaryImageOfPage\":{\"@id\":\"https:\\\/\\\/papex.sn\\\/?product=destructeur-de-papier-momentum-x312-rexel-2#primaryimage\"},\"image\":{\"@id\":\"https:\\\/\\\/papex.sn\\\/?product=destructeur-de-papier-momentum-x312-rexel-2#primaryimage\"},\"thumbnailUrl\":\"https:\\\/\\\/papex.sn\\\/wp-content\\\/uploads\\\/2022\\\/05\\\/Destructeur-de-papier-Momentum-X312-REXEL.jpg\",\"datePublished\":\"2022-09-06T12:57:55+00:00\",\"dateModified\":\"2024-07-09T10:50:16+00:00\",\"breadcrumb\":{\"@id\":\"https:\\\/\\\/papex.sn\\\/?product=destructeur-de-papier-momentum-x312-rexel-2#breadcrumb\"},\"inLanguage\":\"fr-FR\",\"potentialAction\":[{\"@type\":\"ReadAction\",\"target\":[\"https:\\\/\\\/papex.sn\\\/?product=destructeur-de-papier-momentum-x312-rexel-2\"]}]},{\"@type\":\"ImageObject\",\"inLanguage\":\"fr-FR\",\"@id\":\"https:\\\/\\\/papex.sn\\\/?product=destructeur-de-papier-momentum-x312-rexel-2#primaryimage\",\"url\":\"https:\\\/\\\/papex.sn\\\/wp-content\\\/uploads\\\/2022\\\/05\\\/Destructeur-de-papier-Momentum-X312-REXEL.jpg\",\"contentUrl\":\"https:\\\/\\\/papex.sn\\\/wp-content\\\/uploads\\\/2022\\\/05\\\/Destructeur-de-papier-Momentum-X312-REXEL.jpg\",\"width\":600,\"height\":600},{\"@type\":\"BreadcrumbList\",\"@id\":\"https:\\\/\\\/papex.sn\\\/?product=destructeur-de-papier-momentum-x312-rexel-2#breadcrumb\",\"itemListElement\":[{\"@type\":\"ListItem\",\"position\":1,\"name\":\"Accueil\",\"item\":\"https:\\\/\\\/papex.sn\\\/\"},{\"@type\":\"ListItem\",\"position\":2,\"name\":\"Boutique\",\"item\":\"https:\\\/\\\/papex.sn\\\/?page_id=388\"},{\"@type\":\"ListItem\",\"position\":3,\"name\":\"Destructeur de papier &#8211; Momentum X312 &#8211; REXEL\"}]},{\"@type\":\"WebSite\",\"@id\":\"https:\\\/\\\/papex.sn\\\/#website\",\"url\":\"https:\\\/\\\/papex.sn\\\/\",\"name\":\"PAPEX\",\"description\":\"Papeterie Express\",\"publisher\":{\"@id\":\"https:\\\/\\\/papex.sn\\\/#organization\"},\"potentialAction\":[{\"@type\":\"SearchAction\",\"target\":{\"@type\":\"EntryPoint\",\"urlTemplate\":\"https:\\\/\\\/papex.sn\\\/?s={search_term_string}\"},\"query-input\":{\"@type\":\"PropertyValueSpecification\",\"valueRequired\":true,\"valueName\":\"search_term_string\"}}],\"inLanguage\":\"fr-FR\"},{\"@type\":\"Organization\",\"@id\":\"https:\\\/\\\/papex.sn\\\/#organization\",\"name\":\"PAPEX\",\"url\":\"https:\\\/\\\/papex.sn\\\/\",\"logo\":{\"@type\":\"ImageObject\",\"inLanguage\":\"fr-FR\",\"@id\":\"https:\\\/\\\/papex.sn\\\/#\\\/schema\\\/logo\\\/image\\\/\",\"url\":\"https:\\\/\\\/papex.sn\\\/wp-content\\\/uploads\\\/2022\\\/05\\\/telechargement-1.jpg\",\"contentUrl\":\"https:\\\/\\\/papex.sn\\\/wp-content\\\/uploads\\\/2022\\\/05\\\/telechargement-1.jpg\",\"width\":299,\"height\":168,\"caption\":\"PAPEX\"},\"image\":{\"@id\":\"https:\\\/\\\/papex.sn\\\/#\\\/schema\\\/logo\\\/image\\\/\"},\"sameAs\":[\"https:\\\/\\\/www.facebook.com\\\/PapexSarl\",\"https:\\\/\\\/www.instagram.com\\\/papex.sarl\\\/\"]}]}<\/script>\n<!-- \/ Yoast SEO plugin. -->","yoast_head_json":{"title":"Destructeur de papier - Momentum X312 - REXEL - PAPEX","robots":{"index":"index","follow":"follow","max-snippet":"max-snippet:-1","max-image-preview":"max-image-preview:large","max-video-preview":"max-video-preview:-1"},"canonical":"https:\/\/papex.sn\/?product=destructeur-de-papier-momentum-x312-rexel-2","og_locale":"fr_FR","og_type":"article","og_title":"Destructeur de papier - Momentum X312 - REXEL - PAPEX","og_description":"- D\u00e9truit jusqu'\u00e0 12 feuilles. Niveau de s\u00e9curit\u00e9 bon P3- Coupe Crois\u00e9e (5 x 42 mm)- Cycle de fonctionnement de 6 minutes- Large corbeille de 23 litres pouvant contenir jusqu'\u00e0 200 feuilles- Couleur : noir","og_url":"https:\/\/papex.sn\/?product=destructeur-de-papier-momentum-x312-rexel-2","og_site_name":"PAPEX","article_publisher":"https:\/\/www.facebook.com\/PapexSarl","article_modified_time":"2024-07-09T10:50:16+00:00","og_image":[{"width":600,"height":600,"url":"https:\/\/papex.sn\/wp-content\/uploads\/2022\/05\/Destructeur-de-papier-Momentum-X312-REXEL.jpg","type":"image\/jpeg"}],"twitter_card":"summary_large_image","schema":{"@context":"https:\/\/schema.org","@graph":[{"@type":"WebPage","@id":"https:\/\/papex.sn\/?product=destructeur-de-papier-momentum-x312-rexel-2","url":"https:\/\/papex.sn\/?product=destructeur-de-papier-momentum-x312-rexel-2","name":"Destructeur de papier - Momentum X312 - REXEL - PAPEX","isPartOf":{"@id":"https:\/\/papex.sn\/#website"},"primaryImageOfPage":{"@id":"https:\/\/papex.sn\/?product=destructeur-de-papier-momentum-x312-rexel-2#primaryimage"},"image":{"@id":"https:\/\/papex.sn\/?product=destructeur-de-papier-momentum-x312-rexel-2#primaryimage"},"thumbnailUrl":"https:\/\/papex.sn\/wp-content\/uploads\/2022\/05\/Destructeur-de-papier-Momentum-X312-REXEL.jpg","datePublished":"2022-09-06T12:57:55+00:00","dateModified":"2024-07-09T10:50:16+00:00","breadcrumb":{"@id":"https:\/\/papex.sn\/?product=destructeur-de-papier-momentum-x312-rexel-2#breadcrumb"},"inLanguage":"fr-FR","potentialAction":[{"@type":"ReadAction","target":["https:\/\/papex.sn\/?product=destructeur-de-papier-momentum-x312-rexel-2"]}]},{"@type":"ImageObject","inLanguage":"fr-FR","@id":"https:\/\/papex.sn\/?product=destructeur-de-papier-momentum-x312-rexel-2#primaryimage","url":"https:\/\/papex.sn\/wp-content\/uploads\/2022\/05\/Destructeur-de-papier-Momentum-X312-REXEL.jpg","contentUrl":"https:\/\/papex.sn\/wp-content\/uploads\/2022\/05\/Destructeur-de-papier-Momentum-X312-REXEL.jpg","width":600,"height":600},{"@type":"BreadcrumbList","@id":"https:\/\/papex.sn\/?product=destructeur-de-papier-momentum-x312-rexel-2#breadcrumb","itemListElement":[{"@type":"ListItem","position":1,"name":"Accueil","item":"https:\/\/papex.sn\/"},{"@type":"ListItem","position":2,"name":"Boutique","item":"https:\/\/papex.sn\/?page_id=388"},{"@type":"ListItem","position":3,"name":"Destructeur de papier &#8211; Momentum X312 &#8211; REXEL"}]},{"@type":"WebSite","@id":"https:\/\/papex.sn\/#website","url":"https:\/\/papex.sn\/","name":"PAPEX","description":"Papeterie Express","publisher":{"@id":"https:\/\/papex.sn\/#organization"},"potentialAction":[{"@type":"SearchAction","target":{"@type":"EntryPoint","urlTemplate":"https:\/\/papex.sn\/?s={search_term_string}"},"query-input":{"@type":"PropertyValueSpecification","valueRequired":true,"valueName":"search_term_string"}}],"inLanguage":"fr-FR"},{"@type":"Organization","@id":"https:\/\/papex.sn\/#organization","name":"PAPEX","url":"https:\/\/papex.sn\/","logo":{"@type":"ImageObject","inLanguage":"fr-FR","@id":"https:\/\/papex.sn\/#\/schema\/logo\/image\/","url":"https:\/\/papex.sn\/wp-content\/uploads\/2022\/05\/telechargement-1.jpg","contentUrl":"https:\/\/papex.sn\/wp-content\/uploads\/2022\/05\/telechargement-1.jpg","width":299,"height":168,"caption":"PAPEX"},"image":{"@id":"https:\/\/papex.sn\/#\/schema\/logo\/image\/"},"sameAs":["https:\/\/www.facebook.com\/PapexSarl","https:\/\/www.instagram.com\/papex.sarl\/"]}]}},"_links":{"self":[{"href":"https:\/\/papex.sn\/index.php?rest_route=\/wp\/v2\/product\/1585","targetHints":{"allow":["GET"]}}],"collection":[{"href":"https:\/\/papex.sn\/index.php?rest_route=\/wp\/v2\/product"}],"about":[{"href":"https:\/\/papex.sn\/index.php?rest_route=\/wp\/v2\/types\/product"}],"replies":[{"embeddable":true,"href":"https:\/\/papex.sn\/index.php?rest_route=%2Fwp%2Fv2%2Fcomments&post=1585"}],"version-history":[{"count":1,"href":"https:\/\/papex.sn\/index.php?rest_route=\/wp\/v2\/product\/1585\/revisions"}],"predecessor-version":[{"id":3522,"href":"https:\/\/papex.sn\/index.php?rest_route=\/wp\/v2\/product\/1585\/revisions\/3522"}],"wp:featuredmedia":[{"embeddable":true,"href":"https:\/\/papex.sn\/index.php?rest_route=\/wp\/v2\/media\/538"}],"wp:attachment":[{"href":"https:\/\/papex.sn\/index.php?rest_route=%2Fwp%2Fv2%2Fmedia&parent=1585"}],"wp:term":[{"taxonomy":"product_brand","embeddable":true,"href":"https:\/\/papex.sn\/index.php?rest_route=%2Fwp%2Fv2%2Fproduct_brand&post=1585"},{"taxonomy":"product_cat","embeddable":true,"href":"https:\/\/papex.sn\/index.php?rest_route=%2Fwp%2Fv2%2Fproduct_cat&post=1585"},{"taxonomy":"product_tag","embeddable":true,"href":"https:\/\/papex.sn\/index.php?rest_route=%2Fwp%2Fv2%2Fproduct_tag&post=1585"}],"curies":[{"name":"wp","href":"https:\/\/api.w.org\/{rel}","templated":true}]}}