{"id":1584,"date":"2022-09-06T12:57:54","date_gmt":"2022-09-06T12:57:54","guid":{"rendered":"https:\/\/papex.sn\/?product=destructeur-de-papier-momentum-x308-rexel-2"},"modified":"2024-07-09T10:51:07","modified_gmt":"2024-07-09T10:51:07","slug":"destructeur-de-papier-momentum-x308-rexel-2","status":"publish","type":"product","link":"https:\/\/papex.sn\/?product=destructeur-de-papier-momentum-x308-rexel-2","title":{"rendered":"Destructeur de papier &#8211; Momentum X308 &#8211; REXEL"},"content":{"rendered":"<p>Alimentation automatique Non<\/p>\n<p>Avec filtre \u00e0 particules Non<\/p>\n<p>Capacit\u00e9 d&rsquo;entr\u00e9e8<\/p>\n<p>Capacit\u00e9 du bac collecteur15 l<\/p>\n<p>Configuration requise Geen<\/p>\n<p>Contenu de l&#8217;emballage1 destructeur de papier<\/p>\n<p>Couleur Noir<\/p>\n<p>Format du papierA4<\/p>\n<p>Hauteur de l&#8217;emballage273 mm<\/p>\n<p>Hauteur du produit343 mm<\/p>\n<p>Huilage automatique Non<\/p>\n<p>Langue du guide d&rsquo;utilisation Universel<\/p>\n<p>Largeur d&#8217;emballage378 mm<\/p>\n<p>Largeur du produit325 mm<\/p>\n<p>Longueur d&#8217;emballage389 mm<\/p>\n<p>Longueur du produit325 mm<\/p>\n<p>Marquage de CE Visible<\/p>\n<p>NPP (num\u00e9ro de pi\u00e8ce du fabricant)2104570EU<\/p>\n<p>Norme de s\u00e9curit\u00e9P-3<\/p>\n<p>Options d&rsquo;entr\u00e9e Papier<\/p>\n<p>Poids5.20 kg<\/p>\n<p>Technologie anti-blocage Oui<\/p>\n<p>Type d&rsquo;alimentation Adaptateur \/ secteur<\/p>\n<p>Type de coupe Crois\u00e9<\/p>\n","protected":false},"excerpt":{"rendered":"<p>&#8211; D\u00e9chiquette jusqu&rsquo;\u00e0 8 feuilles en m\u00eame temps<br \/>&#8211; Bon niveau de s\u00e9curit\u00e9 de d\u00e9chiquetage avec P3, coupe Cross jetons de morceaux de 5x42mm<br \/>&#8211; D\u00e9chiquetez plus de papier avec une autonomie continue de 3 minutes<br \/>&#8211; D\u00e9truit facilement plusieurs documents, m\u00eame avec des agrafes et des trombones dans les coins<br \/>&#8211; Un bac de 15L pour 100 feuilles A4<\/p>\n","protected":false},"featured_media":534,"comment_status":"open","ping_status":"closed","template":"","meta":[],"product_brand":[],"product_cat":[39,103,102],"product_tag":[],"class_list":{"0":"post-1584","1":"product","2":"type-product","3":"status-publish","4":"has-post-thumbnail","6":"product_cat-bureautique-informatique","7":"product_cat-destructeur-de-papier","8":"product_cat-materiel-informatique","10":"first","11":"instock","12":"shipping-taxable","13":"product-type-simple"},"yoast_head":"<!-- This site is optimized with the Yoast SEO plugin v27.3 - https:\/\/yoast.com\/product\/yoast-seo-wordpress\/ -->\n<title>Destructeur de papier - Momentum X308 - REXEL - PAPEX<\/title>\n<meta name=\"robots\" content=\"index, follow, max-snippet:-1, max-image-preview:large, max-video-preview:-1\" \/>\n<link rel=\"canonical\" href=\"https:\/\/papex.sn\/?product=destructeur-de-papier-momentum-x308-rexel-2\" \/>\n<meta property=\"og:locale\" content=\"fr_FR\" \/>\n<meta property=\"og:type\" content=\"article\" \/>\n<meta property=\"og:title\" content=\"Destructeur de papier - Momentum X308 - REXEL - PAPEX\" \/>\n<meta property=\"og:description\" content=\"- D\u00e9chiquette jusqu&#039;\u00e0 8 feuilles en m\u00eame temps- Bon niveau de s\u00e9curit\u00e9 de d\u00e9chiquetage avec P3, coupe Cross jetons de morceaux de 5x42mm- D\u00e9chiquetez plus de papier avec une autonomie continue de 3 minutes- D\u00e9truit facilement plusieurs documents, m\u00eame avec des agrafes et des trombones dans les coins- Un bac de 15L pour 100 feuilles A4\" \/>\n<meta property=\"og:url\" content=\"https:\/\/papex.sn\/?product=destructeur-de-papier-momentum-x308-rexel-2\" \/>\n<meta property=\"og:site_name\" content=\"PAPEX\" \/>\n<meta property=\"article:publisher\" content=\"https:\/\/www.facebook.com\/PapexSarl\" \/>\n<meta property=\"article:modified_time\" content=\"2024-07-09T10:51:07+00:00\" \/>\n<meta property=\"og:image\" content=\"https:\/\/papex.sn\/wp-content\/uploads\/2022\/05\/Destructeur-de-papier-Momentum-X308-REXEL.jpg\" \/>\n\t<meta property=\"og:image:width\" content=\"600\" \/>\n\t<meta property=\"og:image:height\" content=\"600\" \/>\n\t<meta property=\"og:image:type\" content=\"image\/jpeg\" \/>\n<meta name=\"twitter:card\" content=\"summary_large_image\" \/>\n<script type=\"application\/ld+json\" class=\"yoast-schema-graph\">{\"@context\":\"https:\\\/\\\/schema.org\",\"@graph\":[{\"@type\":\"WebPage\",\"@id\":\"https:\\\/\\\/papex.sn\\\/?product=destructeur-de-papier-momentum-x308-rexel-2\",\"url\":\"https:\\\/\\\/papex.sn\\\/?product=destructeur-de-papier-momentum-x308-rexel-2\",\"name\":\"Destructeur de papier - Momentum X308 - REXEL - PAPEX\",\"isPartOf\":{\"@id\":\"https:\\\/\\\/papex.sn\\\/#website\"},\"primaryImageOfPage\":{\"@id\":\"https:\\\/\\\/papex.sn\\\/?product=destructeur-de-papier-momentum-x308-rexel-2#primaryimage\"},\"image\":{\"@id\":\"https:\\\/\\\/papex.sn\\\/?product=destructeur-de-papier-momentum-x308-rexel-2#primaryimage\"},\"thumbnailUrl\":\"https:\\\/\\\/papex.sn\\\/wp-content\\\/uploads\\\/2022\\\/05\\\/Destructeur-de-papier-Momentum-X308-REXEL.jpg\",\"datePublished\":\"2022-09-06T12:57:54+00:00\",\"dateModified\":\"2024-07-09T10:51:07+00:00\",\"breadcrumb\":{\"@id\":\"https:\\\/\\\/papex.sn\\\/?product=destructeur-de-papier-momentum-x308-rexel-2#breadcrumb\"},\"inLanguage\":\"fr-FR\",\"potentialAction\":[{\"@type\":\"ReadAction\",\"target\":[\"https:\\\/\\\/papex.sn\\\/?product=destructeur-de-papier-momentum-x308-rexel-2\"]}]},{\"@type\":\"ImageObject\",\"inLanguage\":\"fr-FR\",\"@id\":\"https:\\\/\\\/papex.sn\\\/?product=destructeur-de-papier-momentum-x308-rexel-2#primaryimage\",\"url\":\"https:\\\/\\\/papex.sn\\\/wp-content\\\/uploads\\\/2022\\\/05\\\/Destructeur-de-papier-Momentum-X308-REXEL.jpg\",\"contentUrl\":\"https:\\\/\\\/papex.sn\\\/wp-content\\\/uploads\\\/2022\\\/05\\\/Destructeur-de-papier-Momentum-X308-REXEL.jpg\",\"width\":600,\"height\":600},{\"@type\":\"BreadcrumbList\",\"@id\":\"https:\\\/\\\/papex.sn\\\/?product=destructeur-de-papier-momentum-x308-rexel-2#breadcrumb\",\"itemListElement\":[{\"@type\":\"ListItem\",\"position\":1,\"name\":\"Accueil\",\"item\":\"https:\\\/\\\/papex.sn\\\/\"},{\"@type\":\"ListItem\",\"position\":2,\"name\":\"Boutique\",\"item\":\"https:\\\/\\\/papex.sn\\\/?page_id=388\"},{\"@type\":\"ListItem\",\"position\":3,\"name\":\"Destructeur de papier &#8211; Momentum X308 &#8211; REXEL\"}]},{\"@type\":\"WebSite\",\"@id\":\"https:\\\/\\\/papex.sn\\\/#website\",\"url\":\"https:\\\/\\\/papex.sn\\\/\",\"name\":\"PAPEX\",\"description\":\"Papeterie Express\",\"publisher\":{\"@id\":\"https:\\\/\\\/papex.sn\\\/#organization\"},\"potentialAction\":[{\"@type\":\"SearchAction\",\"target\":{\"@type\":\"EntryPoint\",\"urlTemplate\":\"https:\\\/\\\/papex.sn\\\/?s={search_term_string}\"},\"query-input\":{\"@type\":\"PropertyValueSpecification\",\"valueRequired\":true,\"valueName\":\"search_term_string\"}}],\"inLanguage\":\"fr-FR\"},{\"@type\":\"Organization\",\"@id\":\"https:\\\/\\\/papex.sn\\\/#organization\",\"name\":\"PAPEX\",\"url\":\"https:\\\/\\\/papex.sn\\\/\",\"logo\":{\"@type\":\"ImageObject\",\"inLanguage\":\"fr-FR\",\"@id\":\"https:\\\/\\\/papex.sn\\\/#\\\/schema\\\/logo\\\/image\\\/\",\"url\":\"https:\\\/\\\/papex.sn\\\/wp-content\\\/uploads\\\/2022\\\/05\\\/telechargement-1.jpg\",\"contentUrl\":\"https:\\\/\\\/papex.sn\\\/wp-content\\\/uploads\\\/2022\\\/05\\\/telechargement-1.jpg\",\"width\":299,\"height\":168,\"caption\":\"PAPEX\"},\"image\":{\"@id\":\"https:\\\/\\\/papex.sn\\\/#\\\/schema\\\/logo\\\/image\\\/\"},\"sameAs\":[\"https:\\\/\\\/www.facebook.com\\\/PapexSarl\",\"https:\\\/\\\/www.instagram.com\\\/papex.sarl\\\/\"]}]}<\/script>\n<!-- \/ Yoast SEO plugin. -->","yoast_head_json":{"title":"Destructeur de papier - Momentum X308 - REXEL - PAPEX","robots":{"index":"index","follow":"follow","max-snippet":"max-snippet:-1","max-image-preview":"max-image-preview:large","max-video-preview":"max-video-preview:-1"},"canonical":"https:\/\/papex.sn\/?product=destructeur-de-papier-momentum-x308-rexel-2","og_locale":"fr_FR","og_type":"article","og_title":"Destructeur de papier - Momentum X308 - REXEL - PAPEX","og_description":"- D\u00e9chiquette jusqu'\u00e0 8 feuilles en m\u00eame temps- Bon niveau de s\u00e9curit\u00e9 de d\u00e9chiquetage avec P3, coupe Cross jetons de morceaux de 5x42mm- D\u00e9chiquetez plus de papier avec une autonomie continue de 3 minutes- D\u00e9truit facilement plusieurs documents, m\u00eame avec des agrafes et des trombones dans les coins- Un bac de 15L pour 100 feuilles A4","og_url":"https:\/\/papex.sn\/?product=destructeur-de-papier-momentum-x308-rexel-2","og_site_name":"PAPEX","article_publisher":"https:\/\/www.facebook.com\/PapexSarl","article_modified_time":"2024-07-09T10:51:07+00:00","og_image":[{"width":600,"height":600,"url":"https:\/\/papex.sn\/wp-content\/uploads\/2022\/05\/Destructeur-de-papier-Momentum-X308-REXEL.jpg","type":"image\/jpeg"}],"twitter_card":"summary_large_image","schema":{"@context":"https:\/\/schema.org","@graph":[{"@type":"WebPage","@id":"https:\/\/papex.sn\/?product=destructeur-de-papier-momentum-x308-rexel-2","url":"https:\/\/papex.sn\/?product=destructeur-de-papier-momentum-x308-rexel-2","name":"Destructeur de papier - Momentum X308 - REXEL - PAPEX","isPartOf":{"@id":"https:\/\/papex.sn\/#website"},"primaryImageOfPage":{"@id":"https:\/\/papex.sn\/?product=destructeur-de-papier-momentum-x308-rexel-2#primaryimage"},"image":{"@id":"https:\/\/papex.sn\/?product=destructeur-de-papier-momentum-x308-rexel-2#primaryimage"},"thumbnailUrl":"https:\/\/papex.sn\/wp-content\/uploads\/2022\/05\/Destructeur-de-papier-Momentum-X308-REXEL.jpg","datePublished":"2022-09-06T12:57:54+00:00","dateModified":"2024-07-09T10:51:07+00:00","breadcrumb":{"@id":"https:\/\/papex.sn\/?product=destructeur-de-papier-momentum-x308-rexel-2#breadcrumb"},"inLanguage":"fr-FR","potentialAction":[{"@type":"ReadAction","target":["https:\/\/papex.sn\/?product=destructeur-de-papier-momentum-x308-rexel-2"]}]},{"@type":"ImageObject","inLanguage":"fr-FR","@id":"https:\/\/papex.sn\/?product=destructeur-de-papier-momentum-x308-rexel-2#primaryimage","url":"https:\/\/papex.sn\/wp-content\/uploads\/2022\/05\/Destructeur-de-papier-Momentum-X308-REXEL.jpg","contentUrl":"https:\/\/papex.sn\/wp-content\/uploads\/2022\/05\/Destructeur-de-papier-Momentum-X308-REXEL.jpg","width":600,"height":600},{"@type":"BreadcrumbList","@id":"https:\/\/papex.sn\/?product=destructeur-de-papier-momentum-x308-rexel-2#breadcrumb","itemListElement":[{"@type":"ListItem","position":1,"name":"Accueil","item":"https:\/\/papex.sn\/"},{"@type":"ListItem","position":2,"name":"Boutique","item":"https:\/\/papex.sn\/?page_id=388"},{"@type":"ListItem","position":3,"name":"Destructeur de papier &#8211; Momentum X308 &#8211; REXEL"}]},{"@type":"WebSite","@id":"https:\/\/papex.sn\/#website","url":"https:\/\/papex.sn\/","name":"PAPEX","description":"Papeterie Express","publisher":{"@id":"https:\/\/papex.sn\/#organization"},"potentialAction":[{"@type":"SearchAction","target":{"@type":"EntryPoint","urlTemplate":"https:\/\/papex.sn\/?s={search_term_string}"},"query-input":{"@type":"PropertyValueSpecification","valueRequired":true,"valueName":"search_term_string"}}],"inLanguage":"fr-FR"},{"@type":"Organization","@id":"https:\/\/papex.sn\/#organization","name":"PAPEX","url":"https:\/\/papex.sn\/","logo":{"@type":"ImageObject","inLanguage":"fr-FR","@id":"https:\/\/papex.sn\/#\/schema\/logo\/image\/","url":"https:\/\/papex.sn\/wp-content\/uploads\/2022\/05\/telechargement-1.jpg","contentUrl":"https:\/\/papex.sn\/wp-content\/uploads\/2022\/05\/telechargement-1.jpg","width":299,"height":168,"caption":"PAPEX"},"image":{"@id":"https:\/\/papex.sn\/#\/schema\/logo\/image\/"},"sameAs":["https:\/\/www.facebook.com\/PapexSarl","https:\/\/www.instagram.com\/papex.sarl\/"]}]}},"_links":{"self":[{"href":"https:\/\/papex.sn\/index.php?rest_route=\/wp\/v2\/product\/1584","targetHints":{"allow":["GET"]}}],"collection":[{"href":"https:\/\/papex.sn\/index.php?rest_route=\/wp\/v2\/product"}],"about":[{"href":"https:\/\/papex.sn\/index.php?rest_route=\/wp\/v2\/types\/product"}],"replies":[{"embeddable":true,"href":"https:\/\/papex.sn\/index.php?rest_route=%2Fwp%2Fv2%2Fcomments&post=1584"}],"version-history":[{"count":1,"href":"https:\/\/papex.sn\/index.php?rest_route=\/wp\/v2\/product\/1584\/revisions"}],"predecessor-version":[{"id":3527,"href":"https:\/\/papex.sn\/index.php?rest_route=\/wp\/v2\/product\/1584\/revisions\/3527"}],"wp:featuredmedia":[{"embeddable":true,"href":"https:\/\/papex.sn\/index.php?rest_route=\/wp\/v2\/media\/534"}],"wp:attachment":[{"href":"https:\/\/papex.sn\/index.php?rest_route=%2Fwp%2Fv2%2Fmedia&parent=1584"}],"wp:term":[{"taxonomy":"product_brand","embeddable":true,"href":"https:\/\/papex.sn\/index.php?rest_route=%2Fwp%2Fv2%2Fproduct_brand&post=1584"},{"taxonomy":"product_cat","embeddable":true,"href":"https:\/\/papex.sn\/index.php?rest_route=%2Fwp%2Fv2%2Fproduct_cat&post=1584"},{"taxonomy":"product_tag","embeddable":true,"href":"https:\/\/papex.sn\/index.php?rest_route=%2Fwp%2Fv2%2Fproduct_tag&post=1584"}],"curies":[{"name":"wp","href":"https:\/\/api.w.org\/{rel}","templated":true}]}}