{"id":1576,"date":"2022-09-06T12:57:53","date_gmt":"2022-09-06T12:57:53","guid":{"rendered":"https:\/\/papex.sn\/?product=cahier-96-pages-17x22-56g-seyes-calligraphe-2"},"modified":"2024-10-21T17:02:23","modified_gmt":"2024-10-21T17:02:23","slug":"cahier-96-pages-17x22-56g-seyes-calligraphe-2","status":"publish","type":"product","link":"https:\/\/papex.sn\/?product=cahier-96-pages-17x22-56g-seyes-calligraphe-2","title":{"rendered":"Cahier 96 pages 17X22 &#8211; 56g &#8211; sey\u00e8s calligraphe"},"content":{"rendered":"<p><\/p>\n","protected":false},"excerpt":{"rendered":"<p>Crit\u00e8res \u00e9co-responsables :<\/p>\n<p>&#8211; Pages en papier recycl\u00e9 <br \/>&#8211; Fabrication de haute qualit\u00e9 : bilan empreinte carbone r\u00e9duit.<br \/>&#8211; Rapport qualit\u00e9\/prix imbattable<\/p>\n","protected":false},"featured_media":516,"comment_status":"open","ping_status":"closed","template":"","meta":[],"product_brand":[],"product_cat":[118,37,60],"product_tag":[],"class_list":{"0":"post-1576","1":"product","2":"type-product","3":"status-publish","4":"has-post-thumbnail","6":"product_cat-cahiers","7":"product_cat-papeterie-fourniture","8":"product_cat-papier","10":"first","11":"instock","12":"shipping-taxable","13":"product-type-simple"},"yoast_head":"<!-- This site is optimized with the Yoast SEO plugin v27.3 - https:\/\/yoast.com\/product\/yoast-seo-wordpress\/ -->\n<title>Cahier 96 pages 17X22 - 56g - sey\u00e8s calligraphe - PAPEX<\/title>\n<meta name=\"robots\" content=\"index, follow, max-snippet:-1, max-image-preview:large, max-video-preview:-1\" \/>\n<link rel=\"canonical\" href=\"https:\/\/papex.sn\/?product=cahier-96-pages-17x22-56g-seyes-calligraphe-2\" \/>\n<meta property=\"og:locale\" content=\"fr_FR\" \/>\n<meta property=\"og:type\" content=\"article\" \/>\n<meta property=\"og:title\" content=\"Cahier 96 pages 17X22 - 56g - sey\u00e8s calligraphe - PAPEX\" \/>\n<meta property=\"og:description\" content=\"Crit\u00e8res \u00e9co-responsables :- Pages en papier recycl\u00e9 - Fabrication de haute qualit\u00e9 : bilan empreinte carbone r\u00e9duit.- Rapport qualit\u00e9\/prix imbattable\" \/>\n<meta property=\"og:url\" content=\"https:\/\/papex.sn\/?product=cahier-96-pages-17x22-56g-seyes-calligraphe-2\" \/>\n<meta property=\"og:site_name\" content=\"PAPEX\" \/>\n<meta property=\"article:publisher\" content=\"https:\/\/www.facebook.com\/PapexSarl\" \/>\n<meta property=\"article:modified_time\" content=\"2024-10-21T17:02:23+00:00\" \/>\n<meta property=\"og:image\" content=\"https:\/\/papex.sn\/wp-content\/uploads\/2022\/05\/Cahier-96-pages-17X22-56g-seyes-calligraphe.jpg\" \/>\n\t<meta property=\"og:image:width\" content=\"460\" \/>\n\t<meta property=\"og:image:height\" content=\"460\" \/>\n\t<meta property=\"og:image:type\" content=\"image\/jpeg\" \/>\n<meta name=\"twitter:card\" content=\"summary_large_image\" \/>\n<script type=\"application\/ld+json\" class=\"yoast-schema-graph\">{\"@context\":\"https:\\\/\\\/schema.org\",\"@graph\":[{\"@type\":\"WebPage\",\"@id\":\"https:\\\/\\\/papex.sn\\\/?product=cahier-96-pages-17x22-56g-seyes-calligraphe-2\",\"url\":\"https:\\\/\\\/papex.sn\\\/?product=cahier-96-pages-17x22-56g-seyes-calligraphe-2\",\"name\":\"Cahier 96 pages 17X22 - 56g - sey\u00e8s calligraphe - PAPEX\",\"isPartOf\":{\"@id\":\"https:\\\/\\\/papex.sn\\\/#website\"},\"primaryImageOfPage\":{\"@id\":\"https:\\\/\\\/papex.sn\\\/?product=cahier-96-pages-17x22-56g-seyes-calligraphe-2#primaryimage\"},\"image\":{\"@id\":\"https:\\\/\\\/papex.sn\\\/?product=cahier-96-pages-17x22-56g-seyes-calligraphe-2#primaryimage\"},\"thumbnailUrl\":\"https:\\\/\\\/papex.sn\\\/wp-content\\\/uploads\\\/2022\\\/05\\\/Cahier-96-pages-17X22-56g-seyes-calligraphe.jpg\",\"datePublished\":\"2022-09-06T12:57:53+00:00\",\"dateModified\":\"2024-10-21T17:02:23+00:00\",\"breadcrumb\":{\"@id\":\"https:\\\/\\\/papex.sn\\\/?product=cahier-96-pages-17x22-56g-seyes-calligraphe-2#breadcrumb\"},\"inLanguage\":\"fr-FR\",\"potentialAction\":[{\"@type\":\"ReadAction\",\"target\":[\"https:\\\/\\\/papex.sn\\\/?product=cahier-96-pages-17x22-56g-seyes-calligraphe-2\"]}]},{\"@type\":\"ImageObject\",\"inLanguage\":\"fr-FR\",\"@id\":\"https:\\\/\\\/papex.sn\\\/?product=cahier-96-pages-17x22-56g-seyes-calligraphe-2#primaryimage\",\"url\":\"https:\\\/\\\/papex.sn\\\/wp-content\\\/uploads\\\/2022\\\/05\\\/Cahier-96-pages-17X22-56g-seyes-calligraphe.jpg\",\"contentUrl\":\"https:\\\/\\\/papex.sn\\\/wp-content\\\/uploads\\\/2022\\\/05\\\/Cahier-96-pages-17X22-56g-seyes-calligraphe.jpg\",\"width\":460,\"height\":460},{\"@type\":\"BreadcrumbList\",\"@id\":\"https:\\\/\\\/papex.sn\\\/?product=cahier-96-pages-17x22-56g-seyes-calligraphe-2#breadcrumb\",\"itemListElement\":[{\"@type\":\"ListItem\",\"position\":1,\"name\":\"Accueil\",\"item\":\"https:\\\/\\\/papex.sn\\\/\"},{\"@type\":\"ListItem\",\"position\":2,\"name\":\"Boutique\",\"item\":\"https:\\\/\\\/papex.sn\\\/?page_id=388\"},{\"@type\":\"ListItem\",\"position\":3,\"name\":\"Cahier 96 pages 17X22 &#8211; 56g &#8211; sey\u00e8s calligraphe\"}]},{\"@type\":\"WebSite\",\"@id\":\"https:\\\/\\\/papex.sn\\\/#website\",\"url\":\"https:\\\/\\\/papex.sn\\\/\",\"name\":\"PAPEX\",\"description\":\"Papeterie Express\",\"publisher\":{\"@id\":\"https:\\\/\\\/papex.sn\\\/#organization\"},\"potentialAction\":[{\"@type\":\"SearchAction\",\"target\":{\"@type\":\"EntryPoint\",\"urlTemplate\":\"https:\\\/\\\/papex.sn\\\/?s={search_term_string}\"},\"query-input\":{\"@type\":\"PropertyValueSpecification\",\"valueRequired\":true,\"valueName\":\"search_term_string\"}}],\"inLanguage\":\"fr-FR\"},{\"@type\":\"Organization\",\"@id\":\"https:\\\/\\\/papex.sn\\\/#organization\",\"name\":\"PAPEX\",\"url\":\"https:\\\/\\\/papex.sn\\\/\",\"logo\":{\"@type\":\"ImageObject\",\"inLanguage\":\"fr-FR\",\"@id\":\"https:\\\/\\\/papex.sn\\\/#\\\/schema\\\/logo\\\/image\\\/\",\"url\":\"https:\\\/\\\/papex.sn\\\/wp-content\\\/uploads\\\/2022\\\/05\\\/telechargement-1.jpg\",\"contentUrl\":\"https:\\\/\\\/papex.sn\\\/wp-content\\\/uploads\\\/2022\\\/05\\\/telechargement-1.jpg\",\"width\":299,\"height\":168,\"caption\":\"PAPEX\"},\"image\":{\"@id\":\"https:\\\/\\\/papex.sn\\\/#\\\/schema\\\/logo\\\/image\\\/\"},\"sameAs\":[\"https:\\\/\\\/www.facebook.com\\\/PapexSarl\",\"https:\\\/\\\/www.instagram.com\\\/papex.sarl\\\/\"]}]}<\/script>\n<!-- \/ Yoast SEO plugin. -->","yoast_head_json":{"title":"Cahier 96 pages 17X22 - 56g - sey\u00e8s calligraphe - PAPEX","robots":{"index":"index","follow":"follow","max-snippet":"max-snippet:-1","max-image-preview":"max-image-preview:large","max-video-preview":"max-video-preview:-1"},"canonical":"https:\/\/papex.sn\/?product=cahier-96-pages-17x22-56g-seyes-calligraphe-2","og_locale":"fr_FR","og_type":"article","og_title":"Cahier 96 pages 17X22 - 56g - sey\u00e8s calligraphe - PAPEX","og_description":"Crit\u00e8res \u00e9co-responsables :- Pages en papier recycl\u00e9 - Fabrication de haute qualit\u00e9 : bilan empreinte carbone r\u00e9duit.- Rapport qualit\u00e9\/prix imbattable","og_url":"https:\/\/papex.sn\/?product=cahier-96-pages-17x22-56g-seyes-calligraphe-2","og_site_name":"PAPEX","article_publisher":"https:\/\/www.facebook.com\/PapexSarl","article_modified_time":"2024-10-21T17:02:23+00:00","og_image":[{"width":460,"height":460,"url":"https:\/\/papex.sn\/wp-content\/uploads\/2022\/05\/Cahier-96-pages-17X22-56g-seyes-calligraphe.jpg","type":"image\/jpeg"}],"twitter_card":"summary_large_image","schema":{"@context":"https:\/\/schema.org","@graph":[{"@type":"WebPage","@id":"https:\/\/papex.sn\/?product=cahier-96-pages-17x22-56g-seyes-calligraphe-2","url":"https:\/\/papex.sn\/?product=cahier-96-pages-17x22-56g-seyes-calligraphe-2","name":"Cahier 96 pages 17X22 - 56g - sey\u00e8s calligraphe - PAPEX","isPartOf":{"@id":"https:\/\/papex.sn\/#website"},"primaryImageOfPage":{"@id":"https:\/\/papex.sn\/?product=cahier-96-pages-17x22-56g-seyes-calligraphe-2#primaryimage"},"image":{"@id":"https:\/\/papex.sn\/?product=cahier-96-pages-17x22-56g-seyes-calligraphe-2#primaryimage"},"thumbnailUrl":"https:\/\/papex.sn\/wp-content\/uploads\/2022\/05\/Cahier-96-pages-17X22-56g-seyes-calligraphe.jpg","datePublished":"2022-09-06T12:57:53+00:00","dateModified":"2024-10-21T17:02:23+00:00","breadcrumb":{"@id":"https:\/\/papex.sn\/?product=cahier-96-pages-17x22-56g-seyes-calligraphe-2#breadcrumb"},"inLanguage":"fr-FR","potentialAction":[{"@type":"ReadAction","target":["https:\/\/papex.sn\/?product=cahier-96-pages-17x22-56g-seyes-calligraphe-2"]}]},{"@type":"ImageObject","inLanguage":"fr-FR","@id":"https:\/\/papex.sn\/?product=cahier-96-pages-17x22-56g-seyes-calligraphe-2#primaryimage","url":"https:\/\/papex.sn\/wp-content\/uploads\/2022\/05\/Cahier-96-pages-17X22-56g-seyes-calligraphe.jpg","contentUrl":"https:\/\/papex.sn\/wp-content\/uploads\/2022\/05\/Cahier-96-pages-17X22-56g-seyes-calligraphe.jpg","width":460,"height":460},{"@type":"BreadcrumbList","@id":"https:\/\/papex.sn\/?product=cahier-96-pages-17x22-56g-seyes-calligraphe-2#breadcrumb","itemListElement":[{"@type":"ListItem","position":1,"name":"Accueil","item":"https:\/\/papex.sn\/"},{"@type":"ListItem","position":2,"name":"Boutique","item":"https:\/\/papex.sn\/?page_id=388"},{"@type":"ListItem","position":3,"name":"Cahier 96 pages 17X22 &#8211; 56g &#8211; sey\u00e8s calligraphe"}]},{"@type":"WebSite","@id":"https:\/\/papex.sn\/#website","url":"https:\/\/papex.sn\/","name":"PAPEX","description":"Papeterie Express","publisher":{"@id":"https:\/\/papex.sn\/#organization"},"potentialAction":[{"@type":"SearchAction","target":{"@type":"EntryPoint","urlTemplate":"https:\/\/papex.sn\/?s={search_term_string}"},"query-input":{"@type":"PropertyValueSpecification","valueRequired":true,"valueName":"search_term_string"}}],"inLanguage":"fr-FR"},{"@type":"Organization","@id":"https:\/\/papex.sn\/#organization","name":"PAPEX","url":"https:\/\/papex.sn\/","logo":{"@type":"ImageObject","inLanguage":"fr-FR","@id":"https:\/\/papex.sn\/#\/schema\/logo\/image\/","url":"https:\/\/papex.sn\/wp-content\/uploads\/2022\/05\/telechargement-1.jpg","contentUrl":"https:\/\/papex.sn\/wp-content\/uploads\/2022\/05\/telechargement-1.jpg","width":299,"height":168,"caption":"PAPEX"},"image":{"@id":"https:\/\/papex.sn\/#\/schema\/logo\/image\/"},"sameAs":["https:\/\/www.facebook.com\/PapexSarl","https:\/\/www.instagram.com\/papex.sarl\/"]}]}},"_links":{"self":[{"href":"https:\/\/papex.sn\/index.php?rest_route=\/wp\/v2\/product\/1576","targetHints":{"allow":["GET"]}}],"collection":[{"href":"https:\/\/papex.sn\/index.php?rest_route=\/wp\/v2\/product"}],"about":[{"href":"https:\/\/papex.sn\/index.php?rest_route=\/wp\/v2\/types\/product"}],"replies":[{"embeddable":true,"href":"https:\/\/papex.sn\/index.php?rest_route=%2Fwp%2Fv2%2Fcomments&post=1576"}],"version-history":[{"count":1,"href":"https:\/\/papex.sn\/index.php?rest_route=\/wp\/v2\/product\/1576\/revisions"}],"predecessor-version":[{"id":3737,"href":"https:\/\/papex.sn\/index.php?rest_route=\/wp\/v2\/product\/1576\/revisions\/3737"}],"wp:featuredmedia":[{"embeddable":true,"href":"https:\/\/papex.sn\/index.php?rest_route=\/wp\/v2\/media\/516"}],"wp:attachment":[{"href":"https:\/\/papex.sn\/index.php?rest_route=%2Fwp%2Fv2%2Fmedia&parent=1576"}],"wp:term":[{"taxonomy":"product_brand","embeddable":true,"href":"https:\/\/papex.sn\/index.php?rest_route=%2Fwp%2Fv2%2Fproduct_brand&post=1576"},{"taxonomy":"product_cat","embeddable":true,"href":"https:\/\/papex.sn\/index.php?rest_route=%2Fwp%2Fv2%2Fproduct_cat&post=1576"},{"taxonomy":"product_tag","embeddable":true,"href":"https:\/\/papex.sn\/index.php?rest_route=%2Fwp%2Fv2%2Fproduct_tag&post=1576"}],"curies":[{"name":"wp","href":"https:\/\/api.w.org\/{rel}","templated":true}]}}