{"id":1571,"date":"2022-09-06T12:57:52","date_gmt":"2022-09-06T12:57:52","guid":{"rendered":"https:\/\/papex.sn\/?product=marqueur-permanent-biseaute-maxx-133-noir-schneider-2"},"modified":"2024-10-21T17:03:21","modified_gmt":"2024-10-21T17:03:21","slug":"marqueur-permanent-biseaute-maxx-133-noir-schneider-2","status":"publish","type":"product","link":"https:\/\/papex.sn\/?product=marqueur-permanent-biseaute-maxx-133-noir-schneider-2","title":{"rendered":"Marqueur permanent biseaut\u00e9 maxx 133 schneider"},"content":{"rendered":"<table id=\"product-attribute-specs-table\" class=\"data-table\" style=\"border-collapse: collapse; border-spacing: 0px; max-width: 100%; background-image: initial; background-position: initial; background-size: initial; background-repeat: initial; background-attachment: initial; background-origin: initial; background-clip: initial; margin: 0px; padding: 0px; border: 0px; outline: 0px; font-size: 12px; empty-cells: show; width: 907px; color: #666666;\" cellspacing=\"0\">\n<tbody style=\"box-sizing: border-box; margin: 0px; padding: 0px; border: 0px; outline: 0px; background: transparent;\">\n<tr class=\"first odd\" style=\"box-sizing: border-box; margin: 0px; padding: 0px; border: 1px solid #e9e9e9; outline: 0px; background: none;\">\n<td style=\"box-sizing: border-box; margin: 0px; padding: 10px; border: 1px solid #e9e9e9; outline: 0px; font-size: 12px; background: transparent; vertical-align: middle;\">R\u00e9f\u00e9rence<\/td>\n<td class=\"data last\" style=\"box-sizing: border-box; margin: 0px; padding: 10px; border: 1px solid #e9e9e9; outline: 0px; font-size: 12px; background: transparent; vertical-align: middle;\">113301<\/td>\n<\/tr>\n<tr class=\"even\" style=\"box-sizing: border-box; margin: 0px; padding: 0px; border: 1px solid #e9e9e9; outline: 0px; background: transparent;\">\n<td style=\"box-sizing: border-box; margin: 0px; padding: 10px; border: 1px solid #e9e9e9; outline: 0px; font-size: 12px; background: transparent; vertical-align: middle;\">Autre<\/td>\n<td class=\"data last\" style=\"box-sizing: border-box; margin: 0px; padding: 10px; border: 1px solid #e9e9e9; outline: 0px; font-size: 12px; background: transparent; vertical-align: middle;\">Marqueur permanent Schneider Maxx133, pointe 1\/4 mm, rechargeable, encre anti-d\u00e9ss\u00e8chement<\/td>\n<\/tr>\n<tr class=\"odd\" style=\"box-sizing: border-box; margin: 0px; padding: 0px; border: 1px solid #e9e9e9; outline: 0px; background: transparent;\">\n<td style=\"box-sizing: border-box; margin: 0px; padding: 10px; border: 1px solid #e9e9e9; outline: 0px; font-size: 12px; background: transparent; vertical-align: middle;\">Poids<\/td>\n<td class=\"data last\" style=\"box-sizing: border-box; margin: 0px; padding: 10px; border: 1px solid #e9e9e9; outline: 0px; font-size: 12px; background: transparent; vertical-align: middle;\">13,6 g<\/td>\n<\/tr>\n<tr class=\"even\" style=\"box-sizing: border-box; margin: 0px; padding: 0px; border: 1px solid #e9e9e9; outline: 0px; background: transparent;\">\n<td style=\"box-sizing: border-box; margin: 0px; padding: 10px; border: 1px solid #e9e9e9; outline: 0px; font-size: 12px; background: transparent; vertical-align: middle;\">Couleur<\/td>\n<td class=\"data last\" style=\"box-sizing: border-box; margin: 0px; padding: 10px; border: 1px solid #e9e9e9; outline: 0px; font-size: 12px; background: transparent; vertical-align: middle;\">Noir<\/td>\n<\/tr>\n<tr class=\"odd\" style=\"box-sizing: border-box; margin: 0px; padding: 0px; border: 1px solid #e9e9e9; outline: 0px; background: transparent;\">\n<td style=\"box-sizing: border-box; margin: 0px; padding: 10px; border: 1px solid #e9e9e9; outline: 0px; font-size: 12px; background: transparent; vertical-align: middle;\">Type de produit<\/td>\n<td class=\"data last\" style=\"box-sizing: border-box; margin: 0px; padding: 10px; border: 1px solid #e9e9e9; outline: 0px; font-size: 12px; background: transparent; vertical-align: middle;\">Marqueur permanent<\/td>\n<\/tr>\n<tr class=\"last even\" style=\"box-sizing: border-box; margin: 0px; padding: 0px; border: 1px solid #e9e9e9; outline: 0px; background: transparent;\">\n<td style=\"box-sizing: border-box; margin: 0px; padding: 10px; border: 1px solid #e9e9e9; outline: 0px; font-size: 12px; background: transparent; vertical-align: middle;\">Dimensions<\/td>\n<td class=\"data last\" style=\"box-sizing: border-box; margin: 0px; padding: 10px; border: 1px solid #e9e9e9; outline: 0px; font-size: 12px; background: transparent; vertical-align: middle;\">14,6 x 1,5 x 1,8 cm<\/td>\n<\/tr>\n<\/tbody>\n<\/table>\n","protected":false},"excerpt":{"rendered":"<p><span style=\"color: #666666;\">Marqueur permanent avec sp\u00e9cial \u00ab\u00a0cap-off d&rsquo;encre\u00a0\u00bb &#8211; l&rsquo;encre ne s\u00e8che pas, m\u00eame avec le bouchon pendant plusieurs jours.<\/span><\/p>\n","protected":false},"featured_media":499,"comment_status":"open","ping_status":"closed","template":"","meta":[],"product_brand":[],"product_cat":[59,76,37],"product_tag":[],"class_list":{"0":"post-1571","1":"product","2":"type-product","3":"status-publish","4":"has-post-thumbnail","6":"product_cat-ecriture","7":"product_cat-marqueurs","8":"product_cat-papeterie-fourniture","9":"pa_couleur-bleu","10":"pa_couleur-noir","11":"pa_couleur-rouge","12":"pa_couleur-vert","14":"first","15":"instock","16":"shipping-taxable","17":"product-type-variable"},"yoast_head":"<!-- This site is optimized with the Yoast SEO plugin v27.5 - https:\/\/yoast.com\/product\/yoast-seo-wordpress\/ -->\n<title>Marqueur permanent biseaut\u00e9 maxx 133 schneider - PAPEX<\/title>\n<meta name=\"robots\" content=\"index, follow, max-snippet:-1, max-image-preview:large, max-video-preview:-1\" \/>\n<link rel=\"canonical\" href=\"https:\/\/papex.sn\/?product=marqueur-permanent-biseaute-maxx-133-noir-schneider-2\" \/>\n<meta property=\"og:locale\" content=\"fr_FR\" \/>\n<meta property=\"og:type\" content=\"article\" \/>\n<meta property=\"og:title\" content=\"Marqueur permanent biseaut\u00e9 maxx 133 schneider - PAPEX\" \/>\n<meta property=\"og:description\" content=\"Marqueur permanent avec sp\u00e9cial &quot;cap-off d&#039;encre&quot; - l&#039;encre ne s\u00e8che pas, m\u00eame avec le bouchon pendant plusieurs jours.\" \/>\n<meta property=\"og:url\" content=\"https:\/\/papex.sn\/?product=marqueur-permanent-biseaute-maxx-133-noir-schneider-2\" \/>\n<meta property=\"og:site_name\" content=\"PAPEX\" \/>\n<meta property=\"article:publisher\" content=\"https:\/\/www.facebook.com\/PapexSarl\" \/>\n<meta property=\"article:modified_time\" content=\"2024-10-21T17:03:21+00:00\" \/>\n<meta property=\"og:image\" content=\"https:\/\/papex.sn\/wp-content\/uploads\/2022\/05\/1-2.png\" \/>\n\t<meta property=\"og:image:width\" content=\"600\" \/>\n\t<meta property=\"og:image:height\" content=\"600\" \/>\n\t<meta property=\"og:image:type\" content=\"image\/png\" \/>\n<meta name=\"twitter:card\" content=\"summary_large_image\" \/>\n<script type=\"application\/ld+json\" class=\"yoast-schema-graph\">{\"@context\":\"https:\\\/\\\/schema.org\",\"@graph\":[{\"@type\":\"WebPage\",\"@id\":\"https:\\\/\\\/papex.sn\\\/?product=marqueur-permanent-biseaute-maxx-133-noir-schneider-2\",\"url\":\"https:\\\/\\\/papex.sn\\\/?product=marqueur-permanent-biseaute-maxx-133-noir-schneider-2\",\"name\":\"Marqueur permanent biseaut\u00e9 maxx 133 schneider - PAPEX\",\"isPartOf\":{\"@id\":\"https:\\\/\\\/papex.sn\\\/#website\"},\"primaryImageOfPage\":{\"@id\":\"https:\\\/\\\/papex.sn\\\/?product=marqueur-permanent-biseaute-maxx-133-noir-schneider-2#primaryimage\"},\"image\":{\"@id\":\"https:\\\/\\\/papex.sn\\\/?product=marqueur-permanent-biseaute-maxx-133-noir-schneider-2#primaryimage\"},\"thumbnailUrl\":\"https:\\\/\\\/papex.sn\\\/wp-content\\\/uploads\\\/2022\\\/05\\\/1-2.png\",\"datePublished\":\"2022-09-06T12:57:52+00:00\",\"dateModified\":\"2024-10-21T17:03:21+00:00\",\"breadcrumb\":{\"@id\":\"https:\\\/\\\/papex.sn\\\/?product=marqueur-permanent-biseaute-maxx-133-noir-schneider-2#breadcrumb\"},\"inLanguage\":\"fr-FR\",\"potentialAction\":[{\"@type\":\"ReadAction\",\"target\":[\"https:\\\/\\\/papex.sn\\\/?product=marqueur-permanent-biseaute-maxx-133-noir-schneider-2\"]}]},{\"@type\":\"ImageObject\",\"inLanguage\":\"fr-FR\",\"@id\":\"https:\\\/\\\/papex.sn\\\/?product=marqueur-permanent-biseaute-maxx-133-noir-schneider-2#primaryimage\",\"url\":\"https:\\\/\\\/papex.sn\\\/wp-content\\\/uploads\\\/2022\\\/05\\\/1-2.png\",\"contentUrl\":\"https:\\\/\\\/papex.sn\\\/wp-content\\\/uploads\\\/2022\\\/05\\\/1-2.png\",\"width\":600,\"height\":600},{\"@type\":\"BreadcrumbList\",\"@id\":\"https:\\\/\\\/papex.sn\\\/?product=marqueur-permanent-biseaute-maxx-133-noir-schneider-2#breadcrumb\",\"itemListElement\":[{\"@type\":\"ListItem\",\"position\":1,\"name\":\"Accueil\",\"item\":\"https:\\\/\\\/papex.sn\\\/\"},{\"@type\":\"ListItem\",\"position\":2,\"name\":\"Boutique\",\"item\":\"https:\\\/\\\/papex.sn\\\/?page_id=388\"},{\"@type\":\"ListItem\",\"position\":3,\"name\":\"Marqueur permanent biseaut\u00e9 maxx 133 schneider\"}]},{\"@type\":\"WebSite\",\"@id\":\"https:\\\/\\\/papex.sn\\\/#website\",\"url\":\"https:\\\/\\\/papex.sn\\\/\",\"name\":\"PAPEX\",\"description\":\"Papeterie Express\",\"publisher\":{\"@id\":\"https:\\\/\\\/papex.sn\\\/#organization\"},\"potentialAction\":[{\"@type\":\"SearchAction\",\"target\":{\"@type\":\"EntryPoint\",\"urlTemplate\":\"https:\\\/\\\/papex.sn\\\/?s={search_term_string}\"},\"query-input\":{\"@type\":\"PropertyValueSpecification\",\"valueRequired\":true,\"valueName\":\"search_term_string\"}}],\"inLanguage\":\"fr-FR\"},{\"@type\":\"Organization\",\"@id\":\"https:\\\/\\\/papex.sn\\\/#organization\",\"name\":\"PAPEX\",\"url\":\"https:\\\/\\\/papex.sn\\\/\",\"logo\":{\"@type\":\"ImageObject\",\"inLanguage\":\"fr-FR\",\"@id\":\"https:\\\/\\\/papex.sn\\\/#\\\/schema\\\/logo\\\/image\\\/\",\"url\":\"https:\\\/\\\/papex.sn\\\/wp-content\\\/uploads\\\/2022\\\/05\\\/telechargement-1.jpg\",\"contentUrl\":\"https:\\\/\\\/papex.sn\\\/wp-content\\\/uploads\\\/2022\\\/05\\\/telechargement-1.jpg\",\"width\":299,\"height\":168,\"caption\":\"PAPEX\"},\"image\":{\"@id\":\"https:\\\/\\\/papex.sn\\\/#\\\/schema\\\/logo\\\/image\\\/\"},\"sameAs\":[\"https:\\\/\\\/www.facebook.com\\\/PapexSarl\",\"https:\\\/\\\/www.instagram.com\\\/papex.sarl\\\/\"]}]}<\/script>\n<!-- \/ Yoast SEO plugin. -->","yoast_head_json":{"title":"Marqueur permanent biseaut\u00e9 maxx 133 schneider - PAPEX","robots":{"index":"index","follow":"follow","max-snippet":"max-snippet:-1","max-image-preview":"max-image-preview:large","max-video-preview":"max-video-preview:-1"},"canonical":"https:\/\/papex.sn\/?product=marqueur-permanent-biseaute-maxx-133-noir-schneider-2","og_locale":"fr_FR","og_type":"article","og_title":"Marqueur permanent biseaut\u00e9 maxx 133 schneider - PAPEX","og_description":"Marqueur permanent avec sp\u00e9cial \"cap-off d'encre\" - l'encre ne s\u00e8che pas, m\u00eame avec le bouchon pendant plusieurs jours.","og_url":"https:\/\/papex.sn\/?product=marqueur-permanent-biseaute-maxx-133-noir-schneider-2","og_site_name":"PAPEX","article_publisher":"https:\/\/www.facebook.com\/PapexSarl","article_modified_time":"2024-10-21T17:03:21+00:00","og_image":[{"width":600,"height":600,"url":"https:\/\/papex.sn\/wp-content\/uploads\/2022\/05\/1-2.png","type":"image\/png"}],"twitter_card":"summary_large_image","schema":{"@context":"https:\/\/schema.org","@graph":[{"@type":"WebPage","@id":"https:\/\/papex.sn\/?product=marqueur-permanent-biseaute-maxx-133-noir-schneider-2","url":"https:\/\/papex.sn\/?product=marqueur-permanent-biseaute-maxx-133-noir-schneider-2","name":"Marqueur permanent biseaut\u00e9 maxx 133 schneider - PAPEX","isPartOf":{"@id":"https:\/\/papex.sn\/#website"},"primaryImageOfPage":{"@id":"https:\/\/papex.sn\/?product=marqueur-permanent-biseaute-maxx-133-noir-schneider-2#primaryimage"},"image":{"@id":"https:\/\/papex.sn\/?product=marqueur-permanent-biseaute-maxx-133-noir-schneider-2#primaryimage"},"thumbnailUrl":"https:\/\/papex.sn\/wp-content\/uploads\/2022\/05\/1-2.png","datePublished":"2022-09-06T12:57:52+00:00","dateModified":"2024-10-21T17:03:21+00:00","breadcrumb":{"@id":"https:\/\/papex.sn\/?product=marqueur-permanent-biseaute-maxx-133-noir-schneider-2#breadcrumb"},"inLanguage":"fr-FR","potentialAction":[{"@type":"ReadAction","target":["https:\/\/papex.sn\/?product=marqueur-permanent-biseaute-maxx-133-noir-schneider-2"]}]},{"@type":"ImageObject","inLanguage":"fr-FR","@id":"https:\/\/papex.sn\/?product=marqueur-permanent-biseaute-maxx-133-noir-schneider-2#primaryimage","url":"https:\/\/papex.sn\/wp-content\/uploads\/2022\/05\/1-2.png","contentUrl":"https:\/\/papex.sn\/wp-content\/uploads\/2022\/05\/1-2.png","width":600,"height":600},{"@type":"BreadcrumbList","@id":"https:\/\/papex.sn\/?product=marqueur-permanent-biseaute-maxx-133-noir-schneider-2#breadcrumb","itemListElement":[{"@type":"ListItem","position":1,"name":"Accueil","item":"https:\/\/papex.sn\/"},{"@type":"ListItem","position":2,"name":"Boutique","item":"https:\/\/papex.sn\/?page_id=388"},{"@type":"ListItem","position":3,"name":"Marqueur permanent biseaut\u00e9 maxx 133 schneider"}]},{"@type":"WebSite","@id":"https:\/\/papex.sn\/#website","url":"https:\/\/papex.sn\/","name":"PAPEX","description":"Papeterie Express","publisher":{"@id":"https:\/\/papex.sn\/#organization"},"potentialAction":[{"@type":"SearchAction","target":{"@type":"EntryPoint","urlTemplate":"https:\/\/papex.sn\/?s={search_term_string}"},"query-input":{"@type":"PropertyValueSpecification","valueRequired":true,"valueName":"search_term_string"}}],"inLanguage":"fr-FR"},{"@type":"Organization","@id":"https:\/\/papex.sn\/#organization","name":"PAPEX","url":"https:\/\/papex.sn\/","logo":{"@type":"ImageObject","inLanguage":"fr-FR","@id":"https:\/\/papex.sn\/#\/schema\/logo\/image\/","url":"https:\/\/papex.sn\/wp-content\/uploads\/2022\/05\/telechargement-1.jpg","contentUrl":"https:\/\/papex.sn\/wp-content\/uploads\/2022\/05\/telechargement-1.jpg","width":299,"height":168,"caption":"PAPEX"},"image":{"@id":"https:\/\/papex.sn\/#\/schema\/logo\/image\/"},"sameAs":["https:\/\/www.facebook.com\/PapexSarl","https:\/\/www.instagram.com\/papex.sarl\/"]}]}},"_links":{"self":[{"href":"https:\/\/papex.sn\/index.php?rest_route=\/wp\/v2\/product\/1571","targetHints":{"allow":["GET"]}}],"collection":[{"href":"https:\/\/papex.sn\/index.php?rest_route=\/wp\/v2\/product"}],"about":[{"href":"https:\/\/papex.sn\/index.php?rest_route=\/wp\/v2\/types\/product"}],"replies":[{"embeddable":true,"href":"https:\/\/papex.sn\/index.php?rest_route=%2Fwp%2Fv2%2Fcomments&post=1571"}],"version-history":[{"count":0,"href":"https:\/\/papex.sn\/index.php?rest_route=\/wp\/v2\/product\/1571\/revisions"}],"wp:featuredmedia":[{"embeddable":true,"href":"https:\/\/papex.sn\/index.php?rest_route=\/wp\/v2\/media\/499"}],"wp:attachment":[{"href":"https:\/\/papex.sn\/index.php?rest_route=%2Fwp%2Fv2%2Fmedia&parent=1571"}],"wp:term":[{"taxonomy":"product_brand","embeddable":true,"href":"https:\/\/papex.sn\/index.php?rest_route=%2Fwp%2Fv2%2Fproduct_brand&post=1571"},{"taxonomy":"product_cat","embeddable":true,"href":"https:\/\/papex.sn\/index.php?rest_route=%2Fwp%2Fv2%2Fproduct_cat&post=1571"},{"taxonomy":"product_tag","embeddable":true,"href":"https:\/\/papex.sn\/index.php?rest_route=%2Fwp%2Fv2%2Fproduct_tag&post=1571"}],"curies":[{"name":"wp","href":"https:\/\/api.w.org\/{rel}","templated":true}]}}