{"id":1567,"date":"2022-09-06T12:57:51","date_gmt":"2022-09-06T12:57:51","guid":{"rendered":"https:\/\/papex.sn\/?product=destructeur-de-papier-coupe-croisee-6f-14l-dsb-2"},"modified":"2024-07-09T10:51:32","modified_gmt":"2024-07-09T10:51:32","slug":"destructeur-de-papier-coupe-croisee-6f-14l-dsb-2","status":"publish","type":"product","link":"https:\/\/papex.sn\/?product=destructeur-de-papier-coupe-croisee-6f-14l-dsb-2","title":{"rendered":"Destructeur de papier coupe crois\u00e9e 6f\/14L dsb"},"content":{"rendered":"<p><span data-mce-style=\"color: #232323; font-family: Montserrat, sans-serif; font-size: 13.94px;\" style=\"font-family: Montserrat, sans-serif;font-size: 13.94px\">Coupe crois\u00e9e 5&#215;34 mm pour plus de s\u00e9curit\u00e9<\/span><br data-mce-style=\"box-sizing: inherit; color: #232323; font-family: Montserrat, sans-serif; font-size: 13.94px;\" style=\"font-family: Montserrat, sans-serif;font-size: 13.94px\"><span data-mce-style=\"color: #232323; font-family: Montserrat, sans-serif; font-size: 13.94px;\" style=\"font-family: Montserrat, sans-serif;font-size: 13.94px\">Capacit\u00e9 de coupe : (feuilles 80g) 6<\/span><br data-mce-style=\"box-sizing: inherit; color: #232323; font-family: Montserrat, sans-serif; font-size: 13.94px;\" style=\"font-family: Montserrat, sans-serif;font-size: 13.94px\"><span data-mce-style=\"color: #232323; font-family: Montserrat, sans-serif; font-size: 13.94px;\" style=\"font-family: Montserrat, sans-serif;font-size: 13.94px\">Peu d\u00e9truire : Papier, Agrafes + Trombones, Cartes de cr\u00e9dit<\/span><br data-mce-style=\"box-sizing: inherit; color: #232323; font-family: Montserrat, sans-serif; font-size: 13.94px;\" style=\"font-family: Montserrat, sans-serif;font-size: 13.94px\"><span data-mce-style=\"color: #232323; font-family: Montserrat, sans-serif; font-size: 13.94px;\" style=\"font-family: Montserrat, sans-serif;font-size: 13.94px\">Norme de s\u00e9curit\u00e9 dIN 66399: P-3<\/span><br data-mce-style=\"box-sizing: inherit; color: #232323; font-family: Montserrat, sans-serif; font-size: 13.94px;\" style=\"font-family: Montserrat, sans-serif;font-size: 13.94px\"><span data-mce-style=\"color: #232323; font-family: Montserrat, sans-serif; font-size: 13.94px;\" style=\"font-family: Montserrat, sans-serif;font-size: 13.94px\">Format de coupe Crois\u00e9e : 5&#215;34 mm<\/span><br data-mce-style=\"box-sizing: inherit; color: #232323; font-family: Montserrat, sans-serif; font-size: 13.94px;\" style=\"font-family: Montserrat, sans-serif;font-size: 13.94px\"><span data-mce-style=\"color: #232323; font-family: Montserrat, sans-serif; font-size: 13.94px;\" style=\"font-family: Montserrat, sans-serif;font-size: 13.94px\">Largeur coupe: 225 mm<\/span><br data-mce-style=\"box-sizing: inherit; color: #232323; font-family: Montserrat, sans-serif; font-size: 13.94px;\" style=\"font-family: Montserrat, sans-serif;font-size: 13.94px\"><span data-mce-style=\"color: #232323; font-family: Montserrat, sans-serif; font-size: 13.94px;\" style=\"font-family: Montserrat, sans-serif;font-size: 13.94px\">Mise en route: Cellule<\/span><br data-mce-style=\"box-sizing: inherit; color: #232323; font-family: Montserrat, sans-serif; font-size: 13.94px;\" style=\"font-family: Montserrat, sans-serif;font-size: 13.94px\"><span data-mce-style=\"color: #232323; font-family: Montserrat, sans-serif; font-size: 13.94px;\" style=\"font-family: Montserrat, sans-serif;font-size: 13.94px\">Vitesse de coupe : 2.2 m\/mn<\/span><br data-mce-style=\"box-sizing: inherit; color: #232323; font-family: Montserrat, sans-serif; font-size: 13.94px;\" style=\"font-family: Montserrat, sans-serif;font-size: 13.94px\"><span data-mce-style=\"color: #232323; font-family: Montserrat, sans-serif; font-size: 13.94px;\" style=\"font-family: Montserrat, sans-serif;font-size: 13.94px\">Contenance de la corbeille : 14 L<\/span><br data-mce-style=\"box-sizing: inherit; color: #232323; font-family: Montserrat, sans-serif; font-size: 13.94px;\" style=\"font-family: Montserrat, sans-serif;font-size: 13.94px\"><span data-mce-style=\"color: #232323; font-family: Montserrat, sans-serif; font-size: 13.94px;\" style=\"font-family: Montserrat, sans-serif;font-size: 13.94px\">Niveau Sonore : &lt;68 dB<\/span><br data-mce-style=\"box-sizing: inherit; color: #232323; font-family: Montserrat, sans-serif; font-size: 13.94px;\" style=\"font-family: Montserrat, sans-serif;font-size: 13.94px\"><span data-mce-style=\"color: #232323; font-family: Montserrat, sans-serif; font-size: 13.94px;\" style=\"font-family: Montserrat, sans-serif;font-size: 13.94px\">dimension L x P x H : 318x198x342 mm<\/span><br data-mce-style=\"box-sizing: inherit; color: #232323; font-family: Montserrat, sans-serif; font-size: 13.94px;\" style=\"font-family: Montserrat, sans-serif;font-size: 13.94px\"><span data-mce-style=\"color: #232323; font-family: Montserrat, sans-serif; font-size: 13.94px;\" style=\"font-family: Montserrat, sans-serif;font-size: 13.94px\">Poids net : 3.1 kg<\/span><br data-mce-style=\"box-sizing: inherit; color: #232323; font-family: Montserrat, sans-serif; font-size: 13.94px;\" style=\"font-family: Montserrat, sans-serif;font-size: 13.94px\"><span data-mce-style=\"color: #232323; font-family: Montserrat, sans-serif; font-size: 13.94px;\" style=\"font-family: Montserrat, sans-serif;font-size: 13.94px\">Couleur : Noir<\/span><\/p>\n","protected":false},"excerpt":{"rendered":"<p><span style=\"color: #232323;font-family: Montserrat, sans-serif;font-size: 13.94px\" data-mce-style=\"color: #232323; font-family: Montserrat, sans-serif; font-size: 13.94px;\">DSB Capables de d\u00e9truire de 6 feuilles de papier en m\u00eame temps et dot\u00e9s de corbeilles peu encombrantes et pratiques (avec fen\u00eatre de visualisation du taux de remplissage), ces destructeurs de documents tout simples conviennent \u00e0 un usage bureautique ou familial.<\/span><\/p>\n","protected":false},"featured_media":487,"comment_status":"open","ping_status":"closed","template":"","meta":[],"product_brand":[],"product_cat":[39,103,102],"product_tag":[],"class_list":{"0":"post-1567","1":"product","2":"type-product","3":"status-publish","4":"has-post-thumbnail","6":"product_cat-bureautique-informatique","7":"product_cat-destructeur-de-papier","8":"product_cat-materiel-informatique","10":"first","11":"instock","12":"shipping-taxable","13":"product-type-simple"},"yoast_head":"<!-- This site is optimized with the Yoast SEO plugin v27.3 - https:\/\/yoast.com\/product\/yoast-seo-wordpress\/ -->\n<title>Destructeur de papier coupe crois\u00e9e 6f\/14L dsb - PAPEX<\/title>\n<meta name=\"robots\" content=\"index, follow, max-snippet:-1, max-image-preview:large, max-video-preview:-1\" \/>\n<link rel=\"canonical\" href=\"https:\/\/papex.sn\/?product=destructeur-de-papier-coupe-croisee-6f-14l-dsb-2\" \/>\n<meta property=\"og:locale\" content=\"fr_FR\" \/>\n<meta property=\"og:type\" content=\"article\" \/>\n<meta property=\"og:title\" content=\"Destructeur de papier coupe crois\u00e9e 6f\/14L dsb - PAPEX\" \/>\n<meta property=\"og:description\" content=\"DSB Capables de d\u00e9truire de 6 feuilles de papier en m\u00eame temps et dot\u00e9s de corbeilles peu encombrantes et pratiques (avec fen\u00eatre de visualisation du taux de remplissage), ces destructeurs de documents tout simples conviennent \u00e0 un usage bureautique ou familial.\" \/>\n<meta property=\"og:url\" content=\"https:\/\/papex.sn\/?product=destructeur-de-papier-coupe-croisee-6f-14l-dsb-2\" \/>\n<meta property=\"og:site_name\" content=\"PAPEX\" \/>\n<meta property=\"article:publisher\" content=\"https:\/\/www.facebook.com\/PapexSarl\" \/>\n<meta property=\"article:modified_time\" content=\"2024-07-09T10:51:32+00:00\" \/>\n<meta property=\"og:image\" content=\"https:\/\/papex.sn\/wp-content\/uploads\/2022\/05\/415522-98247.jpg\" \/>\n\t<meta property=\"og:image:width\" content=\"1000\" \/>\n\t<meta property=\"og:image:height\" content=\"1000\" \/>\n\t<meta property=\"og:image:type\" content=\"image\/jpeg\" \/>\n<meta name=\"twitter:card\" content=\"summary_large_image\" \/>\n<script type=\"application\/ld+json\" class=\"yoast-schema-graph\">{\"@context\":\"https:\\\/\\\/schema.org\",\"@graph\":[{\"@type\":\"WebPage\",\"@id\":\"https:\\\/\\\/papex.sn\\\/?product=destructeur-de-papier-coupe-croisee-6f-14l-dsb-2\",\"url\":\"https:\\\/\\\/papex.sn\\\/?product=destructeur-de-papier-coupe-croisee-6f-14l-dsb-2\",\"name\":\"Destructeur de papier coupe crois\u00e9e 6f\\\/14L dsb - PAPEX\",\"isPartOf\":{\"@id\":\"https:\\\/\\\/papex.sn\\\/#website\"},\"primaryImageOfPage\":{\"@id\":\"https:\\\/\\\/papex.sn\\\/?product=destructeur-de-papier-coupe-croisee-6f-14l-dsb-2#primaryimage\"},\"image\":{\"@id\":\"https:\\\/\\\/papex.sn\\\/?product=destructeur-de-papier-coupe-croisee-6f-14l-dsb-2#primaryimage\"},\"thumbnailUrl\":\"https:\\\/\\\/papex.sn\\\/wp-content\\\/uploads\\\/2022\\\/05\\\/415522-98247.jpg\",\"datePublished\":\"2022-09-06T12:57:51+00:00\",\"dateModified\":\"2024-07-09T10:51:32+00:00\",\"breadcrumb\":{\"@id\":\"https:\\\/\\\/papex.sn\\\/?product=destructeur-de-papier-coupe-croisee-6f-14l-dsb-2#breadcrumb\"},\"inLanguage\":\"fr-FR\",\"potentialAction\":[{\"@type\":\"ReadAction\",\"target\":[\"https:\\\/\\\/papex.sn\\\/?product=destructeur-de-papier-coupe-croisee-6f-14l-dsb-2\"]}]},{\"@type\":\"ImageObject\",\"inLanguage\":\"fr-FR\",\"@id\":\"https:\\\/\\\/papex.sn\\\/?product=destructeur-de-papier-coupe-croisee-6f-14l-dsb-2#primaryimage\",\"url\":\"https:\\\/\\\/papex.sn\\\/wp-content\\\/uploads\\\/2022\\\/05\\\/415522-98247.jpg\",\"contentUrl\":\"https:\\\/\\\/papex.sn\\\/wp-content\\\/uploads\\\/2022\\\/05\\\/415522-98247.jpg\",\"width\":1000,\"height\":1000},{\"@type\":\"BreadcrumbList\",\"@id\":\"https:\\\/\\\/papex.sn\\\/?product=destructeur-de-papier-coupe-croisee-6f-14l-dsb-2#breadcrumb\",\"itemListElement\":[{\"@type\":\"ListItem\",\"position\":1,\"name\":\"Accueil\",\"item\":\"https:\\\/\\\/papex.sn\\\/\"},{\"@type\":\"ListItem\",\"position\":2,\"name\":\"Boutique\",\"item\":\"https:\\\/\\\/papex.sn\\\/?page_id=388\"},{\"@type\":\"ListItem\",\"position\":3,\"name\":\"Destructeur de papier coupe crois\u00e9e 6f\\\/14L dsb\"}]},{\"@type\":\"WebSite\",\"@id\":\"https:\\\/\\\/papex.sn\\\/#website\",\"url\":\"https:\\\/\\\/papex.sn\\\/\",\"name\":\"PAPEX\",\"description\":\"Papeterie Express\",\"publisher\":{\"@id\":\"https:\\\/\\\/papex.sn\\\/#organization\"},\"potentialAction\":[{\"@type\":\"SearchAction\",\"target\":{\"@type\":\"EntryPoint\",\"urlTemplate\":\"https:\\\/\\\/papex.sn\\\/?s={search_term_string}\"},\"query-input\":{\"@type\":\"PropertyValueSpecification\",\"valueRequired\":true,\"valueName\":\"search_term_string\"}}],\"inLanguage\":\"fr-FR\"},{\"@type\":\"Organization\",\"@id\":\"https:\\\/\\\/papex.sn\\\/#organization\",\"name\":\"PAPEX\",\"url\":\"https:\\\/\\\/papex.sn\\\/\",\"logo\":{\"@type\":\"ImageObject\",\"inLanguage\":\"fr-FR\",\"@id\":\"https:\\\/\\\/papex.sn\\\/#\\\/schema\\\/logo\\\/image\\\/\",\"url\":\"https:\\\/\\\/papex.sn\\\/wp-content\\\/uploads\\\/2022\\\/05\\\/telechargement-1.jpg\",\"contentUrl\":\"https:\\\/\\\/papex.sn\\\/wp-content\\\/uploads\\\/2022\\\/05\\\/telechargement-1.jpg\",\"width\":299,\"height\":168,\"caption\":\"PAPEX\"},\"image\":{\"@id\":\"https:\\\/\\\/papex.sn\\\/#\\\/schema\\\/logo\\\/image\\\/\"},\"sameAs\":[\"https:\\\/\\\/www.facebook.com\\\/PapexSarl\",\"https:\\\/\\\/www.instagram.com\\\/papex.sarl\\\/\"]}]}<\/script>\n<!-- \/ Yoast SEO plugin. -->","yoast_head_json":{"title":"Destructeur de papier coupe crois\u00e9e 6f\/14L dsb - PAPEX","robots":{"index":"index","follow":"follow","max-snippet":"max-snippet:-1","max-image-preview":"max-image-preview:large","max-video-preview":"max-video-preview:-1"},"canonical":"https:\/\/papex.sn\/?product=destructeur-de-papier-coupe-croisee-6f-14l-dsb-2","og_locale":"fr_FR","og_type":"article","og_title":"Destructeur de papier coupe crois\u00e9e 6f\/14L dsb - PAPEX","og_description":"DSB Capables de d\u00e9truire de 6 feuilles de papier en m\u00eame temps et dot\u00e9s de corbeilles peu encombrantes et pratiques (avec fen\u00eatre de visualisation du taux de remplissage), ces destructeurs de documents tout simples conviennent \u00e0 un usage bureautique ou familial.","og_url":"https:\/\/papex.sn\/?product=destructeur-de-papier-coupe-croisee-6f-14l-dsb-2","og_site_name":"PAPEX","article_publisher":"https:\/\/www.facebook.com\/PapexSarl","article_modified_time":"2024-07-09T10:51:32+00:00","og_image":[{"width":1000,"height":1000,"url":"https:\/\/papex.sn\/wp-content\/uploads\/2022\/05\/415522-98247.jpg","type":"image\/jpeg"}],"twitter_card":"summary_large_image","schema":{"@context":"https:\/\/schema.org","@graph":[{"@type":"WebPage","@id":"https:\/\/papex.sn\/?product=destructeur-de-papier-coupe-croisee-6f-14l-dsb-2","url":"https:\/\/papex.sn\/?product=destructeur-de-papier-coupe-croisee-6f-14l-dsb-2","name":"Destructeur de papier coupe crois\u00e9e 6f\/14L dsb - PAPEX","isPartOf":{"@id":"https:\/\/papex.sn\/#website"},"primaryImageOfPage":{"@id":"https:\/\/papex.sn\/?product=destructeur-de-papier-coupe-croisee-6f-14l-dsb-2#primaryimage"},"image":{"@id":"https:\/\/papex.sn\/?product=destructeur-de-papier-coupe-croisee-6f-14l-dsb-2#primaryimage"},"thumbnailUrl":"https:\/\/papex.sn\/wp-content\/uploads\/2022\/05\/415522-98247.jpg","datePublished":"2022-09-06T12:57:51+00:00","dateModified":"2024-07-09T10:51:32+00:00","breadcrumb":{"@id":"https:\/\/papex.sn\/?product=destructeur-de-papier-coupe-croisee-6f-14l-dsb-2#breadcrumb"},"inLanguage":"fr-FR","potentialAction":[{"@type":"ReadAction","target":["https:\/\/papex.sn\/?product=destructeur-de-papier-coupe-croisee-6f-14l-dsb-2"]}]},{"@type":"ImageObject","inLanguage":"fr-FR","@id":"https:\/\/papex.sn\/?product=destructeur-de-papier-coupe-croisee-6f-14l-dsb-2#primaryimage","url":"https:\/\/papex.sn\/wp-content\/uploads\/2022\/05\/415522-98247.jpg","contentUrl":"https:\/\/papex.sn\/wp-content\/uploads\/2022\/05\/415522-98247.jpg","width":1000,"height":1000},{"@type":"BreadcrumbList","@id":"https:\/\/papex.sn\/?product=destructeur-de-papier-coupe-croisee-6f-14l-dsb-2#breadcrumb","itemListElement":[{"@type":"ListItem","position":1,"name":"Accueil","item":"https:\/\/papex.sn\/"},{"@type":"ListItem","position":2,"name":"Boutique","item":"https:\/\/papex.sn\/?page_id=388"},{"@type":"ListItem","position":3,"name":"Destructeur de papier coupe crois\u00e9e 6f\/14L dsb"}]},{"@type":"WebSite","@id":"https:\/\/papex.sn\/#website","url":"https:\/\/papex.sn\/","name":"PAPEX","description":"Papeterie Express","publisher":{"@id":"https:\/\/papex.sn\/#organization"},"potentialAction":[{"@type":"SearchAction","target":{"@type":"EntryPoint","urlTemplate":"https:\/\/papex.sn\/?s={search_term_string}"},"query-input":{"@type":"PropertyValueSpecification","valueRequired":true,"valueName":"search_term_string"}}],"inLanguage":"fr-FR"},{"@type":"Organization","@id":"https:\/\/papex.sn\/#organization","name":"PAPEX","url":"https:\/\/papex.sn\/","logo":{"@type":"ImageObject","inLanguage":"fr-FR","@id":"https:\/\/papex.sn\/#\/schema\/logo\/image\/","url":"https:\/\/papex.sn\/wp-content\/uploads\/2022\/05\/telechargement-1.jpg","contentUrl":"https:\/\/papex.sn\/wp-content\/uploads\/2022\/05\/telechargement-1.jpg","width":299,"height":168,"caption":"PAPEX"},"image":{"@id":"https:\/\/papex.sn\/#\/schema\/logo\/image\/"},"sameAs":["https:\/\/www.facebook.com\/PapexSarl","https:\/\/www.instagram.com\/papex.sarl\/"]}]}},"_links":{"self":[{"href":"https:\/\/papex.sn\/index.php?rest_route=\/wp\/v2\/product\/1567","targetHints":{"allow":["GET"]}}],"collection":[{"href":"https:\/\/papex.sn\/index.php?rest_route=\/wp\/v2\/product"}],"about":[{"href":"https:\/\/papex.sn\/index.php?rest_route=\/wp\/v2\/types\/product"}],"replies":[{"embeddable":true,"href":"https:\/\/papex.sn\/index.php?rest_route=%2Fwp%2Fv2%2Fcomments&post=1567"}],"version-history":[{"count":1,"href":"https:\/\/papex.sn\/index.php?rest_route=\/wp\/v2\/product\/1567\/revisions"}],"predecessor-version":[{"id":3530,"href":"https:\/\/papex.sn\/index.php?rest_route=\/wp\/v2\/product\/1567\/revisions\/3530"}],"wp:featuredmedia":[{"embeddable":true,"href":"https:\/\/papex.sn\/index.php?rest_route=\/wp\/v2\/media\/487"}],"wp:attachment":[{"href":"https:\/\/papex.sn\/index.php?rest_route=%2Fwp%2Fv2%2Fmedia&parent=1567"}],"wp:term":[{"taxonomy":"product_brand","embeddable":true,"href":"https:\/\/papex.sn\/index.php?rest_route=%2Fwp%2Fv2%2Fproduct_brand&post=1567"},{"taxonomy":"product_cat","embeddable":true,"href":"https:\/\/papex.sn\/index.php?rest_route=%2Fwp%2Fv2%2Fproduct_cat&post=1567"},{"taxonomy":"product_tag","embeddable":true,"href":"https:\/\/papex.sn\/index.php?rest_route=%2Fwp%2Fv2%2Fproduct_tag&post=1567"}],"curies":[{"name":"wp","href":"https:\/\/api.w.org\/{rel}","templated":true}]}}